{"id":281,"date":"2024-01-26T21:39:58","date_gmt":"2024-01-26T13:39:58","guid":{"rendered":"http:\/\/g.studywade.com\/?post_type=product&#038;p=281"},"modified":"2026-03-31T00:23:10","modified_gmt":"2026-03-30T16:23:10","slug":"ldpe-pulverizer-power-milling-equipment","status":"publish","type":"product","link":"https:\/\/topdagroup.com\/vi\/product\/ldpe-pulverizer-power-milling-equipment\/","title":{"rendered":"Thi\u1ebft b\u1ecb nghi\u1ec1n \u0111i\u1ec7n LDPE"},"content":{"rendered":"<div class=\"pro_detail\">\n<p><b><span style=\"color: #e53333;\">M\u00e1y nghi\u1ec1n b\u1ed9t nh\u1ef1a TOPDA Thi\u1ebft b\u1ecb nghi\u1ec1n b\u1ed9t<\/span><\/b><\/p>\n<p><b>\u0110\u1eb6C TR\u01afNG:<\/b><\/p>\n<p>1. Ph\u00f9 h\u1ee3p \u0111\u1ec3 nghi\u1ec1n nh\u1ef1a PP PE PET v\u00e0 PVC m\u1ec1m th\u00e0nh b\u1ed9t;<\/p>\n<p>2. C\u00f3 h\u1ec7 th\u1ed1ng thu b\u1ee5i;<\/p>\n<p><b>TH\u00d4NG S\u1ed0 K\u1ef8 THU\u1eacT:<\/b><\/p>\n<table class=\"ke-zeroborder\" style=\"width: 605.25pt;\" width=\"807\">\n<colgroup>\n<col width=\"191\" \/>\n<col width=\"135\" \/>\n<col width=\"72\" \/>\n<col width=\"138\" \/>\n<col width=\"140\" \/>\n<col width=\"131\" \/> <\/colgroup>\n<tbody>\n<tr>\n<td class=\"et3\" style=\"font-size: 12pt; text-align: center; vertical-align: middle; border-width: 1.2pt 0.5pt 0.5pt 1.2pt; border-style: solid; border-color: #000000; height: 18pt; width: 143.25pt;\" width=\"191\" height=\"24\">M\u00d4 H\u00ccNH\/td&gt;<\/td>\n<td class=\"et4\" style=\"font-size: 12pt; text-align: center; vertical-align: middle; border-width: 1.2pt 0.5pt 0.5pt; border-style: solid; border-color: #000000; height: 18pt; width: 101.25pt;\" width=\"135\" height=\"24\">SMF-200<\/td>\n<td class=\"et4\" style=\"font-size: 12pt; text-align: center; vertical-align: middle; border-width: 1.2pt 0.5pt 0.5pt; border-style: solid; border-color: #000000; height: 18pt; width: 54pt;\" width=\"72\" height=\"24\">SMF-380<\/td>\n<td class=\"et4\" style=\"font-size: 12pt; text-align: center; vertical-align: middle; border-width: 1.2pt 0.5pt 0.5pt; border-style: solid; border-color: #000000; height: 18pt; width: 103.5pt;\" width=\"138\" height=\"24\">SMF-500<\/td>\n<td class=\"et4\" style=\"font-size: 12pt; text-align: center; vertical-align: middle; border-width: 1.2pt 0.5pt 0.5pt; border-style: solid; border-color: #000000; height: 18pt; width: 105pt;\" width=\"140\" height=\"24\">SMF-600<\/td>\n<td class=\"et5\" style=\"font-size: 12pt; text-align: center; vertical-align: middle; border-width: 1.2pt 1.2pt 0.5pt 0.5pt; border-style: solid; border-color: #000000; height: 18pt; width: 98.25pt;\" width=\"131\" height=\"24\">SMF-800<\/td>\n<\/tr>\n<tr>\n<td class=\"et6\" style=\"font-size: 12pt; text-align: center; vertical-align: middle; border-width: 0.5pt 0.5pt 0.5pt 1.2pt; border-style: solid; border-color: #000000; height: 18pt; width: 143.25pt;\" width=\"191\" height=\"24\">\u0110\u01af\u1edcNG K\u00cdNH \u0110\u0128A L\u01af\u1ee0I<\/td>\n<td class=\"et7\" style=\"font-size: 12pt; text-align: center; vertical-align: middle; border: 0.5pt solid #000000; height: 18pt; width: 101.25pt;\" width=\"135\" height=\"24\">200MM<\/td>\n<td class=\"et7\" style=\"font-size: 12pt; text-align: center; vertical-align: middle; border: 0.5pt solid #000000; height: 18pt; width: 54pt;\" width=\"72\" height=\"24\">380MM<\/td>\n<td class=\"et7\" style=\"font-size: 12pt; text-align: center; vertical-align: middle; border: 0.5pt solid #000000; height: 18pt; width: 103.5pt;\" width=\"138\" height=\"24\">500MM<\/td>\n<td class=\"et7\" style=\"font-size: 12pt; text-align: center; vertical-align: middle; border: 0.5pt solid #000000; height: 18pt; width: 105pt;\" width=\"140\" height=\"24\">610MM<\/td>\n<td class=\"et8\" style=\"font-size: 12pt; text-align: center; vertical-align: middle; border-width: 0.5pt 1.2pt 0.5pt 0.5pt; border-style: solid; border-color: #000000; height: 18pt; width: 98.25pt;\" width=\"131\" height=\"24\">800MM<\/td>\n<\/tr>\n<tr>\n<td class=\"et6\" style=\"font-size: 12pt; text-align: center; vertical-align: middle; border-width: 0.5pt 0.5pt 0.5pt 1.2pt; border-style: solid; border-color: #000000; height: 18pt; width: 143.25pt;\" width=\"191\" height=\"24\">S\u1ed0 L\u01af\u1ee2NG \u0110\u0128A L\u01af\u1ee0I<\/td>\n<td class=\"et7\" style=\"font-size: 12pt; text-align: center; vertical-align: middle; border: 0.5pt solid #000000; height: 18pt; width: 101.25pt;\" width=\"135\" height=\"24\">2 C\u00c1I<\/td>\n<td class=\"et7\" style=\"font-size: 12pt; text-align: center; vertical-align: middle; border: 0.5pt solid #000000; height: 18pt; width: 54pt;\" width=\"72\" height=\"24\">2 C\u00c1I<\/td>\n<td class=\"et7\" style=\"font-size: 12pt; text-align: center; vertical-align: middle; border: 0.5pt solid #000000; height: 18pt; width: 103.5pt;\" width=\"138\" height=\"24\">2 C\u00c1I<\/td>\n<td class=\"et7\" style=\"font-size: 12pt; text-align: center; vertical-align: middle; border: 0.5pt solid #000000; height: 18pt; width: 105pt;\" width=\"140\" height=\"24\">2 C\u00c1I<\/td>\n<td class=\"et8\" style=\"font-size: 12pt; text-align: center; vertical-align: middle; border-width: 0.5pt 1.2pt 0.5pt 0.5pt; border-style: solid; border-color: #000000; height: 18pt; width: 98.25pt;\" width=\"131\" height=\"24\">2 C\u00c1I<\/td>\n<\/tr>\n<tr>\n<td class=\"et6\" style=\"font-size: 12pt; text-align: center; vertical-align: middle; border-width: 0.5pt 0.5pt 0.5pt 1.2pt; border-style: solid; border-color: #000000; height: 18pt; width: 143.25pt;\" width=\"191\" height=\"24\">T\u1ed0C \u0110\u1ed8 V\u00d2NG<\/td>\n<td class=\"et7\" style=\"font-size: 12pt; text-align: center; vertical-align: middle; border: 0.5pt solid #000000; height: 18pt; width: 101.25pt;\" width=\"135\" height=\"24\">4500 v\u00f2ng\/ph\u00fat<\/td>\n<td class=\"et7\" style=\"font-size: 12pt; text-align: center; vertical-align: middle; border: 0.5pt solid #000000; height: 18pt; width: 54pt;\" width=\"72\" height=\"24\">4500 v\u00f2ng\/ph\u00fat<\/td>\n<td class=\"et7\" style=\"font-size: 12pt; text-align: center; vertical-align: middle; border: 0.5pt solid #000000; height: 18pt; width: 103.5pt;\" width=\"138\" height=\"24\">4500 v\u00f2ng\/ph\u00fat<\/td>\n<td class=\"et7\" style=\"font-size: 12pt; text-align: center; vertical-align: middle; border: 0.5pt solid #000000; height: 18pt; width: 105pt;\" width=\"140\" height=\"24\">4200 v\u00f2ng\/ph\u00fat<\/td>\n<td class=\"et8\" style=\"font-size: 12pt; text-align: center; vertical-align: middle; border-width: 0.5pt 1.2pt 0.5pt 0.5pt; border-style: solid; border-color: #000000; height: 18pt; width: 98.25pt;\" width=\"131\" height=\"24\">3700 v\u00f2ng\/ph\u00fat<\/td>\n<\/tr>\n<tr>\n<td class=\"et9\" style=\"font-size: 12pt; text-align: center; vertical-align: middle; border-left-width: 1.2pt; border-left-style: solid; border-left-color: #000000; border-top-width: 0.5pt; border-top-style: solid; border-top-color: #000000; border-bottom-width: 0.5pt; border-bottom-style: solid; border-bottom-color: #000000; height: 18pt; width: 143.25pt;\" width=\"191\" height=\"24\">\u0110\u1ed8NG C\u01a0 CH\u00cdNH<\/td>\n<td class=\"et7\" style=\"font-size: 12pt; text-align: center; vertical-align: middle; border: 0.5pt solid #000000; height: 18pt; width: 101.25pt;\" width=\"135\" height=\"24\">11KW<\/td>\n<td class=\"et7\" style=\"font-size: 12pt; text-align: center; vertical-align: middle; border: 0.5pt solid #000000; height: 18pt; width: 54pt;\" width=\"72\" height=\"24\">30KW<\/td>\n<td class=\"et7\" style=\"font-size: 12pt; text-align: center; vertical-align: middle; border: 0.5pt solid #000000; height: 18pt; width: 103.5pt;\" width=\"138\" height=\"24\">37KW<\/td>\n<td class=\"et7\" style=\"font-size: 12pt; text-align: center; vertical-align: middle; border: 0.5pt solid #000000; height: 18pt; width: 105pt;\" width=\"140\" height=\"24\">45KW<\/td>\n<td class=\"et8\" style=\"font-size: 12pt; text-align: center; vertical-align: middle; border-width: 0.5pt 1.2pt 0.5pt 0.5pt; border-style: solid; border-color: #000000; height: 18pt; width: 98.25pt;\" width=\"131\" height=\"24\">55KW<\/td>\n<\/tr>\n<tr>\n<td class=\"et9\" style=\"font-size: 12pt; text-align: center; vertical-align: middle; border-left-width: 1.2pt; border-left-style: solid; border-left-color: #000000; border-top-width: 0.5pt; border-top-style: solid; border-top-color: #000000; border-bottom-width: 0.5pt; border-bottom-style: solid; border-bottom-color: #000000; height: 18pt; width: 143.25pt;\" width=\"191\" height=\"24\">M\u00c1Y TH\u1ed4I<\/td>\n<td class=\"et7\" style=\"font-size: 12pt; text-align: center; vertical-align: middle; border: 0.5pt solid #000000; height: 18pt; width: 101.25pt;\" width=\"135\" height=\"24\">2,2KW<\/td>\n<td class=\"et7\" style=\"font-size: 12pt; text-align: center; vertical-align: middle; border: 0.5pt solid #000000; height: 18pt; width: 54pt;\" width=\"72\" height=\"24\">3KW<\/td>\n<td class=\"et7\" style=\"font-size: 12pt; text-align: center; vertical-align: middle; border: 0.5pt solid #000000; height: 18pt; width: 103.5pt;\" width=\"138\" height=\"24\">3KW<\/td>\n<td class=\"et7\" style=\"font-size: 12pt; text-align: center; vertical-align: middle; border: 0.5pt solid #000000; height: 18pt; width: 105pt;\" width=\"140\" height=\"24\">4KW<\/td>\n<td class=\"et8\" style=\"font-size: 12pt; text-align: center; vertical-align: middle; border-width: 0.5pt 1.2pt 0.5pt 0.5pt; border-style: solid; border-color: #000000; height: 18pt; width: 98.25pt;\" width=\"131\" height=\"24\">5,5KW<\/td>\n<\/tr>\n<tr>\n<td class=\"et6\" style=\"font-size: 12pt; text-align: center; vertical-align: middle; border-width: 0.5pt 0.5pt 0.5pt 1.2pt; border-style: solid; border-color: #000000; height: 18pt; width: 143.25pt;\" width=\"191\" height=\"24\">\u0110\u01af\u1edcNG K\u00cdNH L\u1eaeC<\/td>\n<td class=\"et7\" style=\"font-size: 12pt; text-align: center; vertical-align: middle; border: 0.5pt solid #000000; height: 18pt; width: 101.25pt;\" width=\"135\" height=\"24\">630MM<\/td>\n<td class=\"et7\" style=\"font-size: 12pt; text-align: center; vertical-align: middle; border: 0.5pt solid #000000; height: 18pt; width: 54pt;\" width=\"72\" height=\"24\">830MM<\/td>\n<td class=\"et7\" style=\"font-size: 12pt; text-align: center; vertical-align: middle; border: 0.5pt solid #000000; height: 18pt; width: 103.5pt;\" width=\"138\" height=\"24\">830MM<\/td>\n<td class=\"et7\" style=\"font-size: 12pt; text-align: center; vertical-align: middle; border: 0.5pt solid #000000; height: 18pt; width: 105pt;\" width=\"140\" height=\"24\">1060MM<\/td>\n<td class=\"et8\" style=\"font-size: 12pt; text-align: center; vertical-align: middle; border-width: 0.5pt 1.2pt 0.5pt 0.5pt; border-style: solid; border-color: #000000; height: 18pt; width: 98.25pt;\" width=\"131\" height=\"24\">1500MM<\/td>\n<\/tr>\n<tr>\n<td class=\"et6\" style=\"font-size: 12pt; text-align: center; vertical-align: middle; border-width: 0.5pt 0.5pt 0.5pt 1.2pt; border-style: solid; border-color: #000000; height: 18pt; width: 143.25pt;\" width=\"191\" height=\"24\">K\u00cdCH TH\u01af\u1edaC \u0110\u1ea6U RA<\/td>\n<td class=\"et7\" style=\"font-size: 12pt; text-align: center; vertical-align: middle; border: 0.5pt solid #000000; height: 18pt; width: 101.25pt;\" width=\"135\" height=\"24\">L\u01af\u1edaI 10-80<br \/>\n140\u03bcm-1120\u03bcm<\/td>\n<td class=\"et7\" style=\"font-size: 12pt; text-align: center; vertical-align: middle; border: 0.5pt solid #000000; height: 18pt; width: 54pt;\" width=\"72\" height=\"24\">L\u01af\u1edaI 10-80<br \/>\n140\u03bcm-1120\u03bcm<\/td>\n<td class=\"et7\" style=\"font-size: 12pt; text-align: center; vertical-align: middle; border: 0.5pt solid #000000; height: 18pt; width: 103.5pt;\" width=\"138\" height=\"24\">L\u01af\u1edaI 10-80<br \/>\n140\u03bcm-1120\u03bcm<\/td>\n<td class=\"et7\" style=\"font-size: 12pt; text-align: center; vertical-align: middle; border: 0.5pt solid #000000; height: 18pt; width: 105pt;\" width=\"140\" height=\"24\">L\u01af\u1edaI 10-80<br \/>\n140\u03bcm-1120\u03bcm<\/td>\n<td class=\"et8\" style=\"font-size: 12pt; text-align: center; vertical-align: middle; border-width: 0.5pt 1.2pt 0.5pt 0.5pt; border-style: solid; border-color: #000000; height: 18pt; width: 98.25pt;\" width=\"131\" height=\"24\">L\u01af\u1edaI 10-80<br \/>\n140\u03bcm-1120\u03bcm<\/td>\n<\/tr>\n<tr>\n<td class=\"et6\" style=\"font-size: 12pt; text-align: center; vertical-align: middle; border-width: 0.5pt 0.5pt 0.5pt 1.2pt; border-style: solid; border-color: #000000; height: 18pt; width: 143.25pt;\" width=\"191\" height=\"24\">LO\u1ea0I L\u00c0M M\u00c1T<\/td>\n<td class=\"et7\" style=\"font-size: 12pt; text-align: center; vertical-align: middle; border: 0.5pt solid #000000; height: 18pt; width: 101.25pt;\" width=\"135\" height=\"24\">KH\u00d4NG KH\u00cd V\u00c0 N\u01af\u1edaC<\/td>\n<td class=\"et7\" style=\"font-size: 12pt; text-align: center; vertical-align: middle; border: 0.5pt solid #000000; height: 18pt; width: 54pt;\" width=\"72\" height=\"24\">KH\u00d4NG KH\u00cd V\u00c0 N\u01af\u1edaC<\/td>\n<td class=\"et7\" style=\"font-size: 12pt; text-align: center; vertical-align: middle; border: 0.5pt solid #000000; height: 18pt; width: 103.5pt;\" width=\"138\" height=\"24\">KH\u00d4NG KH\u00cd V\u00c0 N\u01af\u1edaC<\/td>\n<td class=\"et7\" style=\"font-size: 12pt; text-align: center; vertical-align: middle; border: 0.5pt solid #000000; height: 18pt; width: 105pt;\" width=\"140\" height=\"24\">KH\u00d4NG KH\u00cd V\u00c0 N\u01af\u1edaC<\/td>\n<td class=\"et8\" style=\"font-size: 12pt; text-align: center; vertical-align: middle; border-width: 0.5pt 1.2pt 0.5pt 0.5pt; border-style: solid; border-color: #000000; height: 18pt; width: 98.25pt;\" width=\"131\" height=\"24\">KH\u00d4NG KH\u00cd V\u00c0 N\u01af\u1edaC<\/td>\n<\/tr>\n<tr>\n<td class=\"et6\" style=\"font-size: 12pt; text-align: center; vertical-align: middle; border-width: 0.5pt 0.5pt 0.5pt 1.2pt; border-style: solid; border-color: #000000; height: 54pt; width: 143.25pt;\" rowspan=\"3\" width=\"191\" height=\"72\">C\u00d4NG SU\u1ea4T \u0110\u1ea6U RA<br \/>\n(D\u00c0NH CHO 30 L\u01af\u1edaI)<\/td>\n<td class=\"et7\" style=\"font-size: 12pt; text-align: center; vertical-align: middle; border: 0.5pt solid #000000; height: 18pt; width: 101.25pt;\" width=\"135\" height=\"24\">Nh\u1ef1a PVC: 100kg<\/td>\n<td class=\"et7\" style=\"font-size: 12pt; text-align: center; vertical-align: middle; border: 0.5pt solid #000000; height: 18pt; width: 54pt;\" width=\"72\" height=\"24\">Nh\u1ef1a PVC: 200kg<\/td>\n<td class=\"et7\" style=\"font-size: 12pt; text-align: center; vertical-align: middle; border: 0.5pt solid #000000; height: 18pt; width: 103.5pt;\" width=\"138\" height=\"24\">Nh\u1ef1a PVC: 250kg<\/td>\n<td class=\"et7\" style=\"font-size: 12pt; text-align: center; vertical-align: middle; border: 0.5pt solid #000000; height: 18pt; width: 105pt;\" width=\"140\" height=\"24\">Nh\u1ef1a PVC: 350kg<\/td>\n<td class=\"et8\" style=\"font-size: 12pt; text-align: center; vertical-align: middle; border-width: 0.5pt 1.2pt 0.5pt 0.5pt; border-style: solid; border-color: #000000; height: 18pt; width: 98.25pt;\" width=\"131\" height=\"24\">Nh\u1ef1a PVC: 500kg<\/td>\n<\/tr>\n<tr>\n<td class=\"et7\" style=\"font-size: 12pt; text-align: center; vertical-align: middle; border: 0.5pt solid #000000; height: 18pt; width: 101.25pt;\" width=\"135\" height=\"24\">P\/S: 50kg<\/td>\n<td class=\"et7\" style=\"font-size: 12pt; text-align: center; vertical-align: middle; border: 0.5pt solid #000000; height: 18pt; width: 54pt;\" width=\"72\" height=\"24\">P\/S: 150kg<\/td>\n<td class=\"et7\" style=\"font-size: 12pt; text-align: center; vertical-align: middle; border: 0.5pt solid #000000; height: 18pt; width: 103.5pt;\" width=\"138\" height=\"24\">P\/S: 200kg<\/td>\n<td class=\"et7\" style=\"font-size: 12pt; text-align: center; vertical-align: middle; border: 0.5pt solid #000000; height: 18pt; width: 105pt;\" width=\"140\" height=\"24\">P\/S: 250kg<\/td>\n<td class=\"et8\" style=\"font-size: 12pt; text-align: center; vertical-align: middle; border-width: 0.5pt 1.2pt 0.5pt 0.5pt; border-style: solid; border-color: #000000; height: 18pt; width: 98.25pt;\" width=\"131\" height=\"24\">PE: 300kg<\/td>\n<\/tr>\n<tr>\n<td class=\"et7\" style=\"font-size: 12pt; text-align: center; vertical-align: middle; border: 0.5pt solid #000000; height: 18pt; width: 101.25pt;\" width=\"135\" height=\"24\">PP: 30kg<\/td>\n<td class=\"et7\" style=\"font-size: 12pt; text-align: center; vertical-align: middle; border: 0.5pt solid #000000; height: 18pt; width: 54pt;\" width=\"72\" height=\"24\">PP: 70kg<\/td>\n<td class=\"et7\" style=\"font-size: 12pt; text-align: center; vertical-align: middle; border: 0.5pt solid #000000; height: 18pt; width: 103.5pt;\" width=\"138\" height=\"24\">PP: 100kg<\/td>\n<td class=\"et7\" style=\"font-size: 12pt; text-align: center; vertical-align: middle; border: 0.5pt solid #000000; height: 18pt; width: 105pt;\" width=\"140\" height=\"24\">PP: 160kg<\/td>\n<td class=\"et8\" style=\"font-size: 12pt; text-align: center; vertical-align: middle; border-width: 0.5pt 1.2pt 0.5pt 0.5pt; border-style: solid; border-color: #000000; height: 18pt; width: 98.25pt;\" width=\"131\" height=\"24\">PP: 200kg<\/td>\n<\/tr>\n<tr>\n<td class=\"et11\" style=\"font-size: 12pt; text-align: center; vertical-align: middle; border-width: 0.5pt 0.5pt 1.2pt 1.2pt; border-style: solid; border-color: #000000; height: 18pt; width: 143.25pt;\" width=\"191\" height=\"24\">K\u00cdCH TH\u01af\u1edaC (MM)<\/td>\n<td class=\"et12\" style=\"font-size: 12pt; text-align: center; vertical-align: middle; border-width: 0.5pt 0.5pt 1.2pt; border-style: solid; border-color: #000000; height: 18pt; width: 101.25pt;\" width=\"135\" height=\"24\">2000x1700x2000<\/td>\n<td class=\"et12\" style=\"font-size: 12pt; text-align: center; vertical-align: middle; border-width: 0.5pt 0.5pt 1.2pt; border-style: solid; border-color: #000000; height: 18pt; width: 54pt;\" width=\"72\" height=\"24\">2500x2000x3000<\/td>\n<td class=\"et12\" style=\"font-size: 12pt; text-align: center; vertical-align: middle; border-width: 0.5pt 0.5pt 1.2pt; border-style: solid; border-color: #000000; height: 18pt; width: 103.5pt;\" width=\"138\" height=\"24\">2600x2100x3000<\/td>\n<td class=\"et12\" style=\"font-size: 12pt; text-align: center; vertical-align: middle; border-width: 0.5pt 0.5pt 1.2pt; border-style: solid; border-color: #000000; height: 18pt; width: 105pt;\" width=\"140\" height=\"24\">2800x2300x3000<\/td>\n<td class=\"et13\" style=\"font-size: 12pt; text-align: center; vertical-align: middle; border-width: 0.5pt 1.2pt 1.2pt 0.5pt; border-style: solid; border-color: #000000; height: 18pt; width: 98.25pt;\" width=\"131\" height=\"24\">3200x2800x3200<\/td>\n<\/tr>\n<\/tbody>\n<\/table>\n<\/div>","protected":false},"excerpt":{"rendered":"<p>Xu\u1ea5t x\u1ee9 s\u1ea3n ph\u1ea9m: \u0110\u00f4ng Quan, Trung Qu\u1ed1c<\/p>\n<p>M\u00e3 s\u1ed1 s\u1ea3n ph\u1ea9m: SMF-600<\/p>\n<p>C\u1ea3ng v\u1eadn chuy\u1ec3n: C\u1ea3ng Th\u00e2m Quy\u1ebfn<\/p>\n<p>M\u00e0u s\u1eafc: Xanh l\u00e1 &amp; \u0110en<\/p>\n<p>Th\u1eddi gian giao h\u00e0ng: 20 ng\u00e0y<\/p>\n<p>Thanh to\u00e1n: 30% TT ti\u1ec1n g\u1eedi, 70% TT tr\u01b0\u1edbc khi giao h\u00e0ng<\/p>\n<p>Gi\u00e1: $13999\/19999<\/p>","protected":false},"featured_media":0,"comment_status":"open","ping_status":"closed","template":"","meta":{"_seopress_robots_primary_cat":"none","_seopress_titles_title":"","_seopress_titles_desc":"","_seopress_robots_index":"","_kad_post_transparent":"default","_kad_post_title":"","_kad_post_layout":"default","_kad_post_sidebar_id":"","_kad_post_content_style":"default","_kad_post_vertical_padding":"default","_kad_post_feature":"","_kad_post_feature_position":"","_kad_post_header":false,"_kad_post_footer":false,"_kad_post_classname":""},"product_brand":[],"product_cat":[27],"product_tag":[],"class_list":{"0":"post-281","1":"product","2":"type-product","3":"status-publish","5":"product_cat-plastic-pulverizer","7":"first","8":"instock","9":"shipping-taxable","10":"product-type-simple","11":"entry","12":"content-bg","13":"loop-entry"},"_links":{"self":[{"href":"https:\/\/topdagroup.com\/vi\/wp-json\/wp\/v2\/product\/281","targetHints":{"allow":["GET"]}}],"collection":[{"href":"https:\/\/topdagroup.com\/vi\/wp-json\/wp\/v2\/product"}],"about":[{"href":"https:\/\/topdagroup.com\/vi\/wp-json\/wp\/v2\/types\/product"}],"replies":[{"embeddable":true,"href":"https:\/\/topdagroup.com\/vi\/wp-json\/wp\/v2\/comments?post=281"}],"wp:attachment":[{"href":"https:\/\/topdagroup.com\/vi\/wp-json\/wp\/v2\/media?parent=281"}],"wp:term":[{"taxonomy":"product_brand","embeddable":true,"href":"https:\/\/topdagroup.com\/vi\/wp-json\/wp\/v2\/product_brand?post=281"},{"taxonomy":"product_cat","embeddable":true,"href":"https:\/\/topdagroup.com\/vi\/wp-json\/wp\/v2\/product_cat?post=281"},{"taxonomy":"product_tag","embeddable":true,"href":"https:\/\/topdagroup.com\/vi\/wp-json\/wp\/v2\/product_tag?post=281"}],"curies":[{"name":"wp","href":"https:\/\/api.w.org\/{rel}","templated":true}]}}