{"id":264,"date":"2024-01-27T00:14:59","date_gmt":"2024-01-26T16:14:59","guid":{"rendered":"http:\/\/g.studywade.com\/?post_type=product&#038;p=264"},"modified":"2024-01-26T21:09:30","modified_gmt":"2024-01-26T13:09:30","slug":"plastic-automatic-screw-loader-pellet-feed-powder-feeder-topda","status":"publish","type":"product","link":"https:\/\/topdagroup.com\/vi\/product\/plastic-automatic-screw-loader-pellet-feed-powder-feeder-topda\/","title":{"rendered":"M\u00e1y n\u1ea1p b\u1ed9t t\u1ef1 \u0111\u1ed9ng b\u1eb1ng nh\u1ef1a TOPDA"},"content":{"rendered":"<div class=\"pro_detail\">\n<p><b><span style=\"color:#e53333;\">M\u00e1y n\u1ea1p tr\u1ee5c v\u00edt t\u1ef1 \u0111\u1ed9ng TOPDA Plastic Pellet &amp; Powder Feeder<\/span><\/b><\/p>\n<p><img decoding=\"async\" src=\"\/web\/20200207021532im_\/https:\/\/topdagroup.com\/js\/htmledit\/kindeditor-en\/attached\/20160505\/20160505160213_77887.jpg\" alt=\"\"><\/p>\n<p>&nbsp;<\/p>\n<p><b>\u0110\u1eb6C TR\u01afNG:<\/b><\/p>\n<p>1. Ph\u00f9 h\u1ee3p v\u1edbi m\u00e1y \u0111\u00f9n v\u00e0 m\u00e1y tr\u1ed9n. N\u00f3 c\u1ea5p b\u1ed9t nh\u1ef1a ho\u1eb7c vi\u00ean nh\u1ef1a cho m\u00e1y kh\u00e1c b\u1eb1ng tr\u1ee5c v\u00edt;<\/p>\n<p>2. \u0110\u01b0\u1ee3c l\u00e0m b\u1eb1ng th\u00e9p kh\u00f4ng g\u1ec9;<\/p>\n<p>3. C\u00f3 th\u1ec3 m\u1edf r\u1ed9ng ph\u1ec5u.<\/p>\n<p>&nbsp;<\/p>\n<p><b>TH\u00d4NG S\u1ed0 K\u1ef8 THU\u1eacT:<\/b><\/p>\n<table style=\"width:377.25pt;\" class=\"ke-zeroborder\" height=\"161\" width=\"503\">\n<colgroup>\n<col width=\"67\">\n<col width=\"201\">\n<col width=\"72\">\n<col width=\"72\">\n<col width=\"91\"> <\/colgroup>\n<tbody>\n<tr height=\"34\">\n<td class=\"et3\" x:str=\"\" style=\"font-size:12pt;text-align:center;vertical-align:middle;border-width:1.2pt 0.5pt 0.5pt 1.2pt;border-style:solid;border-color:#000000;height:25.5pt;width:50.25pt;background-image:initial;background-attachment:initial;background-size:initial;background-origin:initial;background-clip:initial;background-position:initial;background-repeat:initial;\" height=\"34\" width=\"67\">Ng\u01b0\u1eddi m\u1eabu<\/td>\n<td class=\"et4\" x:str=\"\" style=\"font-size:12pt;text-align:center;vertical-align:middle;border-width:1.2pt 0.5pt 0.5pt;border-style:solid;border-color:#000000;height:25.5pt;width:150.75pt;background-image:initial;background-attachment:initial;background-size:initial;background-origin:initial;background-clip:initial;background-position:initial;background-repeat:initial;\" height=\"34\" width=\"201\">K\u00edch th\u01b0\u1edbc<\/td>\n<td class=\"et4\" x:str=\"\" style=\"font-size:12pt;text-align:center;vertical-align:middle;border-width:1.2pt 0.5pt 0.5pt;border-style:solid;border-color:#000000;height:25.5pt;width:54pt;background-image:initial;background-attachment:initial;background-size:initial;background-origin:initial;background-clip:initial;background-position:initial;background-repeat:initial;\" height=\"34\" width=\"72\">V\u1eadt li\u1ec7u<\/td>\n<td class=\"et5\" x:str=\"\" style=\"font-size:12pt;vertical-align:middle;border-width:1.2pt 0.5pt 0.5pt;border-style:solid;border-color:#000000;height:25.5pt;width:54pt;background-image:initial;background-attachment:initial;background-size:initial;background-origin:initial;background-clip:initial;background-position:initial;background-repeat:initial;\" height=\"34\" width=\"72\">Quy\u1ec1n l\u1ef1c<\/td>\n<td class=\"et6\" x:str=\"\" style=\"font-size:12pt;text-align:center;vertical-align:middle;border-width:1.2pt 1.2pt 0.5pt 0.5pt;border-style:solid;border-color:#000000;height:25.5pt;width:68.25pt;background-image:initial;background-attachment:initial;background-size:initial;background-origin:initial;background-clip:initial;background-position:initial;background-repeat:initial;\" height=\"34\" width=\"91\">Dung t\u00edch<\/td>\n<\/tr>\n<tr height=\"21\">\n<td class=\"et7\" x:str=\"\" style=\"font-size:12pt;text-align:center;vertical-align:middle;border-width:0.5pt 0.5pt 0.5pt 1.2pt;border-style:solid;border-color:#000000;height:15.75pt;width:50.25pt;background-image:initial;background-attachment:initial;background-size:initial;background-origin:initial;background-clip:initial;background-position:initial;background-repeat:initial;\" height=\"21\" width=\"67\">SL-102<\/td>\n<td class=\"et8\" x:str=\"\" style=\"font-size:12pt;text-align:center;vertical-align:middle;border:0.5pt solid #000000;height:15.75pt;width:150.75pt;background-image:initial;background-attachment:initial;background-size:initial;background-origin:initial;background-clip:initial;background-position:initial;background-repeat:initial;\" height=\"21\" width=\"201\">D102*D3000-D4000mm<\/td>\n<td class=\"et8\" x:str=\"\" style=\"font-size:12pt;text-align:center;vertical-align:middle;border:0.5pt solid #000000;height:15.75pt;width:54pt;background-image:initial;background-attachment:initial;background-size:initial;background-origin:initial;background-clip:initial;background-position:initial;background-repeat:initial;\" height=\"21\" width=\"72\">SS<\/td>\n<td class=\"et9\" x:str=\"\" style=\"font-size:12pt;vertical-align:middle;border:0.5pt solid #000000;height:15.75pt;width:54pt;background-image:initial;background-attachment:initial;background-size:initial;background-origin:initial;background-clip:initial;background-position:initial;background-repeat:initial;\" height=\"21\" width=\"72\">1,5KW<\/td>\n<td class=\"et10\" x:str=\"\" style=\"font-size:12pt;text-align:center;vertical-align:middle;border-width:0.5pt 1.2pt 0.5pt 0.5pt;border-style:solid;border-color:#000000;height:15.75pt;width:68.25pt;background-image:initial;background-attachment:initial;background-size:initial;background-origin:initial;background-clip:initial;background-position:initial;background-repeat:initial;\" height=\"21\" width=\"91\">600KG\/gi\u1edd<\/td>\n<\/tr>\n<tr height=\"21\">\n<td class=\"et7\" x:str=\"\" style=\"font-size:12pt;text-align:center;vertical-align:middle;border-width:0.5pt 0.5pt 0.5pt 1.2pt;border-style:solid;border-color:#000000;height:15.75pt;width:50.25pt;background-image:initial;background-attachment:initial;background-size:initial;background-origin:initial;background-clip:initial;background-position:initial;background-repeat:initial;\" height=\"21\" width=\"67\">SL-114<\/td>\n<td class=\"et8\" x:str=\"\" style=\"font-size:12pt;text-align:center;vertical-align:middle;border:0.5pt solid #000000;height:15.75pt;width:150.75pt;background-image:initial;background-attachment:initial;background-size:initial;background-origin:initial;background-clip:initial;background-position:initial;background-repeat:initial;\" height=\"21\" width=\"201\">D114*D3000-D4000mm<\/td>\n<td class=\"et8\" x:str=\"\" style=\"font-size:12pt;text-align:center;vertical-align:middle;border:0.5pt solid #000000;height:15.75pt;width:54pt;background-image:initial;background-attachment:initial;background-size:initial;background-origin:initial;background-clip:initial;background-position:initial;background-repeat:initial;\" height=\"21\" width=\"72\">SS<\/td>\n<td class=\"et9\" x:str=\"\" style=\"font-size:12pt;vertical-align:middle;border:0.5pt solid #000000;height:15.75pt;width:54pt;background-image:initial;background-attachment:initial;background-size:initial;background-origin:initial;background-clip:initial;background-position:initial;background-repeat:initial;\" height=\"21\" width=\"72\">1,5KW<\/td>\n<td class=\"et10\" x:str=\"\" style=\"font-size:12pt;text-align:center;vertical-align:middle;border-width:0.5pt 1.2pt 0.5pt 0.5pt;border-style:solid;border-color:#000000;height:15.75pt;width:68.25pt;background-image:initial;background-attachment:initial;background-size:initial;background-origin:initial;background-clip:initial;background-position:initial;background-repeat:initial;\" height=\"21\" width=\"91\">1000KG\/gi\u1edd<\/td>\n<\/tr>\n<tr height=\"21\">\n<td class=\"et7\" x:str=\"\" style=\"font-size:12pt;text-align:center;vertical-align:middle;border-width:0.5pt 0.5pt 0.5pt 1.2pt;border-style:solid;border-color:#000000;height:15.75pt;width:50.25pt;background-image:initial;background-attachment:initial;background-size:initial;background-origin:initial;background-clip:initial;background-position:initial;background-repeat:initial;\" height=\"21\" width=\"67\">SL-133<\/td>\n<td class=\"et8\" x:str=\"\" style=\"font-size:12pt;text-align:center;vertical-align:middle;border:0.5pt solid #000000;height:15.75pt;width:150.75pt;background-image:initial;background-attachment:initial;background-size:initial;background-origin:initial;background-clip:initial;background-position:initial;background-repeat:initial;\" height=\"21\" width=\"201\">D133*D3000-D4000mm<\/td>\n<td class=\"et8\" x:str=\"\" style=\"font-size:12pt;text-align:center;vertical-align:middle;border:0.5pt solid #000000;height:15.75pt;width:54pt;background-image:initial;background-attachment:initial;background-size:initial;background-origin:initial;background-clip:initial;background-position:initial;background-repeat:initial;\" height=\"21\" width=\"72\">SS<\/td>\n<td class=\"et9\" x:str=\"\" style=\"font-size:12pt;vertical-align:middle;border:0.5pt solid #000000;height:15.75pt;width:54pt;background-image:initial;background-attachment:initial;background-size:initial;background-origin:initial;background-clip:initial;background-position:initial;background-repeat:initial;\" height=\"21\" width=\"72\">2,2KW<\/td>\n<td class=\"et10\" x:str=\"\" style=\"font-size:12pt;text-align:center;vertical-align:middle;border-width:0.5pt 1.2pt 0.5pt 0.5pt;border-style:solid;border-color:#000000;height:15.75pt;width:68.25pt;background-image:initial;background-attachment:initial;background-size:initial;background-origin:initial;background-clip:initial;background-position:initial;background-repeat:initial;\" height=\"21\" width=\"91\">1500KG\/gi\u1edd<\/td>\n<\/tr>\n<tr height=\"21\">\n<td class=\"et7\" x:str=\"\" style=\"font-size:12pt;text-align:center;vertical-align:middle;border-width:0.5pt 0.5pt 0.5pt 1.2pt;border-style:solid;border-color:#000000;height:15.75pt;width:50.25pt;background-image:initial;background-attachment:initial;background-size:initial;background-origin:initial;background-clip:initial;background-position:initial;background-repeat:initial;\" height=\"21\" width=\"67\">SL-141<\/td>\n<td class=\"et8\" x:str=\"\" style=\"font-size:12pt;text-align:center;vertical-align:middle;border:0.5pt solid #000000;height:15.75pt;width:150.75pt;background-image:initial;background-attachment:initial;background-size:initial;background-origin:initial;background-clip:initial;background-position:initial;background-repeat:initial;\" height=\"21\" width=\"201\">D141*D3000-D4000mm<\/td>\n<td class=\"et8\" x:str=\"\" style=\"font-size:12pt;text-align:center;vertical-align:middle;border:0.5pt solid #000000;height:15.75pt;width:54pt;background-image:initial;background-attachment:initial;background-size:initial;background-origin:initial;background-clip:initial;background-position:initial;background-repeat:initial;\" height=\"21\" width=\"72\">SS<\/td>\n<td class=\"et9\" x:str=\"\" style=\"font-size:12pt;vertical-align:middle;border:0.5pt solid #000000;height:15.75pt;width:54pt;background-image:initial;background-attachment:initial;background-size:initial;background-origin:initial;background-clip:initial;background-position:initial;background-repeat:initial;\" height=\"21\" width=\"72\">2,2KW<\/td>\n<td class=\"et10\" x:str=\"\" style=\"font-size:12pt;text-align:center;vertical-align:middle;border-width:0.5pt 1.2pt 0.5pt 0.5pt;border-style:solid;border-color:#000000;height:15.75pt;width:68.25pt;background-image:initial;background-attachment:initial;background-size:initial;background-origin:initial;background-clip:initial;background-position:initial;background-repeat:initial;\" height=\"21\" width=\"91\">2000KG\/gi\u1edd<\/td>\n<\/tr>\n<tr height=\"21\">\n<td class=\"et7\" x:str=\"\" style=\"font-size:12pt;text-align:center;vertical-align:middle;border-width:0.5pt 0.5pt 0.5pt 1.2pt;border-style:solid;border-color:#000000;height:15.75pt;width:50.25pt;background-image:initial;background-attachment:initial;background-size:initial;background-origin:initial;background-clip:initial;background-position:initial;background-repeat:initial;\" height=\"21\" width=\"67\">SL-159<\/td>\n<td class=\"et8\" x:str=\"\" style=\"font-size:12pt;text-align:center;vertical-align:middle;border:0.5pt solid #000000;height:15.75pt;width:150.75pt;background-image:initial;background-attachment:initial;background-size:initial;background-origin:initial;background-clip:initial;background-position:initial;background-repeat:initial;\" height=\"21\" width=\"201\">D159*D3000-D4000mm<\/td>\n<td class=\"et8\" x:str=\"\" style=\"font-size:12pt;text-align:center;vertical-align:middle;border:0.5pt solid #000000;height:15.75pt;width:54pt;background-image:initial;background-attachment:initial;background-size:initial;background-origin:initial;background-clip:initial;background-position:initial;background-repeat:initial;\" height=\"21\" width=\"72\">SS<\/td>\n<td class=\"et9\" x:str=\"\" style=\"font-size:12pt;vertical-align:middle;border:0.5pt solid #000000;height:15.75pt;width:54pt;background-image:initial;background-attachment:initial;background-size:initial;background-origin:initial;background-clip:initial;background-position:initial;background-repeat:initial;\" height=\"21\" width=\"72\">3KW<\/td>\n<td class=\"et10\" x:str=\"\" style=\"font-size:12pt;text-align:center;vertical-align:middle;border-width:0.5pt 1.2pt 0.5pt 0.5pt;border-style:solid;border-color:#000000;height:15.75pt;width:68.25pt;background-image:initial;background-attachment:initial;background-size:initial;background-origin:initial;background-clip:initial;background-position:initial;background-repeat:initial;\" height=\"21\" width=\"91\">3000KG\/gi\u1edd<\/td>\n<\/tr>\n<tr height=\"22\">\n<td class=\"et11\" x:str=\"\" style=\"font-size:12pt;text-align:center;vertical-align:middle;border-width:0.5pt 0.5pt 1.2pt 1.2pt;border-style:solid;border-color:#000000;height:16.5pt;width:50.25pt;background-image:initial;background-attachment:initial;background-size:initial;background-origin:initial;background-clip:initial;background-position:initial;background-repeat:initial;\" height=\"22\" width=\"67\">SL-219<\/td>\n<td class=\"et12\" x:str=\"\" style=\"font-size:12pt;text-align:center;vertical-align:middle;border-width:0.5pt 0.5pt 1.2pt;border-style:solid;border-color:#000000;height:16.5pt;width:150.75pt;background-image:initial;background-attachment:initial;background-size:initial;background-origin:initial;background-clip:initial;background-position:initial;background-repeat:initial;\" height=\"22\" width=\"201\">D219*D3000-D4000mm<\/td>\n<td class=\"et12\" x:str=\"\" style=\"font-size:12pt;text-align:center;vertical-align:middle;border-width:0.5pt 0.5pt 1.2pt;border-style:solid;border-color:#000000;height:16.5pt;width:54pt;background-image:initial;background-attachment:initial;background-size:initial;background-origin:initial;background-clip:initial;background-position:initial;background-repeat:initial;\" height=\"22\" width=\"72\">SS<\/td>\n<td class=\"et13\" x:str=\"\" style=\"font-size:12pt;vertical-align:middle;border-width:0.5pt 0.5pt 1.2pt;border-style:solid;border-color:#000000;height:16.5pt;width:54pt;background-image:initial;background-attachment:initial;background-size:initial;background-origin:initial;background-clip:initial;background-position:initial;background-repeat:initial;\" height=\"22\" width=\"72\">3KW<\/td>\n<td class=\"et14\" x:str=\"\" style=\"font-size:12pt;text-align:center;vertical-align:middle;border-width:0.5pt 1.2pt 1.2pt 0.5pt;border-style:solid;border-color:#000000;height:16.5pt;width:68.25pt;background-image:initial;background-attachment:initial;background-size:initial;background-origin:initial;background-clip:initial;background-position:initial;background-repeat:initial;\" height=\"22\" width=\"91\">5000KG\/gi\u1edd<\/td>\n<\/tr>\n<\/tbody>\n<\/table>\n<\/div>","protected":false},"excerpt":{"rendered":"<ul>\n<li>Xu\u1ea5t x\u1ee9 s\u1ea3n ph\u1ea9m: \u0110\u00f4ng Quan, Trung Qu\u1ed1c<\/li>\n<li>M\u00e3 s\u1ed1: SL-102<\/li>\n<li>C\u1ea3ng v\u1eadn chuy\u1ec3n: C\u1ea3ng Th\u00e2m Quy\u1ebfn<\/li>\n<li>M\u00e0u s\u1eafc: B\u1ea1c<\/li>\n<li>Th\u1eddi gian giao h\u00e0ng: 7 ng\u00e0y<\/li>\n<li>Thanh to\u00e1n: 30% TT ti\u1ec1n g\u1eedi, 70% TT tr\u01b0\u1edbc khi giao h\u00e0ng<\/li>\n<li>Gi\u00e1: $999\/3999<\/li>\n<\/ul>","protected":false},"featured_media":0,"comment_status":"open","ping_status":"closed","template":"","meta":{"_seopress_robots_primary_cat":"none","_seopress_titles_title":"","_seopress_titles_desc":"","_seopress_robots_index":"","_kad_post_transparent":"default","_kad_post_title":"","_kad_post_layout":"default","_kad_post_sidebar_id":"","_kad_post_content_style":"default","_kad_post_vertical_padding":"default","_kad_post_feature":"","_kad_post_feature_position":"","_kad_post_header":false,"_kad_post_footer":false,"_kad_post_classname":""},"product_brand":[],"product_cat":[23],"product_tag":[],"class_list":{"0":"post-264","1":"product","2":"type-product","3":"status-publish","5":"product_cat-feeding-and-conveying","7":"first","8":"instock","9":"shipping-taxable","10":"product-type-simple","11":"entry","12":"content-bg","13":"loop-entry"},"_links":{"self":[{"href":"https:\/\/topdagroup.com\/vi\/wp-json\/wp\/v2\/product\/264","targetHints":{"allow":["GET"]}}],"collection":[{"href":"https:\/\/topdagroup.com\/vi\/wp-json\/wp\/v2\/product"}],"about":[{"href":"https:\/\/topdagroup.com\/vi\/wp-json\/wp\/v2\/types\/product"}],"replies":[{"embeddable":true,"href":"https:\/\/topdagroup.com\/vi\/wp-json\/wp\/v2\/comments?post=264"}],"wp:attachment":[{"href":"https:\/\/topdagroup.com\/vi\/wp-json\/wp\/v2\/media?parent=264"}],"wp:term":[{"taxonomy":"product_brand","embeddable":true,"href":"https:\/\/topdagroup.com\/vi\/wp-json\/wp\/v2\/product_brand?post=264"},{"taxonomy":"product_cat","embeddable":true,"href":"https:\/\/topdagroup.com\/vi\/wp-json\/wp\/v2\/product_cat?post=264"},{"taxonomy":"product_tag","embeddable":true,"href":"https:\/\/topdagroup.com\/vi\/wp-json\/wp\/v2\/product_tag?post=264"}],"curies":[{"name":"wp","href":"https:\/\/api.w.org\/{rel}","templated":true}]}}