{"id":248,"date":"2024-01-27T04:01:59","date_gmt":"2024-01-26T20:01:59","guid":{"rendered":"http:\/\/g.studywade.com\/?post_type=product&#038;p=248"},"modified":"2024-11-04T20:59:26","modified_gmt":"2024-11-04T12:59:26","slug":"plastic-high-speed-cooling-color-mixer-pvc-powder-mixing-drying-machine-industrial-blender-topda","status":"publish","type":"product","link":"https:\/\/topdagroup.com\/vi\/product\/plastic-high-speed-cooling-color-mixer-pvc-powder-mixing-drying-machine-industrial-blender-topda\/","title":{"rendered":"M\u00e1y tr\u1ed9n m\u00e0u l\u00e0m m\u00e1t t\u1ed1c \u0111\u1ed9 cao b\u1eb1ng nh\u1ef1a M\u00e1y tr\u1ed9n b\u1ed9t PVC M\u00e1y s\u1ea5y c\u00f4ng nghi\u1ec7p TOPDA"},"content":{"rendered":"<div class=\"pro_detail\">\n<p><b style=\"margin: 0px; padding: 0px; font-family: Lato-Regular, Helvetica, sans-serif; color: #666666; line-height: 24px;\"><span style=\"margin: 0px; padding: 0px; color: #e53333;\">M\u00e1y tr\u1ed9n b\u1ed9t nh\u1ef1a PVC t\u1ed1c \u0111\u1ed9 cao TOPDA<\/span><\/b><\/p>\n<p style=\"margin-top: 0px; margin-bottom: 0px; padding: 0px; font-family: Lato-Regular, Helvetica, sans-serif; color: #666666; line-height: 24px;\"><b style=\"margin: 0px; padding: 0px;\">GI\u1edaI THI\u1ec6U:<\/b><\/p>\n<p style=\"margin-top: 0px; margin-bottom: 0px; padding: 0px; font-family: Lato-Regular, Helvetica, sans-serif; color: #666666; line-height: 24px;\">M\u00e1y tr\u1ed9n SHR \u0111\u01b0\u1ee3c \u1ee9ng d\u1ee5ng trong qu\u00e1 tr\u00ecnh tr\u1ed9n, t\u1ea1o m\u00e0u v\u00e0 s\u1ea5y kh\u00f4 nhi\u1ec1u lo\u1ea1i nh\u1ef1a kh\u00e1c nhau nh\u01b0 polyethylene, polypropylene, polyvinyl, clorua, v.v. v\u00e0 trong qu\u00e1 tr\u00ecnh s\u1ea5y kh\u00f4 v\u00e0 bay h\u01a1i nh\u1ef1a k\u1ef9 thu\u1eadt nh\u01b0 ABS, polycarbonate, v.v. tr\u01b0\u1edbc khi t\u1ea1o h\u00ecnh v\u00e0 x\u1eed l\u00fd c\u0169ng nh\u01b0 trong qu\u00e1 tr\u00ecnh tr\u1ed9n nh\u1ef1a phenolic.<\/p>\n<p style=\"margin-top: 0px; margin-bottom: 0px; padding: 0px;\"><span style=\"color: #666666; font-family: 'Lato-Regular, Helvetica, sans-serif';\"><span style=\"line-height: 24px;\">M\u00e1y tr\u1ed9n n\u00e0y k\u1ebft h\u1ee3p h\u1ed7n h\u1ee3p nhi\u1ec7t v\u00e0 h\u1ed7n h\u1ee3p ngu\u1ed9i, v\u1eadt li\u1ec7u sau khi tr\u1ed9n nhi\u1ec7t c\u00f3 th\u1ec3 \u0111\u01b0\u1ee3c \u0111\u01b0a v\u00e0o h\u1ed7n h\u1ee3p ngu\u1ed9i \u0111\u1ec3 l\u00e0m m\u00e1t t\u1ef1 \u0111\u1ed9ng, th\u1ea3i h\u1ebft kh\u00ed c\u00f2n l\u1ea1i, tr\u00e1nh t\u00ecnh tr\u1ea1ng k\u1ebft t\u1ee5. \u00a0<\/span><\/span><\/p>\n<p style=\"margin-top: 0px; margin-bottom: 0px; padding: 0px; font-family: Lato-Regular, Helvetica, sans-serif; color: #666666; line-height: 24px;\"><b style=\"margin: 0px; padding: 0px;\">\u0110\u1eb6C TR\u01afNG:<\/b><\/p>\n<p style=\"margin-top: 0px; margin-bottom: 0px; padding: 0px; font-family: Lato-Regular, Helvetica, sans-serif; color: #666666; line-height: 24px;\">1. Ph\u00f9 h\u1ee3p \u0111\u1ec3 pha tr\u1ed9n nhi\u1ec1u lo\u1ea1i nguy\u00ean li\u1ec7u, tr\u1ed9n, s\u1ea5y, t\u1ea1o m\u00e0u, ho\u1ea1t h\u00f3a CaCO3 v\u00e0 c\u00e1c c\u00f4ng ngh\u1ec7 kh\u00e1c;<\/p>\n<p style=\"margin-top: 0px; margin-bottom: 0px; padding: 0px; font-family: Lato-Regular, Helvetica, sans-serif; color: #666666; line-height: 24px;\">2. Ph\u1edbt tr\u1ee5c ch\u00ednh \u0111\u01b0\u1ee3c c\u1ea5p b\u1eb1ng s\u00e1ng ch\u1ebf qu\u1ed1c gia;<\/p>\n<p style=\"margin-top: 0px; margin-bottom: 0px; padding: 0px; font-family: Lato-Regular, Helvetica, sans-serif; color: #666666; line-height: 24px;\">3. Ki\u1ec3m tra c\u00e2n b\u1eb1ng t\u0129nh v\u00e0 c\u00e2n b\u1eb1ng \u0111\u1ed9ng c\u1ee7a l\u01b0\u1ee1i dao;<\/p>\n<p style=\"margin-top: 0px; margin-bottom: 0px; padding: 0px; font-family: Lato-Regular, Helvetica, sans-serif; color: #666666; line-height: 24px;\">4. Tr\u1ed9n v\u1edbi n\u00f3ng Do ma s\u00e1t ho\u1eb7c gia nhi\u1ec7t b\u1eb1ng \u0111i\u1ec7n v\u00e0 gia nhi\u1ec7t b\u1eb1ng h\u01a1i n\u01b0\u1edbc.<\/p>\n<p style=\"margin-top: 0px; margin-bottom: 0px; padding: 0px; font-family: Lato-Regular, Helvetica, sans-serif; color: #666666; line-height: 24px;\"><b style=\"margin: 0px; padding: 0px;\">TH\u00d4NG S\u1ed0 K\u1ef8 THU\u1eacT:<\/b><\/p>\n<table class=\"ke-zeroborder\" style=\"width: 544.5pt;\" width=\"726\">\n<colgroup>\n<col width=\"135\" \/>\n<col width=\"94\" \/>\n<col width=\"150\" \/>\n<col width=\"112\" \/>\n<col width=\"137\" \/>\n<col width=\"98\" \/> <\/colgroup>\n<tbody>\n<tr>\n<td class=\"et3\" style=\"font-size: 12pt; text-align: center; vertical-align: middle; border-width: 1.2pt 0.5pt 0.5pt 1.2pt; border-style: solid; border-color: #000000; height: 31.5pt; width: 101.25pt; background-image: initial; background-attachment: initial; background-size: initial; background-origin: initial; background-clip: initial; background-position: initial; background-repeat: initial;\" width=\"135\" height=\"42\">Ng\u01b0\u1eddi m\u1eabu<\/td>\n<td class=\"et4\" style=\"font-size: 12pt; text-align: center; vertical-align: middle; border-width: 1.2pt 0.5pt 0.5pt; border-style: solid; border-color: #000000; height: 31.5pt; width: 70.5pt; background-image: initial; background-attachment: initial; background-size: initial; background-origin: initial; background-clip: initial; background-position: initial; background-repeat: initial;\" width=\"94\" height=\"42\">Dung t\u00edch<br \/>\n(L)<\/td>\n<td class=\"et4\" style=\"font-size: 12pt; text-align: center; vertical-align: middle; border-width: 1.2pt 0.5pt 0.5pt; border-style: solid; border-color: #000000; height: 31.5pt; width: 112.5pt; background-image: initial; background-attachment: initial; background-size: initial; background-origin: initial; background-clip: initial; background-position: initial; background-repeat: initial;\" width=\"150\" height=\"42\">Quy\u1ec1n l\u1ef1c<br \/>\n(KW)<\/td>\n<td class=\"et4\" style=\"font-size: 12pt; text-align: center; vertical-align: middle; border-width: 1.2pt 0.5pt 0.5pt; border-style: solid; border-color: #000000; height: 31.5pt; width: 84pt; background-image: initial; background-attachment: initial; background-size: initial; background-origin: initial; background-clip: initial; background-position: initial; background-repeat: initial;\" width=\"112\" height=\"42\">T\u1ed1c \u0111\u1ed9 ch\u00e8o<br \/>\n(V\u00f2ng\/ph\u00fat)<\/td>\n<td class=\"et4\" style=\"font-size: 12pt; text-align: center; vertical-align: middle; border-width: 1.2pt 0.5pt 0.5pt; border-style: solid; border-color: #000000; height: 31.5pt; width: 102.75pt; background-image: initial; background-attachment: initial; background-size: initial; background-origin: initial; background-clip: initial; background-position: initial; background-repeat: initial;\" width=\"137\" height=\"42\">Ph\u01b0\u01a1ng ph\u00e1p gia nhi\u1ec7t<\/td>\n<td class=\"et5\" style=\"font-size: 12pt; text-align: center; vertical-align: middle; border-width: 1.2pt 1.2pt 0.5pt 0.5pt; border-style: solid; border-color: #000000; height: 31.5pt; width: 73.5pt; background-image: initial; background-attachment: initial; background-size: initial; background-origin: initial; background-clip: initial; background-position: initial; background-repeat: initial;\" width=\"98\" height=\"42\">Th\u1eddi gian tr\u1ed9n<br \/>\n(PH\u00daT)<\/td>\n<\/tr>\n<tr>\n<td class=\"et6\" style=\"font-size: 12pt; text-align: center; vertical-align: middle; border-width: 0.5pt 0.5pt 0.5pt 1.2pt; border-style: solid; border-color: #000000; height: 19.5pt; width: 101.25pt; background-image: initial; background-attachment: initial; background-size: initial; background-origin: initial; background-clip: initial; background-position: initial; background-repeat: initial;\" width=\"135\" height=\"26\">SRL-V100\/200<\/td>\n<td class=\"et7\" style=\"font-size: 12pt; text-align: center; vertical-align: middle; border: 0.5pt solid #000000; height: 19.5pt; width: 70.5pt; background-image: initial; background-attachment: initial; background-size: initial; background-origin: initial; background-clip: initial; background-position: initial; background-repeat: initial;\" width=\"94\" height=\"26\">100\/200<\/td>\n<td class=\"et7\" style=\"font-size: 12pt; text-align: center; vertical-align: middle; border: 0.5pt solid #000000; height: 19.5pt; width: 112.5pt; background-image: initial; background-attachment: initial; background-size: initial; background-origin: initial; background-clip: initial; background-position: initial; background-repeat: initial;\" width=\"150\" height=\"26\">14\/22<\/td>\n<td class=\"et7\" style=\"font-size: 12pt; text-align: center; vertical-align: middle; border: 0.5pt solid #000000; height: 19.5pt; width: 84pt; background-image: initial; background-attachment: initial; background-size: initial; background-origin: initial; background-clip: initial; background-position: initial; background-repeat: initial;\" width=\"112\" height=\"26\">650\/1300\/180<\/td>\n<td class=\"et7\" style=\"font-size: 12pt; text-align: center; vertical-align: middle; border: 0.5pt solid #000000; height: 19.5pt; width: 102.75pt; background-image: initial; background-attachment: initial; background-size: initial; background-origin: initial; background-clip: initial; background-position: initial; background-repeat: initial;\" width=\"137\" height=\"26\">Ma s\u00e1t \u0111i\u1ec7n<\/td>\n<td class=\"et8\" style=\"font-size: 12pt; text-align: center; vertical-align: middle; border-width: 0.5pt 1.2pt 0.5pt 0.5pt; border-style: solid; border-color: #000000; height: 19.5pt; width: 73.5pt; background-image: initial; background-attachment: initial; background-size: initial; background-origin: initial; background-clip: initial; background-position: initial; background-repeat: initial;\" width=\"98\" height=\"26\">8&amp;10<\/td>\n<\/tr>\n<tr>\n<td class=\"et6\" style=\"font-size: 12pt; text-align: center; vertical-align: middle; border-width: 0.5pt 0.5pt 0.5pt 1.2pt; border-style: solid; border-color: #000000; height: 19.5pt; width: 101.25pt; background-image: initial; background-attachment: initial; background-size: initial; background-origin: initial; background-clip: initial; background-position: initial; background-repeat: initial;\" width=\"135\" height=\"26\">SRL-V200\/500<\/td>\n<td class=\"et7\" style=\"font-size: 12pt; text-align: center; vertical-align: middle; border: 0.5pt solid #000000; height: 19.5pt; width: 70.5pt; background-image: initial; background-attachment: initial; background-size: initial; background-origin: initial; background-clip: initial; background-position: initial; background-repeat: initial;\" width=\"94\" height=\"26\">200\/500<\/td>\n<td class=\"et7\" style=\"font-size: 12pt; text-align: center; vertical-align: middle; border: 0.5pt solid #000000; height: 19.5pt; width: 112.5pt; background-image: initial; background-attachment: initial; background-size: initial; background-origin: initial; background-clip: initial; background-position: initial; background-repeat: initial;\" width=\"150\" height=\"26\">30\/42<\/td>\n<td class=\"et7\" style=\"font-size: 12pt; text-align: center; vertical-align: middle; border: 0.5pt solid #000000; height: 19.5pt; width: 84pt; background-image: initial; background-attachment: initial; background-size: initial; background-origin: initial; background-clip: initial; background-position: initial; background-repeat: initial;\" width=\"112\" height=\"26\">475\/950\/130<\/td>\n<td class=\"et7\" style=\"font-size: 12pt; text-align: center; vertical-align: middle; border: 0.5pt solid #000000; height: 19.5pt; width: 102.75pt; background-image: initial; background-attachment: initial; background-size: initial; background-origin: initial; background-clip: initial; background-position: initial; background-repeat: initial;\" width=\"137\" height=\"26\">Ma s\u00e1t \u0111i\u1ec7n<\/td>\n<td class=\"et8\" style=\"font-size: 12pt; text-align: center; vertical-align: middle; border-width: 0.5pt 1.2pt 0.5pt 0.5pt; border-style: solid; border-color: #000000; height: 19.5pt; width: 73.5pt; background-image: initial; background-attachment: initial; background-size: initial; background-origin: initial; background-clip: initial; background-position: initial; background-repeat: initial;\" width=\"98\" height=\"26\">8&amp;10<\/td>\n<\/tr>\n<tr>\n<td class=\"et6\" style=\"font-size: 12pt; text-align: center; vertical-align: middle; border-width: 0.5pt 0.5pt 0.5pt 1.2pt; border-style: solid; border-color: #000000; height: 19.5pt; width: 101.25pt; background-image: initial; background-attachment: initial; background-size: initial; background-origin: initial; background-clip: initial; background-position: initial; background-repeat: initial;\" width=\"135\" height=\"26\">SRL-V300-600<\/td>\n<td class=\"et7\" style=\"font-size: 12pt; text-align: center; vertical-align: middle; border: 0.5pt solid #000000; height: 19.5pt; width: 70.5pt; background-image: initial; background-attachment: initial; background-size: initial; background-origin: initial; background-clip: initial; background-position: initial; background-repeat: initial;\" width=\"94\" height=\"26\">300\/600<\/td>\n<td class=\"et7\" style=\"font-size: 12pt; text-align: center; vertical-align: middle; border: 0.5pt solid #000000; height: 19.5pt; width: 112.5pt; background-image: initial; background-attachment: initial; background-size: initial; background-origin: initial; background-clip: initial; background-position: initial; background-repeat: initial;\" width=\"150\" height=\"26\">40\/55<\/td>\n<td class=\"et7\" style=\"font-size: 12pt; text-align: center; vertical-align: middle; border: 0.5pt solid #000000; height: 19.5pt; width: 84pt; background-image: initial; background-attachment: initial; background-size: initial; background-origin: initial; background-clip: initial; background-position: initial; background-repeat: initial;\" width=\"112\" height=\"26\">475\/950\/130<\/td>\n<td class=\"et7\" style=\"font-size: 12pt; text-align: center; vertical-align: middle; border: 0.5pt solid #000000; height: 19.5pt; width: 102.75pt; background-image: initial; background-attachment: initial; background-size: initial; background-origin: initial; background-clip: initial; background-position: initial; background-repeat: initial;\" width=\"137\" height=\"26\">Ma s\u00e1t \u0111i\u1ec7n<\/td>\n<td class=\"et8\" style=\"font-size: 12pt; text-align: center; vertical-align: middle; border-width: 0.5pt 1.2pt 0.5pt 0.5pt; border-style: solid; border-color: #000000; height: 19.5pt; width: 73.5pt; background-image: initial; background-attachment: initial; background-size: initial; background-origin: initial; background-clip: initial; background-position: initial; background-repeat: initial;\" width=\"98\" height=\"26\">8&amp;10<\/td>\n<\/tr>\n<tr>\n<td class=\"et6\" style=\"font-size: 12pt; text-align: center; vertical-align: middle; border-width: 0.5pt 0.5pt 0.5pt 1.2pt; border-style: solid; border-color: #000000; height: 19.5pt; width: 101.25pt; background-image: initial; background-attachment: initial; background-size: initial; background-origin: initial; background-clip: initial; background-position: initial; background-repeat: initial;\" width=\"135\" height=\"26\">SRL-V500-1000<\/td>\n<td class=\"et7\" style=\"font-size: 12pt; text-align: center; vertical-align: middle; border: 0.5pt solid #000000; height: 19.5pt; width: 70.5pt; background-image: initial; background-attachment: initial; background-size: initial; background-origin: initial; background-clip: initial; background-position: initial; background-repeat: initial;\" width=\"94\" height=\"26\">500\/1000<\/td>\n<td class=\"et7\" style=\"font-size: 12pt; text-align: center; vertical-align: middle; border: 0.5pt solid #000000; height: 19.5pt; width: 112.5pt; background-image: initial; background-attachment: initial; background-size: initial; background-origin: initial; background-clip: initial; background-position: initial; background-repeat: initial;\" width=\"150\" height=\"26\">55\/75<\/td>\n<td class=\"et7\" style=\"font-size: 12pt; text-align: center; vertical-align: middle; border: 0.5pt solid #000000; height: 19.5pt; width: 84pt; background-image: initial; background-attachment: initial; background-size: initial; background-origin: initial; background-clip: initial; background-position: initial; background-repeat: initial;\" width=\"112\" height=\"26\">430\/860\/60<\/td>\n<td class=\"et7\" style=\"font-size: 12pt; text-align: center; vertical-align: middle; border: 0.5pt solid #000000; height: 19.5pt; width: 102.75pt; background-image: initial; background-attachment: initial; background-size: initial; background-origin: initial; background-clip: initial; background-position: initial; background-repeat: initial;\" width=\"137\" height=\"26\">Ma s\u00e1t \u0111i\u1ec7n<\/td>\n<td class=\"et8\" style=\"font-size: 12pt; text-align: center; vertical-align: middle; border-width: 0.5pt 1.2pt 0.5pt 0.5pt; border-style: solid; border-color: #000000; height: 19.5pt; width: 73.5pt; background-image: initial; background-attachment: initial; background-size: initial; background-origin: initial; background-clip: initial; background-position: initial; background-repeat: initial;\" width=\"98\" height=\"26\">8&amp;10<\/td>\n<\/tr>\n<tr>\n<td class=\"et6\" style=\"font-size: 12pt; text-align: center; vertical-align: middle; border-width: 0.5pt 0.5pt 0.5pt 1.2pt; border-style: solid; border-color: #000000; height: 19.5pt; width: 101.25pt; background-image: initial; background-attachment: initial; background-size: initial; background-origin: initial; background-clip: initial; background-position: initial; background-repeat: initial;\" width=\"135\" height=\"26\">SRL-V800\/1600<\/td>\n<td class=\"et7\" style=\"font-size: 12pt; text-align: center; vertical-align: middle; border: 0.5pt solid #000000; height: 19.5pt; width: 70.5pt; background-image: initial; background-attachment: initial; background-size: initial; background-origin: initial; background-clip: initial; background-position: initial; background-repeat: initial;\" width=\"94\" height=\"26\">800\/1600<\/td>\n<td class=\"et7\" style=\"font-size: 12pt; text-align: center; vertical-align: middle; border: 0.5pt solid #000000; height: 19.5pt; width: 112.5pt; background-image: initial; background-attachment: initial; background-size: initial; background-origin: initial; background-clip: initial; background-position: initial; background-repeat: initial;\" width=\"150\" height=\"26\">83\/110<\/td>\n<td class=\"et7\" style=\"font-size: 12pt; text-align: center; vertical-align: middle; border: 0.5pt solid #000000; height: 19.5pt; width: 84pt; background-image: initial; background-attachment: initial; background-size: initial; background-origin: initial; background-clip: initial; background-position: initial; background-repeat: initial;\" width=\"112\" height=\"26\">370\/740\/50<\/td>\n<td class=\"et7\" style=\"font-size: 12pt; text-align: center; vertical-align: middle; border: 0.5pt solid #000000; height: 19.5pt; width: 102.75pt; background-image: initial; background-attachment: initial; background-size: initial; background-origin: initial; background-clip: initial; background-position: initial; background-repeat: initial;\" width=\"137\" height=\"26\">Ma s\u00e1t \u0111i\u1ec7n<\/td>\n<td class=\"et8\" style=\"font-size: 12pt; text-align: center; vertical-align: middle; border-width: 0.5pt 1.2pt 0.5pt 0.5pt; border-style: solid; border-color: #000000; height: 19.5pt; width: 73.5pt; background-image: initial; background-attachment: initial; background-size: initial; background-origin: initial; background-clip: initial; background-position: initial; background-repeat: initial;\" width=\"98\" height=\"26\">8&amp;10<\/td>\n<\/tr>\n<tr>\n<td class=\"et6\" style=\"font-size: 12pt; text-align: center; vertical-align: middle; border-width: 0.5pt 0.5pt 0.5pt 1.2pt; border-style: solid; border-color: #000000; height: 19.5pt; width: 101.25pt; background-image: initial; background-attachment: initial; background-size: initial; background-origin: initial; background-clip: initial; background-position: initial; background-repeat: initial;\" width=\"135\" height=\"26\">SRL-V800\/2500<\/td>\n<td class=\"et7\" style=\"font-size: 12pt; text-align: center; vertical-align: middle; border: 0.5pt solid #000000; height: 19.5pt; width: 70.5pt; background-image: initial; background-attachment: initial; background-size: initial; background-origin: initial; background-clip: initial; background-position: initial; background-repeat: initial;\" width=\"94\" height=\"26\">800\/2500<\/td>\n<td class=\"et7\" style=\"font-size: 12pt; text-align: center; vertical-align: middle; border: 0.5pt solid #000000; height: 19.5pt; width: 112.5pt; background-image: initial; background-attachment: initial; background-size: initial; background-origin: initial; background-clip: initial; background-position: initial; background-repeat: initial;\" width=\"150\" height=\"26\">83\/110<\/td>\n<td class=\"et7\" style=\"font-size: 12pt; text-align: center; vertical-align: middle; border: 0.5pt solid #000000; height: 19.5pt; width: 84pt; background-image: initial; background-attachment: initial; background-size: initial; background-origin: initial; background-clip: initial; background-position: initial; background-repeat: initial;\" width=\"112\" height=\"26\">430\/860\/70<\/td>\n<td class=\"et7\" style=\"font-size: 12pt; text-align: center; vertical-align: middle; border: 0.5pt solid #000000; height: 19.5pt; width: 102.75pt; background-image: initial; background-attachment: initial; background-size: initial; background-origin: initial; background-clip: initial; background-position: initial; background-repeat: initial;\" width=\"137\" height=\"26\">Ma s\u00e1t \u0111i\u1ec7n<\/td>\n<td class=\"et8\" style=\"font-size: 12pt; text-align: center; vertical-align: middle; border-width: 0.5pt 1.2pt 0.5pt 0.5pt; border-style: solid; border-color: #000000; height: 19.5pt; width: 73.5pt; background-image: initial; background-attachment: initial; background-size: initial; background-origin: initial; background-clip: initial; background-position: initial; background-repeat: initial;\" width=\"98\" height=\"26\">8 v\u00e0 12<\/td>\n<\/tr>\n<tr>\n<td class=\"et9\" style=\"font-size: 12pt; text-align: center; vertical-align: middle; border-width: 0.5pt 0.5pt 1.2pt 1.2pt; border-style: solid; border-color: #000000; height: 19.5pt; width: 101.25pt; background-image: initial; background-attachment: initial; background-size: initial; background-origin: initial; background-clip: initial; background-position: initial; background-repeat: initial;\" width=\"135\" height=\"26\">SRL-V1000\/3000<\/td>\n<td class=\"et10\" style=\"font-size: 12pt; text-align: center; vertical-align: middle; border-width: 0.5pt 0.5pt 1.2pt; border-style: solid; border-color: #000000; height: 19.5pt; width: 70.5pt; background-image: initial; background-attachment: initial; background-size: initial; background-origin: initial; background-clip: initial; background-position: initial; background-repeat: initial;\" width=\"94\" height=\"26\">1000\/3000<\/td>\n<td class=\"et10\" style=\"font-size: 12pt; text-align: center; vertical-align: middle; border-width: 0.5pt 0.5pt 1.2pt; border-style: solid; border-color: #000000; height: 19.5pt; width: 112.5pt; background-image: initial; background-attachment: initial; background-size: initial; background-origin: initial; background-clip: initial; background-position: initial; background-repeat: initial;\" width=\"150\" height=\"26\">160 (c\u00f3 b\u1ed9 chuy\u1ec3n \u0111\u1ed5i)<\/td>\n<td class=\"et10\" style=\"font-size: 12pt; text-align: center; vertical-align: middle; border-width: 0.5pt 0.5pt 1.2pt; border-style: solid; border-color: #000000; height: 19.5pt; width: 84pt; background-image: initial; background-attachment: initial; background-size: initial; background-origin: initial; background-clip: initial; background-position: initial; background-repeat: initial;\" width=\"112\" height=\"26\">430\/860\/70<\/td>\n<td class=\"et10\" style=\"font-size: 12pt; text-align: center; vertical-align: middle; border-width: 0.5pt 0.5pt 1.2pt; border-style: solid; border-color: #000000; height: 19.5pt; width: 102.75pt; background-image: initial; background-attachment: initial; background-size: initial; background-origin: initial; background-clip: initial; background-position: initial; background-repeat: initial;\" width=\"137\" height=\"26\">Ma s\u00e1t \u0111i\u1ec7n<\/td>\n<td class=\"et11\" style=\"font-size: 12pt; text-align: center; vertical-align: middle; border-width: 0.5pt 1.2pt 1.2pt 0.5pt; border-style: solid; border-color: #000000; height: 19.5pt; width: 73.5pt; background-image: initial; background-attachment: initial; background-size: initial; background-origin: initial; background-clip: initial; background-position: initial; background-repeat: initial;\" width=\"98\" height=\"26\">8 v\u00e0 12<\/td>\n<\/tr>\n<\/tbody>\n<\/table>\n<\/div>","protected":false},"excerpt":{"rendered":"<ul>\n<li>Xu\u1ea5t x\u1ee9 s\u1ea3n ph\u1ea9m: \u0110\u00f4ng Quan, Trung Qu\u1ed1c<\/li>\n<li>M\u00e3 s\u1ed1: SRL-V100\/200<\/li>\n<li>C\u1ea3ng v\u1eadn chuy\u1ec3n: C\u1ea3ng Th\u00e2m Quy\u1ebfn<\/li>\n<li>M\u00e0u s\u1eafc:Cam<\/li>\n<li>Th\u1eddi gian th\u1ef1c hi\u1ec7n: 25 ng\u00e0y<\/li>\n<li>Thanh to\u00e1n: 30% TT ti\u1ec1n g\u1eedi, 70% TT tr\u01b0\u1edbc khi giao h\u00e0ng<\/li>\n<li>Gi\u00e1: $7999\/9999<\/li>\n<\/ul>","protected":false},"featured_media":1078,"comment_status":"open","ping_status":"closed","template":"","meta":{"_seopress_robots_primary_cat":"none","_seopress_titles_title":"PVC Color Mixer High Speed PVC Hot and Cooling Mixer","_seopress_titles_desc":"PVC Color Mixer High Speed PVC Hot and Cooling Mixer","_seopress_robots_index":"","_kad_post_transparent":"default","_kad_post_title":"","_kad_post_layout":"default","_kad_post_sidebar_id":"","_kad_post_content_style":"default","_kad_post_vertical_padding":"default","_kad_post_feature":"","_kad_post_feature_position":"","_kad_post_header":false,"_kad_post_footer":false,"_kad_post_classname":""},"product_brand":[],"product_cat":[22],"product_tag":[],"class_list":{"0":"post-248","1":"product","2":"type-product","3":"status-publish","4":"has-post-thumbnail","6":"product_cat-plastic-mixing-dosing","8":"first","9":"instock","10":"shipping-taxable","11":"product-type-simple","12":"entry","13":"content-bg","14":"loop-entry"},"_links":{"self":[{"href":"https:\/\/topdagroup.com\/vi\/wp-json\/wp\/v2\/product\/248","targetHints":{"allow":["GET"]}}],"collection":[{"href":"https:\/\/topdagroup.com\/vi\/wp-json\/wp\/v2\/product"}],"about":[{"href":"https:\/\/topdagroup.com\/vi\/wp-json\/wp\/v2\/types\/product"}],"replies":[{"embeddable":true,"href":"https:\/\/topdagroup.com\/vi\/wp-json\/wp\/v2\/comments?post=248"}],"wp:featuredmedia":[{"embeddable":true,"href":"https:\/\/topdagroup.com\/vi\/wp-json\/wp\/v2\/media\/1078"}],"wp:attachment":[{"href":"https:\/\/topdagroup.com\/vi\/wp-json\/wp\/v2\/media?parent=248"}],"wp:term":[{"taxonomy":"product_brand","embeddable":true,"href":"https:\/\/topdagroup.com\/vi\/wp-json\/wp\/v2\/product_brand?post=248"},{"taxonomy":"product_cat","embeddable":true,"href":"https:\/\/topdagroup.com\/vi\/wp-json\/wp\/v2\/product_cat?post=248"},{"taxonomy":"product_tag","embeddable":true,"href":"https:\/\/topdagroup.com\/vi\/wp-json\/wp\/v2\/product_tag?post=248"}],"curies":[{"name":"wp","href":"https:\/\/api.w.org\/{rel}","templated":true}]}}