{"id":240,"date":"2024-01-27T04:55:59","date_gmt":"2024-01-26T20:55:59","guid":{"rendered":"http:\/\/g.studywade.com\/?post_type=product&#038;p=240"},"modified":"2026-05-09T10:58:54","modified_gmt":"2026-05-09T02:58:54","slug":"single-shaft-shredder-waste-plastic-shredding-recycling-machine-topda","status":"publish","type":"product","link":"https:\/\/topdagroup.com\/vi\/product\/single-shaft-shredder-waste-plastic-shredding-recycling-machine-topda\/","title":{"rendered":"M\u00e1y nghi\u1ec1n tr\u1ee5c \u0111\u01a1n M\u00e1y nghi\u1ec1n nh\u1ef1a ph\u1ebf th\u1ea3i t\u00e1i ch\u1ebf TOPDA"},"content":{"rendered":"<div class=\"pro_detail\">\n<p><b><span style=\"color: #e53333;\">M\u00e1y nghi\u1ec1n nh\u1ef1a tr\u1ee5c \u0111\u01a1n TOPDA<\/span><\/b><\/p>\n<p><b>\u0110\u1eb6C TR\u01afNG:<\/b><\/p>\n<p style=\"margin-top: 0px; margin-bottom: 0px; padding: 0px; border: 0px; font-stretch: inherit; font-family: Arial, Helvetica, sans-senif; vertical-align: baseline; word-wrap: break-word; color: #333333;\"><span style=\"margin: 0px; padding: 0px; border: 0px; font-style: inherit; font-variant: inherit; font-weight: inherit; font-stretch: inherit; font-family: verdana, geneva; vertical-align: baseline;\">1. M\u00e1y \u0111\u1ea9y th\u1ee7y l\u1ef1c, h\u1ec7 th\u1ed1ng \u0111i\u1ec7n \u0111\u1ed9c l\u1eadp, k\u1ebft c\u1ea5u ch\u1eafc ch\u1eafn, v\u1eadn h\u00e0nh \u00eam \u00e1i, kh\u1ed1i nh\u1ef1a l\u1edbn c\u00f3 th\u1ec3 x\u00e9 ra, n\u1ea1p li\u1ec7u d\u1ec5 d\u00e0ng, c\u00f4ng su\u1ea5t l\u1edbn;<\/span><\/p>\n<p style=\"margin-top: 0px; margin-bottom: 0px; padding: 0px; border: 0px; font-stretch: inherit; font-family: Arial, Helvetica, sans-senif; vertical-align: baseline; word-wrap: break-word; color: #333333;\"><span style=\"margin: 0px; padding: 0px; border: 0px; font-style: inherit; font-variant: inherit; font-weight: inherit; font-stretch: inherit; font-family: verdana, geneva; vertical-align: baseline;\">2. Tr\u1ee5c ch\u00ednh t\u1eeb h\u1ed9p s\u1ed1 truy\u1ec1n \u0111\u1ed9ng, ch\u1ea1y \u00eam, ti\u1ebfng \u1ed3n th\u1ea5p, m\u00f4 men xo\u1eafn l\u1edbn;<\/span><\/p>\n<p style=\"margin-top: 0px; margin-bottom: 0px; padding: 0px; border: 0px; font-stretch: inherit; font-family: Arial, Helvetica, sans-senif; vertical-align: baseline; word-wrap: break-word; color: #333333;\"><span style=\"margin: 0px; padding: 0px; border: 0px; font-style: inherit; font-variant: inherit; font-weight: inherit; font-stretch: inherit; font-family: verdana, geneva; vertical-align: baseline;\">3. H\u1ec7 th\u1ed1ng \u0111i\u1ec1u khi\u1ec3n ch\u01b0\u01a1ng tr\u00ecnh PLC, t\u1ef1 \u0111\u1ed9ng quay, d\u1eebng v\u00e0 th\u1ef1c hi\u1ec7n v\u1eadn h\u00e0nh thi\u1ebft b\u1ecb ho\u00e0n to\u00e0n t\u1ef1 \u0111\u1ed9ng, m\u00e1y ch\u1ea1y an to\u00e0n v\u00e0 \u0111\u00e1ng tin c\u1eady;<\/span><\/p>\n<p style=\"margin-top: 0px; margin-bottom: 0px; padding: 0px; border: 0px; font-stretch: inherit; font-family: Arial, Helvetica, sans-senif; vertical-align: baseline; word-wrap: break-word; color: #333333;\"><span style=\"margin: 0px; padding: 0px; border: 0px; font-style: inherit; font-variant: inherit; font-weight: inherit; font-stretch: inherit; font-family: verdana, geneva; vertical-align: baseline;\">4. V\u1eadt li\u1ec7u l\u01b0\u1ee1i dao: Cr12MoV (Th\u01b0\u01a1ng hi\u1ec7u Nh\u1eadt B\u1ea3n: SKD-11, Th\u01b0\u01a1ng hi\u1ec7u Hoa K\u1ef3: D2); dao c\u00f3 l\u1eafp \u0111\u1eb7t h\u00ecnh ch\u1eef \u201cV\u201d, \u0111\u1ec3 v\u1eadt li\u1ec7u l\u01b0\u1ee1i dao c\u1eaft \u0111\u1ec1u tr\u00ean b\u1ec1 m\u1eb7t l\u00e0m vi\u1ec7c, gi\u1ea3m ti\u00eau th\u1ee5 n\u0103ng l\u01b0\u1ee3ng v\u00e0 ti\u1ebfng \u1ed3n; m\u1ed7i l\u01b0\u1ee1i dao c\u00f3 b\u1ed1n c\u1ea1nh c\u1eaft, c\u00f3 th\u1ec3 xoay 90 \u00b0 \u0111\u1ec3 ch\u1ed1ng m\u00e0i m\u00f2n sau khi s\u1eed d\u1ee5ng li\u00ean t\u1ee5c;<\/span><\/p>\n<p style=\"margin-top: 0px; margin-bottom: 0px; padding: 0px; border: 0px; font-stretch: inherit; font-family: Arial, Helvetica, sans-senif; vertical-align: baseline; word-wrap: break-word; color: #333333;\"><span style=\"margin: 0px; padding: 0px; border: 0px; font-style: inherit; font-variant: inherit; font-weight: inherit; font-stretch: inherit; font-family: verdana, geneva; vertical-align: baseline;\">5. B\u1ea3ng \u0111i\u1ec1u khi\u1ec3n \u0111i\u1ec7n: B\u1ed9 \u0111i\u1ec1u khi\u1ec3n l\u1eadp tr\u00ecnh, (PLC: SIEMENS) H\u1ec7 th\u1ed1ng \u0111i\u1ec1u khi\u1ec3n t\u1ef1 \u0111\u1ed9ng PLC, c\u00f3 th\u1ec3 th\u1ef1c hi\u1ec7n quay ng\u01b0\u1ee3c chi\u1ec1u v\u00e0 d\u1eebng t\u1ef1 \u0111\u1ed9ng;\u00a0<\/span><\/p>\n<p style=\"margin-top: 0px; margin-bottom: 0px; padding: 0px; border: 0px; font-stretch: inherit; font-family: Arial, Helvetica, sans-senif; vertical-align: baseline; word-wrap: break-word; color: #333333;\"><span style=\"margin: 0px; padding: 0px; border: 0px; font-style: inherit; font-variant: inherit; font-weight: inherit; font-stretch: inherit; font-family: verdana, geneva; vertical-align: baseline;\">6. C\u00f4ng t\u1eafc AC SIEMENS; Tr\u1ea1ng th\u00e1i ho\u1ea1t \u0111\u1ed9ng c\u1ee7a t\u1eebng b\u1ed9 ph\u1eadn m\u00e1y m\u00f3c s\u1ebd \u0111\u01b0\u1ee3c hi\u1ec3n th\u1ecb tr\u00ean b\u1ea3ng \u0111i\u1ec1u khi\u1ec3n. C\u00f3 c\u00f4ng t\u1eafc d\u1eebng kh\u1ea9n c\u1ea5p tr\u00ean b\u1ea3ng \u0111i\u1ec1u khi\u1ec3n.<\/span><\/p>\n<p>&nbsp;<\/p>\n<p><b>TH\u00d4NG S\u1ed0 K\u1ef8 THU\u1eacT:<\/b><\/p>\n<table class=\"ke-zeroborder\" style=\"width: 659.25pt;\" width=\"879\">\n<colgroup>\n<col width=\"196\" \/>\n<col width=\"121\" \/>\n<col width=\"72\" \/>\n<col width=\"72\" \/>\n<col width=\"72\" \/>\n<col width=\"72\" \/>\n<col width=\"72\" \/>\n<col width=\"72\" \/>\n<col width=\"130\" \/> <\/colgroup>\n<tbody>\n<tr>\n<td class=\"et3\" style=\"font-size: 12pt; text-align: center; vertical-align: middle; border-width: 1.2pt 0.5pt 0.5pt 1.2pt; border-style: solid; border-color: #000000; height: 16.5pt; width: 147pt;\" width=\"196\" height=\"22\">NG\u01af\u1edcI M\u1eaaU<\/td>\n<td class=\"et4\" style=\"font-size: 12pt; text-align: center; vertical-align: middle; border-width: 1.2pt 0.5pt 0.5pt; border-style: solid; border-color: #000000; height: 16.5pt; width: 90.75pt;\" width=\"121\" height=\"22\">TPD-500<\/td>\n<td class=\"et4\" style=\"font-size: 12pt; text-align: center; vertical-align: middle; border-width: 1.2pt 0.5pt 0.5pt; border-style: solid; border-color: #000000; height: 16.5pt; width: 54pt;\" width=\"72\" height=\"22\">TPD-600<\/td>\n<td class=\"et4\" style=\"font-size: 12pt; text-align: center; vertical-align: middle; border-width: 1.2pt 0.5pt 0.5pt; border-style: solid; border-color: #000000; height: 16.5pt; width: 54pt;\" width=\"72\" height=\"22\">TPD-800<\/td>\n<td class=\"et4\" style=\"font-size: 12pt; text-align: center; vertical-align: middle; border-width: 1.2pt 0.5pt 0.5pt; border-style: solid; border-color: #000000; height: 16.5pt; width: 54pt;\" width=\"72\" height=\"22\">TPD-1000<\/td>\n<td class=\"et4\" style=\"font-size: 12pt; text-align: center; vertical-align: middle; border-width: 1.2pt 0.5pt 0.5pt; border-style: solid; border-color: #000000; height: 16.5pt; width: 54pt;\" width=\"72\" height=\"22\">TPD-1200<\/td>\n<td class=\"et4\" style=\"font-size: 12pt; text-align: center; vertical-align: middle; border-width: 1.2pt 0.5pt 0.5pt; border-style: solid; border-color: #000000; height: 16.5pt; width: 54pt;\" width=\"72\" height=\"22\">TPD-1400<\/td>\n<td class=\"et4\" style=\"font-size: 12pt; text-align: center; vertical-align: middle; border-width: 1.2pt 0.5pt 0.5pt; border-style: solid; border-color: #000000; height: 16.5pt; width: 54pt;\" width=\"72\" height=\"22\">TPD-1500<\/td>\n<td class=\"et10\" style=\"font-size: 12pt; text-align: center; vertical-align: middle; border-width: 1.2pt 1.2pt 0.5pt 0.5pt; border-style: solid; border-color: #000000; height: 16.5pt; width: 97.5pt;\" width=\"130\" height=\"22\">TPD-1600<\/td>\n<\/tr>\n<tr>\n<td class=\"et5\" style=\"font-size: 12pt; text-align: center; vertical-align: middle; border-width: 0.5pt 0.5pt 0.5pt 1.2pt; border-style: solid; border-color: #000000; height: 16.5pt; width: 147pt;\" width=\"196\" height=\"22\">QUY\u1ec0N L\u1ef0C<\/td>\n<td class=\"et6\" style=\"font-size: 12pt; text-align: center; vertical-align: middle; border: 0.5pt solid #000000; height: 16.5pt; width: 90.75pt;\" width=\"121\" height=\"22\">15KW<\/td>\n<td class=\"et6\" style=\"font-size: 12pt; text-align: center; vertical-align: middle; border: 0.5pt solid #000000; height: 16.5pt; width: 54pt;\" width=\"72\" height=\"22\">22KW<\/td>\n<td class=\"et6\" style=\"font-size: 12pt; text-align: center; vertical-align: middle; border: 0.5pt solid #000000; height: 16.5pt; width: 54pt;\" width=\"72\" height=\"22\">37,5KW<\/td>\n<td class=\"et6\" style=\"font-size: 12pt; text-align: center; vertical-align: middle; border: 0.5pt solid #000000; height: 16.5pt; width: 54pt;\" width=\"72\" height=\"22\">45KW<\/td>\n<td class=\"et6\" style=\"font-size: 12pt; text-align: center; vertical-align: middle; border: 0.5pt solid #000000; height: 16.5pt; width: 54pt;\" width=\"72\" height=\"22\">55KW<\/td>\n<td class=\"et6\" style=\"font-size: 12pt; text-align: center; vertical-align: middle; border: 0.5pt solid #000000; height: 16.5pt; width: 54pt;\" width=\"72\" height=\"22\">75KW<\/td>\n<td class=\"et6\" style=\"font-size: 12pt; text-align: center; vertical-align: middle; border: 0.5pt solid #000000; height: 16.5pt; width: 54pt;\" width=\"72\" height=\"22\">90KW<\/td>\n<td class=\"et11\" style=\"font-size: 12pt; text-align: center; vertical-align: middle; border-width: 0.5pt 1.2pt 0.5pt 0.5pt; border-style: solid; border-color: #000000; height: 16.5pt; width: 97.5pt;\" width=\"130\" height=\"22\">90KW<\/td>\n<\/tr>\n<tr>\n<td class=\"et5\" style=\"font-size: 12pt; text-align: center; vertical-align: middle; border-width: 0.5pt 0.5pt 0.5pt 1.2pt; border-style: solid; border-color: #000000; height: 16.5pt; width: 147pt;\" width=\"196\" height=\"22\">S\u1ed0 L\u01af\u1ee2NG M\u00c1Y C\u1eaeT LINH HO\u1ea0T.<\/td>\n<td class=\"et6\" style=\"font-size: 12pt; text-align: center; vertical-align: middle; border: 0.5pt solid #000000; height: 16.5pt; width: 90.75pt;\" width=\"121\" height=\"22\">20 C\u00c1I<\/td>\n<td class=\"et6\" style=\"font-size: 12pt; text-align: center; vertical-align: middle; border: 0.5pt solid #000000; height: 16.5pt; width: 54pt;\" width=\"72\" height=\"22\">26 CHI\u1ebeC<\/td>\n<td class=\"et6\" style=\"font-size: 12pt; text-align: center; vertical-align: middle; border: 0.5pt solid #000000; height: 16.5pt; width: 54pt;\" width=\"72\" height=\"22\">34 CHI\u1ebeC<\/td>\n<td class=\"et6\" style=\"font-size: 12pt; text-align: center; vertical-align: middle; border: 0.5pt solid #000000; height: 16.5pt; width: 54pt;\" width=\"72\" height=\"22\">52 CHI\u1ebeC<\/td>\n<td class=\"et6\" style=\"font-size: 12pt; text-align: center; vertical-align: middle; border: 0.5pt solid #000000; height: 16.5pt; width: 54pt;\" width=\"72\" height=\"22\">54 CHI\u1ebeC<\/td>\n<td class=\"et6\" style=\"font-size: 12pt; text-align: center; vertical-align: middle; border: 0.5pt solid #000000; height: 16.5pt; width: 54pt;\" width=\"72\" height=\"22\">76 CHI\u1ebeC<\/td>\n<td class=\"et6\" style=\"font-size: 12pt; text-align: center; vertical-align: middle; border: 0.5pt solid #000000; height: 16.5pt; width: 54pt;\" width=\"72\" height=\"22\">84 CHI\u1ebeC<\/td>\n<td class=\"et11\" style=\"font-size: 12pt; text-align: center; vertical-align: middle; border-width: 0.5pt 1.2pt 0.5pt 0.5pt; border-style: solid; border-color: #000000; height: 16.5pt; width: 97.5pt;\" width=\"130\" height=\"22\">88 CHI\u1ebeC<\/td>\n<\/tr>\n<tr>\n<td class=\"et5\" style=\"font-size: 12pt; text-align: center; vertical-align: middle; border-width: 0.5pt 0.5pt 0.5pt 1.2pt; border-style: solid; border-color: #000000; height: 16.5pt; width: 147pt;\" width=\"196\" height=\"22\">S\u1ed0 L\u01af\u1ee2NG M\u00c1Y C\u1eaeT C\u1ed0 \u0110\u1ecaNH.<\/td>\n<td class=\"et6\" style=\"font-size: 12pt; text-align: center; vertical-align: middle; border: 0.5pt solid #000000; height: 16.5pt; width: 90.75pt;\" width=\"121\" height=\"22\">1 C\u00c1I<\/td>\n<td class=\"et6\" style=\"font-size: 12pt; text-align: center; vertical-align: middle; border: 0.5pt solid #000000; height: 16.5pt; width: 54pt;\" width=\"72\" height=\"22\">2 C\u00c1I<\/td>\n<td class=\"et6\" style=\"font-size: 12pt; text-align: center; vertical-align: middle; border: 0.5pt solid #000000; height: 16.5pt; width: 54pt;\" width=\"72\" height=\"22\">4 C\u00c1I<\/td>\n<td class=\"et6\" style=\"font-size: 12pt; text-align: center; vertical-align: middle; border: 0.5pt solid #000000; height: 16.5pt; width: 54pt;\" width=\"72\" height=\"22\">2 C\u00c1I<\/td>\n<td class=\"et6\" style=\"font-size: 12pt; text-align: center; vertical-align: middle; border: 0.5pt solid #000000; height: 16.5pt; width: 54pt;\" width=\"72\" height=\"22\">4 C\u00c1I<\/td>\n<td class=\"et6\" style=\"font-size: 12pt; text-align: center; vertical-align: middle; border: 0.5pt solid #000000; height: 16.5pt; width: 54pt;\" width=\"72\" height=\"22\">4 C\u00c1I<\/td>\n<td class=\"et6\" style=\"font-size: 12pt; text-align: center; vertical-align: middle; border: 0.5pt solid #000000; height: 16.5pt; width: 54pt;\" width=\"72\" height=\"22\">4 C\u00c1I<\/td>\n<td class=\"et11\" style=\"font-size: 12pt; text-align: center; vertical-align: middle; border-width: 0.5pt 1.2pt 0.5pt 0.5pt; border-style: solid; border-color: #000000; height: 16.5pt; width: 97.5pt;\" width=\"130\" height=\"22\">4 C\u00c1I<\/td>\n<\/tr>\n<tr>\n<td class=\"et7\" style=\"font-size: 12pt; text-align: center; vertical-align: middle; border-width: 0.5pt 0.5pt 0.5pt 1.2pt; border-style: solid; border-color: #000000; height: 16.5pt; width: 147pt;\" width=\"196\" height=\"22\">V\u1eacT LI\u1ec6U C\u1eaeT<\/td>\n<td class=\"et6\" style=\"font-size: 12pt; text-align: center; vertical-align: middle; border-width: 0.5pt 1.2pt 0.5pt 0.5pt; border-style: solid; border-color: #000000; height: 16.5pt; width: 505.5pt;\" colspan=\"8\" width=\"674\" height=\"22\">SKD-II<\/td>\n<\/tr>\n<tr>\n<td class=\"et5\" style=\"font-size: 12pt; text-align: center; vertical-align: middle; border-width: 0.5pt 0.5pt 0.5pt 1.2pt; border-style: solid; border-color: #000000; height: 16.5pt; width: 147pt;\" width=\"196\" height=\"22\">T\u1ed0C \u0110\u1ed8 TR\u1ee4C CH\u00cdNH<\/td>\n<td class=\"et6\" style=\"font-size: 12pt; text-align: center; vertical-align: middle; border: 0.5pt solid #000000; height: 16.5pt; width: 90.75pt;\" width=\"121\" height=\"22\">80R\/PH\u00daT<\/td>\n<td class=\"et6\" style=\"font-size: 12pt; text-align: center; vertical-align: middle; border: 0.5pt solid #000000; height: 16.5pt; width: 54pt;\" width=\"72\" height=\"22\">80R\/PH\u00daT<\/td>\n<td class=\"et6\" style=\"font-size: 12pt; text-align: center; vertical-align: middle; border: 0.5pt solid #000000; height: 16.5pt; width: 54pt;\" width=\"72\" height=\"22\">80R\/PH\u00daT<\/td>\n<td class=\"et6\" style=\"font-size: 12pt; text-align: center; vertical-align: middle; border: 0.5pt solid #000000; height: 16.5pt; width: 54pt;\" width=\"72\" height=\"22\">80R\/PH\u00daT<\/td>\n<td class=\"et6\" style=\"font-size: 12pt; text-align: center; vertical-align: middle; border: 0.5pt solid #000000; height: 16.5pt; width: 54pt;\" width=\"72\" height=\"22\">80R\/PH\u00daT<\/td>\n<td class=\"et6\" style=\"font-size: 12pt; text-align: center; vertical-align: middle; border: 0.5pt solid #000000; height: 16.5pt; width: 54pt;\" width=\"72\" height=\"22\">80R\/PH\u00daT<\/td>\n<td class=\"et6\" style=\"font-size: 12pt; text-align: center; vertical-align: middle; border: 0.5pt solid #000000; height: 16.5pt; width: 54pt;\" width=\"72\" height=\"22\">80R\/PH\u00daT<\/td>\n<td class=\"et11\" style=\"font-size: 12pt; text-align: center; vertical-align: middle; border-width: 0.5pt 1.2pt 0.5pt 0.5pt; border-style: solid; border-color: #000000; height: 16.5pt; width: 97.5pt;\" width=\"130\" height=\"22\">80R\/PH\u00daT<\/td>\n<\/tr>\n<tr>\n<td class=\"et5\" style=\"font-size: 12pt; text-align: center; vertical-align: middle; border-width: 0.5pt 0.5pt 0.5pt 1.2pt; border-style: solid; border-color: #000000; height: 16.5pt; width: 147pt;\" width=\"196\" height=\"22\">MI\u1ec6NG \u00c9P (MM)<\/td>\n<td class=\"et6\" style=\"font-size: 12pt; text-align: center; vertical-align: middle; border: 0.5pt solid #000000; height: 16.5pt; width: 90.75pt;\" width=\"121\" height=\"22\">500*780<\/td>\n<td class=\"et6\" style=\"font-size: 12pt; text-align: center; vertical-align: middle; border: 0.5pt solid #000000; height: 16.5pt; width: 54pt;\" width=\"72\" height=\"22\">620*1160<\/td>\n<td class=\"et6\" style=\"font-size: 12pt; text-align: center; vertical-align: middle; border: 0.5pt solid #000000; height: 16.5pt; width: 54pt;\" width=\"72\" height=\"22\">810*1360<\/td>\n<td class=\"et6\" style=\"font-size: 12pt; text-align: center; vertical-align: middle; border: 0.5pt solid #000000; height: 16.5pt; width: 54pt;\" width=\"72\" height=\"22\">\u00a01010*1360<\/td>\n<td class=\"et6\" style=\"font-size: 12pt; text-align: center; vertical-align: middle; border: 0.5pt solid #000000; height: 16.5pt; width: 54pt;\" width=\"72\" height=\"22\">1210*\u00a01360<\/td>\n<td class=\"et6\" style=\"font-size: 12pt; text-align: center; vertical-align: middle; border: 0.5pt solid #000000; height: 16.5pt; width: 54pt;\" width=\"72\" height=\"22\">1410*1600<\/td>\n<td class=\"et6\" style=\"font-size: 12pt; text-align: center; vertical-align: middle; border: 0.5pt solid #000000; height: 16.5pt; width: 54pt;\" width=\"72\" height=\"22\">1210*\u00a01360<\/td>\n<td class=\"et11\" style=\"font-size: 12pt; text-align: center; vertical-align: middle; border-width: 0.5pt 1.2pt 0.5pt 0.5pt; border-style: solid; border-color: #000000; height: 16.5pt; width: 97.5pt;\" width=\"130\" height=\"22\">\u00a01600*1600<\/td>\n<\/tr>\n<tr>\n<td class=\"et5\" style=\"font-size: 12pt; text-align: center; vertical-align: middle; border-width: 0.5pt 0.5pt 0.5pt 1.2pt; border-style: solid; border-color: #000000; height: 16.5pt; width: 147pt;\" width=\"196\" height=\"22\">\u0110\u1ea6U RA (KGS\/GI\u1edc)<\/td>\n<td class=\"et6\" style=\"font-size: 12pt; text-align: center; vertical-align: middle; border: 0.5pt solid #000000; height: 16.5pt; width: 90.75pt;\" width=\"121\" height=\"22\">200-400<\/td>\n<td class=\"et6\" style=\"font-size: 12pt; text-align: center; vertical-align: middle; border: 0.5pt solid #000000; height: 16.5pt; width: 54pt;\" width=\"72\" height=\"22\">300-500<\/td>\n<td class=\"et6\" style=\"font-size: 12pt; text-align: center; vertical-align: middle; border: 0.5pt solid #000000; height: 16.5pt; width: 54pt;\" width=\"72\" height=\"22\">400-750<\/td>\n<td class=\"et6\" style=\"font-size: 12pt; text-align: center; vertical-align: middle; border: 0.5pt solid #000000; height: 16.5pt; width: 54pt;\" width=\"72\" height=\"22\">700-800<\/td>\n<td class=\"et6\" style=\"font-size: 12pt; text-align: center; vertical-align: middle; border: 0.5pt solid #000000; height: 16.5pt; width: 54pt;\" width=\"72\" height=\"22\">800-1200<\/td>\n<td class=\"et6\" style=\"font-size: 12pt; text-align: center; vertical-align: middle; border: 0.5pt solid #000000; height: 16.5pt; width: 54pt;\" width=\"72\" height=\"22\">1000-1400<\/td>\n<td class=\"et6\" style=\"font-size: 12pt; text-align: center; vertical-align: middle; border: 0.5pt solid #000000; height: 16.5pt; width: 54pt;\" width=\"72\" height=\"22\">1500-2500<\/td>\n<td class=\"et11\" style=\"font-size: 12pt; text-align: center; vertical-align: middle; border-width: 0.5pt 1.2pt 0.5pt 0.5pt; border-style: solid; border-color: #000000; height: 16.5pt; width: 97.5pt;\" width=\"130\" height=\"22\">1500-2500<\/td>\n<\/tr>\n<tr>\n<td class=\"et5\" style=\"font-size: 12pt; text-align: center; vertical-align: middle; border-width: 0.5pt 0.5pt 0.5pt 1.2pt; border-style: solid; border-color: #000000; height: 16.5pt; width: 147pt;\" width=\"196\" height=\"22\">K\u00cdCH TH\u01af\u1edaC (MM)<\/td>\n<td class=\"et6\" style=\"font-size: 12pt; text-align: center; vertical-align: middle; border: 0.5pt solid #000000; height: 16.5pt; width: 90.75pt;\" width=\"121\" height=\"22\">1800*1215*1850<\/td>\n<td class=\"et6\" style=\"font-size: 12pt; text-align: center; vertical-align: middle; border: 0.5pt solid #000000; height: 16.5pt; width: 54pt;\" width=\"72\" height=\"22\">1800*1215*1850<\/td>\n<td class=\"et6\" style=\"font-size: 12pt; text-align: center; vertical-align: middle; border: 0.5pt solid #000000; height: 16.5pt; width: 54pt;\" width=\"72\" height=\"22\">2700*1700*2350<\/td>\n<td class=\"et6\" style=\"font-size: 12pt; text-align: center; vertical-align: middle; border: 0.5pt solid #000000; height: 16.5pt; width: 54pt;\" width=\"72\" height=\"22\">2700*2000*2850<\/td>\n<td class=\"et6\" style=\"font-size: 12pt; text-align: center; vertical-align: middle; border: 0.5pt solid #000000; height: 16.5pt; width: 54pt;\" width=\"72\" height=\"22\">2700*2300*3250<\/td>\n<td class=\"et6\" style=\"font-size: 12pt; text-align: center; vertical-align: middle; border: 0.5pt solid #000000; height: 16.5pt; width: 54pt;\" width=\"72\" height=\"22\">3300*2200*3650<\/td>\n<td class=\"et6\" style=\"font-size: 12pt; text-align: center; vertical-align: middle; border: 0.5pt solid #000000; height: 16.5pt; width: 54pt;\" width=\"72\" height=\"22\">3500*2400*3850<\/td>\n<td class=\"et11\" style=\"font-size: 12pt; text-align: center; vertical-align: middle; border-width: 0.5pt 1.2pt 0.5pt 0.5pt; border-style: solid; border-color: #000000; height: 16.5pt; width: 97.5pt;\" width=\"130\" height=\"22\">3700*2500*3900<\/td>\n<\/tr>\n<tr>\n<td class=\"et8\" style=\"font-size: 12pt; text-align: center; vertical-align: middle; border-width: 0.5pt 0.5pt 1.2pt 1.2pt; border-style: solid; border-color: #000000; height: 16.5pt; width: 147pt;\" width=\"196\" height=\"22\">TR\u1eccNG L\u01af\u1ee2NG (KGS)<\/td>\n<td class=\"et9\" style=\"font-size: 12pt; text-align: center; vertical-align: middle; border-width: 0.5pt 0.5pt 1.2pt; border-style: solid; border-color: #000000; height: 16.5pt; width: 90.75pt;\" width=\"121\" height=\"22\">1700<\/td>\n<td class=\"et9\" style=\"font-size: 12pt; text-align: center; vertical-align: middle; border-width: 0.5pt 0.5pt 1.2pt; border-style: solid; border-color: #000000; height: 16.5pt; width: 54pt;\" width=\"72\" height=\"22\">2000<\/td>\n<td class=\"et9\" style=\"font-size: 12pt; text-align: center; vertical-align: middle; border-width: 0.5pt 0.5pt 1.2pt; border-style: solid; border-color: #000000; height: 16.5pt; width: 54pt;\" width=\"72\" height=\"22\">3200<\/td>\n<td class=\"et9\" style=\"font-size: 12pt; text-align: center; vertical-align: middle; border-width: 0.5pt 0.5pt 1.2pt; border-style: solid; border-color: #000000; height: 16.5pt; width: 54pt;\" width=\"72\" height=\"22\">3800<\/td>\n<td class=\"et9\" style=\"font-size: 12pt; text-align: center; vertical-align: middle; border-width: 0.5pt 0.5pt 1.2pt; border-style: solid; border-color: #000000; height: 16.5pt; width: 54pt;\" width=\"72\" height=\"22\">4500<\/td>\n<td class=\"et9\" style=\"font-size: 12pt; text-align: center; vertical-align: middle; border-width: 0.5pt 0.5pt 1.2pt; border-style: solid; border-color: #000000; height: 16.5pt; width: 54pt;\" width=\"72\" height=\"22\">7800<\/td>\n<td class=\"et9\" style=\"font-size: 12pt; text-align: center; vertical-align: middle; border-width: 0.5pt 0.5pt 1.2pt; border-style: solid; border-color: #000000; height: 16.5pt; width: 54pt;\" width=\"72\" height=\"22\">7800<\/td>\n<td class=\"et12\" style=\"font-size: 12pt; text-align: center; vertical-align: middle; border-width: 0.5pt 1.2pt 1.2pt 0.5pt; border-style: solid; border-color: #000000; height: 16.5pt; width: 97.5pt;\" width=\"130\" height=\"22\">10000<\/td>\n<\/tr>\n<\/tbody>\n<\/table>\n<p>&nbsp;<\/p>\n<\/div>","protected":false},"excerpt":{"rendered":"<ul>\n<li>Xu\u1ea5t x\u1ee9 s\u1ea3n ph\u1ea9m: \u0110\u00f4ng Quan, Trung Qu\u1ed1c<\/li>\n<li>Th\u01b0\u01a1ng hi\u1ec7u:TOPDA<\/li>\n<li>M\u00e3 s\u1ed1: TPD-600<\/li>\n<li>C\u1ea3ng v\u1eadn chuy\u1ec3n: C\u1ea3ng Th\u00e2m Quy\u1ebfn<\/li>\n<li>M\u00e0u s\u1eafc: V\u00e0ng &amp; \u0110en<\/li>\n<li>Th\u1eddi gian th\u1ef1c hi\u1ec7n: 30 ng\u00e0y<\/li>\n<li>Thanh to\u00e1n: 30% TT ti\u1ec1n g\u1eedi, 70% TT tr\u01b0\u1edbc khi giao h\u00e0ng<\/li>\n<li>Gi\u00e1: $13999\/19999<\/li>\n<\/ul>","protected":false},"featured_media":2869,"comment_status":"open","ping_status":"closed","template":"","meta":{"_seopress_robots_primary_cat":"none","_seopress_titles_title":"","_seopress_titles_desc":"","_seopress_robots_index":"","_kad_post_transparent":"default","_kad_post_title":"","_kad_post_layout":"default","_kad_post_sidebar_id":"","_kad_post_content_style":"default","_kad_post_vertical_padding":"default","_kad_post_feature":"","_kad_post_feature_position":"","_kad_post_header":false,"_kad_post_footer":false,"_kad_post_classname":""},"product_brand":[],"product_cat":[42],"product_tag":[],"class_list":{"0":"post-240","1":"product","2":"type-product","3":"status-publish","4":"has-post-thumbnail","6":"product_cat-plastic-shredder","8":"first","9":"instock","10":"shipping-taxable","11":"product-type-simple","12":"entry","13":"content-bg","14":"loop-entry"},"_links":{"self":[{"href":"https:\/\/topdagroup.com\/vi\/wp-json\/wp\/v2\/product\/240","targetHints":{"allow":["GET"]}}],"collection":[{"href":"https:\/\/topdagroup.com\/vi\/wp-json\/wp\/v2\/product"}],"about":[{"href":"https:\/\/topdagroup.com\/vi\/wp-json\/wp\/v2\/types\/product"}],"replies":[{"embeddable":true,"href":"https:\/\/topdagroup.com\/vi\/wp-json\/wp\/v2\/comments?post=240"}],"wp:featuredmedia":[{"embeddable":true,"href":"https:\/\/topdagroup.com\/vi\/wp-json\/wp\/v2\/media\/2869"}],"wp:attachment":[{"href":"https:\/\/topdagroup.com\/vi\/wp-json\/wp\/v2\/media?parent=240"}],"wp:term":[{"taxonomy":"product_brand","embeddable":true,"href":"https:\/\/topdagroup.com\/vi\/wp-json\/wp\/v2\/product_brand?post=240"},{"taxonomy":"product_cat","embeddable":true,"href":"https:\/\/topdagroup.com\/vi\/wp-json\/wp\/v2\/product_cat?post=240"},{"taxonomy":"product_tag","embeddable":true,"href":"https:\/\/topdagroup.com\/vi\/wp-json\/wp\/v2\/product_tag?post=240"}],"curies":[{"name":"wp","href":"https:\/\/api.w.org\/{rel}","templated":true}]}}