{"id":231,"date":"2024-01-26T20:36:34","date_gmt":"2024-01-26T12:36:34","guid":{"rendered":"http:\/\/g.studywade.com\/?post_type=product&#038;p=231"},"modified":"2026-05-09T11:16:04","modified_gmt":"2026-05-09T03:16:04","slug":"low-speed-plastic-crusher-middle-speed-plastic-grinder-crushing-recycling-machine","status":"publish","type":"product","link":"https:\/\/topdagroup.com\/vi\/product\/low-speed-plastic-crusher-middle-speed-plastic-grinder-crushing-recycling-machine\/","title":{"rendered":"M\u00e1y nghi\u1ec1n nh\u1ef1a t\u1ed1c \u0111\u1ed9 th\u1ea5p M\u00e1y nghi\u1ec1n nh\u1ef1a t\u1ed1c \u0111\u1ed9 trung b\u00ecnh M\u00e1y nghi\u1ec1n t\u00e1i ch\u1ebf"},"content":{"rendered":"<div class=\"pro_detail\">\n<h1 data-v-md-heading=\"low-speed-plastic-crusher-the-ultimate-recycling-solution\" data-v-md-line=\"1\">M\u00e1y nghi\u1ec1n nh\u1ef1a t\u1ed1c \u0111\u1ed9 th\u1ea5p: Gi\u1ea3i ph\u00e1p t\u00e1i ch\u1ebf t\u1ed1i \u01b0u<\/h1>\n<h3 data-v-md-heading=\"key-features\" data-v-md-line=\"7\">C\u00e1c t\u00ednh n\u0103ng ch\u00ednh c\u1ee7a m\u00e1y nghi\u1ec1n nh\u1ef1a t\u1ed1c \u0111\u1ed9 th\u1ea5p<\/h3>\n<ul data-v-md-line=\"9\">\n<li><strong>C\u00f4ng ngh\u1ec7 nghi\u1ec1n m\u1ea1nh m\u1ebd<\/strong><\/li>\n<li><strong>Thi\u1ebft k\u1ebf th\u00e2n thi\u1ec7n v\u1edbi m\u00f4i tr\u01b0\u1eddng<\/strong><\/li>\n<li><strong>X\u1eed l\u00fd v\u1eadt li\u1ec7u \u0111a n\u0103ng<\/strong><\/li>\n<li><strong>Qu\u1ea3n l\u00fd n\u0103ng l\u01b0\u1ee3ng th\u00f4ng minh<\/strong><\/li>\n<\/ul>\n<p>1. \u0110\u1ed9 \u1ed3n th\u1ea5p v\u00e0 t\u1ed1c \u0111\u1ed9 th\u1ea5p cho m\u00f4i tr\u01b0\u1eddng c\u00f3 m\u1ee9c decibel th\u1ea5p;<\/p>\n<p>2. C\u00e1c d\u1ee5ng c\u1ee5 chuy\u00ean d\u1ee5ng \u0111\u01b0\u1ee3c l\u00e0m b\u1eb1ng th\u00e9p v\u00e0 x\u1eed l\u00fd nhi\u1ec7t ch\u00e2n kh\u00f4ng \u0111\u1ec3 t\u0103ng tu\u1ed5i th\u1ecd ho\u1ea1t \u0111\u1ed9ng;<\/p>\n<p>3. Thi\u1ebft k\u1ebf ph\u00f2ng ngh\u1ec9 ri\u00eang bi\u1ec7t gi\u00fap vi\u1ec7c v\u1ec7 sinh d\u1ec5 d\u00e0ng h\u01a1n;<\/p>\n<p>4. Ph\u00f9 h\u1ee3p \u0111\u1ec3 nghi\u1ec1n c\u00e1c s\u1ea3n ph\u1ea9m \u0111i\u1ec7n t\u1eed, s\u1ee3i nylon, ABS, acrylic, cao su, AS v\u00e0 PS, v.v.;<\/p>\n<p>5. C\u00f3 c\u00f4ng t\u1eafc an to\u00e0n kh\u1ea9n c\u1ea5p cho ph\u00e9p t\u1ef1 \u0111\u1ed9ng d\u1eebng khi \u0111\u1ebf s\u00e0ng v\u00e0 ph\u1ec5u s\u00e0ng \u0111\u01b0\u1ee3c m\u1edf;<\/p>\n<p>6. L\u01b0\u1ee1i dao \u0111\u01b0\u1ee3c s\u1ea3n xu\u1ea5t b\u1edfi Hitachi SKD-11, SKH-2T.CT c\u1ee7a Nh\u1eadt B\u1ea3n, v.v.<\/p>\n<h2 data-v-md-heading=\"technical-specifications\" data-v-md-line=\"14\">Th\u00f4ng s\u1ed1 k\u1ef9 thu\u1eadt c\u1ee7a m\u00e1y nghi\u1ec1n nh\u1ef1a t\u1ed1c \u0111\u1ed9 ch\u1eadm<\/h2>\n<h2 data-v-md-heading=\"what-makes-our-low-speed-plastic-crusher-special\" data-v-md-line=\"3\">\u0110i\u1ec1u g\u00ec l\u00e0m cho m\u00e1y nghi\u1ec1n nh\u1ef1a t\u1ed1c \u0111\u1ed9 th\u1ea5p c\u1ee7a ch\u00fang t\u00f4i tr\u1edf n\u00ean \u0111\u1eb7c bi\u1ec7t?<\/h2>\n<p data-v-md-line=\"5\"><strong>H\u00e3y t\u01b0\u1edfng t\u01b0\u1ee3ng vi\u1ec7c bi\u1ebfn r\u00e1c th\u1ea3i th\u00e0nh c\u1ee7a c\u1ea3i!<\/strong>\u00a0M\u00e1y nghi\u1ec1n nh\u1ef1a t\u1ed1c \u0111\u1ed9 th\u1ea5p c\u1ee7a ch\u00fang t\u00f4i kh\u00f4ng ch\u1ec9 l\u00e0 m\u1ed9t c\u1ed7 m\u00e1y \u2013 \u0111\u00f3 l\u00e0 m\u1ed9t cu\u1ed9c c\u00e1ch m\u1ea1ng t\u00e1i ch\u1ebf.<\/p>\n<p data-v-md-line=\"5\">\u00a0m\u00e1y nghi\u1ec1n nh\u1ef1a t\u1ed1c \u0111\u1ed9 th\u1ea5p l\u00e0 <em class=\"t55VCb\">\u0111\u01b0\u1ee3c thi\u1ebft k\u1ebf \u0111\u1ec3 m\u00e0i l\u1ea1i c\u00e1c thanh d\u1eabn t\u1eeb m\u00e1y \u00e9p phun<\/em>\u00a0v\u00e0 t\u00e1i ch\u1ebf tr\u1ef1c ti\u1ebfp tr\u1edf l\u1ea1i th\u00e0nh 1 mm.<\/p>\n<table class=\"ke-zeroborder\" style=\"width: 354.75pt;\" width=\"473\">\n<colgroup>\n<col width=\"163\" \/>\n<col width=\"165\" \/>\n<col width=\"145\" \/><\/colgroup>\n<tbody>\n<tr>\n<td class=\"et4\" style=\"font-size: 11pt; vertical-align: middle; border-width: 1.2pt 0.5pt 0.5pt 1.2pt; border-style: solid; border-color: #000000; height: 14.25pt; width: 122.25pt; background-image: initial; background-attachment: initial; background-size: initial; background-origin: initial; background-clip: initial; background-position: initial; background-repeat: initial;\" width=\"163\" height=\"19\">Ng\u01b0\u1eddi m\u1eabu<\/td>\n<td class=\"et5\" style=\"font-size: 11pt; vertical-align: middle; border-width: 1.2pt 0.5pt 0.5pt; border-style: solid; border-color: #000000; height: 14.25pt; width: 123.75pt; background-image: initial; background-attachment: initial; background-size: initial; background-origin: initial; background-clip: initial; background-position: initial; background-repeat: initial;\" width=\"165\" height=\"19\">TPD-787<\/td>\n<td class=\"et6\" style=\"font-size: 11pt; vertical-align: middle; border-width: 1.2pt 1.2pt 0.5pt 0.5pt; border-style: solid; border-color: #000000; height: 14.25pt; width: 108.75pt; background-image: initial; background-attachment: initial; background-size: initial; background-origin: initial; background-clip: initial; background-position: initial; background-repeat: initial;\" width=\"145\" height=\"19\">TPD-1060<\/td>\n<\/tr>\n<tr>\n<td class=\"et7\" style=\"font-size: 11pt; vertical-align: middle; border-width: 0.5pt 0.5pt 0.5pt 1.2pt; border-style: solid; border-color: #000000; height: 14.25pt; width: 122.25pt; background-image: initial; background-attachment: initial; background-size: initial; background-origin: initial; background-clip: initial; background-position: initial; background-repeat: initial;\" width=\"163\" height=\"19\">C\u00f4ng su\u1ea5t (HP)<\/td>\n<td class=\"et8\" style=\"font-size: 11pt; vertical-align: middle; border: 0.5pt solid #000000; height: 14.25pt; width: 123.75pt; background-image: initial; background-attachment: initial; background-size: initial; background-origin: initial; background-clip: initial; background-position: initial; background-repeat: initial;\" width=\"165\" height=\"19\">2 m\u00e3 l\u1ef1c<\/td>\n<td class=\"et9\" style=\"font-size: 11pt; vertical-align: middle; border-width: 0.5pt 1.2pt 0.5pt 0.5pt; border-style: solid; border-color: #000000; height: 14.25pt; width: 108.75pt; background-image: initial; background-attachment: initial; background-size: initial; background-origin: initial; background-clip: initial; background-position: initial; background-repeat: initial;\" width=\"145\" height=\"19\">3 m\u00e3 l\u1ef1c<\/td>\n<\/tr>\n<tr>\n<td class=\"et7\" style=\"font-size: 11pt; vertical-align: middle; border-width: 0.5pt 0.5pt 0.5pt 1.2pt; border-style: solid; border-color: #000000; height: 14.25pt; width: 122.25pt; background-image: initial; background-attachment: initial; background-size: initial; background-origin: initial; background-clip: initial; background-position: initial; background-repeat: initial;\" width=\"163\" height=\"19\">K\u00edch th\u01b0\u1edbc \u0111\u1ea7u v\u00e0o (mm)<\/td>\n<td class=\"et8\" style=\"font-size: 11pt; vertical-align: middle; border: 0.5pt solid #000000; height: 14.25pt; width: 123.75pt; background-image: initial; background-attachment: initial; background-size: initial; background-origin: initial; background-clip: initial; background-position: initial; background-repeat: initial;\" width=\"165\" height=\"19\">210\u00d7300<\/td>\n<td class=\"et9\" style=\"font-size: 11pt; vertical-align: middle; border-width: 0.5pt 1.2pt 0.5pt 0.5pt; border-style: solid; border-color: #000000; height: 14.25pt; width: 108.75pt; background-image: initial; background-attachment: initial; background-size: initial; background-origin: initial; background-clip: initial; background-position: initial; background-repeat: initial;\" width=\"145\" height=\"19\">300\u00d7350<\/td>\n<\/tr>\n<tr>\n<td class=\"et7\" style=\"font-size: 11pt; vertical-align: middle; border-width: 0.5pt 0.5pt 0.5pt 1.2pt; border-style: solid; border-color: #000000; height: 14.25pt; width: 122.25pt; background-image: initial; background-attachment: initial; background-size: initial; background-origin: initial; background-clip: initial; background-position: initial; background-repeat: initial;\" width=\"163\" height=\"19\">v\u00f2ng quay m\u1ed7i ph\u00fat<\/td>\n<td class=\"et8\" style=\"font-size: 11pt; vertical-align: middle; border: 0.5pt solid #000000; height: 14.25pt; width: 123.75pt; background-image: initial; background-attachment: initial; background-size: initial; background-origin: initial; background-clip: initial; background-position: initial; background-repeat: initial;\" width=\"165\" height=\"19\">29 v\u00f2ng\/ph\u00fat<\/td>\n<td class=\"et9\" style=\"font-size: 11pt; vertical-align: middle; border-width: 0.5pt 1.2pt 0.5pt 0.5pt; border-style: solid; border-color: #000000; height: 14.25pt; width: 108.75pt; background-image: initial; background-attachment: initial; background-size: initial; background-origin: initial; background-clip: initial; background-position: initial; background-repeat: initial;\" width=\"145\" height=\"19\">29 v\u00f2ng\/ph\u00fat<\/td>\n<\/tr>\n<tr>\n<td class=\"et7\" style=\"font-size: 11pt; vertical-align: middle; border-width: 0.5pt 0.5pt 0.5pt 1.2pt; border-style: solid; border-color: #000000; height: 14.25pt; width: 122.25pt; background-image: initial; background-attachment: initial; background-size: initial; background-origin: initial; background-clip: initial; background-position: initial; background-repeat: initial;\" width=\"163\" height=\"19\">N\u1ed9i dung (kg)<\/td>\n<td class=\"et8\" style=\"font-size: 11pt; vertical-align: middle; border: 0.5pt solid #000000; height: 14.25pt; width: 123.75pt; background-image: initial; background-attachment: initial; background-size: initial; background-origin: initial; background-clip: initial; background-position: initial; background-repeat: initial;\" width=\"165\" height=\"19\">25kg<\/td>\n<td class=\"et9\" style=\"font-size: 11pt; vertical-align: middle; border-width: 0.5pt 1.2pt 0.5pt 0.5pt; border-style: solid; border-color: #000000; height: 14.25pt; width: 108.75pt; background-image: initial; background-attachment: initial; background-size: initial; background-origin: initial; background-clip: initial; background-position: initial; background-repeat: initial;\" width=\"145\" height=\"19\">30kg<\/td>\n<\/tr>\n<tr>\n<td class=\"et7\" style=\"font-size: 11pt; vertical-align: middle; border-width: 0.5pt 0.5pt 0.5pt 1.2pt; border-style: solid; border-color: #000000; height: 14.25pt; width: 122.25pt; background-image: initial; background-attachment: initial; background-size: initial; background-origin: initial; background-clip: initial; background-position: initial; background-repeat: initial;\" width=\"163\" height=\"19\">S\u1ee9c ch\u1ee9a (kg)<\/td>\n<td class=\"et8\" style=\"font-size: 11pt; vertical-align: middle; border: 0.5pt solid #000000; height: 14.25pt; width: 123.75pt; background-image: initial; background-attachment: initial; background-size: initial; background-origin: initial; background-clip: initial; background-position: initial; background-repeat: initial;\" width=\"165\" height=\"19\">8-15KG\/gi\u1edd<\/td>\n<td class=\"et9\" style=\"font-size: 11pt; vertical-align: middle; border-width: 0.5pt 1.2pt 0.5pt 0.5pt; border-style: solid; border-color: #000000; height: 14.25pt; width: 108.75pt; background-image: initial; background-attachment: initial; background-size: initial; background-origin: initial; background-clip: initial; background-position: initial; background-repeat: initial;\" width=\"145\" height=\"19\">12-20KG\/gi\u1edd<\/td>\n<\/tr>\n<tr>\n<td class=\"et7\" style=\"font-size: 11pt; vertical-align: middle; border-width: 0.5pt 0.5pt 0.5pt 1.2pt; border-style: solid; border-color: #000000; height: 14.25pt; width: 122.25pt; background-image: initial; background-attachment: initial; background-size: initial; background-origin: initial; background-clip: initial; background-position: initial; background-repeat: initial;\" width=\"163\" height=\"19\">K\u00edch th\u01b0\u1edbc m\u00e1y (mm)<\/td>\n<td class=\"et8\" style=\"font-size: 11pt; vertical-align: middle; border: 0.5pt solid #000000; height: 14.25pt; width: 123.75pt; background-image: initial; background-attachment: initial; background-size: initial; background-origin: initial; background-clip: initial; background-position: initial; background-repeat: initial;\" width=\"165\" height=\"19\">750\u00d7350\u00d7980<\/td>\n<td class=\"et9\" style=\"font-size: 11pt; vertical-align: middle; border-width: 0.5pt 1.2pt 0.5pt 0.5pt; border-style: solid; border-color: #000000; height: 14.25pt; width: 108.75pt; background-image: initial; background-attachment: initial; background-size: initial; background-origin: initial; background-clip: initial; background-position: initial; background-repeat: initial;\" width=\"145\" height=\"19\">900\u00d7390\u00d71080<\/td>\n<\/tr>\n<tr>\n<td class=\"et10\" style=\"font-size: 11pt; vertical-align: middle; border-width: 0.5pt 0.5pt 1.2pt 1.2pt; border-style: solid; border-color: #000000; height: 14.25pt; width: 122.25pt; background-image: initial; background-attachment: initial; background-size: initial; background-origin: initial; background-clip: initial; background-position: initial; background-repeat: initial;\" width=\"163\" height=\"19\">Tr\u1ecdng l\u01b0\u1ee3ng m\u00e1y (kg)<\/td>\n<td class=\"et11\" style=\"font-size: 11pt; vertical-align: middle; border-width: 0.5pt 0.5pt 1.2pt; border-style: solid; border-color: #000000; height: 14.25pt; width: 123.75pt; background-image: initial; background-attachment: initial; background-size: initial; background-origin: initial; background-clip: initial; background-position: initial; background-repeat: initial;\" width=\"165\" height=\"19\">160KG<\/td>\n<td class=\"et12\" style=\"font-size: 11pt; vertical-align: middle; border-width: 0.5pt 1.2pt 1.2pt 0.5pt; border-style: solid; border-color: #000000; height: 14.25pt; width: 108.75pt; background-image: initial; background-attachment: initial; background-size: initial; background-origin: initial; background-clip: initial; background-position: initial; background-repeat: initial;\" width=\"145\" height=\"19\">290KG<\/td>\n<\/tr>\n<\/tbody>\n<\/table>\n<\/div>\n<table style=\"width: 47.6027%;\" data-v-md-line=\"16\">\n<thead>\n<tr>\n<th style=\"width: 38.5094%;\"><strong>Tham s\u1ed1<\/strong><\/th>\n<th style=\"width: 61.4906%;\"><strong>Chi ti\u1ebft<\/strong><\/th>\n<\/tr>\n<\/thead>\n<tbody>\n<tr>\n<td style=\"width: 38.5094%;\"><strong>C\u00f4ng su\u1ea5t x\u1eed l\u00fd<\/strong><\/td>\n<td style=\"width: 61.4906%;\">100-400 kg\/gi\u1edd<\/td>\n<\/tr>\n<tr>\n<td style=\"width: 38.5094%;\"><strong>Ph\u1ea1m vi c\u00f4ng su\u1ea5t<\/strong><\/td>\n<td style=\"width: 61.4906%;\">7,5-15kW<\/td>\n<\/tr>\n<tr>\n<td style=\"width: 38.5094%;\"><strong>V\u1eadt li\u1ec7u l\u01b0\u1ee1i dao<\/strong><\/td>\n<td style=\"width: 61.4906%;\">Skd-ii<\/td>\n<\/tr>\n<tr>\n<td style=\"width: 38.5094%;\"><strong>M\u1ee9c \u0111\u1ed9 ti\u1ebfng \u1ed3n<\/strong><\/td>\n<td style=\"width: 61.4906%;\">&lt;75dB<\/td>\n<\/tr>\n<\/tbody>\n<\/table>\n<h3 data-v-md-heading=\"why-choose-our-low-speed-plastic-crusher\" data-v-md-line=\"23\">T\u1ea1i sao n\u00ean ch\u1ecdn m\u00e1y nghi\u1ec1n nh\u1ef1a t\u1ed1c \u0111\u1ed9 th\u1ea5p c\u1ee7a ch\u00fang t\u00f4i?<\/h3>\n<h4 data-v-md-heading=\"_1-intelligent-design-1\" data-v-md-line=\"25\">1.\u00a0<strong>Thi\u1ebft k\u1ebf th\u00f4ng minh c\u1ee7a m\u00e1y nghi\u1ec1n nh\u1ef1a t\u1ed1c \u0111\u1ed9 th\u1ea5p<\/strong><\/h4>\n<ul data-v-md-line=\"26\">\n<li>Ch\u1ee9c n\u0103ng \u0111\u1ea3o ng\u01b0\u1ee3c t\u1ef1 \u0111\u1ed9ng ng\u0103n ng\u1eeba h\u01b0 h\u1ecfng \u0111\u1ed9ng c\u01a1<\/li>\n<li>T\u1ed1c \u0111\u1ed9 quay th\u1ea5p (200-500 v\u00f2ng\/ph\u00fat) n\u00ean \u00edt ti\u1ebfng \u1ed3n v\u00e0 c\u00e1ch \u00e2m<\/li>\n<li>Thi\u1ebft k\u1ebf kh\u00f4ng m\u00e0n h\u00ecnh v\u1edbi \u0111\u1ea7u ra \u0111\u1ed3ng \u0111\u1ec1u<\/li>\n<li>kh\u00f4ng v\u00e0 \u00edt b\u1ed9t h\u01a1n<\/li>\n<\/ul>\n<h4 data-v-md-heading=\"_2-material-versatility-2\" data-v-md-line=\"30\">2.\u00a0<strong>T\u00ednh linh ho\u1ea1t c\u1ee7a v\u1eadt li\u1ec7u<\/strong><\/h4>\n<p data-v-md-line=\"31\">M\u00e1y nghi\u1ec1n c\u1ee7a ch\u00fang t\u00f4i x\u1eed l\u00fd:<\/p>\n<ul data-v-md-line=\"32\">\n<li><strong>Nh\u1ef1a c\u1ee9ng<\/strong>: PC, ABS, Nylon<\/li>\n<li><strong>V\u1eadt li\u1ec7u \u0111\u00f3ng g\u00f3i<\/strong>: PE, PP, PET<\/li>\n<li><strong>Ch\u1ea5t th\u1ea3i c\u00f4ng nghi\u1ec7p<\/strong>: Linh ki\u1ec7n \u0111i\u1ec7n t\u1eed, ph\u1ee5 t\u00f9ng \u00f4 t\u00f4<\/li>\n<\/ul>\n<h4 data-v-md-heading=\"_3-environmental-benefits-3\" data-v-md-line=\"36\">3.\u00a0<strong>L\u1ee3i \u00edch v\u1ec1 m\u00f4i tr\u01b0\u1eddng<\/strong><\/h4>\n<ul data-v-md-line=\"37\">\n<li>Gi\u1ea3m kh\u1ed1i l\u01b0\u1ee3ng r\u00e1c th\u1ea3i nh\u1ef1a<\/li>\n<li>L\u01b0\u1ee3ng b\u1ee5i ph\u00e1t th\u1ea3i th\u1ea5p (&lt;10mg\/m\u00b3)<\/li>\n<li>H\u1ed7 tr\u1ee3 c\u00e1c nguy\u00ean t\u1eafc kinh t\u1ebf tu\u1ea7n ho\u00e0n<\/li>\n<\/ul>\n<h3 data-v-md-heading=\"perfect-for-multiple-industries\" data-v-md-line=\"41\">Ho\u00e0n h\u1ea3o cho nhi\u1ec1u ng\u00e0nh c\u00f4ng nghi\u1ec7p<\/h3>\n<ol data-v-md-line=\"43\">\n<li><strong>\u00c9p phun<\/strong><\/li>\n<li><strong>T\u00e1i ch\u1ebf \u0111\u1ed3 \u0111i\u1ec7n t\u1eed<\/strong><\/li>\n<li><strong>S\u1ea3n xu\u1ea5t \u00f4 t\u00f4<\/strong><\/li>\n<li><strong>Qu\u1ea3n l\u00fd ch\u1ea5t th\u1ea3i y t\u1ebf<\/strong><\/li>\n<li><strong>X\u1eed l\u00fd r\u00e1c th\u1ea3i \u0111\u00f4 th\u1ecb<\/strong><\/li>\n<\/ol>\n<h2 data-v-md-heading=\"smart-technology-integration\" data-v-md-line=\"49\">T\u00edch h\u1ee3p c\u00f4ng ngh\u1ec7 th\u00f4ng minh c\u1ee7a m\u00e1y nghi\u1ec1n t\u1ed1c \u0111\u1ed9 th\u1ea5p<\/h2>\n<p data-v-md-line=\"51\">M\u00e1y nghi\u1ec1n c\u1ee7a ch\u00fang t\u00f4i c\u00f3 c\u00e1c t\u00ednh n\u0103ng:<\/p>\n<ul data-v-md-line=\"52\">\n<li><strong>Ch\u1ee9c n\u0103ng th\u1eddi gian<\/strong><\/li>\n<li><strong>H\u1ec7 th\u1ed1ng \u0111i\u1ec1u khi\u1ec3n trung t\u00e2m<\/strong><\/li>\n<li><strong>Thu\u1eadt to\u00e1n x\u1eed l\u00fd th\u00edch \u1ee9ng<\/strong><\/li>\n<\/ul>\n<h3 data-v-md-heading=\"recommended-models\" data-v-md-line=\"56\">C\u00e1c m\u1eabu \u0111\u01b0\u1ee3c \u0111\u1ec1 xu\u1ea5t<\/h3>\n<ul data-v-md-line=\"58\">\n<li><strong>D\u00f2ng Topda<\/strong>: D\u00e0nh cho nh\u1ef1a k\u1ef9 thu\u1eadt ch\u00ednh x\u00e1c<\/li>\n<li>T\u00e1i ch\u1ebf ch\u1ea5t th\u1ea3i th\u00f4ng l\u01b0\u1ee3ng cao c\u1ee7a nh\u1ef1a<\/li>\n<\/ul>\n<h2 data-v-md-heading=\"unique-selling-points\" data-v-md-line=\"61\">\u0110i\u1ec3m b\u00e1n h\u00e0ng \u0111\u1ed9c \u0111\u00e1o<\/h2>\n<p data-v-md-line=\"63\">\ud83c\udfc6\u00a0<strong>Ti\u1ebft ki\u1ec7m n\u0103ng l\u01b0\u1ee3ng 40%<\/strong><br \/>\n\ud83c\udf0d\u00a0<strong>Tri\u1ebft l\u00fd kh\u00f4ng r\u00e1c th\u1ea3i<\/strong><br \/>\n\ud83d\udd27\u00a0<strong>Thi\u1ebft k\u1ebf b\u1ea3o tr\u00ec th\u1ea5p<\/strong><\/p>\n<h3 data-v-md-heading=\"internal-links-for-further-exploration\" data-v-md-line=\"67\">Li\u00ean k\u1ebft n\u1ed9i b\u1ed9 \u0111\u1ec3 kh\u00e1m ph\u00e1 th\u00eam<\/h3>\n<ul data-v-md-line=\"69\">\n<li><a href=\"https:\/\/topdagroup.com\/vi\/san-pham\/plastic-shredder-recycling-machine-manufacturers\/\" target=\"_blank\" rel=\"noopener\">Nh\u00e0 s\u1ea3n xu\u1ea5t m\u00e1y t\u00e1i ch\u1ebf m\u00e1y nghi\u1ec1n nh\u1ef1a<\/a><\/li>\n<li><a href=\"https:\/\/topdagroup.com\/vi\/san-pham\/single-shaft-shredder-waste-plastic-shredding-recycling-machine-topda\/\" target=\"_blank\" rel=\"noopener\">M\u00e1y nghi\u1ec1n tr\u1ee5c \u0111\u01a1n cho nh\u1ef1a th\u1ea3i<\/a><\/li>\n<li><a href=\"https:\/\/topdagroup.com\/vi\/san-pham\/sound-proof-granulator-crusher-with-dust-collection\/\" target=\"_blank\" rel=\"noopener\">M\u00e1y nghi\u1ec1n nh\u1ef1a chai c\u00e1ch \u00e2m<\/a><\/li>\n<li><a href=\"https:\/\/topdagroup.com\/vi\/san-pham\/dosing-unit-masterbatch-and-regrind-plastic-material-doser-topda\/\" target=\"_blank\" rel=\"noopener\">\u0110\u01a1n v\u1ecb \u0111\u1ecbnh l\u01b0\u1ee3ng cho v\u1eadt li\u1ec7u nh\u1ef1a<\/a><\/li>\n<li><a href=\"https:\/\/topdagroup.com\/vi\/san-pham\/volumetric-dosing-unit-doser-system-dose-of-colors-for-injection-molding-and-extrusion-topda\/\" target=\"_blank\" rel=\"noopener\">H\u1ec7 th\u1ed1ng \u0111\u1ecbnh l\u01b0\u1ee3ng th\u1ec3 t\u00edch<\/a><\/li>\n<\/ul>\n<h2 data-v-md-heading=\"pricing-customization\" data-v-md-line=\"75\">\u0110\u1ecbnh gi\u00e1 &amp; T\u00f9y ch\u1ec9nh gi\u1ea3i ph\u00e1p t\u00e1i ch\u1ebf nh\u1ef1a c\u1ee7a b\u1ea1n<\/h2>\n<p data-v-md-line=\"77\"><strong>H\u00e3y li\u00ean h\u1ec7 v\u1edbi \u0111\u1ed9i ng\u0169 b\u00e1n h\u00e0ng c\u1ee7a ch\u00fang t\u00f4i \u0111\u1ec3 nh\u1eadn b\u00e1o gi\u00e1 c\u00e1 nh\u00e2n v\u00e0 c\u1ea5u h\u00ecnh t\u00f9y ch\u1ec9nh!<\/strong><\/p>","protected":false},"excerpt":{"rendered":"<ul>\n<li>Xu\u1ea5t x\u1ee9 s\u1ea3n ph\u1ea9m: \u0110\u00f4ng Quan, Trung Qu\u1ed1c<\/li>\n<li>Th\u01b0\u01a1ng hi\u1ec7u:TOPDA<\/li>\n<li>M\u00e3 s\u1ed1 m\u1eb7t h\u00e0ng: TPD\u20141060<\/li>\n<li>C\u1ea3ng v\u1eadn chuy\u1ec3n: C\u1ea3ng Th\u00e2m Quy\u1ebfn<\/li>\n<li>M\u00e0u s\u1eafc: Xanh &amp; \u0110\u1ecf<\/li>\n<li>Th\u1eddi gian giao h\u00e0ng: 20 ng\u00e0y<\/li>\n<li>Thanh to\u00e1n: 30% TT ti\u1ec1n g\u1eedi, 70% TT tr\u01b0\u1edbc khi giao h\u00e0ng<\/li>\n<li>Gi\u00e1: $2999\/5999<\/li>\n<\/ul>","protected":false},"featured_media":2589,"comment_status":"open","ping_status":"closed","template":"","meta":{"_seopress_robots_primary_cat":"none","_seopress_titles_title":"","_seopress_titles_desc":"","_seopress_robots_index":"","_kad_post_transparent":"default","_kad_post_title":"","_kad_post_layout":"default","_kad_post_sidebar_id":"","_kad_post_content_style":"default","_kad_post_vertical_padding":"default","_kad_post_feature":"","_kad_post_feature_position":"","_kad_post_header":false,"_kad_post_footer":false,"_kad_post_classname":""},"product_brand":[],"product_cat":[21],"product_tag":[],"class_list":{"0":"post-231","1":"product","2":"type-product","3":"status-publish","4":"has-post-thumbnail","6":"product_cat-plastic-crusher-machines","8":"first","9":"instock","10":"shipping-taxable","11":"product-type-simple","12":"entry","13":"content-bg","14":"loop-entry"},"_links":{"self":[{"href":"https:\/\/topdagroup.com\/vi\/wp-json\/wp\/v2\/product\/231","targetHints":{"allow":["GET"]}}],"collection":[{"href":"https:\/\/topdagroup.com\/vi\/wp-json\/wp\/v2\/product"}],"about":[{"href":"https:\/\/topdagroup.com\/vi\/wp-json\/wp\/v2\/types\/product"}],"replies":[{"embeddable":true,"href":"https:\/\/topdagroup.com\/vi\/wp-json\/wp\/v2\/comments?post=231"}],"wp:featuredmedia":[{"embeddable":true,"href":"https:\/\/topdagroup.com\/vi\/wp-json\/wp\/v2\/media\/2589"}],"wp:attachment":[{"href":"https:\/\/topdagroup.com\/vi\/wp-json\/wp\/v2\/media?parent=231"}],"wp:term":[{"taxonomy":"product_brand","embeddable":true,"href":"https:\/\/topdagroup.com\/vi\/wp-json\/wp\/v2\/product_brand?post=231"},{"taxonomy":"product_cat","embeddable":true,"href":"https:\/\/topdagroup.com\/vi\/wp-json\/wp\/v2\/product_cat?post=231"},{"taxonomy":"product_tag","embeddable":true,"href":"https:\/\/topdagroup.com\/vi\/wp-json\/wp\/v2\/product_tag?post=231"}],"curies":[{"name":"wp","href":"https:\/\/api.w.org\/{rel}","templated":true}]}}