{"id":230,"date":"2024-01-26T20:15:34","date_gmt":"2024-01-26T12:15:34","guid":{"rendered":"http:\/\/g.studywade.com\/?post_type=product&#038;p=230"},"modified":"2026-05-09T11:14:43","modified_gmt":"2026-05-09T03:14:43","slug":"sound-proof-plastic-crusher-plastic-recycling-shredder","status":"publish","type":"product","link":"https:\/\/topdagroup.com\/vi\/product\/sound-proof-plastic-crusher-plastic-recycling-shredder\/","title":{"rendered":"M\u00e1y nghi\u1ec1n nh\u1ef1a c\u00e1ch \u00e2m M\u00e1y nghi\u1ec1n nh\u1ef1a t\u00e1i ch\u1ebf"},"content":{"rendered":"<div class=\"pro_detail\">\n<p style=\"box-sizing: content-box; margin-top: 0px; margin-bottom: 0px; padding: 0px; border: 0px; font-variant-numeric: inherit; font-variant-east-asian: inherit; font-stretch: inherit; line-height: 15.6px; font-family: Arial, Helvetica; vertical-align: baseline; color: #333333;\"><span style=\"box-sizing: content-box; margin: 0px; padding: 0px; border: 0px; font-style: inherit; font-variant: inherit; font-weight: bold; font-stretch: inherit; font-size: 16px; line-height: 24px; font-family: arial, helvetica, sans-serif; vertical-align: baseline;\"><span style=\"box-sizing: content-box; margin: 0px; padding: 0px; border: 0px; font-style: inherit; font-variant: inherit; font-weight: inherit; font-stretch: inherit; font-size: inherit; line-height: 21px; font-family: inherit; vertical-align: baseline;\" data-spm-anchor-id=\"a2700.details.pronpeci14.i0.26953623PseF5L\">Nh\u00e0 m\u00e1y nghi\u1ec1n \u1ed1ng nh\u1ef1a PVC, Nh\u00e0 m\u00e1y m\u00e1y nghi\u1ec1n \u1ed1ng nh\u1ef1a PVC Trung Qu\u1ed1c<\/span><\/span><\/p>\n<p style=\"box-sizing: content-box; margin-top: 0px; margin-bottom: 0px; padding: 0px; border: 0px; font-variant-numeric: inherit; font-variant-east-asian: inherit; font-stretch: inherit; line-height: 15.6px; font-family: Arial, Helvetica; vertical-align: baseline; color: #333333;\"><span style=\"box-sizing: content-box; margin: 0px; padding: 0px; border: 0px; font-style: inherit; font-variant: inherit; font-weight: inherit; font-stretch: inherit; font-size: 16px; line-height: 24px; font-family: arial, helvetica, sans-serif; vertical-align: baseline;\">\u00a0<\/span><\/p>\n<p style=\"box-sizing: content-box; margin-top: 0px; margin-bottom: 0px; padding: 0px; border: 0px; font-variant-numeric: inherit; font-variant-east-asian: inherit; font-stretch: inherit; line-height: 15.6px; font-family: Arial, Helvetica; vertical-align: baseline; color: #333333;\"><span style=\"box-sizing: content-box; margin: 0px; padding: 0px; border: 0px; font-style: inherit; font-variant: inherit; font-weight: inherit; font-stretch: inherit; font-size: 16px; line-height: 24px; font-family: arial, helvetica, sans-serif; vertical-align: baseline;\"><span style=\"box-sizing: content-box; margin: 0px; padding: 0px; border: 0px; font-style: inherit; font-variant: inherit; font-weight: inherit; font-stretch: inherit; font-size: inherit; line-height: 27px; font-family: inherit; vertical-align: baseline;\"><span style=\"box-sizing: content-box; margin: 0px; padding: 0px; border: 0px; font-style: inherit; font-variant: inherit; font-weight: bold; font-stretch: inherit; font-size: inherit; line-height: 24px; font-family: inherit; vertical-align: baseline;\">\u1ee8ng d\u1ee5ng:<br style=\"box-sizing: content-box;\" \/><\/span><\/span><span style=\"box-sizing: content-box; margin: 0px; padding: 0px; border: 0px; font-style: inherit; font-variant: inherit; font-weight: inherit; font-stretch: inherit; font-size: inherit; line-height: 24px; font-family: inherit; vertical-align: baseline;\">M\u00e1y nghi\u1ec1n n\u00e0y th\u00edch h\u1ee3p \u0111\u1ec3 nghi\u1ec1n\u00a0<span style=\"box-sizing: content-box; margin: 0px; padding: 0px; border: 0px; font-style: inherit; font-variant: inherit; font-weight: inherit; font-stretch: inherit; font-size: inherit; line-height: 24px; font-family: inherit; vertical-align: baseline;\">t\u1ea5t c\u1ea3 c\u00e1c lo\u1ea1i m\u00e0ng nh\u1ef1a v\u00e0 t\u00fai r\u00e1c th\u1ea3i, ch\u1eb3ng h\u1ea1n nh\u01b0 d\u00e2y \u0111\u1ed3ng<br style=\"box-sizing: content-box;\" \/>Bao d\u1ec7t PP\/PE,HDPE,LDPE,LLDPE v\u00e0\u00a0<\/span><\/span>v\u00e2n v\u00e2n.<\/span><\/p>\n<p style=\"box-sizing: content-box; margin-top: 0px; margin-bottom: 0px; padding: 0px; border: 0px; font-variant-numeric: inherit; font-variant-east-asian: inherit; font-stretch: inherit; line-height: 15.6px; font-family: Arial, Helvetica; vertical-align: baseline; color: #333333;\"><span style=\"box-sizing: content-box; margin: 0px; padding: 0px; border: 0px; font-style: inherit; font-variant: inherit; font-weight: inherit; font-stretch: inherit; font-size: 16px; line-height: 24px; font-family: arial, helvetica, sans-serif; vertical-align: baseline;\">\u00a0<\/span><\/p>\n<p style=\"box-sizing: content-box; margin-top: 0px; margin-bottom: 0px; padding: 0px; border: 0px; font-variant-numeric: inherit; font-variant-east-asian: inherit; font-stretch: inherit; line-height: 15.6px; font-family: Arial, Helvetica; vertical-align: baseline; color: #333333;\"><span style=\"box-sizing: content-box; margin: 0px; padding: 0px; border: 0px; font-style: inherit; font-variant: inherit; font-weight: inherit; font-stretch: inherit; font-size: 16px; line-height: 27px; font-family: arial, helvetica, sans-serif; vertical-align: baseline;\"><span style=\"box-sizing: content-box; margin: 0px; padding: 0px; border: 0px; font-style: inherit; font-variant: inherit; font-weight: inherit; font-stretch: inherit; font-size: inherit; line-height: 27px; font-family: inherit; vertical-align: baseline; color: #000000;\"><span style=\"box-sizing: content-box; margin: 0px; padding: 0px; border: 0px; font-style: inherit; font-variant: inherit; font-weight: bold; font-stretch: inherit; font-size: inherit; line-height: 24px; font-family: inherit; vertical-align: baseline;\"><span style=\"box-sizing: content-box; margin: 0px; padding: 0px; border: 0px; font-style: inherit; font-variant: inherit; font-weight: inherit; font-stretch: inherit; font-size: inherit; line-height: 24px; font-family: inherit; vertical-align: baseline;\">\u0110\u1eb7c bi\u1ec7t\u00a0<\/span>\u0110\u1eb7c tr\u01b0ng:<\/span><\/span><\/span><\/p>\n<p style=\"box-sizing: content-box; margin-top: 0px; margin-bottom: 0px; padding: 0px; border: 0px; font-variant-numeric: inherit; font-variant-east-asian: inherit; font-stretch: inherit; line-height: 15.6px; font-family: Arial, Helvetica; vertical-align: baseline; color: #333333;\"><span style=\"box-sizing: content-box; margin: 0px; padding: 0px; border: 0px; font-style: inherit; font-variant: inherit; font-weight: inherit; font-stretch: inherit; font-size: 16px; line-height: 24px; font-family: arial, helvetica, sans-serif; vertical-align: baseline;\" data-spm-anchor-id=\"a2700.details.pronpeci14.i1.26953623PseF5L\">1. V\u1edbi \u0111\u1ebf l\u01b0\u1ee1i dao \u0111\u01b0\u1ee3c thi\u1ebft k\u1ebf \u0111\u1ed9c \u0111\u00e1o \u201cV-type\u201d, v\u1eadt li\u1ec7u l\u01b0\u1ee1i dao c\u00f3 th\u1ec3 \u0111\u01b0\u1ee3c t\u00f9y ch\u1ec9nh theo\u00a0<br style=\"box-sizing: content-box;\" \/>theo y\u00eau c\u1ea7u c\u1ee7a kh\u00e1ch h\u00e0ng.<\/span><\/p>\n<p style=\"box-sizing: content-box; margin-top: 0px; margin-bottom: 0px; padding: 0px; border: 0px; font-variant-numeric: inherit; font-variant-east-asian: inherit; font-stretch: inherit; line-height: 15.6px; font-family: Arial, Helvetica; vertical-align: baseline; color: #333333;\"><span style=\"box-sizing: content-box; margin: 0px; padding: 0px; border: 0px; font-style: inherit; font-variant: inherit; font-weight: inherit; font-stretch: inherit; font-size: 16px; line-height: 24px; font-family: arial, helvetica, sans-serif; vertical-align: baseline;\"><span style=\"box-sizing: content-box; margin: 0px; padding: 0px; border: 0px; font-style: inherit; font-variant: inherit; font-weight: inherit; font-stretch: inherit; font-size: inherit; line-height: 24px; font-family: inherit; vertical-align: baseline; color: #000000;\">2. D\u1ec5 v\u1eadn h\u00e0nh v\u00e0 thay th\u1ebf l\u01b0\u1ee1i c\u1eaft \u0111\u01a1n gi\u1ea3n.<\/span><\/span><\/p>\n<p style=\"box-sizing: content-box; margin-top: 0px; margin-bottom: 0px; padding: 0px; border: 0px; font-variant-numeric: inherit; font-variant-east-asian: inherit; font-stretch: inherit; line-height: 15.6px; font-family: Arial, Helvetica; vertical-align: baseline; color: #333333;\"><span style=\"box-sizing: content-box; margin: 0px; padding: 0px; border: 0px; font-style: inherit; font-variant: inherit; font-weight: inherit; font-stretch: inherit; font-size: 16px; line-height: 24px; font-family: arial, helvetica, sans-serif; vertical-align: baseline;\">3. L\u01b0\u1ee1i dao c\u00f3 kh\u1ea3 n\u0103ng ch\u1ed1ng m\u00e0i m\u00f2n v\u00e0 ch\u1ed1ng r\u00e1ch.<\/span><\/p>\n<p style=\"box-sizing: content-box; margin-top: 0px; margin-bottom: 0px; padding: 0px; border: 0px; font-variant-numeric: inherit; font-variant-east-asian: inherit; font-stretch: inherit; line-height: 15.6px; font-family: Arial, Helvetica; vertical-align: baseline; color: #333333;\"><span style=\"box-sizing: content-box; margin: 0px; padding: 0px; border: 0px; font-style: inherit; font-variant: inherit; font-weight: inherit; font-stretch: inherit; font-size: 16px; line-height: 24px; font-family: arial, helvetica, sans-serif; vertical-align: baseline;\">4. L\u01b0\u1edbi ch\u1eafn c\u00f3 th\u1ec3 th\u00e1o r\u1eddi, d\u1ec5 d\u00e0ng l\u1eafp \u0111\u1eb7t ho\u1eb7c th\u00e1o r\u1eddi \u0111\u1ec3 v\u1ec7 sinh v\u00e0 thay \u0111\u1ed5i m\u00e0u s\u1eafc.<\/span><\/p>\n<p style=\"box-sizing: content-box; margin-top: 0px; margin-bottom: 0px; padding: 0px; border: 0px; font-variant-numeric: inherit; font-variant-east-asian: inherit; font-stretch: inherit; line-height: 15.6px; font-family: Arial, Helvetica; vertical-align: baseline; color: #333333;\"><span style=\"box-sizing: content-box; margin: 0px; padding: 0px; border: 0px; font-style: inherit; font-variant: inherit; font-weight: inherit; font-stretch: inherit; font-size: 16px; line-height: 24px; font-family: arial, helvetica, sans-serif; vertical-align: baseline; color: #000000;\">5. \u0110\u1ed9ng c\u01a1 c\u00f3 thi\u1ebft b\u1ecb b\u1ea3o v\u1ec7 qu\u00e1 t\u1ea3i.<\/span><\/p>\n<p style=\"box-sizing: content-box; margin-top: 0px; margin-bottom: 0px; padding: 0px; border: 0px; font-variant-numeric: inherit; font-variant-east-asian: inherit; font-stretch: inherit; line-height: 15.6px; font-family: Arial, Helvetica; vertical-align: baseline; color: #333333;\"><span style=\"box-sizing: content-box; margin: 0px; padding: 0px; border: 0px; font-style: inherit; font-variant: inherit; font-weight: inherit; font-stretch: inherit; font-size: 16px; line-height: 24px; font-family: arial, helvetica, sans-serif; vertical-align: baseline; color: #000000;\">6. S\u1eed d\u1ee5ng thi\u1ebft k\u1ebf an ninh \u0111i\u1ec1u khi\u1ec3n \u0111i\u1ec7n \u0111\u1ec3 \u0111\u1ea3m b\u1ea3o an to\u00e0n cho nh\u00e2n vi\u00ean c\u1ee7a b\u1ea1n.<\/span><\/p>\n<p style=\"box-sizing: content-box; margin-top: 0px; margin-bottom: 0px; padding: 0px; border: 0px; font-variant-numeric: inherit; font-variant-east-asian: inherit; font-stretch: inherit; line-height: 15.6px; font-family: Arial, Helvetica; vertical-align: baseline; color: #333333;\"><span style=\"box-sizing: content-box; margin: 0px; padding: 0px; border: 0px; font-style: inherit; font-variant: inherit; font-weight: inherit; font-stretch: inherit; font-size: 16px; line-height: 24px; font-family: arial, helvetica, sans-serif; vertical-align: baseline; color: #000000;\"><span style=\"box-sizing: content-box; margin: 0px; padding: 0px; border: 0px; font-style: inherit; font-variant: inherit; font-weight: inherit; font-stretch: inherit; font-size: inherit; line-height: 24px; font-family: inherit; vertical-align: baseline; color: #232323;\">7. \u0110i\u1ec7n \u00e1p ti\u00eau chu\u1ea9n l\u00e0 380V 50Hz 3 Pha. (C\u00f3 th\u1ec3 t\u00f9y ch\u1ec9nh theo y\u00eau c\u1ea7u c\u1ee7a kh\u00e1ch h\u00e0ng)<\/span>\u00a0<br style=\"box-sizing: content-box;\" \/>8. Kh\u1ea3 n\u0103ng th\u00edch \u1ee9ng t\u1ed1t v\u00e0 tu\u1ed5i th\u1ecd cao.<\/span><\/p>\n<p style=\"box-sizing: content-box; margin-top: 0px; margin-bottom: 0px; padding: 0px; border: 0px; font-variant-numeric: inherit; font-variant-east-asian: inherit; font-stretch: inherit; line-height: 15.6px; font-family: Arial, Helvetica; vertical-align: baseline; color: #333333;\"><span style=\"box-sizing: content-box; margin: 0px; padding: 0px; border: 0px; font-style: inherit; font-variant: inherit; font-weight: inherit; font-stretch: inherit; font-size: 16px; line-height: 24px; font-family: arial, helvetica, sans-serif; vertical-align: baseline;\"><span style=\"box-sizing: content-box; margin: 0px; padding: 0px; border: 0px; font-style: inherit; font-variant: inherit; font-weight: inherit; font-stretch: inherit; font-size: inherit; line-height: 24px; font-family: inherit; vertical-align: baseline; color: #000000;\">9. C\u00e1ch \u00e2m gi\u1ea3m ti\u1ebfng \u1ed3n cho th\u00e2n m\u00e1y ho\u1eb7c c\u00e1ch \u00e2m b\u00ean ngo\u00e0i roon l\u00e0\u00a0<\/span>c\u00f3 s\u1eb5n<\/span><\/p>\n<p style=\"box-sizing: content-box; margin-top: 0px; margin-bottom: 0px; padding: 0px; border: 0px; font-variant-numeric: inherit; font-variant-east-asian: inherit; font-stretch: inherit; line-height: 15.6px; font-family: Arial, Helvetica; vertical-align: baseline; color: #333333;\"><span style=\"box-sizing: content-box; margin: 0px; padding: 0px; border: 0px; font-style: inherit; font-variant: inherit; font-weight: inherit; font-stretch: inherit; font-size: 16px; line-height: 24px; font-family: arial, helvetica, sans-serif; vertical-align: baseline;\">theo th\u1ee9 t\u1ef1 t\u00f9y ch\u1ecdn.<\/span><\/p>\n<p style=\"box-sizing: content-box; margin-top: 0px; margin-bottom: 0px; padding: 0px; border: 0px; font-variant-numeric: inherit; font-variant-east-asian: inherit; font-stretch: inherit; line-height: 15.6px; font-family: Arial, Helvetica; vertical-align: baseline; color: #333333;\" data-spm-anchor-id=\"a2700.details.pronpeci14.i2.26953623PseF5L\"><span style=\"box-sizing: content-box; margin: 0px; padding: 0px; border: 0px; font-style: inherit; font-variant: inherit; font-weight: inherit; font-stretch: inherit; font-size: 16px; line-height: 24px; font-family: arial, helvetica, sans-serif; vertical-align: baseline;\">T\u00f9y ch\u1ecdn 10.10HP-100HP.<span style=\"box-sizing: content-box; margin: 0px; padding: 0px; border: 0px; font-style: inherit; font-variant: inherit; font-weight: inherit; font-stretch: inherit; font-size: inherit; line-height: 24px; font-family: inherit; vertical-align: baseline;\"><span style=\"box-sizing: content-box; margin: 0px; padding: 0px; border: 0px; font-style: inherit; font-variant: inherit; font-weight: inherit; font-stretch: inherit; font-size: inherit; line-height: 24px; font-family: inherit; vertical-align: baseline;\"><span style=\"box-sizing: content-box; margin: 0px; padding: 0px; border: 0px; font-style: inherit; font-variant: inherit; font-weight: inherit; font-stretch: inherit; font-size: inherit; line-height: 24px; font-family: inherit; vertical-align: baseline; color: #232323;\">(C\u00f3 th\u1ec3 t\u00f9y ch\u1ec9nh theo y\u00eau c\u1ea7u c\u1ee7a kh\u00e1ch h\u00e0ng)<\/span>\u00a0<\/span><\/span><\/span><\/p>\n<\/div>","protected":false},"excerpt":{"rendered":"<ul>\n<li>Xu\u1ea5t x\u1ee9 s\u1ea3n ph\u1ea9m: Trung Qu\u1ed1c<\/li>\n<li>Th\u01b0\u01a1ng hi\u1ec7u:TOPDA<\/li>\n<li>M\u00e3 s\u1ed1: PC-SF<\/li>\n<li>C\u1ea3ng v\u1eadn chuy\u1ec3n: B\u1ea5t k\u1ef3 c\u1ea3ng n\u00e0o c\u1ee7a Trung Qu\u1ed1c<\/li>\n<li>M\u00e0u s\u1eafc: Xanh lam<\/li>\n<li>Th\u1eddi gian giao h\u00e0ng: 15 ng\u00e0y<\/li>\n<li>Thanh to\u00e1n: T\/T, L\/C<\/li>\n<li>Gi\u00e1: $999\/99999<\/li>\n<\/ul>","protected":false},"featured_media":2565,"comment_status":"open","ping_status":"closed","template":"","meta":{"_seopress_robots_primary_cat":"none","_seopress_titles_title":"","_seopress_titles_desc":"","_seopress_robots_index":"","_kad_post_transparent":"default","_kad_post_title":"","_kad_post_layout":"default","_kad_post_sidebar_id":"","_kad_post_content_style":"default","_kad_post_vertical_padding":"default","_kad_post_feature":"","_kad_post_feature_position":"","_kad_post_header":false,"_kad_post_footer":false,"_kad_post_classname":""},"product_brand":[],"product_cat":[21],"product_tag":[],"class_list":{"0":"post-230","1":"product","2":"type-product","3":"status-publish","4":"has-post-thumbnail","6":"product_cat-plastic-crusher-machines","8":"first","9":"instock","10":"shipping-taxable","11":"product-type-simple","12":"entry","13":"content-bg","14":"loop-entry"},"_links":{"self":[{"href":"https:\/\/topdagroup.com\/vi\/wp-json\/wp\/v2\/product\/230","targetHints":{"allow":["GET"]}}],"collection":[{"href":"https:\/\/topdagroup.com\/vi\/wp-json\/wp\/v2\/product"}],"about":[{"href":"https:\/\/topdagroup.com\/vi\/wp-json\/wp\/v2\/types\/product"}],"replies":[{"embeddable":true,"href":"https:\/\/topdagroup.com\/vi\/wp-json\/wp\/v2\/comments?post=230"}],"wp:featuredmedia":[{"embeddable":true,"href":"https:\/\/topdagroup.com\/vi\/wp-json\/wp\/v2\/media\/2565"}],"wp:attachment":[{"href":"https:\/\/topdagroup.com\/vi\/wp-json\/wp\/v2\/media?parent=230"}],"wp:term":[{"taxonomy":"product_brand","embeddable":true,"href":"https:\/\/topdagroup.com\/vi\/wp-json\/wp\/v2\/product_brand?post=230"},{"taxonomy":"product_cat","embeddable":true,"href":"https:\/\/topdagroup.com\/vi\/wp-json\/wp\/v2\/product_cat?post=230"},{"taxonomy":"product_tag","embeddable":true,"href":"https:\/\/topdagroup.com\/vi\/wp-json\/wp\/v2\/product_tag?post=230"}],"curies":[{"name":"wp","href":"https:\/\/api.w.org\/{rel}","templated":true}]}}