{"id":219,"date":"2024-01-26T18:16:00","date_gmt":"2024-01-26T10:16:00","guid":{"rendered":"http:\/\/g.studywade.com\/?post_type=product&#038;p=219"},"modified":"2026-03-23T15:27:50","modified_gmt":"2026-03-23T07:27:50","slug":"air-handling-unit-ahu-air-conditioning-blower-air-cooling-system","status":"publish","type":"product","link":"https:\/\/topdagroup.com\/vi\/product\/air-handling-unit-ahu-air-conditioning-blower-air-cooling-system\/","title":{"rendered":"B\u1ed9 x\u1eed l\u00fd kh\u00f4ng kh\u00ed (AHU) Qu\u1ea1t \u0111i\u1ec1u h\u00f2a kh\u00f4ng kh\u00ed H\u1ec7 th\u1ed1ng l\u00e0m m\u00e1t kh\u00f4ng kh\u00ed"},"content":{"rendered":"<table class=\"ke-zeroborder\" style=\"width: 483.75pt;\" width=\"645\">\n<colgroup>\n<col width=\"75\" \/>\n<col width=\"159\" \/>\n<col width=\"105\" \/>\n<col width=\"79\" \/>\n<col width=\"92\" \/>\n<col width=\"135\" \/> <\/colgroup>\n<tbody>\n<tr>\n<td class=\"et4\" style=\"font-size: 11pt; text-align: center; vertical-align: middle; border-width: 1.2pt 0.5pt 0.5pt 1.2pt; border-style: solid; border-color: #000000; height: 20.25pt; width: 112.5pt;\" colspan=\"2\" width=\"150\" height=\"27\">P<span class=\"font0\">s\u1ea3n ph\u1ea9m<\/span><\/td>\n<td class=\"et5\" style=\"font-size: 11pt; text-align: center; vertical-align: middle; border-width: 1.2pt 1.2pt 0.5pt 0.5pt; border-style: solid; border-color: #000000; height: 20.25pt; width: 285.75pt;\" colspan=\"4\" width=\"381\" height=\"27\">\u0110\u01a1n v\u1ecb x\u1eed l\u00fd kh\u00f4ng kh\u00ed lo\u1ea1i n\u1eb1m ngang<\/td>\n<\/tr>\n<tr>\n<td class=\"et7\" style=\"font-size: 11pt; text-align: center; vertical-align: middle; border-width: 0.5pt 0.5pt 0.5pt 1.2pt; border-style: solid; border-color: #000000; height: 20.25pt; width: 112.5pt;\" colspan=\"2\" width=\"150\" height=\"27\">T\u00f4i<span class=\"font0\">odel<\/span><\/td>\n<td class=\"et8\" style=\"font-size: 11pt; text-align: center; vertical-align: middle; border-width: 0.5pt 1.2pt 0.5pt 0.5pt; border-style: solid; border-color: #000000; height: 20.25pt; width: 285.75pt;\" colspan=\"4\" width=\"381\" height=\"27\">5WH-200-6R<\/td>\n<\/tr>\n<tr>\n<td class=\"et7\" style=\"font-size: 11pt; text-align: center; vertical-align: middle; border-width: 0.5pt 0.5pt 0.5pt 1.2pt; border-style: solid; border-color: #000000; height: 20.25pt; width: 112.5pt;\" colspan=\"2\" width=\"150\" height=\"27\">Th\u1ec3 t\u00edch kh\u00f4ng kh\u00ed (m3\/h)<\/td>\n<td class=\"et8\" style=\"font-size: 11pt; text-align: center; vertical-align: middle; border-width: 0.5pt 1.2pt 0.5pt 0.5pt; border-style: solid; border-color: #000000; height: 20.25pt; width: 285.75pt;\" colspan=\"4\" width=\"381\" height=\"27\">20000 m3\/gi\u1edd<\/td>\n<\/tr>\n<tr>\n<td class=\"et7\" style=\"font-size: 11pt; text-align: center; vertical-align: middle; border-width: 0.5pt 0.5pt 0.5pt 1.2pt; border-style: solid; border-color: #000000; height: 20.25pt; width: 112.5pt;\" colspan=\"2\" width=\"150\" height=\"27\">C\u00f4ng su\u1ea5t l\u00e0m l\u1ea1nh (kw)<\/td>\n<td class=\"et8\" style=\"font-size: 11pt; text-align: center; vertical-align: middle; border-width: 0.5pt 1.2pt 0.5pt 0.5pt; border-style: solid; border-color: #000000; height: 20.25pt; width: 285.75pt;\" colspan=\"4\" width=\"381\" height=\"27\">\u00a0159,3kw<\/td>\n<\/tr>\n<tr>\n<td class=\"et7\" style=\"font-size: 11pt; text-align: center; vertical-align: middle; border-width: 0.5pt 0.5pt 0.5pt 1.2pt; border-style: solid; border-color: #000000; height: 20.25pt; width: 112.5pt;\" colspan=\"2\" width=\"150\" height=\"27\">\u00c1p su\u1ea5t t\u0129nh b\u00ean ngo\u00e0i (pa)<\/td>\n<td class=\"et8\" style=\"font-size: 11pt; text-align: center; vertical-align: middle; border-width: 0.5pt 1.2pt 0.5pt 0.5pt; border-style: solid; border-color: #000000; height: 20.25pt; width: 285.75pt;\" colspan=\"4\" width=\"381\" height=\"27\">150~550<\/td>\n<\/tr>\n<tr>\n<td class=\"et7\" style=\"font-size: 11pt; text-align: center; vertical-align: middle; border-width: 0.5pt 0.5pt 0.5pt 1.2pt; border-style: solid; border-color: #000000; height: 20.25pt; width: 112.5pt;\" colspan=\"2\" width=\"150\" height=\"27\">X\u00f4n xao<\/td>\n<td class=\"et8\" style=\"font-size: 11pt; text-align: center; vertical-align: middle; border-width: 0.5pt 1.2pt 0.5pt 0.5pt; border-style: solid; border-color: #000000; height: 20.25pt; width: 285.75pt;\" colspan=\"4\" width=\"381\" height=\"27\">\u1ed1ng \u0111\u1ed3ng c\u00e1nh gi\u00f3 nh\u00f4m<\/td>\n<\/tr>\n<tr>\n<td class=\"et7\" style=\"font-size: 11pt; text-align: center; vertical-align: middle; border-width: 0.5pt 0.5pt 0.5pt 1.2pt; border-style: solid; border-color: #000000; height: 20.25pt; width: 112.5pt;\" colspan=\"2\" width=\"150\" height=\"27\">C\u00f4ng su\u1ea5t \u0111\u1ed9ng c\u01a1<\/td>\n<td class=\"et8\" style=\"font-size: 11pt; text-align: center; vertical-align: middle; border-width: 0.5pt 1.2pt 0.5pt 0.5pt; border-style: solid; border-color: #000000; height: 20.25pt; width: 285.75pt;\" colspan=\"4\" width=\"381\" height=\"27\">380V\/3Ph\/50Hz<\/td>\n<\/tr>\n<tr>\n<td class=\"et7\" style=\"font-size: 11pt; text-align: center; vertical-align: middle; border-width: 0.5pt 0.5pt 0.5pt 1.2pt; border-style: solid; border-color: #000000; height: 20.25pt; width: 112.5pt;\" colspan=\"2\" width=\"150\" height=\"27\">Ki\u1ec3u qu\u1ea1t<\/td>\n<td class=\"et8\" style=\"font-size: 11pt; text-align: center; vertical-align: middle; border-width: 0.5pt 1.2pt 0.5pt 0.5pt; border-style: solid; border-color: #000000; height: 20.25pt; width: 285.75pt;\" colspan=\"4\" width=\"381\" height=\"27\">Qu\u1ea1t ly t\u00e2m hai c\u1eeda h\u00fat<\/td>\n<\/tr>\n<tr>\n<td class=\"et7\" style=\"font-size: 11pt; text-align: center; vertical-align: middle; border-width: 0.5pt 0.5pt 0.5pt 1.2pt; border-style: solid; border-color: #000000; height: 20.25pt; width: 112.5pt;\" colspan=\"2\" width=\"150\" height=\"27\">\u0110\u01b0\u1eddng \u1ed1ng<\/td>\n<td class=\"et8\" style=\"font-size: 11pt; text-align: center; vertical-align: middle; border-width: 0.5pt 1.2pt 0.5pt 0.5pt; border-style: solid; border-color: #000000; height: 20.25pt; width: 285.75pt;\" colspan=\"4\" width=\"381\" height=\"27\">DN65<\/td>\n<\/tr>\n<tr>\n<td class=\"et7\" style=\"font-size: 11pt; text-align: center; vertical-align: middle; border-width: 0.5pt 0.5pt 0.5pt 1.2pt; border-style: solid; border-color: #000000; height: 20.25pt; width: 112.5pt;\" colspan=\"2\" width=\"150\" height=\"27\">B\u1ea3ng \u0111i\u1ec1u khi\u1ec3n<\/td>\n<td class=\"et8\" style=\"font-size: 11pt; text-align: center; vertical-align: middle; border-width: 0.5pt 1.2pt 0.5pt 0.5pt; border-style: solid; border-color: #000000; height: 20.25pt; width: 285.75pt;\" colspan=\"4\" width=\"381\" height=\"27\">T\u1ea5m \u1ed1p hai l\u1edbp 25 mm.<\/td>\n<\/tr>\n<tr>\n<td class=\"et7\" style=\"font-size: 11pt; text-align: center; vertical-align: middle; border-width: 0.5pt 0.5pt 0.5pt 1.2pt; border-style: solid; border-color: #000000; height: 20.25pt; width: 112.5pt;\" colspan=\"2\" width=\"150\" height=\"27\">K\u00edch th\u01b0\u1edbc (R\u1ed9ng*S\u00e2u*Cao)<span class=\"font3\">)<\/span><\/td>\n<td class=\"et8\" style=\"font-size: 11pt; text-align: center; vertical-align: middle; border-width: 0.5pt 1.2pt 0.5pt 0.5pt; border-style: solid; border-color: #000000; height: 20.25pt; width: 285.75pt;\" colspan=\"4\" width=\"381\" height=\"27\">2050*1470*1460mm<\/td>\n<\/tr>\n<tr>\n<td class=\"et7\" style=\"font-size: 11pt; text-align: center; vertical-align: middle; border-width: 0.5pt 0.5pt 0.5pt 1.2pt; border-style: solid; border-color: #000000; height: 20.25pt; width: 112.5pt;\" colspan=\"2\" width=\"150\" height=\"27\">C\u00e2n n\u1eb7ng<\/td>\n<td class=\"et8\" style=\"font-size: 11pt; text-align: center; vertical-align: middle; border-width: 0.5pt 1.2pt 0.5pt 0.5pt; border-style: solid; border-color: #000000; height: 20.25pt; width: 285.75pt;\" colspan=\"4\" width=\"381\" height=\"27\">698kg<\/td>\n<\/tr>\n<tr>\n<td class=\"et7\" style=\"font-size: 11pt; text-align: center; vertical-align: middle; border-width: 0.5pt 0.5pt 0.5pt 1.2pt; border-style: solid; border-color: #000000; height: 20.25pt; width: 112.5pt;\" colspan=\"2\" width=\"150\" height=\"27\">\u0110\u00f3ng g\u00f3i<\/td>\n<td class=\"et8\" style=\"font-size: 11pt; text-align: center; vertical-align: middle; border-width: 0.5pt 1.2pt 0.5pt 0.5pt; border-style: solid; border-color: #000000; height: 20.25pt; width: 285.75pt;\" colspan=\"4\" width=\"381\" height=\"27\">h\u1ed9p c\u00e1c t\u00f4ng<\/td>\n<\/tr>\n<tr>\n<td class=\"et10\" style=\"font-size: 11pt; text-align: center; vertical-align: middle; border-width: 0.5pt 0.5pt 1.2pt 1.2pt; border-style: solid; border-color: #000000; height: 20.25pt; width: 112.5pt;\" colspan=\"2\" width=\"150\" height=\"27\">S\u1ed1 l\u01b0\u1ee3ng<\/td>\n<td class=\"et11\" style=\"font-size: 11pt; text-align: center; vertical-align: middle; border-width: 0.5pt 1.2pt 1.2pt 0.5pt; border-style: solid; border-color: #000000; height: 20.25pt; width: 285.75pt;\" colspan=\"4\" width=\"381\" height=\"27\">1<\/td>\n<\/tr>\n<\/tbody>\n<\/table>","protected":false},"excerpt":{"rendered":"<p>Xu\u1ea5t x\u1ee9 s\u1ea3n ph\u1ea9m: \u0110\u00f4ng Quan, Trung Qu\u1ed1c<\/p>\n<p>M\u00e3 s\u1ed1 s\u1ea3n ph\u1ea9m: 5WH-200-6R<\/p>\n<p>C\u1ea3ng v\u1eadn chuy\u1ec3n: C\u1ea3ng Th\u00e2m Quy\u1ebfn<\/p>\n<p>M\u00e0u s\u1eafc: X\u00e1m<\/p>\n<p>Th\u1eddi gian giao h\u00e0ng: 7 ng\u00e0y<\/p>\n<p>Thanh to\u00e1n: 30% TT ti\u1ec1n g\u1eedi, 70% TT tr\u01b0\u1edbc khi giao h\u00e0ng<\/p>\n<p>Gi\u00e1: $2999\/5999<\/p>","protected":false},"featured_media":299,"comment_status":"open","ping_status":"closed","template":"","meta":{"_seopress_robots_primary_cat":"none","_seopress_titles_title":"","_seopress_titles_desc":"","_seopress_robots_index":"","_kad_post_transparent":"default","_kad_post_title":"","_kad_post_layout":"default","_kad_post_sidebar_id":"","_kad_post_content_style":"default","_kad_post_vertical_padding":"default","_kad_post_feature":"","_kad_post_feature_position":"","_kad_post_header":false,"_kad_post_footer":false,"_kad_post_classname":""},"product_brand":[],"product_cat":[20],"product_tag":[],"class_list":{"0":"post-219","1":"product","2":"type-product","3":"status-publish","4":"has-post-thumbnail","6":"product_cat-water-chiller-cooling-tower","8":"first","9":"instock","10":"shipping-taxable","11":"product-type-simple","12":"entry","13":"content-bg","14":"loop-entry"},"_links":{"self":[{"href":"https:\/\/topdagroup.com\/vi\/wp-json\/wp\/v2\/product\/219","targetHints":{"allow":["GET"]}}],"collection":[{"href":"https:\/\/topdagroup.com\/vi\/wp-json\/wp\/v2\/product"}],"about":[{"href":"https:\/\/topdagroup.com\/vi\/wp-json\/wp\/v2\/types\/product"}],"replies":[{"embeddable":true,"href":"https:\/\/topdagroup.com\/vi\/wp-json\/wp\/v2\/comments?post=219"}],"wp:featuredmedia":[{"embeddable":true,"href":"https:\/\/topdagroup.com\/vi\/wp-json\/wp\/v2\/media\/299"}],"wp:attachment":[{"href":"https:\/\/topdagroup.com\/vi\/wp-json\/wp\/v2\/media?parent=219"}],"wp:term":[{"taxonomy":"product_brand","embeddable":true,"href":"https:\/\/topdagroup.com\/vi\/wp-json\/wp\/v2\/product_brand?post=219"},{"taxonomy":"product_cat","embeddable":true,"href":"https:\/\/topdagroup.com\/vi\/wp-json\/wp\/v2\/product_cat?post=219"},{"taxonomy":"product_tag","embeddable":true,"href":"https:\/\/topdagroup.com\/vi\/wp-json\/wp\/v2\/product_tag?post=219"}],"curies":[{"name":"wp","href":"https:\/\/api.w.org\/{rel}","templated":true}]}}