{"id":1740,"date":"2025-03-21T20:39:56","date_gmt":"2025-03-21T12:39:56","guid":{"rendered":"https:\/\/topdagroup.com\/?post_type=product&#038;p=1740"},"modified":"2025-04-08T11:39:18","modified_gmt":"2025-04-08T03:39:18","slug":"strong-plastic-crusher-for-can-and-bottle-manufacturer-in-china","status":"publish","type":"product","link":"https:\/\/topdagroup.com\/vi\/product\/strong-plastic-crusher-for-can-and-bottle-manufacturer-in-china\/","title":{"rendered":"M\u00e1y nghi\u1ec1n nh\u1ef1a m\u1ea1nh m\u1ebd cho nh\u00e0 s\u1ea3n xu\u1ea5t lon v\u00e0 chai t\u1ea1i Trung Qu\u1ed1c"},"content":{"rendered":"<p>Th\u00f4ng s\u1ed1 k\u1ef9 thu\u1eadt m\u00e1y nghi\u1ec1n nh\u1ef1a<\/p>\n<h1 class=\"ng-star-inserted\"><span class=\"ng-star-inserted\">Nh\u00e0 s\u1ea3n xu\u1ea5t m\u00e1y nghi\u1ec1n nh\u1ef1a \u0111\u00e1ng tin c\u1eady t\u1ea1i Trung Qu\u1ed1c<\/span><\/h1>\n<h2>L\u00e0 g\u00ec <strong class=\"ng-star-inserted\"><span class=\"ng-star-inserted\">M\u00e1y nghi\u1ec1n nh\u1ef1a ?<\/span><\/strong><\/h2>\n<p class=\"ng-star-inserted\"><strong class=\"ng-star-inserted\"><span class=\"ng-star-inserted\">M\u00e1y nghi\u1ec1n nh\u1ef1a<\/span><\/strong><span class=\"ng-star-inserted\">, c\u00f2n \u0111\u01b0\u1ee3c g\u1ecdi l\u00e0\u00a0<\/span><strong class=\"ng-star-inserted\"><span class=\"ng-star-inserted\">m\u00e1y nghi\u1ec1n nh\u1ef1a<\/span><\/strong><span class=\"ng-star-inserted\">, l\u00e0 thi\u1ebft b\u1ecb quan tr\u1ecdng trong\u00a0<\/span><strong class=\"ng-star-inserted\"><span class=\"ng-star-inserted\">d\u00e2y chuy\u1ec1n s\u1ea3n xu\u1ea5t t\u00e1i ch\u1ebf nh\u1ef1a<\/span><\/strong><span class=\"ng-star-inserted\">, \u0111\u01b0\u1ee3c thi\u1ebft k\u1ebf \u0111\u1ec3 gi\u1ea3m \u0111\u1ed9 c\u1ee9ng m\u1ed9t c\u00e1ch nhanh ch\u00f3ng v\u00e0 an to\u00e0n\u00a0<\/span><strong class=\"ng-star-inserted\"><span class=\"ng-star-inserted\">nh\u1ef1a<\/span><\/strong><span class=\"ng-star-inserted\">\u00a0th\u00e0nh c\u00e1c m\u1ea3nh ho\u1eb7c h\u1ea1t \u0111\u1ed3ng nh\u1ea5t. L\u00e0 m\u1ed9t nh\u00e0 s\u1ea3n xu\u1ea5t h\u00e0ng \u0111\u1ea7u t\u1ea1i Trung Qu\u1ed1c, ch\u00fang t\u00f4i chuy\u00ean s\u1ea3n xu\u1ea5t m\u00e1y nghi\u1ec1n ch\u1ea5t l\u01b0\u1ee3ng cao \u0111\u1ec3 ch\u1ebf bi\u1ebfn nhi\u1ec1u lo\u1ea1i\u00a0<\/span><strong class=\"ng-star-inserted\"><span class=\"ng-star-inserted\">ch\u1ea5t th\u1ea3i nh\u1ef1a<\/span><\/strong><span class=\"ng-star-inserted\">\u00a0lu\u1ed3ng, bao g\u1ed3m\u00a0<\/span><strong class=\"ng-star-inserted\"><span class=\"ng-star-inserted\">TH\u00da C\u01afNG<\/span><\/strong><span class=\"ng-star-inserted\">,\u00a0<\/span><strong class=\"ng-star-inserted\"><span class=\"ng-star-inserted\">m\u00e0ng nh\u1ef1a<\/span><\/strong><span class=\"ng-star-inserted\">,\u00a0<\/span><strong class=\"ng-star-inserted\"><span class=\"ng-star-inserted\">d\u00e2y th\u1eebng nylon<\/span><\/strong><span class=\"ng-star-inserted\">, V\u00e0\u00a0<\/span><strong class=\"ng-star-inserted\"><span class=\"ng-star-inserted\">PP<\/span><\/strong><span class=\"ng-star-inserted\">.<\/span><\/p>\n<p class=\"ng-star-inserted\"><span class=\"ng-star-inserted\">M\u1ea1nh m\u1ebd c\u1ee7a ch\u00fang t\u00f4i\u00a0<\/span><strong class=\"ng-star-inserted\"><span class=\"ng-star-inserted\">m\u00e1y m\u00f3c t\u00e1i ch\u1ebf nh\u1ef1a<\/span><\/strong><span class=\"ng-star-inserted\">\u00a0\u0111\u01b0\u1ee3c thi\u1ebft k\u1ebf \u0111\u1ec3 ho\u1ea1t \u0111\u1ed9ng \u1ed5n \u0111\u1ecbnh l\u00e2u d\u00e0i, c\u00f3 \u1ed5 tr\u1ee5c k\u00edn \u0111\u1ec3 t\u0103ng \u0111\u1ed9 b\u1ec1n. L\u01b0\u1ee1i dao \u0111\u01b0\u1ee3c thi\u1ebft k\u1ebf khoa h\u1ecdc v\u00e0 x\u1eed l\u00fd nhi\u1ec7t \u0111\u1ea3m b\u1ea3o s\u1ea3n xu\u1ea5t h\u1ea1t \u0111\u1ed3ng \u0111\u1ec1u. V\u1edbi nhi\u1ec1u \u1ee9ng d\u1ee5ng,\u00a0<\/span><strong class=\"ng-star-inserted\"><span class=\"ng-star-inserted\">m\u00e1y nghi\u1ec1n nh\u1ef1a<\/span><\/strong><span class=\"ng-star-inserted\">\u00a0x\u1eed l\u00fd hi\u1ec7u qu\u1ea3 \u0111a d\u1ea1ng\u00a0<\/span><strong class=\"ng-star-inserted\"><span class=\"ng-star-inserted\">s\u1ea3n ph\u1ea9m nh\u1ef1a<\/span><\/strong><span class=\"ng-star-inserted\">\u00a0b\u1eb1ng nhi\u1ec1u v\u1eadt li\u1ec7u v\u00e0 h\u00ecnh d\u1ea1ng kh\u00e1c nhau.<\/span><\/p>\n<p class=\"ng-star-inserted\"><span class=\"ng-star-inserted\">\u0110\u01b0\u1ee3c bi\u1ebft \u0111\u1ebfn v\u1edbi hi\u1ec7u qu\u1ea3 cao v\u00e0\u00a0<\/span><strong class=\"ng-star-inserted\"><span class=\"ng-star-inserted\">ti\u1ebft ki\u1ec7m n\u0103ng l\u01b0\u1ee3ng<\/span><\/strong><span class=\"ng-star-inserted\">\u00a0t\u00ednh n\u0103ng, m\u00e1y t\u1ea1o h\u1ea1t c\u1ee7a ch\u00fang t\u00f4i \u0111\u01b0\u1ee3c s\u1eed d\u1ee5ng r\u1ed9ng r\u00e3i trong\u00a0<\/span><strong class=\"ng-star-inserted\"><span class=\"ng-star-inserted\">t\u00e1i ch\u1ebf r\u00e1c th\u1ea3i nh\u1ef1a<\/span><\/strong><span class=\"ng-star-inserted\">\u00a0v\u00e0 qu\u1ea3n l\u00fd nh\u1eefng ng\u01b0\u1eddi kh\u00f4ng tu\u00e2n th\u1ee7\u00a0<\/span><strong class=\"ng-star-inserted\"><span class=\"ng-star-inserted\">v\u1eadt li\u1ec7u nh\u1ef1a<\/span><\/strong><span class=\"ng-star-inserted\">. Thi\u1ebft k\u1ebf th\u1ef1c t\u1ebf v\u00e0 hi\u1ec7n \u0111\u1ea1i c\u1ee7a ch\u00fang l\u00e0m cho ch\u00fang tr\u1edf th\u00e0nh s\u1ef1 l\u1ef1a ch\u1ecdn l\u00fd t\u01b0\u1edfng \u0111\u1ec3 t\u1ed1i \u01b0u h\u00f3a\u00a0<\/span><strong class=\"ng-star-inserted\"><span class=\"ng-star-inserted\">ch\u1ebf bi\u1ebfn nh\u1ef1a<\/span><\/strong><span class=\"ng-star-inserted\">\u00a0ho\u1ea1t \u0111\u1ed9ng.<\/span><\/p>\n<h2>C\u00e1c b\u1ed9 ph\u1eadn ch\u00ednh c\u1ee7a m\u00e1y nghi\u1ec1n nh\u1ef1a:<\/h2>\n<figure id=\"attachment_1580\" aria-describedby=\"caption-attachment-1580\" style=\"width: 300px\" class=\"wp-caption alignnone\"><img fetchpriority=\"high\" decoding=\"async\" class=\"size-medium wp-image-1580\" src=\"https:\/\/topdagroup.com\/wp-content\/uploads\/2024\/01\/Topda-plastic-crusher-recycling-machine-257-300x300.webp\" alt=\"M\u00e1y nghi\u1ec1n nh\u1ef1a Topda m\u00e1y t\u00e1i ch\u1ebf nh\u1ef1a\" width=\"300\" height=\"300\" srcset=\"https:\/\/topdagroup.com\/wp-content\/uploads\/2024\/01\/elementor\/thumbs\/Topda-plastic-crusher-recycling-machine-257-r36iy6x5ei1blcy8qa6a24xx8ysct67a30x29z0qt4.webp 300w, https:\/\/topdagroup.com\/wp-content\/uploads\/2024\/01\/Topda-plastic-crusher-recycling-machine-257-150x150.webp 150w, https:\/\/topdagroup.com\/wp-content\/uploads\/2024\/01\/Topda-plastic-crusher-recycling-machine-257-768x768.webp 768w, https:\/\/topdagroup.com\/wp-content\/uploads\/2024\/01\/Topda-plastic-crusher-recycling-machine-257-600x600.webp 600w, https:\/\/topdagroup.com\/wp-content\/uploads\/2024\/01\/Topda-plastic-crusher-recycling-machine-257-100x100.webp 100w, https:\/\/topdagroup.com\/wp-content\/uploads\/2024\/01\/Topda-plastic-crusher-recycling-machine-257.webp 1000w\" sizes=\"(max-width: 300px) 100vw, 300px\" \/><figcaption id=\"caption-attachment-1580\" class=\"wp-caption-text\">M\u00e1y nghi\u1ec1n nh\u1ef1a Topda m\u00e1y t\u00e1i ch\u1ebf nh\u1ef1a<\/figcaption><\/figure>\n<p>&nbsp;<\/p>\n<figure id=\"attachment_1628\" aria-describedby=\"caption-attachment-1628\" style=\"width: 300px\" class=\"wp-caption alignnone\"><img decoding=\"async\" class=\"size-medium wp-image-1628\" src=\"https:\/\/topdagroup.com\/wp-content\/uploads\/2024\/01\/Topda-plastic-crusher-recycling-machine-305-300x300.webp\" alt=\"D\u00e2y chuy\u1ec1n t\u00e1i ch\u1ebf m\u00e1y nghi\u1ec1n nh\u1ef1a\" width=\"300\" height=\"300\" srcset=\"https:\/\/topdagroup.com\/wp-content\/uploads\/2024\/01\/Topda-plastic-crusher-recycling-machine-305-300x300.webp 300w, https:\/\/topdagroup.com\/wp-content\/uploads\/2024\/01\/Topda-plastic-crusher-recycling-machine-305-150x150.webp 150w, https:\/\/topdagroup.com\/wp-content\/uploads\/2024\/01\/Topda-plastic-crusher-recycling-machine-305-768x768.webp 768w, https:\/\/topdagroup.com\/wp-content\/uploads\/2024\/01\/Topda-plastic-crusher-recycling-machine-305-600x600.webp 600w, https:\/\/topdagroup.com\/wp-content\/uploads\/2024\/01\/Topda-plastic-crusher-recycling-machine-305-100x100.webp 100w, https:\/\/topdagroup.com\/wp-content\/uploads\/2024\/01\/Topda-plastic-crusher-recycling-machine-305.webp 1000w\" sizes=\"(max-width: 300px) 100vw, 300px\" \/><figcaption id=\"caption-attachment-1628\" class=\"wp-caption-text\">D\u00e2y chuy\u1ec1n t\u00e1i ch\u1ebf m\u00e1y nghi\u1ec1n nh\u1ef1a<\/figcaption><\/figure>\n<h2>Th\u00f4ng s\u1ed1 k\u1ef9 thu\u1eadt m\u00e1y nghi\u1ec1n nh\u1ef1a<\/h2>\n<table width=\"1002\">\n<tbody>\n<tr>\n<td colspan=\"12\" width=\"1002\">Th\u00f4ng s\u1ed1 k\u1ef9 thu\u1eadt m\u00e1y nghi\u1ec1n nh\u1ef1a<\/td>\n<\/tr>\n<tr>\n<td width=\"133\">Ng\u01b0\u1eddi m\u1eabu<\/td>\n<td width=\"79\">PC2520<\/td>\n<td width=\"79\">PC3126<\/td>\n<td width=\"79\">PC4128<\/td>\n<td width=\"79\">PC5032<\/td>\n<td width=\"79\">PC6032<\/td>\n<td width=\"79\">PC6238<\/td>\n<td width=\"79\">PC7146<\/td>\n<td width=\"79\">PC8146<\/td>\n<td width=\"79\">PC8152<\/td>\n<td width=\"79\">PC1064<\/td>\n<td width=\"79\">PC1072<\/td>\n<\/tr>\n<tr>\n<td width=\"133\">\u0110\u01b0\u1eddng k\u00ednh nghi\u1ec1n (mm)<\/td>\n<td width=\"79\">250*200<\/td>\n<td width=\"79\">310*265<\/td>\n<td width=\"79\">410*280<\/td>\n<td width=\"79\">500*320<\/td>\n<td width=\"79\">600*320<\/td>\n<td width=\"79\">620*380<\/td>\n<td width=\"79\">710*460<\/td>\n<td width=\"79\">810*460<\/td>\n<td width=\"79\">810*520<\/td>\n<td width=\"79\">1020*640<\/td>\n<td width=\"79\">1020*720<\/td>\n<\/tr>\n<tr>\n<td width=\"133\">Kh\u1ea3 n\u0103ng nghi\u1ec1n (kg\/h\uff09<\/td>\n<td width=\"79\">100-150<\/td>\n<td width=\"79\">150-200<\/td>\n<td width=\"79\">200-300<\/td>\n<td width=\"79\">300-400<\/td>\n<td width=\"79\">400-500<\/td>\n<td width=\"79\">500-600<\/td>\n<td width=\"79\">600-700<\/td>\n<td width=\"79\">700-800<\/td>\n<td width=\"79\">800-900<\/td>\n<td width=\"79\">900-1000<\/td>\n<td width=\"79\">1000-1200<\/td>\n<\/tr>\n<tr>\n<td width=\"133\">Dao c\u1ed1 \u0111\u1ecbnh\/m\u1ea3nh<\/td>\n<td width=\"79\">2<\/td>\n<td width=\"79\">2<\/td>\n<td width=\"79\">2<\/td>\n<td width=\"79\">2<\/td>\n<td width=\"79\">2<\/td>\n<td width=\"79\">2<\/td>\n<td width=\"79\">4<\/td>\n<td width=\"79\">\u00a0\u00a0\u00a0 4<\/td>\n<td width=\"79\">4<\/td>\n<td width=\"79\">4<\/td>\n<td width=\"79\">4<\/td>\n<\/tr>\n<tr>\n<td width=\"133\">Dao quay\/m\u1ea3nh<\/td>\n<td width=\"79\">12<\/td>\n<td width=\"79\">9<\/td>\n<td width=\"79\">12<\/td>\n<td width=\"79\">15<\/td>\n<td width=\"79\">18<\/td>\n<td width=\"79\">18<\/td>\n<td width=\"79\">21<\/td>\n<td width=\"79\">\u00a0\u00a0\u00a0 24<\/td>\n<td width=\"79\">24<\/td>\n<td width=\"79\">30<\/td>\n<td width=\"79\">30<\/td>\n<\/tr>\n<tr>\n<td width=\"133\">C\u00f4ng su\u1ea5t\/HP<\/td>\n<td width=\"79\">5<\/td>\n<td width=\"79\">75<\/td>\n<td width=\"79\">10<\/td>\n<td width=\"79\">15<\/td>\n<td width=\"79\">20<\/td>\n<td width=\"79\">30<\/td>\n<td width=\"79\">30<\/td>\n<td width=\"79\">\u00a0\u00a0\u00a0 40<\/td>\n<td width=\"79\">50<\/td>\n<td width=\"79\">60<\/td>\n<td width=\"79\">75<\/td>\n<\/tr>\n<tr>\n<td width=\"133\">C\u00f4ng su\u1ea5t\/KW<\/td>\n<td width=\"79\">4<\/td>\n<td width=\"79\">5.5<\/td>\n<td width=\"79\">75<\/td>\n<td width=\"79\">11<\/td>\n<td width=\"79\">15<\/td>\n<td width=\"79\">22<\/td>\n<td width=\"79\">22<\/td>\n<td width=\"79\">\u00a0\u00a0\u00a0 30<\/td>\n<td width=\"79\">37<\/td>\n<td width=\"79\">45<\/td>\n<td width=\"79\">55<\/td>\n<\/tr>\n<tr>\n<td width=\"133\">T\u1ed1c \u0111\u1ed9 (v\u00f2ng\/ph\u00fat)<\/td>\n<td width=\"79\">520<\/td>\n<td width=\"79\">520<\/td>\n<td width=\"79\">520<\/td>\n<td width=\"79\">520<\/td>\n<td width=\"79\">520<\/td>\n<td width=\"79\">520<\/td>\n<td width=\"79\">500<\/td>\n<td width=\"79\">\u00a0\u00a0\u00a0 500<\/td>\n<td width=\"79\">480<\/td>\n<td width=\"79\">480<\/td>\n<td width=\"79\">460<\/td>\n<\/tr>\n<tr>\n<td width=\"133\">L\u1ed7 \u0111o \u0111\u1ed9 d\u00e0y m\u00e0n h\u00ecnh (mm)<\/td>\n<td width=\"79\">8<\/td>\n<td width=\"79\">8<\/td>\n<td width=\"79\">8<\/td>\n<td width=\"79\">10<\/td>\n<td width=\"79\">10<\/td>\n<td width=\"79\">12<\/td>\n<td width=\"79\">12<\/td>\n<td width=\"79\">\u00a0\u00a0\u00a0 12<\/td>\n<td width=\"79\">12<\/td>\n<td width=\"79\">12<\/td>\n<td width=\"79\">12<\/td>\n<\/tr>\n<tr>\n<td width=\"133\">K\u00edch c\u1ee1<\/td>\n<td width=\"79\">940*600&#8243;1090<\/td>\n<td width=\"79\">1150720&#8243;1220<\/td>\n<td width=\"79\">1200*860\u00b01350<\/td>\n<td width=\"79\">1400*1000*1550<\/td>\n<td width=\"79\">1450\u00b01100*1650<\/td>\n<td width=\"79\">1600&#039;1250\u00b01550<\/td>\n<td width=\"79\">19001350\u00b02100<\/td>\n<td width=\"79\">2000*1500*2100<\/td>\n<td width=\"79\">2000&#8243;1500*2250<\/td>\n<td width=\"79\">2100&#8243;1750&#8217;2400<\/td>\n<td width=\"79\">2200*1800*2500<\/td>\n<\/tr>\n<tr>\n<td width=\"133\">Kh\u1ed1i l\u01b0\u1ee3ng t\u1ecbnh\/KG<\/td>\n<td width=\"79\">340<\/td>\n<td width=\"79\">400<\/td>\n<td width=\"79\">450<\/td>\n<td width=\"79\">680<\/td>\n<td width=\"79\">900<\/td>\n<td width=\"79\">1200<\/td>\n<td width=\"79\">1600<\/td>\n<td width=\"79\">\u00a0\u00a0 2000<\/td>\n<td width=\"79\">2400<\/td>\n<td width=\"79\">3000<\/td>\n<td width=\"79\">4000<\/td>\n<\/tr>\n<\/tbody>\n<\/table>","protected":false},"excerpt":{"rendered":"<p>Th\u00f4ng s\u1ed1 k\u1ef9 thu\u1eadt m\u00e1y nghi\u1ec1n nh\u1ef1a Nh\u00e0 s\u1ea3n xu\u1ea5t m\u00e1y nghi\u1ec1n nh\u1ef1a \u0111\u00e1ng tin c\u1eady t\u1ea1i Trung Qu\u1ed1c M\u00e1y nghi\u1ec1n nh\u1ef1a l\u00e0 g\u00ec? M\u00e1y nghi\u1ec1n nh\u1ef1a, c\u00f2n \u0111\u01b0\u1ee3c g\u1ecdi l\u00e0 m\u00e1y t\u1ea1o h\u1ea1t nh\u1ef1a, l\u00e0 thi\u1ebft b\u1ecb quan tr\u1ecdng trong d\u00e2y chuy\u1ec1n s\u1ea3n xu\u1ea5t t\u00e1i ch\u1ebf nh\u1ef1a, \u0111\u01b0\u1ee3c thi\u1ebft k\u1ebf \u0111\u1ec3 nhanh ch\u00f3ng v\u00e0 an to\u00e0n nghi\u1ec1n nh\u1ef1a c\u1ee9ng th\u00e0nh c\u00e1c m\u1ea3nh ho\u1eb7c h\u1ea1t \u0111\u1ed3ng nh\u1ea5t. L\u00e0 nh\u00e0 s\u1ea3n xu\u1ea5t h\u00e0ng \u0111\u1ea7u t\u1ea1i Trung Qu\u1ed1c, ch\u00fang t\u00f4i chuy\u00ean s\u1ea3n xu\u1ea5t m\u00e1y nghi\u1ec1n ch\u1ea5t l\u01b0\u1ee3ng cao \u0111\u1ec3 x\u1eed l\u00fd nhi\u1ec1u lu\u1ed3ng ch\u1ea5t th\u1ea3i nh\u1ef1a kh\u00e1c nhau, bao g\u1ed3m PET, m\u00e0ng nh\u1ef1a, nylon\u2026<\/p>","protected":false},"featured_media":1722,"comment_status":"open","ping_status":"closed","template":"","meta":{"_seopress_robots_primary_cat":"none","_seopress_titles_title":"","_seopress_titles_desc":"","_seopress_robots_index":"","_kad_post_transparent":"default","_kad_post_title":"","_kad_post_layout":"default","_kad_post_sidebar_id":"","_kad_post_content_style":"default","_kad_post_vertical_padding":"default","_kad_post_feature":"","_kad_post_feature_position":"","_kad_post_header":false,"_kad_post_footer":false,"_kad_post_classname":""},"product_brand":[],"product_cat":[21],"product_tag":[],"class_list":{"0":"post-1740","1":"product","2":"type-product","3":"status-publish","4":"has-post-thumbnail","6":"product_cat-plastic-crusher-machines","8":"first","9":"instock","10":"shipping-taxable","11":"product-type-simple","12":"entry","13":"content-bg","14":"loop-entry"},"_links":{"self":[{"href":"https:\/\/topdagroup.com\/vi\/wp-json\/wp\/v2\/product\/1740","targetHints":{"allow":["GET"]}}],"collection":[{"href":"https:\/\/topdagroup.com\/vi\/wp-json\/wp\/v2\/product"}],"about":[{"href":"https:\/\/topdagroup.com\/vi\/wp-json\/wp\/v2\/types\/product"}],"replies":[{"embeddable":true,"href":"https:\/\/topdagroup.com\/vi\/wp-json\/wp\/v2\/comments?post=1740"}],"wp:featuredmedia":[{"embeddable":true,"href":"https:\/\/topdagroup.com\/vi\/wp-json\/wp\/v2\/media\/1722"}],"wp:attachment":[{"href":"https:\/\/topdagroup.com\/vi\/wp-json\/wp\/v2\/media?parent=1740"}],"wp:term":[{"taxonomy":"product_brand","embeddable":true,"href":"https:\/\/topdagroup.com\/vi\/wp-json\/wp\/v2\/product_brand?post=1740"},{"taxonomy":"product_cat","embeddable":true,"href":"https:\/\/topdagroup.com\/vi\/wp-json\/wp\/v2\/product_cat?post=1740"},{"taxonomy":"product_tag","embeddable":true,"href":"https:\/\/topdagroup.com\/vi\/wp-json\/wp\/v2\/product_tag?post=1740"}],"curies":[{"name":"wp","href":"https:\/\/api.w.org\/{rel}","templated":true}]}}