{"id":46,"date":"2024-01-26T10:41:06","date_gmt":"2024-01-26T02:41:06","guid":{"rendered":"http:\/\/g.studywade.com\/?page_id=46"},"modified":"2025-04-09T20:18:25","modified_gmt":"2025-04-09T12:18:25","slug":"about","status":"publish","type":"page","link":"https:\/\/topdagroup.com\/vi\/about\/","title":{"rendered":"V\u1ec1"},"content":{"rendered":"<div data-elementor-type=\"wp-page\" data-elementor-id=\"46\" class=\"elementor elementor-46\" data-elementor-settings=\"{&quot;ha_cmc_init_switcher&quot;:&quot;no&quot;}\" data-elementor-post-type=\"page\">\n\t\t\t\t\t\t<section class=\"elementor-section elementor-top-section elementor-element elementor-element-56d44b5a elementor-section-height-min-height elementor-section-boxed elementor-section-height-default elementor-section-items-middle\" data-id=\"56d44b5a\" data-element_type=\"section\" data-e-type=\"section\" data-settings=\"{&quot;background_background&quot;:&quot;classic&quot;,&quot;_ha_eqh_enable&quot;:false}\">\n\t\t\t\t\t\t\t<div class=\"elementor-background-overlay\"><\/div>\n\t\t\t\t\t\t\t<div class=\"elementor-container elementor-column-gap-default\">\n\t\t\t\t\t<div class=\"elementor-column elementor-col-100 elementor-top-column elementor-element elementor-element-41605a27\" data-id=\"41605a27\" data-element_type=\"column\" data-e-type=\"column\" data-settings=\"{&quot;background_background&quot;:&quot;slideshow&quot;,&quot;background_slideshow_gallery&quot;:[],&quot;background_slideshow_loop&quot;:&quot;yes&quot;,&quot;background_slideshow_slide_duration&quot;:5000,&quot;background_slideshow_slide_transition&quot;:&quot;fade&quot;,&quot;background_slideshow_transition_duration&quot;:500}\">\n\t\t\t<div class=\"elementor-widget-wrap elementor-element-populated\">\n\t\t\t\t\t\t<div class=\"elementor-element elementor-element-34c5a4e4 elementor-widget elementor-widget-heading\" data-id=\"34c5a4e4\" data-element_type=\"widget\" data-e-type=\"widget\" data-widget_type=\"heading.default\">\n\t\t\t\t<div class=\"elementor-widget-container\">\n\t\t\t\t\t<h1 class=\"elementor-heading-title elementor-size-large\">M\u00e1y m\u00f3c Topda <br><span style=\"font-size: 26px;text-align: left;background-color: transparent\">Th\u00fac \u0111\u1ea9y s\u1ef1 \u0111\u1ed5i m\u1edbi trong t\u00e1i ch\u1ebf nh\u1ef1a t\u1eeb n\u0103m 2004<\/span><\/h1>\t\t\t\t<\/div>\n\t\t\t\t<\/div>\n\t\t\t\t<div class=\"elementor-element elementor-element-52869679 elementor-widget elementor-widget-text-editor\" data-id=\"52869679\" data-element_type=\"widget\" data-e-type=\"widget\" data-widget_type=\"text-editor.default\">\n\t\t\t\t<div class=\"elementor-widget-container\">\n\t\t\t\t\t\t\t\t\t<p>C\u00e1c doanh nghi\u1ec7p t\u00e1i ch\u1ebf nh\u1ef1a, c\u00f4ng ty m\u00f4i tr\u01b0\u1eddng, nh\u00e0 s\u1ea3n xu\u1ea5t bao b\u00ec, nh\u00e0 ch\u1ebf bi\u1ebfn ch\u1ea5t th\u1ea3i c\u00f4ng nghi\u1ec7p t\u1ea1i EU, Trung \u0110\u00f4ng, \u0110\u00f4ng Nam \u00c1<\/p>\t\t\t\t\t\t\t\t<\/div>\n\t\t\t\t<\/div>\n\t\t\t\t\t<\/div>\n\t\t<\/div>\n\t\t\t\t\t<\/div>\n\t\t<\/section>\n\t\t\t\t<section class=\"elementor-section elementor-top-section elementor-element elementor-element-37fe4cba elementor-section-content-middle elementor-reverse-mobile elementor-section-boxed elementor-section-height-default elementor-section-height-default\" data-id=\"37fe4cba\" data-element_type=\"section\" data-e-type=\"section\" data-settings=\"{&quot;background_background&quot;:&quot;classic&quot;,&quot;_ha_eqh_enable&quot;:false}\">\n\t\t\t\t\t\t\t<div class=\"elementor-background-overlay\"><\/div>\n\t\t\t\t\t\t\t<div class=\"elementor-container elementor-column-gap-no\">\n\t\t\t\t\t<div class=\"elementor-column elementor-col-50 elementor-top-column elementor-element elementor-element-66ff1b0\" data-id=\"66ff1b0\" data-element_type=\"column\" data-e-type=\"column\" data-settings=\"{&quot;background_background&quot;:&quot;classic&quot;}\">\n\t\t\t<div class=\"elementor-widget-wrap elementor-element-populated\">\n\t\t\t\t\t\t<div class=\"elementor-element elementor-element-11ecba4 elementor-widget elementor-widget-image\" data-id=\"11ecba4\" data-element_type=\"widget\" data-e-type=\"widget\" data-widget_type=\"image.default\">\n\t\t\t\t<div class=\"elementor-widget-container\">\n\t\t\t\t\t\t\t\t\t\t\t\t\t\t\t<img fetchpriority=\"high\" decoding=\"async\" width=\"630\" height=\"480\" src=\"https:\/\/topdagroup.com\/wp-content\/uploads\/2024\/01\/about-us.webp\" class=\"attachment-full size-full wp-image-68\" alt=\"\" srcset=\"https:\/\/topdagroup.com\/wp-content\/uploads\/2024\/01\/about-us.webp 630w, https:\/\/topdagroup.com\/wp-content\/uploads\/2024\/01\/about-us-600x457.webp 600w, https:\/\/topdagroup.com\/wp-content\/uploads\/2024\/01\/about-us-300x229.webp 300w\" sizes=\"(max-width: 630px) 100vw, 630px\" \/>\t\t\t\t\t\t\t\t\t\t\t\t\t\t\t<\/div>\n\t\t\t\t<\/div>\n\t\t\t\t\t<\/div>\n\t\t<\/div>\n\t\t\t\t<div class=\"elementor-column elementor-col-50 elementor-top-column elementor-element elementor-element-480fe3d6\" data-id=\"480fe3d6\" data-element_type=\"column\" data-e-type=\"column\">\n\t\t\t<div class=\"elementor-widget-wrap elementor-element-populated\">\n\t\t\t\t\t\t<div class=\"elementor-element elementor-element-6cf88bdc elementor-widget elementor-widget-text-editor\" data-id=\"6cf88bdc\" data-element_type=\"widget\" data-e-type=\"widget\" data-widget_type=\"text-editor.default\">\n\t\t\t\t<div class=\"elementor-widget-container\">\n\t\t\t\t\t\t\t\t\t<p>C\u00f4ng ty TNHH M\u00e1y m\u00f3c Topda, \u0111\u01b0\u1ee3c th\u00e0nh l\u1eadp v\u00e0o n\u0103m 2008, t\u1ecda l\u1ea1c t\u1ea1i th\u00e0nh ph\u1ed1 \u0110\u00f4ng Quan, t\u1ec9nh Qu\u1ea3ng \u0110\u00f4ng v\u00e0 tr\u1edf th\u00e0nh m\u1ed9t trong nh\u1eefng c\u00f4ng ty h\u00e0ng \u0111\u1ea7u trong ng\u00e0nh thi\u1ebft b\u1ecb nh\u1ef1a ph\u1ee5 tr\u1ee3 t\u1ea1i Trung Qu\u1ed1c, chuy\u00ean nghi\u00ean c\u1ee9u, thi\u1ebft k\u1ebf, s\u1ea3n xu\u1ea5t v\u00e0 ph\u00e2n ph\u1ed1i. C\u00f4ng ty M\u00e1y m\u00f3c Topda hi\u1ec7n c\u00f3 di\u1ec7n t\u00edch h\u01a1n 13000 m\u00e9t vu\u00f4ng v\u00e0 s\u1edf h\u1eefu h\u01a1n m\u1ed9t tri\u1ec7u t\u00e0i s\u1ea3n c\u1ed1 \u0111\u1ecbnh v\u00e0 thi\u1ebft b\u1ecb tuy\u1ec7t v\u1eddi, c\u00f9ng h\u01a1n 200 nh\u00e2n vi\u00ean.<\/p>\t\t\t\t\t\t\t\t<\/div>\n\t\t\t\t<\/div>\n\t\t\t\t\t<\/div>\n\t\t<\/div>\n\t\t\t\t\t<\/div>\n\t\t<\/section>\n\t\t\t\t<section class=\"elementor-section elementor-top-section elementor-element elementor-element-a9bd3dc elementor-section-content-middle elementor-reverse-mobile elementor-section-boxed elementor-section-height-default elementor-section-height-default\" data-id=\"a9bd3dc\" data-element_type=\"section\" data-e-type=\"section\" data-settings=\"{&quot;background_background&quot;:&quot;classic&quot;,&quot;_ha_eqh_enable&quot;:false}\">\n\t\t\t\t\t\t\t<div class=\"elementor-background-overlay\"><\/div>\n\t\t\t\t\t\t\t<div class=\"elementor-container elementor-column-gap-no\">\n\t\t\t\t\t<div class=\"elementor-column elementor-col-50 elementor-top-column elementor-element elementor-element-02403b3\" data-id=\"02403b3\" data-element_type=\"column\" data-e-type=\"column\">\n\t\t\t<div class=\"elementor-widget-wrap elementor-element-populated\">\n\t\t\t\t\t\t<div class=\"elementor-element elementor-element-5daef95 elementor-widget elementor-widget-text-editor\" data-id=\"5daef95\" data-element_type=\"widget\" data-e-type=\"widget\" data-widget_type=\"text-editor.default\">\n\t\t\t\t<div class=\"elementor-widget-container\">\n\t\t\t\t\t\t\t\t\t<p>S\u1ea3n ph\u1ea9m c\u1ee7a ch\u00fang t\u00f4i bao g\u1ed3m m\u00e1y nghi\u1ec1n v\u1ea3y\/m\u00e0ng\/cao su, m\u00e1y nghi\u1ec1n t\u1ed1c \u0111\u1ed9 ch\u1eadm\/n\u1ea1p l\u1ea1i nhanh, m\u00e1y tr\u1ed9n m\u00e0u, m\u00e1y nghi\u1ec1n PP\/PE\/PVC, m\u00e1y k\u1ebft t\u1ee5 m\u00e0ng, m\u00e1y c\u1eaft nh\u1ecf, m\u00e1y s\u1ea5y ph\u1ec5u, m\u00e1y n\u1ea1p t\u1ef1 \u0111\u1ed9ng, m\u00e1y l\u00e0m l\u1ea1nh n\u01b0\u1edbc, th\u00e1p gi\u1ea3i nhi\u1ec7t, m\u00e1y h\u00fat \u1ea9m v\u00e0 b\u1ed9 \u0111i\u1ec1u khi\u1ec3n nhi\u1ec7t \u0111\u1ed9 khu\u00f4n v\u1edbi h\u01a1n 500 m\u1eabu m\u00e3.<\/p><p>Thi\u1ebft k\u1ebf ti\u00ean ti\u1ebfn, ti\u1ebft ki\u1ec7m n\u0103ng l\u01b0\u1ee3ng v\u00e0 n\u0103ng su\u1ea5t cao v\u1eabn l\u00e0 \u0111\u1eb7c \u0111i\u1ec3m c\u1ee7a s\u1ea3n ph\u1ea9m c\u1ee7a ch\u00fang t\u00f4i. Tr\u00ecnh \u0111\u1ed9 k\u1ef9 thu\u1eadt v\u00e0 t\u1ea5t c\u1ea3 c\u00e1c ch\u1ec9 s\u1ed1 \u0111\u1ec1u \u0111\u1ea1t ti\u00eau chu\u1ea9n qu\u1ed1c t\u1ebf, v\u1edbi n\u0103m h\u1ea1ng m\u1ee5c gi\u00e0nh \u0111\u01b0\u1ee3c b\u1eb1ng s\u00e1ng ch\u1ebf qu\u1ed1c gia.<\/p><p>Kh\u00e1ch h\u00e0ng h\u00e0i l\u00f2ng t\u1ea1i h\u01a1n 60 qu\u1ed1c gia \u1edf Ch\u00e2u \u00c1, Ch\u00e2u Phi v\u00e0 . B\u1ea5t c\u1ee9 khi n\u00e0o m\u00e1y m\u00f3c c\u1ee7a ch\u00fang t\u00f4i \u0111\u01b0\u1ee3c xu\u1ea5t x\u01b0\u1edfng, ch\u00fang \u0111\u1ec1u \u0111\u01b0\u1ee3c khen ng\u1ee3i r\u1ed9ng r\u00e3i v\u00e0 gi\u00e0nh \u0111\u01b0\u1ee3c \u0111\u00e1nh gi\u00e1 t\u1ed1t t\u1eeb \u0111\u1ea1i \u0111a s\u1ed1 kh\u00e1ch h\u00e0ng.<\/p>\t\t\t\t\t\t\t\t<\/div>\n\t\t\t\t<\/div>\n\t\t\t\t\t<\/div>\n\t\t<\/div>\n\t\t\t\t<div class=\"elementor-column elementor-col-50 elementor-top-column elementor-element elementor-element-1ef30df\" data-id=\"1ef30df\" data-element_type=\"column\" data-e-type=\"column\" data-settings=\"{&quot;background_background&quot;:&quot;classic&quot;}\">\n\t\t\t<div class=\"elementor-widget-wrap elementor-element-populated\">\n\t\t\t\t\t\t<div class=\"elementor-element elementor-element-8651586 elementor-widget elementor-widget-image\" data-id=\"8651586\" data-element_type=\"widget\" data-e-type=\"widget\" data-widget_type=\"image.default\">\n\t\t\t\t<div class=\"elementor-widget-container\">\n\t\t\t\t\t\t\t\t\t\t\t\t\t\t\t<img decoding=\"async\" width=\"500\" height=\"500\" src=\"https:\/\/topdagroup.com\/wp-content\/uploads\/2024\/01\/3-Plastic-Shredder.webp\" class=\"attachment-full size-full wp-image-1914\" alt=\"M\u00e1y h\u1ee7y nh\u1ef1a\" srcset=\"https:\/\/topdagroup.com\/wp-content\/uploads\/2024\/01\/3-Plastic-Shredder.webp 500w, https:\/\/topdagroup.com\/wp-content\/uploads\/2024\/01\/3-Plastic-Shredder-300x300.webp 300w, https:\/\/topdagroup.com\/wp-content\/uploads\/2024\/01\/3-Plastic-Shredder-150x150.webp 150w, https:\/\/topdagroup.com\/wp-content\/uploads\/2024\/01\/3-Plastic-Shredder-12x12.webp 12w, https:\/\/topdagroup.com\/wp-content\/uploads\/2024\/01\/3-Plastic-Shredder-100x100.webp 100w\" sizes=\"(max-width: 500px) 100vw, 500px\" \/>\t\t\t\t\t\t\t\t\t\t\t\t\t\t\t<\/div>\n\t\t\t\t<\/div>\n\t\t\t\t\t<\/div>\n\t\t<\/div>\n\t\t\t\t\t<\/div>\n\t\t<\/section>\n\t\t\t\t<\/div>","protected":false},"excerpt":{"rendered":"<p>Topda Machinery Driving Innovation in Plastic Recycling Since 2004 Plastic recycling enterprises, environmental companies, packaging manufacturers, industrial waste processors in EU, Middle East, Southeast Asia Topda Machinery Co., Ltd., established in 2008, is located at Dongguan city, Guangdong province and becomes one of leaders in auxiliary plastic equipment industry in China, specializing in research, designs,&#8230;<\/p>","protected":false},"author":1,"featured_media":2148,"parent":0,"menu_order":0,"comment_status":"closed","ping_status":"closed","template":"","meta":{"_seopress_robots_primary_cat":"","_seopress_titles_title":"","_seopress_titles_desc":"","_seopress_robots_index":"","_kad_post_transparent":"","_kad_post_title":"hide","_kad_post_layout":"fullwidth","_kad_post_sidebar_id":"","_kad_post_content_style":"unboxed","_kad_post_vertical_padding":"hide","_kad_post_feature":"hide","_kad_post_feature_position":"","_kad_post_header":false,"_kad_post_footer":false,"_kad_post_classname":"","footnotes":""},"class_list":["post-46","page","type-page","status-publish","has-post-thumbnail","hentry"],"_links":{"self":[{"href":"https:\/\/topdagroup.com\/vi\/wp-json\/wp\/v2\/pages\/46","targetHints":{"allow":["GET"]}}],"collection":[{"href":"https:\/\/topdagroup.com\/vi\/wp-json\/wp\/v2\/pages"}],"about":[{"href":"https:\/\/topdagroup.com\/vi\/wp-json\/wp\/v2\/types\/page"}],"author":[{"embeddable":true,"href":"https:\/\/topdagroup.com\/vi\/wp-json\/wp\/v2\/users\/1"}],"replies":[{"embeddable":true,"href":"https:\/\/topdagroup.com\/vi\/wp-json\/wp\/v2\/comments?post=46"}],"version-history":[{"count":0,"href":"https:\/\/topdagroup.com\/vi\/wp-json\/wp\/v2\/pages\/46\/revisions"}],"wp:featuredmedia":[{"embeddable":true,"href":"https:\/\/topdagroup.com\/vi\/wp-json\/wp\/v2\/media\/2148"}],"wp:attachment":[{"href":"https:\/\/topdagroup.com\/vi\/wp-json\/wp\/v2\/media?parent=46"}],"curies":[{"name":"wp","href":"https:\/\/api.w.org\/{rel}","templated":true}]}}