{"id":158,"date":"2024-01-26T17:07:39","date_gmt":"2024-01-26T09:07:39","guid":{"rendered":"http:\/\/g.studywade.com\/?page_id=158"},"modified":"2025-09-08T11:17:26","modified_gmt":"2025-09-08T03:17:26","slug":"faq","status":"publish","type":"page","link":"https:\/\/topdagroup.com\/vi\/faq\/","title":{"rendered":"C\u00e2u h\u1ecfi th\u01b0\u1eddng g\u1eb7p"},"content":{"rendered":"<div data-elementor-type=\"wp-page\" data-elementor-id=\"158\" class=\"elementor elementor-158\" data-elementor-settings=\"{&quot;ha_cmc_init_switcher&quot;:&quot;no&quot;}\" data-elementor-post-type=\"page\">\n\t\t\t\t\t\t<section class=\"elementor-section elementor-top-section elementor-element elementor-element-c88ea0c elementor-section-height-min-height elementor-section-boxed elementor-section-height-default elementor-section-items-middle\" data-id=\"c88ea0c\" data-element_type=\"section\" data-e-type=\"section\" data-settings=\"{&quot;_ha_eqh_enable&quot;:false}\">\n\t\t\t\t\t\t\t<div class=\"elementor-background-overlay\"><\/div>\n\t\t\t\t\t\t\t<div class=\"elementor-container elementor-column-gap-default\">\n\t\t\t\t\t<div class=\"elementor-column elementor-col-100 elementor-top-column elementor-element elementor-element-1222ef15\" data-id=\"1222ef15\" data-element_type=\"column\" data-e-type=\"column\">\n\t\t\t<div class=\"elementor-widget-wrap elementor-element-populated\">\n\t\t\t\t\t\t<div class=\"elementor-element elementor-element-6db60b00 elementor-widget elementor-widget-heading\" data-id=\"6db60b00\" data-element_type=\"widget\" data-e-type=\"widget\" data-widget_type=\"heading.default\">\n\t\t\t\t<div class=\"elementor-widget-container\">\n\t\t\t\t\t<h1 class=\"elementor-heading-title elementor-size-default\">\u1ee8ng d\u1ee5ng<\/h1>\t\t\t\t<\/div>\n\t\t\t\t<\/div>\n\t\t\t\t<div class=\"elementor-element elementor-element-91da3df elementor-widget elementor-widget-text-editor\" data-id=\"91da3df\" data-element_type=\"widget\" data-e-type=\"widget\" data-widget_type=\"text-editor.default\">\n\t\t\t\t<div class=\"elementor-widget-container\">\n\t\t\t\t\t\t\t\t\t<p>Topda Machinery lu\u00f4n s\u1eb5n s\u00e0ng gi\u1ea3i \u0111\u00e1p m\u1ecdi th\u1eafc m\u1eafc c\u1ee7a b\u1ea1n t\u1eeb kh\u00e2u mua h\u00e0ng cho \u0111\u1ebfn kh\u00e2u giao h\u00e0ng cu\u1ed1i c\u00f9ng.<\/p>\t\t\t\t\t\t\t\t<\/div>\n\t\t\t\t<\/div>\n\t\t\t\t\t<\/div>\n\t\t<\/div>\n\t\t\t\t\t<\/div>\n\t\t<\/section>\n\t\t\t\t<section class=\"elementor-section elementor-top-section elementor-element elementor-element-75a4dc74 elementor-section-content-middle elementor-section-boxed elementor-section-height-default elementor-section-height-default\" data-id=\"75a4dc74\" data-element_type=\"section\" data-e-type=\"section\" data-settings=\"{&quot;_ha_eqh_enable&quot;:false}\">\n\t\t\t\t\t\t<div class=\"elementor-container elementor-column-gap-no\">\n\t\t\t\t\t<div class=\"elementor-column elementor-col-50 elementor-top-column elementor-element elementor-element-41f29001\" data-id=\"41f29001\" data-element_type=\"column\" data-e-type=\"column\">\n\t\t\t<div class=\"elementor-widget-wrap elementor-element-populated\">\n\t\t\t\t\t\t<div class=\"elementor-element elementor-element-4edc8feb elementor-widget elementor-widget-toggle\" data-id=\"4edc8feb\" data-element_type=\"widget\" data-e-type=\"widget\" data-widget_type=\"toggle.default\">\n\t\t\t\t<div class=\"elementor-widget-container\">\n\t\t\t\t\t\t\t<div class=\"elementor-toggle\">\n\t\t\t\t\t\t\t<div class=\"elementor-toggle-item\">\n\t\t\t\t\t<div id=\"elementor-tab-title-1321\" class=\"elementor-tab-title\" data-tab=\"1\" role=\"button\" aria-controls=\"elementor-tab-content-1321\" aria-expanded=\"false\">\n\t\t\t\t\t\t\t\t\t\t\t\t<span class=\"elementor-toggle-icon elementor-toggle-icon-right\" aria-hidden=\"true\">\n\t\t\t\t\t\t\t\t\t\t\t\t\t\t\t<span class=\"elementor-toggle-icon-closed\"><svg class=\"e-font-icon-svg e-fas-caret-right\" viewbox=\"0 0 192 512\" xmlns=\"http:\/\/www.w3.org\/2000\/svg\"><path d=\"M0 384.662V127.338c0-17.818 21.543-26.741 34.142-14.142l128.662 128.662c7.81 7.81 7.81 20.474 0 28.284L34.142 398.804C21.543 411.404 0 402.48 0 384.662z\"><\/path><\/svg><\/span>\n\t\t\t\t\t\t\t\t<span class=\"elementor-toggle-icon-opened\"><svg class=\"elementor-toggle-icon-opened e-font-icon-svg e-fas-caret-up\" viewbox=\"0 0 320 512\" xmlns=\"http:\/\/www.w3.org\/2000\/svg\"><path d=\"M288.662 352H31.338c-17.818 0-26.741-21.543-14.142-34.142l128.662-128.662c7.81-7.81 20.474-7.81 28.284 0l128.662 128.662c12.6 12.599 3.676 34.142-14.142 34.142z\"><\/path><\/svg><\/span>\n\t\t\t\t\t\t\t\t\t\t\t\t\t<\/span>\n\t\t\t\t\t\t\t\t\t\t\t\t<a class=\"elementor-toggle-title\" tabindex=\"0\">Topda cung c\u1ea5p nh\u1eefng g\u00ec?<\/a>\n\t\t\t\t\t<\/div>\n\n\t\t\t\t\t<div id=\"elementor-tab-content-1321\" class=\"elementor-tab-content elementor-clearfix\" data-tab=\"1\" role=\"region\" aria-labelledby=\"elementor-tab-title-1321\"><p>Topda l\u00e0 nh\u00e0 s\u1ea3n xu\u1ea5t m\u00e1y m\u00f3c nh\u1ef1a ph\u1ee5 tr\u1ee3 v\u00e0 c\u00f3 nh\u00e0 m\u00e1y ri\u00eang trong h\u01a1n 20 n\u0103m.<\/p><\/div>\n\t\t\t\t<\/div>\n\t\t\t\t\t\t\t\t<\/div>\n\t\t\t\t\t\t<\/div>\n\t\t\t\t<\/div>\n\t\t\t\t\t<\/div>\n\t\t<\/div>\n\t\t\t\t<div class=\"elementor-column elementor-col-50 elementor-top-column elementor-element elementor-element-380c274\" data-id=\"380c274\" data-element_type=\"column\" data-e-type=\"column\">\n\t\t\t<div class=\"elementor-widget-wrap elementor-element-populated\">\n\t\t\t\t\t\t<div class=\"elementor-element elementor-element-a1b3222 elementor-widget elementor-widget-toggle\" data-id=\"a1b3222\" data-element_type=\"widget\" data-e-type=\"widget\" data-widget_type=\"toggle.default\">\n\t\t\t\t<div class=\"elementor-widget-container\">\n\t\t\t\t\t\t\t<div class=\"elementor-toggle\">\n\t\t\t\t\t\t\t<div class=\"elementor-toggle-item\">\n\t\t\t\t\t<div id=\"elementor-tab-title-1691\" class=\"elementor-tab-title\" data-tab=\"1\" role=\"button\" aria-controls=\"elementor-tab-content-1691\" aria-expanded=\"false\">\n\t\t\t\t\t\t\t\t\t\t\t\t<span class=\"elementor-toggle-icon elementor-toggle-icon-right\" aria-hidden=\"true\">\n\t\t\t\t\t\t\t\t\t\t\t\t\t\t\t<span class=\"elementor-toggle-icon-closed\"><svg class=\"e-font-icon-svg e-fas-caret-right\" viewbox=\"0 0 192 512\" xmlns=\"http:\/\/www.w3.org\/2000\/svg\"><path d=\"M0 384.662V127.338c0-17.818 21.543-26.741 34.142-14.142l128.662 128.662c7.81 7.81 7.81 20.474 0 28.284L34.142 398.804C21.543 411.404 0 402.48 0 384.662z\"><\/path><\/svg><\/span>\n\t\t\t\t\t\t\t\t<span class=\"elementor-toggle-icon-opened\"><svg class=\"elementor-toggle-icon-opened e-font-icon-svg e-fas-caret-up\" viewbox=\"0 0 320 512\" xmlns=\"http:\/\/www.w3.org\/2000\/svg\"><path d=\"M288.662 352H31.338c-17.818 0-26.741-21.543-14.142-34.142l128.662-128.662c7.81-7.81 20.474-7.81 28.284 0l128.662 128.662c12.6 12.599 3.676 34.142-14.142 34.142z\"><\/path><\/svg><\/span>\n\t\t\t\t\t\t\t\t\t\t\t\t\t<\/span>\n\t\t\t\t\t\t\t\t\t\t\t\t<a class=\"elementor-toggle-title\" tabindex=\"0\">M\u00e1y nghi\u1ec1n khay cho kh\u00e1ch h\u00e0ng \u1ea4n \u0110\u1ed9 <\/a>\n\t\t\t\t\t<\/div>\n\n\t\t\t\t\t<div id=\"elementor-tab-content-1691\" class=\"elementor-tab-content elementor-clearfix\" data-tab=\"1\" role=\"region\" aria-labelledby=\"elementor-tab-title-1691\"><p class=\"ds-markdown-paragraph\"><strong>N\u00e2ng cao hi\u1ec7u qu\u1ea3 v\u1edbi m\u00e1y nghi\u1ec1n khay TOPDA: C\u00e2u chuy\u1ec7n th\u00e0nh c\u00f4ng t\u1eeb \u1ea4n \u0110\u1ed9<\/strong><\/p><figure id=\"attachment_2698\" aria-describedby=\"caption-attachment-2698\" style=\"width: 225px\" class=\"wp-caption alignnone\"><img fetchpriority=\"high\" decoding=\"async\" class=\"size-medium wp-image-2698\" src=\"https:\/\/topdagroup.com\/wp-content\/uploads\/2025\/06\/Crusher-for-CMC-PERU-1-225x300.jpg\" alt=\"m\u00e1y nghi\u1ec1n khay\" width=\"225\" height=\"300\" srcset=\"https:\/\/topdagroup.com\/wp-content\/uploads\/2025\/06\/Crusher-for-CMC-PERU-1-225x300.jpg 225w, https:\/\/topdagroup.com\/wp-content\/uploads\/2025\/06\/Crusher-for-CMC-PERU-1-768x1024.jpg 768w, https:\/\/topdagroup.com\/wp-content\/uploads\/2025\/06\/Crusher-for-CMC-PERU-1-1152x1536.jpg 1152w, https:\/\/topdagroup.com\/wp-content\/uploads\/2025\/06\/Crusher-for-CMC-PERU-1-1536x2048.jpg 1536w, https:\/\/topdagroup.com\/wp-content\/uploads\/2025\/06\/Crusher-for-CMC-PERU-1-9x12.jpg 9w, https:\/\/topdagroup.com\/wp-content\/uploads\/2025\/06\/Crusher-for-CMC-PERU-1-600x800.jpg 600w, https:\/\/topdagroup.com\/wp-content\/uploads\/2025\/06\/Crusher-for-CMC-PERU-1-scaled.jpg 1920w\" sizes=\"(max-width: 225px) 100vw, 225px\" \/><figcaption id=\"caption-attachment-2698\" class=\"wp-caption-text\">m\u00e1y nghi\u1ec1n khay<\/figcaption><\/figure><p class=\"ds-markdown-paragraph\">T\u1ea1i Topda, ch\u00fang t\u00f4i t\u1ef1 h\u00e0o cung c\u1ea5p c\u00e1c gi\u1ea3i ph\u00e1p c\u00f4ng nghi\u1ec7p th\u00fac \u0111\u1ea9y n\u0103ng su\u1ea5t v\u00e0 t\u00ednh b\u1ec1n v\u1eefng. M\u1ed9t trong nh\u1eefng quan h\u1ec7 \u0111\u1ed1i t\u00e1c g\u1ea7n \u0111\u00e2y c\u1ee7a ch\u00fang t\u00f4i v\u1edbi m\u1ed9t nh\u00e0 m\u00e1y s\u1ea3n xu\u1ea5t t\u1ea1i \u1ea4n \u0110\u1ed9 \u0111\u00e3 n\u00eau b\u1eadt t\u00e1c \u0111\u1ed9ng chuy\u1ec3n \u0111\u1ed5i c\u1ee7a ch\u00fang t\u00f4i. <strong>M\u00e1y nghi\u1ec1n khay<\/strong>\u2014m\u1ed9t lo\u1ea1i m\u00e1y \u0111\u01b0\u1ee3c thi\u1ebft k\u1ebf \u0111\u1ec3 x\u1eed l\u00fd c\u00e1c v\u1eadt li\u1ec7u c\u1ee9ng nh\u01b0 khay t\u1ea5m PVC m\u1ed9t c\u00e1ch ch\u00ednh x\u00e1c v\u00e0 \u0111\u00e1ng tin c\u1eady.<\/p><h3>Th\u1eed th\u00e1ch<\/h3><p class=\"ds-markdown-paragraph\">Kh\u00e1ch h\u00e0ng, m\u1ed9t nh\u00e0 s\u1ea3n xu\u1ea5t s\u1ea3n ph\u1ea9m PVC h\u00e0ng \u0111\u1ea7u t\u1ea1i \u1ea4n \u0110\u1ed9, \u0111ang g\u1eb7p kh\u00f3 kh\u0103n trong vi\u1ec7c qu\u1ea3n l\u00fd ch\u1ea5t th\u1ea3i ph\u00e1t sinh trong qu\u00e1 tr\u00ecnh s\u1ea3n xu\u1ea5t. Quy tr\u00ecnh c\u1ee7a h\u1ecd bao g\u1ed3m vi\u1ec7c x\u1eed l\u00fd c\u00e1c khay t\u1ea5m PVC \u0111\u00e3 qua s\u1eed d\u1ee5ng, v\u1ed1n t\u00edch t\u1ee5 nhanh ch\u00f3ng v\u00e0 chi\u1ebfm nhi\u1ec1u di\u1ec7n t\u00edch. Vi\u1ec7c x\u1eed l\u00fd th\u1ee7 c\u00f4ng t\u1ed1n th\u1eddi gian, kh\u00f4ng hi\u1ec7u qu\u1ea3 v\u00e0 kh\u00f4ng b\u1ec1n v\u1eefng v\u1edbi m\u00f4i tr\u01b0\u1eddng.<\/p><h3>Gi\u1ea3i ph\u00e1p<\/h3><p class=\"ds-markdown-paragraph\">Ch\u00fang t\u00f4i \u0111\u1ec1 ngh\u1ecb c\u1ee7a ch\u00fang t\u00f4i\u00a0<strong>M\u00e1y nghi\u1ec1n khay<\/strong>, \u0111\u01b0\u1ee3c thi\u1ebft k\u1ebf \u0111\u1ec3 nghi\u1ec1n c\u00e1c khay t\u1ea5m PVC th\u00e0nh c\u00e1c m\u1ea3nh c\u00f3 k\u00edch th\u01b0\u1edbc \u0111\u1ed3ng \u0111\u1ec1u. C\u1ea5u tr\u00fac ch\u1eafc ch\u1eafn, giao di\u1ec7n th\u00e2n thi\u1ec7n v\u1edbi ng\u01b0\u1eddi d\u00f9ng v\u00e0 thi\u1ebft k\u1ebf \u00edt b\u1ea3o tr\u00ec khi\u1ebfn n\u00f3 tr\u1edf th\u00e0nh l\u1ef1a ch\u1ecdn ho\u00e0n h\u1ea3o cho nhu c\u1ea7u v\u1eadn h\u00e0nh c\u1ee7a h\u1ecd.<\/p><h3>K\u1ebft qu\u1ea3<\/h3><p class=\"ds-markdown-paragraph\">Sau khi t\u00edch h\u1ee3p M\u00e1y nghi\u1ec1n khay v\u00e0o quy tr\u00ecnh l\u00e0m vi\u1ec7c c\u1ee7a h\u1ecd, kh\u00e1ch h\u00e0ng \u0111\u00e3 b\u00e1o c\u00e1o:<\/p><ul><li><p class=\"ds-markdown-paragraph\"><strong>T\u0103ng hi\u1ec7u qu\u1ea3<\/strong>: Gi\u1ea3m th\u1eddi gian x\u1eed l\u00fd h\u01a1n 50%.<\/p><\/li><li><p class=\"ds-markdown-paragraph\"><strong>Ti\u1ebft ki\u1ec7m chi ph\u00ed<\/strong>: Gi\u1ea3m chi ph\u00ed x\u1eed l\u00fd ch\u1ea5t th\u1ea3i v\u00e0 gi\u1ea3m thi\u1ec3u lao \u0111\u1ed9ng th\u1ee7 c\u00f4ng.<\/p><\/li><li><p class=\"ds-markdown-paragraph\"><strong>T\u1ed1i \u01b0u h\u00f3a kh\u00f4ng gian<\/strong>: Khay b\u1ecb nghi\u1ec1n chi\u1ebfm \u00edt h\u01a1n 70% kh\u00f4ng gian l\u01b0u tr\u1eef.<\/p><\/li><li><p class=\"ds-markdown-paragraph\"><strong>L\u1ee3i \u00edch v\u1ec1 m\u00f4i tr\u01b0\u1eddng<\/strong>: Cho ph\u00e9p t\u00e1i ch\u1ebf ch\u1ea5t th\u1ea3i PVC, h\u1ed7 tr\u1ee3 c\u00e1c m\u1ee5c ti\u00eau ph\u00e1t tri\u1ec3n b\u1ec1n v\u1eefng.<\/p><\/li><\/ul><p class=\"ds-markdown-paragraph\">Kh\u00e1ch h\u00e0ng khen ng\u1ee3i \u0111\u1ed9 b\u1ec1n v\u00e0 hi\u1ec7u su\u1ea5t c\u1ee7a m\u00e1y v\u00e0 n\u00f3i r\u1eb1ng:<br \/><em>\u201cM\u00e1y nghi\u1ec1n khay \u0111\u00e3 c\u00e1ch m\u1ea1ng h\u00f3a quy tr\u00ecnh qu\u1ea3n l\u00fd ch\u1ea5t th\u1ea3i c\u1ee7a ch\u00fang t\u00f4i. N\u00f3 hi\u1ec7u qu\u1ea3, \u0111\u00e1ng tin c\u1eady v\u00e0 b\u1ec1n b\u1ec9.\u201d<\/em><\/p><h3>T\u1ea1i sao n\u00ean ch\u1ecdn m\u00e1y nghi\u1ec1n khay c\u1ee7a ch\u00fang t\u00f4i?<\/h3><ul><li><p class=\"ds-markdown-paragraph\">\u2705 C\u00f3 th\u1ec3 t\u00f9y ch\u1ec9nh cho nhi\u1ec1u lo\u1ea1i v\u1eadt li\u1ec7u v\u00e0 k\u00edch th\u01b0\u1edbc \u0111\u1ea7u ra kh\u00e1c nhau<\/p><\/li><li><p class=\"ds-markdown-paragraph\">\u2705 Ti\u00eau th\u1ee5 n\u0103ng l\u01b0\u1ee3ng th\u1ea5p v\u00e0 b\u1ea3o tr\u00ec t\u1ed1i thi\u1ec3u<\/p><\/li><li><p class=\"ds-markdown-paragraph\">\u2705 \u0110\u01b0\u1ee3c thi\u1ebft k\u1ebf \u0111\u1ec3 ho\u1ea1t \u0111\u1ed9ng li\u00ean t\u1ee5c trong \u0111i\u1ec1u ki\u1ec7n t\u1ea3i n\u1eb7ng<\/p><\/li><li><p class=\"ds-markdown-paragraph\">\u2705 \u0110\u01b0\u1ee3c h\u1ed7 tr\u1ee3 b\u1edfi d\u1ecbch v\u1ee5 v\u00e0 h\u1ed7 tr\u1ee3 k\u1ef9 thu\u1eadt chuy\u00ean nghi\u1ec7p<\/p><\/li><\/ul><hr \/><p class=\"ds-markdown-paragraph\"><strong>B\u1ea1n \u0111\u00e3 s\u1eb5n s\u00e0ng chuy\u1ec3n \u0111\u1ed5i ho\u1ea1t \u0111\u1ed9ng kinh doanh c\u1ee7a m\u00ecnh ch\u01b0a?<\/strong><br \/>H\u00e3y tham gia c\u00f9ng v\u00f4 s\u1ed1 kh\u00e1ch h\u00e0ng h\u00e0i l\u00f2ng nh\u01b0 \u0111\u1ed1i t\u00e1c c\u1ee7a ch\u00fang t\u00f4i t\u1ea1i \u1ea4n \u0110\u1ed9. H\u00e3y \u0111\u1ec3 ch\u00fang t\u00f4i gi\u00fap b\u1ea1n t\u1ed1i \u01b0u h\u00f3a quy tr\u00ecnh s\u1ea3n xu\u1ea5t, gi\u1ea3m thi\u1ec3u l\u00e3ng ph\u00ed v\u00e0 c\u1eaft gi\u1ea3m chi ph\u00ed.<\/p><p class=\"ds-markdown-paragraph\">\u00a0\u0111\u1ec3 \u0111\u01b0\u1ee3c t\u01b0 v\u1ea5n mi\u1ec5n ph\u00ed ho\u1eb7c y\u00eau c\u1ea7u b\u1ea3n demo!<\/p><hr \/><p class=\"ds-markdown-paragraph\">H\u00e3y c\u00f9ng nhau x\u00e2y d\u1ef1ng m\u1ed9t t\u01b0\u01a1ng lai hi\u1ec7u qu\u1ea3 v\u00e0 b\u1ec1n v\u1eefng h\u01a1n.<\/p><p><a href=\"https:\/\/www.youtube.com\/shorts\/qVRZ38xvXW8\">https:\/\/www.youtube.com\/shorts\/qVRZ38xvXW8<\/a><\/p><p>gi\u1edbi thi\u1ec7u m\u00e1y nghi\u1ec1n khay\u00a0<\/p><p>video l\u00e0m vi\u1ec7c\u00a0<\/p><p><a href=\"https:\/\/youtu.be\/QyA0hIfp8Fc\">https:\/\/youtu.be\/QyA0hIfp8Fc<\/a><\/p><p>\u00a0<\/p><p>\u00a0<\/p><\/div>\n\t\t\t\t<\/div>\n\t\t\t\t\t\t\t\t<\/div>\n\t\t\t\t\t\t<\/div>\n\t\t\t\t<\/div>\n\t\t\t\t\t<\/div>\n\t\t<\/div>\n\t\t\t\t\t<\/div>\n\t\t<\/section>\n\t\t\t\t<\/div>","protected":false},"excerpt":{"rendered":"<p>Application Topda Machinery is always here to answer your questions from purchasing to final delivery. What does Topda Offer ? Topda is a manufacturer in Auxiliary plastic machine and have our own factory for 20+ years. Tray Crushers for India clients Boost Efficiency with TOPDA Tray Crusher: A Success Story from India tray crusher At&#8230;<\/p>","protected":false},"author":1,"featured_media":0,"parent":0,"menu_order":0,"comment_status":"closed","ping_status":"closed","template":"","meta":{"_seopress_robots_primary_cat":"","_seopress_titles_title":"","_seopress_titles_desc":"","_seopress_robots_index":"","_kad_post_transparent":"","_kad_post_title":"hide","_kad_post_layout":"fullwidth","_kad_post_sidebar_id":"","_kad_post_content_style":"unboxed","_kad_post_vertical_padding":"hide","_kad_post_feature":"hide","_kad_post_feature_position":"","_kad_post_header":false,"_kad_post_footer":false,"_kad_post_classname":"","footnotes":""},"class_list":["post-158","page","type-page","status-publish","hentry"],"_links":{"self":[{"href":"https:\/\/topdagroup.com\/vi\/wp-json\/wp\/v2\/pages\/158","targetHints":{"allow":["GET"]}}],"collection":[{"href":"https:\/\/topdagroup.com\/vi\/wp-json\/wp\/v2\/pages"}],"about":[{"href":"https:\/\/topdagroup.com\/vi\/wp-json\/wp\/v2\/types\/page"}],"author":[{"embeddable":true,"href":"https:\/\/topdagroup.com\/vi\/wp-json\/wp\/v2\/users\/1"}],"replies":[{"embeddable":true,"href":"https:\/\/topdagroup.com\/vi\/wp-json\/wp\/v2\/comments?post=158"}],"version-history":[{"count":0,"href":"https:\/\/topdagroup.com\/vi\/wp-json\/wp\/v2\/pages\/158\/revisions"}],"wp:attachment":[{"href":"https:\/\/topdagroup.com\/vi\/wp-json\/wp\/v2\/media?parent=158"}],"curies":[{"name":"wp","href":"https:\/\/api.w.org\/{rel}","templated":true}]}}