{"id":289,"date":"2024-01-26T23:45:58","date_gmt":"2024-01-26T15:45:58","guid":{"rendered":"http:\/\/g.studywade.com\/?post_type=product&#038;p=289"},"modified":"2024-01-26T21:09:10","modified_gmt":"2024-01-26T13:09:10","slug":"vacuum-hopper-for-plastic-raw-material-hopper-loader-feeder-machine","status":"publish","type":"product","link":"https:\/\/topdagroup.com\/es\/product\/vacuum-hopper-for-plastic-raw-material-hopper-loader-feeder-machine\/","title":{"rendered":"Tolva de vac\u00edo para m\u00e1quina cargadora y alimentadora de materia prima pl\u00e1stica"},"content":{"rendered":"","protected":false},"excerpt":{"rendered":"<p>Origen del producto: CHINA<\/p>\n<p>Puerto de env\u00edo: SHENZHEN<\/p>\n<p>Color: Azul\/Personalizado<\/p>\n<p>Plazo de entrega: 5 D\u00cdAS<\/p>\n<p>Pago: T\/T<\/p>\n<p>Precio de mercado: $100<\/p>","protected":false},"featured_media":0,"comment_status":"open","ping_status":"closed","template":"","meta":{"_seopress_robots_primary_cat":"none","_seopress_titles_title":"","_seopress_titles_desc":"","_seopress_robots_index":"","_kad_post_transparent":"default","_kad_post_title":"","_kad_post_layout":"default","_kad_post_sidebar_id":"","_kad_post_content_style":"default","_kad_post_vertical_padding":"default","_kad_post_feature":"","_kad_post_feature_position":"","_kad_post_header":false,"_kad_post_footer":false,"_kad_post_classname":""},"product_brand":[],"product_cat":[29],"product_tag":[],"class_list":{"0":"post-289","1":"product","2":"type-product","3":"status-publish","5":"product_cat-accessories","7":"first","8":"instock","9":"shipping-taxable","10":"product-type-simple","11":"entry","12":"content-bg","13":"loop-entry"},"_links":{"self":[{"href":"https:\/\/topdagroup.com\/es\/wp-json\/wp\/v2\/product\/289","targetHints":{"allow":["GET"]}}],"collection":[{"href":"https:\/\/topdagroup.com\/es\/wp-json\/wp\/v2\/product"}],"about":[{"href":"https:\/\/topdagroup.com\/es\/wp-json\/wp\/v2\/types\/product"}],"replies":[{"embeddable":true,"href":"https:\/\/topdagroup.com\/es\/wp-json\/wp\/v2\/comments?post=289"}],"wp:attachment":[{"href":"https:\/\/topdagroup.com\/es\/wp-json\/wp\/v2\/media?parent=289"}],"wp:term":[{"taxonomy":"product_brand","embeddable":true,"href":"https:\/\/topdagroup.com\/es\/wp-json\/wp\/v2\/product_brand?post=289"},{"taxonomy":"product_cat","embeddable":true,"href":"https:\/\/topdagroup.com\/es\/wp-json\/wp\/v2\/product_cat?post=289"},{"taxonomy":"product_tag","embeddable":true,"href":"https:\/\/topdagroup.com\/es\/wp-json\/wp\/v2\/product_tag?post=289"}],"curies":[{"name":"wp","href":"https:\/\/api.w.org\/{rel}","templated":true}]}}