{"id":282,"date":"2024-01-26T21:15:58","date_gmt":"2024-01-26T13:15:58","guid":{"rendered":"http:\/\/g.studywade.com\/?post_type=product&#038;p=282"},"modified":"2024-01-26T21:08:15","modified_gmt":"2024-01-26T13:08:15","slug":"direct-drive-rotary-screw-air-compressor-industrial-portable-air-compressors-topda","status":"publish","type":"product","link":"https:\/\/topdagroup.com\/es\/product\/direct-drive-rotary-screw-air-compressor-industrial-portable-air-compressors-topda\/","title":{"rendered":"Compresor de aire de tornillo rotativo de accionamiento directo Compresores de aire port\u00e1tiles industriales TOPDA"},"content":{"rendered":"<div class=\"pro_detail\">\n<p><b><span style=\"color: #e53333;\">Compresor de aire de tornillo rotativo de accionamiento directo TOPDA\u00a0<\/span><\/b><\/p>\n<p><b>CARACTER\u00cdSTICAS:<\/b><\/p>\n<p>1. Sistema de control por microprocesador, pantalla LCD, interfaz de men\u00fa amigable, control de interacci\u00f3n de m\u00faltiples unidades;<\/p>\n<p>2. La v\u00e1lvula de presi\u00f3n, con una v\u00e1lvula m\u00e1s confiable para asegurar la presi\u00f3n requerida mediante la circulaci\u00f3n de aceite en el sistema de compresi\u00f3n y evitar que el gas fluya hacia atr\u00e1s;<\/p>\n<p>3. Escape de aire por la parte superior, el aire de enfriamiento proviene de la parte lateral inferior de la unidad y el aire caliente se descarga por la parte superior de la unidad con la rotaci\u00f3n del ventilador de enfriamiento, el calor se elimina r\u00e1pidamente, adem\u00e1s el aire caliente se descarga desde la parte superior de la unidad para permitir un reciclaje y reutilizaci\u00f3n conveniente del calor;<\/p>\n<p>4. Los filtros de aire de papel especiales pueden purificar el aire absorbido, evitando el desgaste del rotor y los cojinetes, prolongando la vida \u00fatil del aceite, el filtro de aceite y el separador de aceite;<\/p>\n<p>5. El separador doble de aceite\/aire garantiza que el arrastre de aceite no sea m\u00e1s de 1 ppm, satisfaciendo la demanda de aire comprimido de mayor calidad y una tasa de reciclaje de aceite tan baja que garantiza una mayor vida \u00fatil y la calidad del lubricante;<\/p>\n<p>6. Perfil de dientes de rotor perfecto, el rotor adopta la rotaci\u00f3n no sim\u00e9trica de tercera generaci\u00f3n de n\u00fameros de dientes de 5:6, lo que significa menos p\u00e9rdida de presi\u00f3n y p\u00e9rdida de retorno;<\/p>\n<p>7. Segregador de grasa: adopta un segregador de estilo tornillo para eliminar todas las impurezas de la grasa.<\/p>\n<p><b>ESPECIFICACI\u00d3N:<\/b><\/p>\n<table class=\"ke-zeroborder\" style=\"width: 771.75pt;\" width=\"1029\">\n<colgroup>\n<col width=\"185\" \/>\n<col width=\"83\" \/>\n<col width=\"72\" \/>\n<col width=\"72\" \/>\n<col width=\"72\" \/>\n<col width=\"72\" \/>\n<col width=\"102\" \/>\n<col width=\"72\" \/>\n<col width=\"83\" \/>\n<col width=\"72\" \/>\n<col width=\"72\" \/>\n<col width=\"72\" \/> <\/colgroup>\n<tbody>\n<tr>\n<td class=\"et4\" style=\"font-size: 12pt; text-align: center; vertical-align: middle; border-width: 1.2pt 0.5pt 0.5pt 1.2pt; border-style: solid; border-color: #000000; height: 14.25pt; width: 138.75pt; background-image: initial; background-attachment: initial; background-size: initial; background-origin: initial; background-clip: initial; background-position: initial; background-repeat: initial;\" width=\"185\" height=\"19\">Modelo<\/td>\n<td class=\"et5\" style=\"font-size: 12pt; text-align: center; vertical-align: middle; border-width: 1.2pt 0.5pt 0.5pt; border-style: solid; border-color: #000000; height: 14.25pt; width: 62.25pt; background-image: initial; background-attachment: initial; background-size: initial; background-origin: initial; background-clip: initial; background-position: initial; background-repeat: initial;\" width=\"83\" height=\"19\">WJF-30A<\/td>\n<td class=\"et5\" style=\"font-size: 12pt; text-align: center; vertical-align: middle; border-width: 1.2pt 0.5pt 0.5pt; border-style: solid; border-color: #000000; height: 14.25pt; width: 54pt; background-image: initial; background-attachment: initial; background-size: initial; background-origin: initial; background-clip: initial; background-position: initial; background-repeat: initial;\" width=\"72\" height=\"19\">WJF-50A<\/td>\n<td class=\"et5\" style=\"font-size: 12pt; text-align: center; vertical-align: middle; border-width: 1.2pt 0.5pt 0.5pt; border-style: solid; border-color: #000000; height: 14.25pt; width: 54pt; background-image: initial; background-attachment: initial; background-size: initial; background-origin: initial; background-clip: initial; background-position: initial; background-repeat: initial;\" width=\"72\" height=\"19\">WJF-75A<\/td>\n<td class=\"et5\" style=\"font-size: 12pt; text-align: center; vertical-align: middle; border-width: 1.2pt 0.5pt 0.5pt; border-style: solid; border-color: #000000; height: 14.25pt; width: 54pt; background-image: initial; background-attachment: initial; background-size: initial; background-origin: initial; background-clip: initial; background-position: initial; background-repeat: initial;\" width=\"72\" height=\"19\">WJF-100A<\/td>\n<td class=\"et5\" style=\"font-size: 12pt; text-align: center; vertical-align: middle; border-width: 1.2pt 0.5pt 0.5pt; border-style: solid; border-color: #000000; height: 14.25pt; width: 54pt; background-image: initial; background-attachment: initial; background-size: initial; background-origin: initial; background-clip: initial; background-position: initial; background-repeat: initial;\" width=\"72\" height=\"19\">WJF-120A<\/td>\n<td class=\"et5\" style=\"font-size: 12pt; text-align: center; vertical-align: middle; border-width: 1.2pt 0.5pt 0.5pt; border-style: solid; border-color: #000000; height: 14.25pt; width: 76.5pt; background-image: initial; background-attachment: initial; background-size: initial; background-origin: initial; background-clip: initial; background-position: initial; background-repeat: initial;\" width=\"102\" height=\"19\">WJF-150A\/W<\/td>\n<td class=\"et5\" style=\"font-size: 12pt; text-align: center; vertical-align: middle; border-width: 1.2pt 0.5pt 0.5pt; border-style: solid; border-color: #000000; height: 14.25pt; width: 54pt; background-image: initial; background-attachment: initial; background-size: initial; background-origin: initial; background-clip: initial; background-position: initial; background-repeat: initial;\" width=\"72\" height=\"19\">WJF-175A\/W<\/td>\n<td class=\"et5\" style=\"font-size: 12pt; text-align: center; vertical-align: middle; border-width: 1.2pt 0.5pt 0.5pt; border-style: solid; border-color: #000000; height: 14.25pt; width: 62.25pt; background-image: initial; background-attachment: initial; background-size: initial; background-origin: initial; background-clip: initial; background-position: initial; background-repeat: initial;\" width=\"83\" height=\"19\">WJF-200W<\/td>\n<td class=\"et5\" style=\"font-size: 12pt; text-align: center; vertical-align: middle; border-width: 1.2pt 0.5pt 0.5pt; border-style: solid; border-color: #000000; height: 14.25pt; width: 54pt; background-image: initial; background-attachment: initial; background-size: initial; background-origin: initial; background-clip: initial; background-position: initial; background-repeat: initial;\" width=\"72\" height=\"19\">WJF-250W<\/td>\n<td class=\"et5\" style=\"font-size: 12pt; text-align: center; vertical-align: middle; border-width: 1.2pt 0.5pt 0.5pt; border-style: solid; border-color: #000000; height: 14.25pt; width: 54pt; background-image: initial; background-attachment: initial; background-size: initial; background-origin: initial; background-clip: initial; background-position: initial; background-repeat: initial;\" width=\"72\" height=\"19\">WJF-300W<\/td>\n<td class=\"et11\" style=\"font-size: 12pt; text-align: center; vertical-align: middle; border-width: 1.2pt 1.2pt 0.5pt 0.5pt; border-style: solid; border-color: #000000; height: 14.25pt; width: 54pt; background-image: initial; background-attachment: initial; background-size: initial; background-origin: initial; background-clip: initial; background-position: initial; background-repeat: initial;\" width=\"72\" height=\"19\">WJF-350W<\/td>\n<\/tr>\n<tr>\n<td class=\"et6\" style=\"font-size: 12pt; text-align: center; vertical-align: middle; border-width: 0.5pt 0.5pt 0.5pt 1.2pt; border-style: solid; border-color: #000000; height: 72.75pt; width: 138.75pt; background-image: initial; background-attachment: initial; background-size: initial; background-origin: initial; background-clip: initial; background-position: initial; background-repeat: initial;\" width=\"185\" height=\"97\">Capacidad\/Presi\u00f3n de descarga<br \/>\n(metro<span class=\"font3\">3<\/span><span class=\"font0\">\/min) \/ (Mpa)<\/span><\/td>\n<td class=\"et7\" style=\"font-size: 12pt; text-align: center; vertical-align: middle; border: 0.5pt solid #000000; height: 72.75pt; width: 62.25pt; background-image: initial; background-attachment: initial; background-size: initial; background-origin: initial; background-clip: initial; background-position: initial; background-repeat: initial;\" width=\"83\" height=\"97\">3.8\/0.7<br \/>\n3.6\/0.8<br \/>\n3.2\/1.0<br \/>\n2.8\/1.2<\/td>\n<td class=\"et7\" style=\"font-size: 12pt; text-align: center; vertical-align: middle; border: 0.5pt solid #000000; height: 72.75pt; width: 54pt; background-image: initial; background-attachment: initial; background-size: initial; background-origin: initial; background-clip: initial; background-position: initial; background-repeat: initial;\" width=\"72\" height=\"97\">6.8\/0.7<br \/>\n6.2\/0.8<br \/>\n5.6\/1.0<br \/>\n4.9\/1.2<\/td>\n<td class=\"et7\" style=\"font-size: 12pt; text-align: center; vertical-align: middle; border: 0.5pt solid #000000; height: 72.75pt; width: 54pt; background-image: initial; background-attachment: initial; background-size: initial; background-origin: initial; background-clip: initial; background-position: initial; background-repeat: initial;\" width=\"72\" height=\"97\">10.0\/0.7<br \/>\n9.1\/0.8<br \/>\n8.5\/1.0<br \/>\n7.6\/1.2<\/td>\n<td class=\"et7\" style=\"font-size: 12pt; text-align: center; vertical-align: middle; border: 0.5pt solid #000000; height: 72.75pt; width: 54pt; background-image: initial; background-attachment: initial; background-size: initial; background-origin: initial; background-clip: initial; background-position: initial; background-repeat: initial;\" width=\"72\" height=\"97\">13.5\/0.7<br \/>\n12.6\/0.8<br \/>\n11.2\/1.0<br \/>\n10.0\/1.2<\/td>\n<td class=\"et7\" style=\"font-size: 12pt; text-align: center; vertical-align: middle; border: 0.5pt solid #000000; height: 72.75pt; width: 54pt; background-image: initial; background-attachment: initial; background-size: initial; background-origin: initial; background-clip: initial; background-position: initial; background-repeat: initial;\" width=\"72\" height=\"97\">16.1\/0.7<br \/>\n15.0\/0.8<br \/>\n13.8\/1.0<br \/>\n12.3\/1.2<\/td>\n<td class=\"et7\" style=\"font-size: 12pt; text-align: center; vertical-align: middle; border: 0.5pt solid #000000; height: 72.75pt; width: 76.5pt; background-image: initial; background-attachment: initial; background-size: initial; background-origin: initial; background-clip: initial; background-position: initial; background-repeat: initial;\" width=\"102\" height=\"97\">21\/0.7<br \/>\n19.8\/0.8<br \/>\n17\/1.0<br \/>\n15.3\/1.2<\/td>\n<td class=\"et7\" style=\"font-size: 12pt; text-align: center; vertical-align: middle; border: 0.5pt solid #000000; height: 72.75pt; width: 54pt; background-image: initial; background-attachment: initial; background-size: initial; background-origin: initial; background-clip: initial; background-position: initial; background-repeat: initial;\" width=\"72\" height=\"97\">25.2\/0.7<br \/>\n24\/0.8<br \/>\n21\/1.0<br \/>\n18.3\/1.2<\/td>\n<td class=\"et7\" style=\"font-size: 12pt; text-align: center; vertical-align: middle; border: 0.5pt solid #000000; height: 72.75pt; width: 62.25pt; background-image: initial; background-attachment: initial; background-size: initial; background-origin: initial; background-clip: initial; background-position: initial; background-repeat: initial;\" width=\"83\" height=\"97\">28.7\/0.7<br \/>\n27.6\/0.8<br \/>\n24.6\/1.0<br \/>\n21.5\/1.2<\/td>\n<td class=\"et7\" style=\"font-size: 12pt; text-align: center; vertical-align: middle; border: 0.5pt solid #000000; height: 72.75pt; width: 54pt; background-image: initial; background-attachment: initial; background-size: initial; background-origin: initial; background-clip: initial; background-position: initial; background-repeat: initial;\" width=\"72\" height=\"97\">32.0\/0.7<br \/>\n30.5\/0.8<br \/>\n27.5\/1.0<br \/>\n24.8\/1.2<\/td>\n<td class=\"et7\" style=\"font-size: 12pt; text-align: center; vertical-align: middle; border: 0.5pt solid #000000; height: 72.75pt; width: 54pt; background-image: initial; background-attachment: initial; background-size: initial; background-origin: initial; background-clip: initial; background-position: initial; background-repeat: initial;\" width=\"72\" height=\"97\">36.7\/0.7<br \/>\n34.5\/0.8<br \/>\n30.2\/1.0<br \/>\n27.8\/1.2<\/td>\n<td class=\"et12\" style=\"font-size: 12pt; text-align: center; vertical-align: middle; border-width: 0.5pt 1.2pt 0.5pt 0.5pt; border-style: solid; border-color: #000000; height: 72.75pt; width: 54pt; background-image: initial; background-attachment: initial; background-size: initial; background-origin: initial; background-clip: initial; background-position: initial; background-repeat: initial;\" width=\"72\" height=\"97\">42.0\/0.7<br \/>\n40.5\/0.8<br \/>\n38.1\/1.0<br \/>\n34.6\/1.2<\/td>\n<\/tr>\n<tr>\n<td class=\"et6\" style=\"font-size: 12pt; text-align: center; vertical-align: middle; border-width: 0.5pt 0.5pt 0.5pt 1.2pt; border-style: solid; border-color: #000000; height: 14.25pt; width: 138.75pt; background-image: initial; background-attachment: initial; background-size: initial; background-origin: initial; background-clip: initial; background-position: initial; background-repeat: initial;\" width=\"185\" height=\"19\">Potencia (KW)<\/td>\n<td class=\"et8\" style=\"font-size: 12pt; text-align: center; vertical-align: middle; border: 0.5pt solid #000000; height: 14.25pt; width: 62.25pt; background-image: initial; background-attachment: initial; background-size: initial; background-origin: initial; background-clip: initial; background-position: initial; background-repeat: initial;\" width=\"83\" height=\"19\">22<\/td>\n<td class=\"et8\" style=\"font-size: 12pt; text-align: center; vertical-align: middle; border: 0.5pt solid #000000; height: 14.25pt; width: 54pt; background-image: initial; background-attachment: initial; background-size: initial; background-origin: initial; background-clip: initial; background-position: initial; background-repeat: initial;\" width=\"72\" height=\"19\">37<\/td>\n<td class=\"et8\" style=\"font-size: 12pt; text-align: center; vertical-align: middle; border: 0.5pt solid #000000; height: 14.25pt; width: 54pt; background-image: initial; background-attachment: initial; background-size: initial; background-origin: initial; background-clip: initial; background-position: initial; background-repeat: initial;\" width=\"72\" height=\"19\">55<\/td>\n<td class=\"et8\" style=\"font-size: 12pt; text-align: center; vertical-align: middle; border: 0.5pt solid #000000; height: 14.25pt; width: 54pt; background-image: initial; background-attachment: initial; background-size: initial; background-origin: initial; background-clip: initial; background-position: initial; background-repeat: initial;\" width=\"72\" height=\"19\">75<\/td>\n<td class=\"et8\" style=\"font-size: 12pt; text-align: center; vertical-align: middle; border: 0.5pt solid #000000; height: 14.25pt; width: 54pt; background-image: initial; background-attachment: initial; background-size: initial; background-origin: initial; background-clip: initial; background-position: initial; background-repeat: initial;\" width=\"72\" height=\"19\">90<\/td>\n<td class=\"et8\" style=\"font-size: 12pt; text-align: center; vertical-align: middle; border: 0.5pt solid #000000; height: 14.25pt; width: 76.5pt; background-image: initial; background-attachment: initial; background-size: initial; background-origin: initial; background-clip: initial; background-position: initial; background-repeat: initial;\" width=\"102\" height=\"19\">110<\/td>\n<td class=\"et8\" style=\"font-size: 12pt; text-align: center; vertical-align: middle; border: 0.5pt solid #000000; height: 14.25pt; width: 54pt; background-image: initial; background-attachment: initial; background-size: initial; background-origin: initial; background-clip: initial; background-position: initial; background-repeat: initial;\" width=\"72\" height=\"19\">132<\/td>\n<td class=\"et8\" style=\"font-size: 12pt; text-align: center; vertical-align: middle; border: 0.5pt solid #000000; height: 14.25pt; width: 62.25pt; background-image: initial; background-attachment: initial; background-size: initial; background-origin: initial; background-clip: initial; background-position: initial; background-repeat: initial;\" width=\"83\" height=\"19\">150<\/td>\n<td class=\"et8\" style=\"font-size: 12pt; text-align: center; vertical-align: middle; border: 0.5pt solid #000000; height: 14.25pt; width: 54pt; background-image: initial; background-attachment: initial; background-size: initial; background-origin: initial; background-clip: initial; background-position: initial; background-repeat: initial;\" width=\"72\" height=\"19\">185<\/td>\n<td class=\"et8\" style=\"font-size: 12pt; text-align: center; vertical-align: middle; border: 0.5pt solid #000000; height: 14.25pt; width: 54pt; background-image: initial; background-attachment: initial; background-size: initial; background-origin: initial; background-clip: initial; background-position: initial; background-repeat: initial;\" width=\"72\" height=\"19\">220<\/td>\n<td class=\"et13\" style=\"font-size: 12pt; text-align: center; vertical-align: middle; border-width: 0.5pt 1.2pt 0.5pt 0.5pt; border-style: solid; border-color: #000000; height: 14.25pt; width: 54pt; background-image: initial; background-attachment: initial; background-size: initial; background-origin: initial; background-clip: initial; background-position: initial; background-repeat: initial;\" width=\"72\" height=\"19\">250<\/td>\n<\/tr>\n<tr>\n<td class=\"et6\" style=\"font-size: 12pt; text-align: center; vertical-align: middle; border-width: 0.5pt 0.5pt 0.5pt 1.2pt; border-style: solid; border-color: #000000; height: 18.75pt; width: 138.75pt; background-image: initial; background-attachment: initial; background-size: initial; background-origin: initial; background-clip: initial; background-position: initial; background-repeat: initial;\" width=\"185\" height=\"25\">N\u00famero de etapas de compresi\u00f3n<\/td>\n<td class=\"et8\" style=\"font-size: 12pt; text-align: center; vertical-align: middle; border-width: 0.5pt 1.2pt 0.5pt 0.5pt; border-style: solid; border-color: #000000; height: 18.75pt; width: 641.25pt; background-image: initial; background-attachment: initial; background-size: initial; background-origin: initial; background-clip: initial; background-position: initial; background-repeat: initial;\" colspan=\"11\" width=\"855\" height=\"25\">\u00a0\u00a0una sola etapa<\/td>\n<\/tr>\n<tr>\n<td class=\"et6\" style=\"font-size: 12pt; text-align: center; vertical-align: middle; border-width: 0.5pt 0.5pt 0.5pt 1.2pt; border-style: solid; border-color: #000000; height: 18.75pt; width: 138.75pt; background-image: initial; background-attachment: initial; background-size: initial; background-origin: initial; background-clip: initial; background-position: initial; background-repeat: initial;\" width=\"185\" height=\"25\">Temperatura ambiente<\/td>\n<td class=\"et8\" style=\"font-size: 12pt; text-align: center; vertical-align: middle; border-width: 0.5pt 1.2pt 0.5pt 0.5pt; border-style: solid; border-color: #000000; height: 18.75pt; width: 641.25pt; background-image: initial; background-attachment: initial; background-size: initial; background-origin: initial; background-clip: initial; background-position: initial; background-repeat: initial;\" colspan=\"11\" width=\"855\" height=\"25\">-5&#8211;+45<span class=\"font2\">\u00b0C<\/span><\/td>\n<\/tr>\n<tr>\n<td class=\"et9\" style=\"font-size: 12pt; text-align: center; vertical-align: middle; border-width: 0.5pt 0.5pt 1.2pt 1.2pt; border-style: solid; border-color: #000000; height: 18.75pt; width: 138.75pt; background-image: initial; background-attachment: initial; background-size: initial; background-origin: initial; background-clip: initial; background-position: initial; background-repeat: initial;\" width=\"185\" height=\"25\">Temperatura de descarga (<span class=\"font3\">0<\/span><span class=\"font0\">DO)<\/span><\/td>\n<td class=\"et10\" style=\"font-size: 12pt; text-align: center; vertical-align: middle; border-width: 0.5pt 1.2pt 1.2pt 0.5pt; border-style: solid; border-color: #000000; height: 18.75pt; width: 641.25pt; background-image: initial; background-attachment: initial; background-size: initial; background-origin: initial; background-clip: initial; background-position: initial; background-repeat: initial;\" colspan=\"11\" width=\"855\" height=\"25\">Temperatura ambiente+15<span class=\"font2\">\u00b0C<\/span><\/td>\n<\/tr>\n<\/tbody>\n<\/table>\n<\/div>","protected":false},"excerpt":{"rendered":"<p>Origen del producto: Dongguan, China<\/p>\n<p>N.\u00ba de art\u00edculo: WJF-30A<\/p>\n<p>Puerto de env\u00edo: Puerto de Shenzhen<\/p>\n<p>Color:Azul<\/p>\n<p>Plazo de entrega: 15 d\u00edas<\/p>\n<p>Pago: dep\u00f3sito 30% TT, 70% TT antes de la entrega<\/p>\n<p>Precio: $3999\/6999<\/p>","protected":false},"featured_media":292,"comment_status":"open","ping_status":"closed","template":"","meta":{"_seopress_robots_primary_cat":"none","_seopress_titles_title":"","_seopress_titles_desc":"","_seopress_robots_index":"","_kad_post_transparent":"default","_kad_post_title":"","_kad_post_layout":"default","_kad_post_sidebar_id":"","_kad_post_content_style":"default","_kad_post_vertical_padding":"default","_kad_post_feature":"","_kad_post_feature_position":"","_kad_post_header":false,"_kad_post_footer":false,"_kad_post_classname":""},"product_brand":[],"product_cat":[28],"product_tag":[],"class_list":{"0":"post-282","1":"product","2":"type-product","3":"status-publish","4":"has-post-thumbnail","6":"product_cat-air-compressor","8":"first","9":"instock","10":"shipping-taxable","11":"product-type-simple","12":"entry","13":"content-bg","14":"loop-entry"},"_links":{"self":[{"href":"https:\/\/topdagroup.com\/es\/wp-json\/wp\/v2\/product\/282","targetHints":{"allow":["GET"]}}],"collection":[{"href":"https:\/\/topdagroup.com\/es\/wp-json\/wp\/v2\/product"}],"about":[{"href":"https:\/\/topdagroup.com\/es\/wp-json\/wp\/v2\/types\/product"}],"replies":[{"embeddable":true,"href":"https:\/\/topdagroup.com\/es\/wp-json\/wp\/v2\/comments?post=282"}],"wp:featuredmedia":[{"embeddable":true,"href":"https:\/\/topdagroup.com\/es\/wp-json\/wp\/v2\/media\/292"}],"wp:attachment":[{"href":"https:\/\/topdagroup.com\/es\/wp-json\/wp\/v2\/media?parent=282"}],"wp:term":[{"taxonomy":"product_brand","embeddable":true,"href":"https:\/\/topdagroup.com\/es\/wp-json\/wp\/v2\/product_brand?post=282"},{"taxonomy":"product_cat","embeddable":true,"href":"https:\/\/topdagroup.com\/es\/wp-json\/wp\/v2\/product_cat?post=282"},{"taxonomy":"product_tag","embeddable":true,"href":"https:\/\/topdagroup.com\/es\/wp-json\/wp\/v2\/product_tag?post=282"}],"curies":[{"name":"wp","href":"https:\/\/api.w.org\/{rel}","templated":true}]}}