{"id":277,"date":"2024-01-26T22:06:58","date_gmt":"2024-01-26T14:06:58","guid":{"rendered":"http:\/\/g.studywade.com\/?post_type=product&#038;p=277"},"modified":"2024-01-26T21:08:32","modified_gmt":"2024-01-26T13:08:32","slug":"water-type-mold-temperature-controller-injection-mould-temperature-controller","status":"publish","type":"product","link":"https:\/\/topdagroup.com\/es\/product\/water-type-mold-temperature-controller-injection-mould-temperature-controller\/","title":{"rendered":"Controlador de temperatura de molde tipo agua Controlador de temperatura de molde de inyecci\u00f3n"},"content":{"rendered":"<div class=\"pro_detail\">\n<p><b><span style=\"color: #e53333;\">Controlador de temperatura de molde tipo agua TOPDA\u00a0<\/span><\/b><\/p>\n<p><b>CARACTER\u00cdSTICAS:<\/b><\/p>\n<p>1. Controlar la temperatura dentro <span style=\"color: #cc0000; font-family: arial; font-size: 13px; line-height: 20px;\">\u00b1<\/span><span style=\"line-height: 1.5;\">\u00a01\u2103 y ahorra electricidad m\u00e1s de 35%;<\/span><\/p>\n<p><span style=\"line-height: 1.5;\">2.\u00a0<\/span>Dos juegos de cilindros calefactores el\u00e9ctricos fabricados en acero inoxidable;<\/p>\n<p>3. Velocidades r\u00e1pidas de calentamiento y enfriamiento para mantener la temperatura estable;<\/p>\n<p>4. Completo con sistema de protecci\u00f3n e indicaci\u00f3n de seguridad;<\/p>\n<p>5. Panel de control PLC.<\/p>\n<p><b>SISTEMA DE PROTECCI\u00d3N DE SEGURIDAD:<\/b><\/p>\n<p>* Sistema de suministro autom\u00e1tico de agua<\/p>\n<p>* Reactivaci\u00f3n autom\u00e1tica en caso de sobrepresi\u00f3n.<\/p>\n<p>* Disyuntor principal<\/p>\n<p>* Protecci\u00f3n inversa de la bomba y l\u00e1mpara directa.<\/p>\n<p>* Protecci\u00f3n contra sobrecarga de la bomba y l\u00e1mpara directa.<\/p>\n<p>* Circuito de derivaci\u00f3n<\/p>\n<p>* Termostato de sobrecalentamiento y l\u00e1mpara directa.<\/p>\n<p>* L\u00e1mpara de protecci\u00f3n y direcci\u00f3n contra escasez de agua.<\/p>\n<p><b>ESPECIFICACI\u00d3N:<\/b><\/p>\n<table class=\"ke-zeroborder\" style=\"width: 435.75pt;\" width=\"581\">\n<colgroup>\n<col width=\"218\" \/>\n<col width=\"147\" \/>\n<col width=\"72\" \/>\n<col width=\"72\" \/>\n<col width=\"72\" \/> <\/colgroup>\n<tbody>\n<tr>\n<td class=\"et3\" style=\"font-size: 12pt; text-align: center; vertical-align: middle; border-width: 1.2pt 0.5pt 0.5pt 1.2pt; border-style: solid; border-color: #000000; height: 19.5pt; width: 163.5pt; background-image: initial; background-attachment: initial; background-size: initial; background-origin: initial; background-clip: initial; background-position: initial; background-repeat: initial;\" width=\"218\" height=\"26\">Presupuesto<\/td>\n<td class=\"et4\" style=\"font-size: 12pt; text-align: center; vertical-align: middle; border-width: 1.2pt 1.2pt 0.5pt 0.5pt; border-style: solid; border-color: #000000; height: 19.5pt; width: 328.5pt; background-image: initial; background-attachment: initial; background-size: initial; background-origin: initial; background-clip: initial; background-position: initial; background-repeat: initial;\" colspan=\"4\" width=\"438\" height=\"26\">Tipo de agua<\/td>\n<\/tr>\n<tr>\n<td class=\"et7\" style=\"font-size: 12pt; text-align: center; vertical-align: middle; border-width: 0.5pt 0.5pt 0.5pt 1.2pt; border-style: solid; border-color: #000000; height: 19.5pt; width: 163.5pt; background-image: initial; background-attachment: initial; background-size: initial; background-origin: initial; background-clip: initial; background-position: initial; background-repeat: initial;\" width=\"218\" height=\"26\">Modelo<\/td>\n<td class=\"et8\" style=\"font-size: 12pt; text-align: center; vertical-align: middle; border: 0.5pt solid #000000; height: 19.5pt; width: 110.25pt; background-image: initial; background-attachment: initial; background-size: initial; background-origin: initial; background-clip: initial; background-position: initial; background-repeat: initial;\" width=\"147\" height=\"26\">FST-3-W<\/td>\n<td class=\"et8\" style=\"font-size: 12pt; text-align: center; vertical-align: middle; border: 0.5pt solid #000000; height: 19.5pt; width: 54pt; background-image: initial; background-attachment: initial; background-size: initial; background-origin: initial; background-clip: initial; background-position: initial; background-repeat: initial;\" width=\"72\" height=\"26\">FST-6-W<\/td>\n<td class=\"et8\" style=\"font-size: 12pt; text-align: center; vertical-align: middle; border: 0.5pt solid #000000; height: 19.5pt; width: 54pt; background-image: initial; background-attachment: initial; background-size: initial; background-origin: initial; background-clip: initial; background-position: initial; background-repeat: initial;\" width=\"72\" height=\"26\">FST-9-W<\/td>\n<td class=\"et9\" style=\"font-size: 12pt; text-align: center; vertical-align: middle; border-width: 0.5pt 1.2pt 0.5pt 0.5pt; border-style: solid; border-color: #000000; height: 19.5pt; width: 54pt; background-image: initial; background-attachment: initial; background-size: initial; background-origin: initial; background-clip: initial; background-position: initial; background-repeat: initial;\" width=\"72\" height=\"26\">FST-12-W<\/td>\n<\/tr>\n<tr>\n<td class=\"et7\" style=\"font-size: 12pt; text-align: center; vertical-align: middle; border-width: 0.5pt 0.5pt 0.5pt 1.2pt; border-style: solid; border-color: #000000; height: 19.5pt; width: 163.5pt; background-image: initial; background-attachment: initial; background-size: initial; background-origin: initial; background-clip: initial; background-position: initial; background-repeat: initial;\" width=\"218\" height=\"26\">Rango de temperatura de control<\/td>\n<td class=\"et10\" style=\"color: #ff0000; font-size: 12pt; text-align: center; vertical-align: middle; border-width: 0.5pt 1.2pt 0.5pt 0.5pt; border-style: solid; border-color: #000000; height: 19.5pt; width: 328.5pt; background-image: initial; background-attachment: initial; background-size: initial; background-origin: initial; background-clip: initial; background-position: initial; background-repeat: initial;\" colspan=\"4\" width=\"438\" height=\"26\">Temperatura ambiente hasta 95<span class=\"font3\">\u00b0C<\/span><\/td>\n<\/tr>\n<tr>\n<td class=\"et7\" style=\"font-size: 12pt; text-align: center; vertical-align: middle; border-width: 0.5pt 0.5pt 0.5pt 1.2pt; border-style: solid; border-color: #000000; height: 19.5pt; width: 163.5pt; background-image: initial; background-attachment: initial; background-size: initial; background-origin: initial; background-clip: initial; background-position: initial; background-repeat: initial;\" width=\"218\" height=\"26\">Voltaje<\/td>\n<td class=\"et13\" style=\"font-size: 12pt; text-align: center; vertical-align: middle; border-width: 0.5pt 1.2pt 0.5pt 0.5pt; border-style: solid; border-color: #000000; height: 19.5pt; width: 328.5pt; background-image: initial; background-attachment: initial; background-size: initial; background-origin: initial; background-clip: initial; background-position: initial; background-repeat: initial;\" colspan=\"4\" width=\"438\" height=\"26\">TRIFASE<span class=\"font2\">\u00a0\u00a0380 V 50 Hz o 60 Hz\u00a0\u00a0\u00a0<\/span><\/td>\n<\/tr>\n<tr>\n<td class=\"et7\" style=\"font-size: 12pt; text-align: center; vertical-align: middle; border-width: 0.5pt 0.5pt 0.5pt 1.2pt; border-style: solid; border-color: #000000; height: 19.5pt; width: 163.5pt; background-image: initial; background-attachment: initial; background-size: initial; background-origin: initial; background-clip: initial; background-position: initial; background-repeat: initial;\" width=\"218\" height=\"26\">M\u00e9todo de enfriamiento<\/td>\n<td class=\"et8\" style=\"font-size: 12pt; text-align: center; vertical-align: middle; border-width: 0.5pt 1.2pt 0.5pt 0.5pt; border-style: solid; border-color: #000000; height: 19.5pt; width: 328.5pt; background-image: initial; background-attachment: initial; background-size: initial; background-origin: initial; background-clip: initial; background-position: initial; background-repeat: initial;\" colspan=\"4\" width=\"438\" height=\"26\">Enfriamiento directo<\/td>\n<\/tr>\n<tr>\n<td class=\"et7\" style=\"font-size: 12pt; text-align: center; vertical-align: middle; border-width: 0.5pt 0.5pt 0.5pt 1.2pt; border-style: solid; border-color: #000000; height: 19.5pt; width: 163.5pt; background-image: initial; background-attachment: initial; background-size: initial; background-origin: initial; background-clip: initial; background-position: initial; background-repeat: initial;\" width=\"218\" height=\"26\">L\u00edquido<\/td>\n<td class=\"et8\" style=\"font-size: 12pt; text-align: center; vertical-align: middle; border-width: 0.5pt 1.2pt 0.5pt 0.5pt; border-style: solid; border-color: #000000; height: 19.5pt; width: 328.5pt; background-image: initial; background-attachment: initial; background-size: initial; background-origin: initial; background-clip: initial; background-position: initial; background-repeat: initial;\" colspan=\"4\" width=\"438\" height=\"26\">Agua limpia<\/td>\n<\/tr>\n<tr>\n<td class=\"et7\" style=\"font-size: 12pt; text-align: center; vertical-align: middle; border-width: 0.5pt 0.5pt 0.5pt 1.2pt; border-style: solid; border-color: #000000; height: 19.5pt; width: 163.5pt; background-image: initial; background-attachment: initial; background-size: initial; background-origin: initial; background-clip: initial; background-position: initial; background-repeat: initial;\" width=\"218\" height=\"26\">Capacidad de calefacci\u00f3n KW<\/td>\n<td class=\"et8\" style=\"font-size: 12pt; text-align: center; vertical-align: middle; border: 0.5pt solid #000000; height: 19.5pt; width: 110.25pt; background-image: initial; background-attachment: initial; background-size: initial; background-origin: initial; background-clip: initial; background-position: initial; background-repeat: initial;\" width=\"147\" height=\"26\">3<\/td>\n<td class=\"et8\" style=\"font-size: 12pt; text-align: center; vertical-align: middle; border: 0.5pt solid #000000; height: 19.5pt; width: 54pt; background-image: initial; background-attachment: initial; background-size: initial; background-origin: initial; background-clip: initial; background-position: initial; background-repeat: initial;\" width=\"72\" height=\"26\">6<\/td>\n<td class=\"et8\" style=\"font-size: 12pt; text-align: center; vertical-align: middle; border: 0.5pt solid #000000; height: 19.5pt; width: 54pt; background-image: initial; background-attachment: initial; background-size: initial; background-origin: initial; background-clip: initial; background-position: initial; background-repeat: initial;\" width=\"72\" height=\"26\">9<\/td>\n<td class=\"et9\" style=\"font-size: 12pt; text-align: center; vertical-align: middle; border-width: 0.5pt 1.2pt 0.5pt 0.5pt; border-style: solid; border-color: #000000; height: 19.5pt; width: 54pt; background-image: initial; background-attachment: initial; background-size: initial; background-origin: initial; background-clip: initial; background-position: initial; background-repeat: initial;\" width=\"72\" height=\"26\">12<\/td>\n<\/tr>\n<tr>\n<td class=\"et7\" style=\"font-size: 12pt; text-align: center; vertical-align: middle; border-width: 0.5pt 0.5pt 0.5pt 1.2pt; border-style: solid; border-color: #000000; height: 19.5pt; width: 163.5pt; background-image: initial; background-attachment: initial; background-size: initial; background-origin: initial; background-clip: initial; background-position: initial; background-repeat: initial;\" width=\"218\" height=\"26\">Potencia de la bomba<\/td>\n<td class=\"et8\" style=\"font-size: 12pt; text-align: center; vertical-align: middle; border: 0.5pt solid #000000; height: 19.5pt; width: 110.25pt; background-image: initial; background-attachment: initial; background-size: initial; background-origin: initial; background-clip: initial; background-position: initial; background-repeat: initial;\" width=\"147\" height=\"26\">0.375<\/td>\n<td class=\"et8\" style=\"font-size: 12pt; text-align: center; vertical-align: middle; border: 0.5pt solid #000000; height: 19.5pt; width: 54pt; background-image: initial; background-attachment: initial; background-size: initial; background-origin: initial; background-clip: initial; background-position: initial; background-repeat: initial;\" width=\"72\" height=\"26\">0.375<\/td>\n<td class=\"et8\" style=\"font-size: 12pt; text-align: center; vertical-align: middle; border: 0.5pt solid #000000; height: 19.5pt; width: 54pt; background-image: initial; background-attachment: initial; background-size: initial; background-origin: initial; background-clip: initial; background-position: initial; background-repeat: initial;\" width=\"72\" height=\"26\">0.375<\/td>\n<td class=\"et9\" style=\"font-size: 12pt; text-align: center; vertical-align: middle; border-width: 0.5pt 1.2pt 0.5pt 0.5pt; border-style: solid; border-color: #000000; height: 19.5pt; width: 54pt; background-image: initial; background-attachment: initial; background-size: initial; background-origin: initial; background-clip: initial; background-position: initial; background-repeat: initial;\" width=\"72\" height=\"26\">0.75<\/td>\n<\/tr>\n<tr>\n<td class=\"et7\" style=\"font-size: 12pt; text-align: center; vertical-align: middle; border-width: 0.5pt 0.5pt 0.5pt 1.2pt; border-style: solid; border-color: #000000; height: 19.5pt; width: 163.5pt; background-image: initial; background-attachment: initial; background-size: initial; background-origin: initial; background-clip: initial; background-position: initial; background-repeat: initial;\" width=\"218\" height=\"26\">Volumen de flujo (L\/MIN)<\/td>\n<td class=\"et8\" style=\"font-size: 12pt; text-align: center; vertical-align: middle; border: 0.5pt solid #000000; height: 19.5pt; width: 110.25pt; background-image: initial; background-attachment: initial; background-size: initial; background-origin: initial; background-clip: initial; background-position: initial; background-repeat: initial;\" width=\"147\" height=\"26\">80<\/td>\n<td class=\"et8\" style=\"font-size: 12pt; text-align: center; vertical-align: middle; border: 0.5pt solid #000000; height: 19.5pt; width: 54pt; background-image: initial; background-attachment: initial; background-size: initial; background-origin: initial; background-clip: initial; background-position: initial; background-repeat: initial;\" width=\"72\" height=\"26\">80<\/td>\n<td class=\"et8\" style=\"font-size: 12pt; text-align: center; vertical-align: middle; border: 0.5pt solid #000000; height: 19.5pt; width: 54pt; background-image: initial; background-attachment: initial; background-size: initial; background-origin: initial; background-clip: initial; background-position: initial; background-repeat: initial;\" width=\"72\" height=\"26\">80<\/td>\n<td class=\"et9\" style=\"font-size: 12pt; text-align: center; vertical-align: middle; border-width: 0.5pt 1.2pt 0.5pt 0.5pt; border-style: solid; border-color: #000000; height: 19.5pt; width: 54pt; background-image: initial; background-attachment: initial; background-size: initial; background-origin: initial; background-clip: initial; background-position: initial; background-repeat: initial;\" width=\"72\" height=\"26\">110<\/td>\n<\/tr>\n<tr>\n<td class=\"et7\" style=\"font-size: 12pt; text-align: center; vertical-align: middle; border-width: 0.5pt 0.5pt 0.5pt 1.2pt; border-style: solid; border-color: #000000; height: 19.5pt; width: 163.5pt; background-image: initial; background-attachment: initial; background-size: initial; background-origin: initial; background-clip: initial; background-position: initial; background-repeat: initial;\" width=\"218\" height=\"26\">Tuber\u00eda de agua de refrigeraci\u00f3n\/pulgada<\/td>\n<td class=\"et17\" style=\"font-size: 12pt; text-align: center; vertical-align: middle; border: 0.5pt solid #000000; height: 19.5pt; width: 110.25pt; background-image: initial; background-attachment: initial; background-size: initial; background-origin: initial; background-clip: initial; background-position: initial; background-repeat: initial;\" width=\"147\" height=\"26\">1\/2<\/td>\n<td class=\"et17\" style=\"font-size: 12pt; text-align: center; vertical-align: middle; border: 0.5pt solid #000000; height: 19.5pt; width: 54pt; background-image: initial; background-attachment: initial; background-size: initial; background-origin: initial; background-clip: initial; background-position: initial; background-repeat: initial;\" width=\"72\" height=\"26\">1\/2<\/td>\n<td class=\"et17\" style=\"font-size: 12pt; text-align: center; vertical-align: middle; border: 0.5pt solid #000000; height: 19.5pt; width: 54pt; background-image: initial; background-attachment: initial; background-size: initial; background-origin: initial; background-clip: initial; background-position: initial; background-repeat: initial;\" width=\"72\" height=\"26\">1\/2<\/td>\n<td class=\"et18\" style=\"font-size: 12pt; text-align: center; vertical-align: middle; border-width: 0.5pt 1.2pt 0.5pt 0.5pt; border-style: solid; border-color: #000000; height: 19.5pt; width: 54pt; background-image: initial; background-attachment: initial; background-size: initial; background-origin: initial; background-clip: initial; background-position: initial; background-repeat: initial;\" width=\"72\" height=\"26\">1\/2<\/td>\n<\/tr>\n<tr>\n<td class=\"et7\" style=\"font-size: 12pt; text-align: center; vertical-align: middle; border-width: 0.5pt 0.5pt 0.5pt 1.2pt; border-style: solid; border-color: #000000; height: 19.5pt; width: 163.5pt; background-image: initial; background-attachment: initial; background-size: initial; background-origin: initial; background-clip: initial; background-position: initial; background-repeat: initial;\" width=\"218\" height=\"26\">Tuber\u00eda de fluido de proceso\/pulgada<\/td>\n<td class=\"et8\" style=\"font-size: 12pt; text-align: center; vertical-align: middle; border: 0.5pt solid #000000; height: 19.5pt; width: 110.25pt; background-image: initial; background-attachment: initial; background-size: initial; background-origin: initial; background-clip: initial; background-position: initial; background-repeat: initial;\" width=\"147\" height=\"26\">1\/2*4<\/td>\n<td class=\"et8\" style=\"font-size: 12pt; text-align: center; vertical-align: middle; border: 0.5pt solid #000000; height: 19.5pt; width: 54pt; background-image: initial; background-attachment: initial; background-size: initial; background-origin: initial; background-clip: initial; background-position: initial; background-repeat: initial;\" width=\"72\" height=\"26\">1\/2*4<\/td>\n<td class=\"et8\" style=\"font-size: 12pt; text-align: center; vertical-align: middle; border: 0.5pt solid #000000; height: 19.5pt; width: 54pt; background-image: initial; background-attachment: initial; background-size: initial; background-origin: initial; background-clip: initial; background-position: initial; background-repeat: initial;\" width=\"72\" height=\"26\">1\/2*6<\/td>\n<td class=\"et9\" style=\"font-size: 12pt; text-align: center; vertical-align: middle; border-width: 0.5pt 1.2pt 0.5pt 0.5pt; border-style: solid; border-color: #000000; height: 19.5pt; width: 54pt; background-image: initial; background-attachment: initial; background-size: initial; background-origin: initial; background-clip: initial; background-position: initial; background-repeat: initial;\" width=\"72\" height=\"26\">1\/2*8<\/td>\n<\/tr>\n<tr>\n<td class=\"et7\" style=\"font-size: 12pt; text-align: center; vertical-align: middle; border-width: 0.5pt 0.5pt 0.5pt 1.2pt; border-style: solid; border-color: #000000; height: 19.5pt; width: 163.5pt; background-image: initial; background-attachment: initial; background-size: initial; background-origin: initial; background-clip: initial; background-position: initial; background-repeat: initial;\" width=\"218\" height=\"26\">Dimensiones L*An*Al(mm)<\/td>\n<td class=\"et8\" style=\"font-size: 12pt; text-align: center; vertical-align: middle; border: 0.5pt solid #000000; height: 19.5pt; width: 110.25pt; background-image: initial; background-attachment: initial; background-size: initial; background-origin: initial; background-clip: initial; background-position: initial; background-repeat: initial;\" width=\"147\" height=\"26\">650*340*580<\/td>\n<td class=\"et8\" style=\"font-size: 12pt; text-align: center; vertical-align: middle; border: 0.5pt solid #000000; height: 19.5pt; width: 54pt; background-image: initial; background-attachment: initial; background-size: initial; background-origin: initial; background-clip: initial; background-position: initial; background-repeat: initial;\" width=\"72\" height=\"26\">\u00a0650*340*580<\/td>\n<td class=\"et8\" style=\"font-size: 12pt; text-align: center; vertical-align: middle; border: 0.5pt solid #000000; height: 19.5pt; width: 54pt; background-image: initial; background-attachment: initial; background-size: initial; background-origin: initial; background-clip: initial; background-position: initial; background-repeat: initial;\" width=\"72\" height=\"26\">650*340*580<\/td>\n<td class=\"et9\" style=\"font-size: 12pt; text-align: center; vertical-align: middle; border-width: 0.5pt 1.2pt 0.5pt 0.5pt; border-style: solid; border-color: #000000; height: 19.5pt; width: 54pt; background-image: initial; background-attachment: initial; background-size: initial; background-origin: initial; background-clip: initial; background-position: initial; background-repeat: initial;\" width=\"72\" height=\"26\">\u00a0750*400*700<\/td>\n<\/tr>\n<tr>\n<td class=\"et19\" style=\"font-size: 12pt; text-align: center; vertical-align: middle; border-width: 0.5pt 0.5pt 1.2pt 1.2pt; border-style: solid; border-color: #000000; height: 19.5pt; width: 163.5pt; background-image: initial; background-attachment: initial; background-size: initial; background-origin: initial; background-clip: initial; background-position: initial; background-repeat: initial;\" width=\"218\" height=\"26\">Peso<\/td>\n<td class=\"et20\" style=\"font-size: 12pt; text-align: center; vertical-align: middle; border-width: 0.5pt 0.5pt 1.2pt; border-style: solid; border-color: #000000; height: 19.5pt; width: 110.25pt; background-image: initial; background-attachment: initial; background-size: initial; background-origin: initial; background-clip: initial; background-position: initial; background-repeat: initial;\" width=\"147\" height=\"26\">54<\/td>\n<td class=\"et20\" style=\"font-size: 12pt; text-align: center; vertical-align: middle; border-width: 0.5pt 0.5pt 1.2pt; border-style: solid; border-color: #000000; height: 19.5pt; width: 54pt; background-image: initial; background-attachment: initial; background-size: initial; background-origin: initial; background-clip: initial; background-position: initial; background-repeat: initial;\" width=\"72\" height=\"26\">54<\/td>\n<td class=\"et20\" style=\"font-size: 12pt; text-align: center; vertical-align: middle; border-width: 0.5pt 0.5pt 1.2pt; border-style: solid; border-color: #000000; height: 19.5pt; width: 54pt; background-image: initial; background-attachment: initial; background-size: initial; background-origin: initial; background-clip: initial; background-position: initial; background-repeat: initial;\" width=\"72\" height=\"26\">72<\/td>\n<td class=\"et21\" style=\"font-size: 12pt; text-align: center; vertical-align: middle; border-width: 0.5pt 1.2pt 1.2pt 0.5pt; border-style: solid; border-color: #000000; height: 19.5pt; width: 54pt; background-image: initial; background-attachment: initial; background-size: initial; background-origin: initial; background-clip: initial; background-position: initial; background-repeat: initial;\" width=\"72\" height=\"26\">90<\/td>\n<\/tr>\n<\/tbody>\n<\/table>\n<\/div>","protected":false},"excerpt":{"rendered":"<p>Origen del producto: Dongguan, China<\/p>\n<p>N.\u00ba de art\u00edculo: FST-3-W<\/p>\n<p>Puerto de env\u00edo: Puerto de Shenzhen<\/p>\n<p>Color:Azul<\/p>\n<p>Plazo de entrega: 15 d\u00edas<\/p>\n<p>Pago: dep\u00f3sito 30% TT, 70% TT antes de la entrega<\/p>\n<p>Precio: $599\/1999<\/p>","protected":false},"featured_media":0,"comment_status":"open","ping_status":"closed","template":"","meta":{"_seopress_robots_primary_cat":"none","_seopress_titles_title":"","_seopress_titles_desc":"","_seopress_robots_index":"","_kad_post_transparent":"default","_kad_post_title":"","_kad_post_layout":"default","_kad_post_sidebar_id":"","_kad_post_content_style":"default","_kad_post_vertical_padding":"default","_kad_post_feature":"","_kad_post_feature_position":"","_kad_post_header":false,"_kad_post_footer":false,"_kad_post_classname":""},"product_brand":[],"product_cat":[25],"product_tag":[],"class_list":{"0":"post-277","1":"product","2":"type-product","3":"status-publish","5":"product_cat-mold-temperature-controller","7":"first","8":"instock","9":"shipping-taxable","10":"product-type-simple","11":"entry","12":"content-bg","13":"loop-entry"},"_links":{"self":[{"href":"https:\/\/topdagroup.com\/es\/wp-json\/wp\/v2\/product\/277","targetHints":{"allow":["GET"]}}],"collection":[{"href":"https:\/\/topdagroup.com\/es\/wp-json\/wp\/v2\/product"}],"about":[{"href":"https:\/\/topdagroup.com\/es\/wp-json\/wp\/v2\/types\/product"}],"replies":[{"embeddable":true,"href":"https:\/\/topdagroup.com\/es\/wp-json\/wp\/v2\/comments?post=277"}],"wp:attachment":[{"href":"https:\/\/topdagroup.com\/es\/wp-json\/wp\/v2\/media?parent=277"}],"wp:term":[{"taxonomy":"product_brand","embeddable":true,"href":"https:\/\/topdagroup.com\/es\/wp-json\/wp\/v2\/product_brand?post=277"},{"taxonomy":"product_cat","embeddable":true,"href":"https:\/\/topdagroup.com\/es\/wp-json\/wp\/v2\/product_cat?post=277"},{"taxonomy":"product_tag","embeddable":true,"href":"https:\/\/topdagroup.com\/es\/wp-json\/wp\/v2\/product_tag?post=277"}],"curies":[{"name":"wp","href":"https:\/\/api.w.org\/{rel}","templated":true}]}}