{"id":255,"date":"2024-01-27T01:15:59","date_gmt":"2024-01-26T17:15:59","guid":{"rendered":"http:\/\/g.studywade.com\/?post_type=product&#038;p=255"},"modified":"2024-01-26T21:09:57","modified_gmt":"2024-01-26T13:09:57","slug":"big-vertical-plastic-color-mixer-with-heating-color-mixing-machine-topda","status":"publish","type":"product","link":"https:\/\/topdagroup.com\/es\/product\/big-vertical-plastic-color-mixer-with-heating-color-mixing-machine-topda\/","title":{"rendered":"Mezclador de colores vertical grande de pl\u00e1stico con calefacci\u00f3n M\u00e1quina mezcladora de colores Topda"},"content":{"rendered":"<div class=\"pro_detail\">\n<p style=\"margin-top: 0px; margin-bottom: 0px; padding: 0px; font-family: Lato-Regular, Helvetica, sans-serif; color: #666666; font-size: 13.3333px; line-height: 24px;\"><span style=\"margin: 0px; padding: 0px; font-size: 13.3333px; color: #000000;\"><b style=\"margin: 0px; padding: 0px;\"><span style=\"margin: 0px; padding: 0px;\"><b style=\"margin: 0px; padding: 0px; color: #e53333; font-size: 13.3333px; line-height: 24px;\">MEZCLADOR DE COLORES DE PL\u00c1STICO VERTICAL GRANDE TOPDA<\/b><\/span><\/b><\/span><\/p>\n<p style=\"margin-top: 0px; margin-bottom: 0px; padding: 0px; font-family: Lato-Regular, Helvetica, sans-serif; color: #666666; font-size: 13.3333px; line-height: 24px;\"><span style=\"margin: 0px; padding: 0px; font-size: 13.3333px; color: #000000;\"><b style=\"margin: 0px; padding: 0px;\"><span style=\"margin: 0px; padding: 0px;\"><b style=\"margin: 0px; padding: 0px; color: #e53333; font-size: 13.3333px; line-height: 24px;\"><img decoding=\"async\" src=\"\/web\/20191205065424im_\/https:\/\/topdagroup.com\/js\/htmledit\/kindeditor-en\/attached\/20160422\/20160422154030_12401.jpg\" alt=\"\" \/><\/b><\/span><\/b><\/span><\/p>\n<p style=\"margin-top: 0px; margin-bottom: 0px; padding: 0px; font-family: Lato-Regular, Helvetica, sans-serif; color: #666666; font-size: 13.3333px; line-height: 24px;\"><span style=\"font-size: 13.3333px; line-height: 24px; margin: 0px; padding: 0px; color: #000000;\"><b style=\"margin: 0px; padding: 0px;\"><span style=\"margin: 0px; padding: 0px;\">SOLICITUD<\/span><\/b>:\u00a0<\/span><span style=\"font-size: 13.3333px; line-height: 24px; margin: 0px; padding: 0px; color: #000000;\">Trajes mezcladores de pl\u00e1stico para \u00a0<\/span><span style=\"font-size: 13.3333px; line-height: 24px; margin: 0px; padding: 0px; font-family: 'Lato-Regular, Helvetica, sans-serif';\"><span style=\"margin: 0px; padding: 0px; font-family: Lato-Regular, Helvetica, sans-serif; line-height: 24px; color: #000000;\">Mezcla de materias primas pl\u00e1sticas y colores, mezcla de materias primas v\u00edrgenes, remolidas y lotes maestros<\/span><\/span><\/p>\n<p style=\"margin-top: 0px; margin-bottom: 0px; padding: 0px; font-family: Lato-Regular, Helvetica, sans-serif; color: #666666; font-size: 13.3333px; line-height: 24px;\"><span style=\"margin: 0px; padding: 0px; font-family: 'Lato-Regular, Helvetica, sans-serif'; font-size: 13.3333px;\"><span style=\"margin: 0px; padding: 0px; font-family: Lato-Regular, Helvetica, sans-serif; line-height: 24px;\">\u00a0<\/span><\/span><\/p>\n<p style=\"margin-top: 0px; margin-bottom: 0px; padding: 0px; font-family: Lato-Regular, Helvetica, sans-serif; color: #666666; font-size: 13.3333px; line-height: 24px;\"><span style=\"margin: 0px; padding: 0px; font-family: 'Lato-Regular, Helvetica, sans-serif'; font-size: 13.3333px;\"><span style=\"margin: 0px; padding: 0px; font-family: Lato-Regular, Helvetica, sans-serif; line-height: 24px;\"><b style=\"margin: 0px; padding: 0px;\"><span style=\"margin: 0px; padding: 0px; color: #000000;\">Caracter\u00edsticas:<\/span><\/b><\/span><\/span><\/p>\n<p style=\"margin-top: 0px; margin-bottom: 0px; padding: 0px; font-family: Lato-Regular, Helvetica, sans-serif; color: #666666; font-size: 13.3333px; line-height: 24px;\"><span style=\"margin: 0px; padding: 0px; font-family: 'Lato-Regular, Helvetica, sans-serif'; font-size: 13.3333px;\"><span style=\"margin: 0px; padding: 0px; font-family: Lato-Regular, Helvetica, sans-serif; line-height: 24px; color: #000000;\">1.\u00a0<\/span><\/span><span style=\"margin: 0px; padding: 0px; font-family: 'Lato-Regular, Helvetica, sans-serif';\"><span style=\"margin: 0px; padding: 0px; font-family: Lato-Regular, Helvetica, sans-serif; line-height: 24px; color: #000000;\">Dise\u00f1ado completamente en acero inoxidable, resistente a la oxidaci\u00f3n y f\u00e1cil de limpiar;<\/span><\/span><\/p>\n<p style=\"margin-top: 0px; margin-bottom: 0px; padding: 0px; font-family: Lato-Regular, Helvetica, sans-serif; color: #666666; font-size: 13.3333px; line-height: 24px;\"><span style=\"margin: 0px; padding: 0px; font-family: 'Lato-Regular, Helvetica, sans-serif';\"><span style=\"margin: 0px; padding: 0px; font-family: Lato-Regular, Helvetica, sans-serif; line-height: 24px; color: #000000;\">2. Instalado con dispositivo de control de potencia para garantizar la seguridad;<\/span><\/span><\/p>\n<p style=\"margin-top: 0px; margin-bottom: 0px; padding: 0px; font-family: Lato-Regular, Helvetica, sans-serif; color: #666666; font-size: 13.3333px; line-height: 24px;\"><span style=\"margin: 0px; padding: 0px; font-family: 'Lato-Regular, Helvetica, sans-serif';\"><span style=\"margin: 0px; padding: 0px; font-family: Lato-Regular, Helvetica, sans-serif; line-height: 24px; color: #000000;\">3. El espesor del cubo grande es de 1,2 a 2,5 mm, el espesor de las hojas atornilladas es de 3 mm;<\/span><\/span><\/p>\n<p style=\"margin-top: 0px; margin-bottom: 0px; padding: 0px; font-family: Lato-Regular, Helvetica, sans-serif; color: #666666; font-size: 13.3333px; line-height: 24px;\"><span style=\"margin: 0px; padding: 0px; font-family: 'Lato-Regular, Helvetica, sans-serif';\"><span style=\"margin: 0px; padding: 0px; font-family: Lato-Regular, Helvetica, sans-serif; line-height: 24px; color: #000000;\">4. Mezcla circular helicoidal, agitaci\u00f3n r\u00e1pida y uniforme.<\/span><\/span><\/p>\n<p style=\"margin-top: 0px; margin-bottom: 0px; padding: 0px; font-family: Lato-Regular, Helvetica, sans-serif; color: #666666; font-size: 13.3333px; line-height: 24px;\"><span style=\"margin: 0px; padding: 0px; font-family: 'Lato-Regular, Helvetica, sans-serif';\"><span style=\"margin: 0px; padding: 0px; font-family: Lato-Regular, Helvetica, sans-serif; line-height: 24px; color: #000000;\"><b>\u00a0<\/b><\/span><\/span><\/p>\n<p style=\"margin-top: 0px; margin-bottom: 0px; padding: 0px; font-family: Lato-Regular, Helvetica, sans-serif; color: #666666; font-size: 13.3333px; line-height: 24px;\"><span style=\"margin: 0px; padding: 0px; font-family: 'Lato-Regular, Helvetica, sans-serif';\"><span style=\"margin: 0px; padding: 0px; font-family: Lato-Regular, Helvetica, sans-serif; line-height: 24px; color: #000000;\"><b>Especificaci\u00f3n:<\/b><\/span><\/span><\/p>\n<table class=\"ke-zeroborder\" style=\"width: 621.75pt;\" width=\"829\">\n<colgroup>\n<col width=\"111\" \/>\n<col width=\"108\" \/>\n<col width=\"136\" \/>\n<col width=\"123\" \/>\n<col width=\"194\" \/>\n<col width=\"157\" \/> <\/colgroup>\n<tbody>\n<tr>\n<td class=\"et3\" style=\"font-size: 12pt; text-align: center; vertical-align: middle; border-width: 1.2pt 0.5pt 0.5pt 1.2pt; border-style: solid; border-color: #000000; height: 30pt; width: 83.25pt; background-image: initial; background-attachment: initial; background-size: initial; background-origin: initial; background-clip: initial; background-position: initial; background-repeat: initial;\" width=\"111\" height=\"40\">Modelo<\/td>\n<td class=\"et4\" style=\"font-size: 12pt; text-align: center; vertical-align: middle; border-width: 1.2pt 0.5pt 0.5pt; border-style: solid; border-color: #000000; height: 30pt; width: 81pt; background-image: initial; background-attachment: initial; background-size: initial; background-origin: initial; background-clip: initial; background-position: initial; background-repeat: initial;\" width=\"108\" height=\"40\">Capacidad (L)<\/td>\n<td class=\"et4\" style=\"font-size: 12pt; text-align: center; vertical-align: middle; border-width: 1.2pt 0.5pt 0.5pt; border-style: solid; border-color: #000000; height: 30pt; width: 296.25pt; background-image: initial; background-attachment: initial; background-size: initial; background-origin: initial; background-clip: initial; background-position: initial; background-repeat: initial;\" colspan=\"3\" width=\"395\" height=\"40\">Fuerza<\/td>\n<td class=\"et5\" style=\"font-size: 12pt; text-align: center; vertical-align: middle; border-width: 1.2pt 1.2pt 0.5pt 0.5pt; border-style: solid; border-color: #000000; height: 30pt; width: 117.75pt; background-image: initial; background-attachment: initial; background-size: initial; background-origin: initial; background-clip: initial; background-position: initial; background-repeat: initial;\" width=\"157\" height=\"40\">Dimensiones<br \/>\n(mm Largo*Ancho*Alto)<\/td>\n<\/tr>\n<tr>\n<td class=\"et6\" style=\"font-size: 12pt; text-align: center; vertical-align: middle; border-width: 0.5pt 0.5pt 0.5pt 1.2pt; border-style: solid; border-color: #000000; height: 21pt; width: 83.25pt; background-image: initial; background-attachment: initial; background-size: initial; background-origin: initial; background-clip: initial; background-position: initial; background-repeat: initial;\" width=\"111\" height=\"28\">LSHH-300<\/td>\n<td class=\"et7\" style=\"font-size: 12pt; text-align: center; vertical-align: middle; border: 0.5pt solid #000000; height: 21pt; width: 81pt; background-image: initial; background-attachment: initial; background-size: initial; background-origin: initial; background-clip: initial; background-position: initial; background-repeat: initial;\" width=\"108\" height=\"28\">500<\/td>\n<td class=\"et7\" style=\"font-size: 12pt; text-align: center; vertical-align: middle; border: 0.5pt solid #000000; height: 21pt; width: 102pt; background-image: initial; background-attachment: initial; background-size: initial; background-origin: initial; background-clip: initial; background-position: initial; background-repeat: initial;\" width=\"136\" height=\"28\">MOTOR 1,1KW<\/td>\n<td class=\"et7\" style=\"font-size: 12pt; text-align: center; vertical-align: middle; border: 0.5pt solid #000000; height: 21pt; width: 92.25pt; background-image: initial; background-attachment: initial; background-size: initial; background-origin: initial; background-clip: initial; background-position: initial; background-repeat: initial;\" width=\"123\" height=\"28\">SOPLADO 0,5KW<\/td>\n<td class=\"et7\" style=\"font-size: 12pt; text-align: center; vertical-align: middle; border: 0.5pt solid #000000; height: 21pt; width: 145.5pt; background-image: initial; background-attachment: initial; background-size: initial; background-origin: initial; background-clip: initial; background-position: initial; background-repeat: initial;\" width=\"194\" height=\"28\">TUBO DE CALEFACCI\u00d3N 9KW<\/td>\n<td class=\"et8\" style=\"font-size: 12pt; text-align: center; vertical-align: middle; border-width: 0.5pt 1.2pt 0.5pt 0.5pt; border-style: solid; border-color: #000000; height: 21pt; width: 117.75pt; background-image: initial; background-attachment: initial; background-size: initial; background-origin: initial; background-clip: initial; background-position: initial; background-repeat: initial;\" width=\"157\" height=\"28\">1050*1050*2150<\/td>\n<\/tr>\n<tr>\n<td class=\"et6\" style=\"font-size: 12pt; text-align: center; vertical-align: middle; border-width: 0.5pt 0.5pt 0.5pt 1.2pt; border-style: solid; border-color: #000000; height: 21pt; width: 83.25pt; background-image: initial; background-attachment: initial; background-size: initial; background-origin: initial; background-clip: initial; background-position: initial; background-repeat: initial;\" width=\"111\" height=\"28\">LSHH-500<\/td>\n<td class=\"et7\" style=\"font-size: 12pt; text-align: center; vertical-align: middle; border: 0.5pt solid #000000; height: 21pt; width: 81pt; background-image: initial; background-attachment: initial; background-size: initial; background-origin: initial; background-clip: initial; background-position: initial; background-repeat: initial;\" width=\"108\" height=\"28\">1000<\/td>\n<td class=\"et7\" style=\"font-size: 12pt; text-align: center; vertical-align: middle; border: 0.5pt solid #000000; height: 21pt; width: 102pt; background-image: initial; background-attachment: initial; background-size: initial; background-origin: initial; background-clip: initial; background-position: initial; background-repeat: initial;\" width=\"136\" height=\"28\">MOTOR 2,2KW<\/td>\n<td class=\"et7\" style=\"font-size: 12pt; text-align: center; vertical-align: middle; border: 0.5pt solid #000000; height: 21pt; width: 92.25pt; background-image: initial; background-attachment: initial; background-size: initial; background-origin: initial; background-clip: initial; background-position: initial; background-repeat: initial;\" width=\"123\" height=\"28\">SOPLADO 0,5KW<\/td>\n<td class=\"et7\" style=\"font-size: 12pt; text-align: center; vertical-align: middle; border: 0.5pt solid #000000; height: 21pt; width: 145.5pt; background-image: initial; background-attachment: initial; background-size: initial; background-origin: initial; background-clip: initial; background-position: initial; background-repeat: initial;\" width=\"194\" height=\"28\">TUBO DE CALEFACCI\u00d3N 9KW<\/td>\n<td class=\"et8\" style=\"font-size: 12pt; text-align: center; vertical-align: middle; border-width: 0.5pt 1.2pt 0.5pt 0.5pt; border-style: solid; border-color: #000000; height: 21pt; width: 117.75pt; background-image: initial; background-attachment: initial; background-size: initial; background-origin: initial; background-clip: initial; background-position: initial; background-repeat: initial;\" width=\"157\" height=\"28\">1450*1450*2250<\/td>\n<\/tr>\n<tr>\n<td class=\"et6\" style=\"font-size: 12pt; text-align: center; vertical-align: middle; border-width: 0.5pt 0.5pt 0.5pt 1.2pt; border-style: solid; border-color: #000000; height: 21pt; width: 83.25pt; background-image: initial; background-attachment: initial; background-size: initial; background-origin: initial; background-clip: initial; background-position: initial; background-repeat: initial;\" width=\"111\" height=\"28\">LSHH-1000<\/td>\n<td class=\"et7\" style=\"font-size: 12pt; text-align: center; vertical-align: middle; border: 0.5pt solid #000000; height: 21pt; width: 81pt; background-image: initial; background-attachment: initial; background-size: initial; background-origin: initial; background-clip: initial; background-position: initial; background-repeat: initial;\" width=\"108\" height=\"28\">2000<\/td>\n<td class=\"et7\" style=\"font-size: 12pt; text-align: center; vertical-align: middle; border: 0.5pt solid #000000; height: 21pt; width: 102pt; background-image: initial; background-attachment: initial; background-size: initial; background-origin: initial; background-clip: initial; background-position: initial; background-repeat: initial;\" width=\"136\" height=\"28\">MOTOR DE 4KW<\/td>\n<td class=\"et7\" style=\"font-size: 12pt; text-align: center; vertical-align: middle; border: 0.5pt solid #000000; height: 21pt; width: 92.25pt; background-image: initial; background-attachment: initial; background-size: initial; background-origin: initial; background-clip: initial; background-position: initial; background-repeat: initial;\" width=\"123\" height=\"28\">SOPLADO 0,5KW<\/td>\n<td class=\"et7\" style=\"font-size: 12pt; text-align: center; vertical-align: middle; border: 0.5pt solid #000000; height: 21pt; width: 145.5pt; background-image: initial; background-attachment: initial; background-size: initial; background-origin: initial; background-clip: initial; background-position: initial; background-repeat: initial;\" width=\"194\" height=\"28\">TUBO DE CALEFACCI\u00d3N 12KW<\/td>\n<td class=\"et8\" style=\"font-size: 12pt; text-align: center; vertical-align: middle; border-width: 0.5pt 1.2pt 0.5pt 0.5pt; border-style: solid; border-color: #000000; height: 21pt; width: 117.75pt; background-image: initial; background-attachment: initial; background-size: initial; background-origin: initial; background-clip: initial; background-position: initial; background-repeat: initial;\" width=\"157\" height=\"28\">1700*1300*2600<\/td>\n<\/tr>\n<tr>\n<td class=\"et6\" style=\"font-size: 12pt; text-align: center; vertical-align: middle; border-width: 0.5pt 0.5pt 0.5pt 1.2pt; border-style: solid; border-color: #000000; height: 21pt; width: 83.25pt; background-image: initial; background-attachment: initial; background-size: initial; background-origin: initial; background-clip: initial; background-position: initial; background-repeat: initial;\" width=\"111\" height=\"28\">LSHH-2000<\/td>\n<td class=\"et7\" style=\"font-size: 12pt; text-align: center; vertical-align: middle; border: 0.5pt solid #000000; height: 21pt; width: 81pt; background-image: initial; background-attachment: initial; background-size: initial; background-origin: initial; background-clip: initial; background-position: initial; background-repeat: initial;\" width=\"108\" height=\"28\">4000<\/td>\n<td class=\"et7\" style=\"font-size: 12pt; text-align: center; vertical-align: middle; border: 0.5pt solid #000000; height: 21pt; width: 102pt; background-image: initial; background-attachment: initial; background-size: initial; background-origin: initial; background-clip: initial; background-position: initial; background-repeat: initial;\" width=\"136\" height=\"28\">MOTOR 5,5KW<\/td>\n<td class=\"et7\" style=\"font-size: 12pt; text-align: center; vertical-align: middle; border: 0.5pt solid #000000; height: 21pt; width: 92.25pt; background-image: initial; background-attachment: initial; background-size: initial; background-origin: initial; background-clip: initial; background-position: initial; background-repeat: initial;\" width=\"123\" height=\"28\">SOPLADO 0,5KW<\/td>\n<td class=\"et7\" style=\"font-size: 12pt; text-align: center; vertical-align: middle; border: 0.5pt solid #000000; height: 21pt; width: 145.5pt; background-image: initial; background-attachment: initial; background-size: initial; background-origin: initial; background-clip: initial; background-position: initial; background-repeat: initial;\" width=\"194\" height=\"28\">TUBO DE CALEFACCI\u00d3N 15KW<\/td>\n<td class=\"et8\" style=\"font-size: 12pt; text-align: center; vertical-align: middle; border-width: 0.5pt 1.2pt 0.5pt 0.5pt; border-style: solid; border-color: #000000; height: 21pt; width: 117.75pt; background-image: initial; background-attachment: initial; background-size: initial; background-origin: initial; background-clip: initial; background-position: initial; background-repeat: initial;\" width=\"157\" height=\"28\">2300*1800*3400<\/td>\n<\/tr>\n<tr>\n<td class=\"et9\" style=\"font-size: 12pt; text-align: center; vertical-align: middle; border-width: 0.5pt 0.5pt 1.2pt 1.2pt; border-style: solid; border-color: #000000; height: 21pt; width: 83.25pt; background-image: initial; background-attachment: initial; background-size: initial; background-origin: initial; background-clip: initial; background-position: initial; background-repeat: initial;\" width=\"111\" height=\"28\">LSHH-3000<\/td>\n<td class=\"et10\" style=\"font-size: 12pt; text-align: center; vertical-align: middle; border-width: 0.5pt 0.5pt 1.2pt; border-style: solid; border-color: #000000; height: 21pt; width: 81pt; background-image: initial; background-attachment: initial; background-size: initial; background-origin: initial; background-clip: initial; background-position: initial; background-repeat: initial;\" width=\"108\" height=\"28\">6000<\/td>\n<td class=\"et10\" style=\"font-size: 12pt; text-align: center; vertical-align: middle; border-width: 0.5pt 0.5pt 1.2pt; border-style: solid; border-color: #000000; height: 21pt; width: 102pt; background-image: initial; background-attachment: initial; background-size: initial; background-origin: initial; background-clip: initial; background-position: initial; background-repeat: initial;\" width=\"136\" height=\"28\">MOTOR 5,5KW<\/td>\n<td class=\"et10\" style=\"font-size: 12pt; text-align: center; vertical-align: middle; border-width: 0.5pt 0.5pt 1.2pt; border-style: solid; border-color: #000000; height: 21pt; width: 92.25pt; background-image: initial; background-attachment: initial; background-size: initial; background-origin: initial; background-clip: initial; background-position: initial; background-repeat: initial;\" width=\"123\" height=\"28\">SOPLADO 0,5KW<\/td>\n<td class=\"et10\" style=\"font-size: 12pt; text-align: center; vertical-align: middle; border-width: 0.5pt 0.5pt 1.2pt; border-style: solid; border-color: #000000; height: 21pt; width: 145.5pt; background-image: initial; background-attachment: initial; background-size: initial; background-origin: initial; background-clip: initial; background-position: initial; background-repeat: initial;\" width=\"194\" height=\"28\">TUBO DE CALEFACCI\u00d3N 18KW<\/td>\n<td class=\"et11\" style=\"font-size: 12pt; text-align: center; vertical-align: middle; border-width: 0.5pt 1.2pt 1.2pt 0.5pt; border-style: solid; border-color: #000000; height: 21pt; width: 117.75pt; background-image: initial; background-attachment: initial; background-size: initial; background-origin: initial; background-clip: initial; background-position: initial; background-repeat: initial;\" width=\"157\" height=\"28\">2500*2100*3800<\/td>\n<\/tr>\n<\/tbody>\n<\/table>\n<\/div>","protected":false},"excerpt":{"rendered":"<ul>\n<li>Origen del producto: Dongguan, China<\/li>\n<li>N\u00famero de art\u00edculo: LSHH-1000<\/li>\n<li>Puerto de env\u00edo: Puerto de Shenzhen<\/li>\n<li>Color:Azul<\/li>\n<li>Plazo de entrega: 15 d\u00edas<\/li>\n<li>Pago: dep\u00f3sito 30% TT, 70% TT antes de la entrega<\/li>\n<li>Precio: $3999\/9999<\/li>\n<\/ul>","protected":false},"featured_media":0,"comment_status":"open","ping_status":"closed","template":"","meta":{"_seopress_robots_primary_cat":"none","_seopress_titles_title":"","_seopress_titles_desc":"","_seopress_robots_index":"","_kad_post_transparent":"default","_kad_post_title":"","_kad_post_layout":"default","_kad_post_sidebar_id":"","_kad_post_content_style":"default","_kad_post_vertical_padding":"default","_kad_post_feature":"","_kad_post_feature_position":"","_kad_post_header":false,"_kad_post_footer":false,"_kad_post_classname":""},"product_brand":[],"product_cat":[22],"product_tag":[],"class_list":{"0":"post-255","1":"product","2":"type-product","3":"status-publish","5":"product_cat-plastic-mixing-dosing","7":"first","8":"instock","9":"shipping-taxable","10":"product-type-simple","11":"entry","12":"content-bg","13":"loop-entry"},"_links":{"self":[{"href":"https:\/\/topdagroup.com\/es\/wp-json\/wp\/v2\/product\/255","targetHints":{"allow":["GET"]}}],"collection":[{"href":"https:\/\/topdagroup.com\/es\/wp-json\/wp\/v2\/product"}],"about":[{"href":"https:\/\/topdagroup.com\/es\/wp-json\/wp\/v2\/types\/product"}],"replies":[{"embeddable":true,"href":"https:\/\/topdagroup.com\/es\/wp-json\/wp\/v2\/comments?post=255"}],"wp:attachment":[{"href":"https:\/\/topdagroup.com\/es\/wp-json\/wp\/v2\/media?parent=255"}],"wp:term":[{"taxonomy":"product_brand","embeddable":true,"href":"https:\/\/topdagroup.com\/es\/wp-json\/wp\/v2\/product_brand?post=255"},{"taxonomy":"product_cat","embeddable":true,"href":"https:\/\/topdagroup.com\/es\/wp-json\/wp\/v2\/product_cat?post=255"},{"taxonomy":"product_tag","embeddable":true,"href":"https:\/\/topdagroup.com\/es\/wp-json\/wp\/v2\/product_tag?post=255"}],"curies":[{"name":"wp","href":"https:\/\/api.w.org\/{rel}","templated":true}]}}