{"id":253,"date":"2024-01-27T02:39:59","date_gmt":"2024-01-26T18:39:59","guid":{"rendered":"http:\/\/g.studywade.com\/?post_type=product&#038;p=253"},"modified":"2025-03-24T18:48:48","modified_gmt":"2025-03-24T10:48:48","slug":"small-horizontal-plastic-powder-granules-color-mixer-masterbatch-mixing-machine-topda","status":"publish","type":"product","link":"https:\/\/topdagroup.com\/es\/product\/small-horizontal-plastic-powder-granules-color-mixer-masterbatch-mixing-machine-topda\/","title":{"rendered":"Mezclador de color de gr\u00e1nulos de polvo de pl\u00e1stico horizontal peque\u00f1o, m\u00e1quina mezcladora de masterbatch TOPDA"},"content":{"rendered":"<div class=\"pro_detail\">\n<p><b style=\"margin: 0px; padding: 0px; font-family: Lato-Regular, Helvetica, sans-serif; color: #e53333; line-height: 24px;\">Mezcladora de colores horizontal peque\u00f1a de pl\u00e1stico TOPDA<\/b><\/p>\n<p><b style=\"margin: 0px; padding: 0px; font-family: Lato-Regular, Helvetica, sans-serif; color: #e53333; line-height: 24px;\"><img decoding=\"async\" src=\"\/web\/20191118173510im_\/https:\/\/topdagroup.com\/js\/htmledit\/kindeditor-en\/attached\/20160503\/20160503164743_83320.jpg\" alt=\"\" \/><br \/>\n<\/b><\/p>\n<p><b style=\"margin: 0px; padding: 0px; font-family: Lato-Regular, Helvetica, sans-serif; color: #e53333; line-height: 24px;\">\u00a0<\/b><\/p>\n<p><span style=\"margin: 0px; padding: 0px; font-family: Lato-Regular, Helvetica, sans-serif; color: #e53333; line-height: 24px;\"><b><span style=\"color: #000000;\">Caracter\u00edsticas:<\/span><\/b><\/span><\/p>\n<p style=\"margin-top: 0px; margin-bottom: 0px; padding: 0px; font-family: Lato-Regular, Helvetica, sans-serif; color: #666666; line-height: 24px;\"><span style=\"margin: 0px; padding: 0px; color: #000000;\">1. T<\/span><span style=\"margin: 0px; padding: 0px; color: #000000; line-height: 22.2222px;\">El banco y las palas agitadoras est\u00e1n hechas de acero inoxidable.<\/span><span style=\"margin: 0px; padding: 0px; color: #000000;\">;<\/span><\/p>\n<p style=\"margin-top: 0px; margin-bottom: 0px; padding: 0px; font-family: Lato-Regular, Helvetica, sans-serif; color: #666666; line-height: 24px;\"><span style=\"margin: 0px; padding: 0px; color: #000000;\">2.\u00a0<\/span><span style=\"margin: 0px; padding: 0px; color: #000000; line-height: 22.2222px;\">Ajuste de parada autom\u00e1tica, ajustable de 0 a 30 minutos;<\/span><\/p>\n<p style=\"margin-top: 0px; margin-bottom: 0px; padding: 0px; font-family: Lato-Regular, Helvetica, sans-serif; color: #666666; line-height: 24px;\"><span style=\"margin: 0px; padding: 0px; color: #000000; line-height: 22.2222px;\">3.\u00a0<\/span><span style=\"margin: 0px; padding: 0px; color: #000000; line-height: 22.2222px;\">Dispositivo de protecci\u00f3n contra sobrecarga para un funcionamiento seguro.<\/span><\/p>\n<p style=\"margin-top: 0px; margin-bottom: 0px; padding: 0px; font-family: Lato-Regular, Helvetica, sans-serif; color: #666666; line-height: 24px;\"><span style=\"margin: 0px; padding: 0px; color: #000000; line-height: 22.2222px;\">\u00a0<\/span><\/p>\n<p style=\"margin-top: 0px; margin-bottom: 0px; padding: 0px; font-family: Lato-Regular, Helvetica, sans-serif; color: #666666; line-height: 24px;\"><span style=\"margin: 0px; padding: 0px; color: #000000; line-height: 22.2222px;\"><b>Especificaci\u00f3n:<\/b><\/span><\/p>\n<table class=\"ke-zeroborder\" style=\"width: 462pt;\" width=\"616\">\n<colgroup>\n<col width=\"97\" \/>\n<col width=\"115\" \/>\n<col width=\"117\" \/>\n<col width=\"120\" \/>\n<col width=\"167\" \/> <\/colgroup>\n<tbody>\n<tr>\n<td class=\"et3\" style=\"font-size: 12pt; text-align: center; vertical-align: middle; border-width: 1.2pt 0.5pt 0.5pt 1.2pt; border-style: solid; border-color: #000000; height: 37.5pt; width: 72.75pt; background-image: initial; background-attachment: initial; background-size: initial; background-origin: initial; background-clip: initial; background-position: initial; background-repeat: initial;\" width=\"97\" height=\"50\">Modelo<\/td>\n<td class=\"et4\" style=\"font-size: 12pt; text-align: center; vertical-align: middle; border-width: 1.2pt 0.5pt 0.5pt; border-style: solid; border-color: #000000; height: 37.5pt; width: 86.25pt; background-image: initial; background-attachment: initial; background-size: initial; background-origin: initial; background-clip: initial; background-position: initial; background-repeat: initial;\" width=\"115\" height=\"50\">Capacidad (Kg)<\/td>\n<td class=\"et4\" style=\"font-size: 12pt; text-align: center; vertical-align: middle; border-width: 1.2pt 0.5pt 0.5pt; border-style: solid; border-color: #000000; height: 37.5pt; width: 87.75pt; background-image: initial; background-attachment: initial; background-size: initial; background-origin: initial; background-clip: initial; background-position: initial; background-repeat: initial;\" width=\"117\" height=\"50\">Potencia (Kw)<\/td>\n<td class=\"et4\" style=\"font-size: 12pt; text-align: center; vertical-align: middle; border-width: 1.2pt 0.5pt 0.5pt; border-style: solid; border-color: #000000; height: 37.5pt; width: 90pt; background-image: initial; background-attachment: initial; background-size: initial; background-origin: initial; background-clip: initial; background-position: initial; background-repeat: initial;\" width=\"120\" height=\"50\">Velocidad de rotaci\u00f3n<\/td>\n<td class=\"et5\" style=\"font-size: 12pt; text-align: center; vertical-align: middle; border-width: 1.2pt 1.2pt 0.5pt 0.5pt; border-style: solid; border-color: #000000; height: 37.5pt; width: 125.25pt; background-image: initial; background-attachment: initial; background-size: initial; background-origin: initial; background-clip: initial; background-position: initial; background-repeat: initial;\" width=\"167\" height=\"50\">Dimensiones (mm)<\/td>\n<\/tr>\n<tr>\n<td class=\"et6\" style=\"font-size: 12pt; text-align: center; vertical-align: middle; border-width: 0.5pt 0.5pt 0.5pt 1.2pt; border-style: solid; border-color: #000000; height: 14.25pt; width: 72.75pt; background-image: initial; background-attachment: initial; background-size: initial; background-origin: initial; background-clip: initial; background-position: initial; background-repeat: initial;\" width=\"97\" height=\"19\">WSH-100<\/td>\n<td class=\"et7\" style=\"font-size: 12pt; text-align: center; vertical-align: middle; border: 0.5pt solid #000000; height: 14.25pt; width: 86.25pt; background-image: initial; background-attachment: initial; background-size: initial; background-origin: initial; background-clip: initial; background-position: initial; background-repeat: initial;\" width=\"115\" height=\"19\">100<\/td>\n<td class=\"et7\" style=\"font-size: 12pt; text-align: center; vertical-align: middle; border: 0.5pt solid #000000; height: 14.25pt; width: 87.75pt; background-image: initial; background-attachment: initial; background-size: initial; background-origin: initial; background-clip: initial; background-position: initial; background-repeat: initial;\" width=\"117\" height=\"19\">2.2<\/td>\n<td class=\"et7\" style=\"font-size: 12pt; text-align: center; vertical-align: middle; border: 0.5pt solid #000000; height: 14.25pt; width: 90pt; background-image: initial; background-attachment: initial; background-size: initial; background-origin: initial; background-clip: initial; background-position: initial; background-repeat: initial;\" width=\"120\" height=\"19\">45<\/td>\n<td class=\"et8\" style=\"font-size: 12pt; text-align: center; vertical-align: middle; border-width: 0.5pt 1.2pt 0.5pt 0.5pt; border-style: solid; border-color: #000000; height: 14.25pt; width: 125.25pt; background-image: initial; background-attachment: initial; background-size: initial; background-origin: initial; background-clip: initial; background-position: initial; background-repeat: initial;\" width=\"167\" height=\"19\">1050*870*1290<\/td>\n<\/tr>\n<tr>\n<td class=\"et6\" style=\"font-size: 12pt; text-align: center; vertical-align: middle; border-width: 0.5pt 0.5pt 0.5pt 1.2pt; border-style: solid; border-color: #000000; height: 14.25pt; width: 72.75pt; background-image: initial; background-attachment: initial; background-size: initial; background-origin: initial; background-clip: initial; background-position: initial; background-repeat: initial;\" width=\"97\" height=\"19\">WSH-150<\/td>\n<td class=\"et7\" style=\"font-size: 12pt; text-align: center; vertical-align: middle; border: 0.5pt solid #000000; height: 14.25pt; width: 86.25pt; background-image: initial; background-attachment: initial; background-size: initial; background-origin: initial; background-clip: initial; background-position: initial; background-repeat: initial;\" width=\"115\" height=\"19\">150<\/td>\n<td class=\"et7\" style=\"font-size: 12pt; text-align: center; vertical-align: middle; border: 0.5pt solid #000000; height: 14.25pt; width: 87.75pt; background-image: initial; background-attachment: initial; background-size: initial; background-origin: initial; background-clip: initial; background-position: initial; background-repeat: initial;\" width=\"117\" height=\"19\">3<\/td>\n<td class=\"et7\" style=\"font-size: 12pt; text-align: center; vertical-align: middle; border: 0.5pt solid #000000; height: 14.25pt; width: 90pt; background-image: initial; background-attachment: initial; background-size: initial; background-origin: initial; background-clip: initial; background-position: initial; background-repeat: initial;\" width=\"120\" height=\"19\">45<\/td>\n<td class=\"et8\" style=\"font-size: 12pt; text-align: center; vertical-align: middle; border-width: 0.5pt 1.2pt 0.5pt 0.5pt; border-style: solid; border-color: #000000; height: 14.25pt; width: 125.25pt; background-image: initial; background-attachment: initial; background-size: initial; background-origin: initial; background-clip: initial; background-position: initial; background-repeat: initial;\" width=\"167\" height=\"19\">1100*1020*1320<\/td>\n<\/tr>\n<tr>\n<td class=\"et9\" style=\"font-size: 12pt; text-align: center; vertical-align: middle; border-width: 0.5pt 0.5pt 1.2pt 1.2pt; border-style: solid; border-color: #000000; height: 16.5pt; width: 72.75pt; background-image: initial; background-attachment: initial; background-size: initial; background-origin: initial; background-clip: initial; background-position: initial; background-repeat: initial;\" width=\"97\" height=\"22\">WSH-200<\/td>\n<td class=\"et10\" style=\"font-size: 12pt; text-align: center; vertical-align: middle; border-width: 0.5pt 0.5pt 1.2pt; border-style: solid; border-color: #000000; height: 16.5pt; width: 86.25pt; background-image: initial; background-attachment: initial; background-size: initial; background-origin: initial; background-clip: initial; background-position: initial; background-repeat: initial;\" width=\"115\" height=\"22\">200<\/td>\n<td class=\"et10\" style=\"font-size: 12pt; text-align: center; vertical-align: middle; border-width: 0.5pt 0.5pt 1.2pt; border-style: solid; border-color: #000000; height: 16.5pt; width: 87.75pt; background-image: initial; background-attachment: initial; background-size: initial; background-origin: initial; background-clip: initial; background-position: initial; background-repeat: initial;\" width=\"117\" height=\"22\">4<\/td>\n<td class=\"et10\" style=\"font-size: 12pt; text-align: center; vertical-align: middle; border-width: 0.5pt 0.5pt 1.2pt; border-style: solid; border-color: #000000; height: 16.5pt; width: 90pt; background-image: initial; background-attachment: initial; background-size: initial; background-origin: initial; background-clip: initial; background-position: initial; background-repeat: initial;\" width=\"120\" height=\"22\">45<\/td>\n<td class=\"et11\" style=\"font-size: 12pt; text-align: center; vertical-align: middle; border-width: 0.5pt 1.2pt 1.2pt 0.5pt; border-style: solid; border-color: #000000; height: 16.5pt; width: 125.25pt; background-image: initial; background-attachment: initial; background-size: initial; background-origin: initial; background-clip: initial; background-position: initial; background-repeat: initial;\" width=\"167\" height=\"22\">1340*1100*1400<\/td>\n<\/tr>\n<\/tbody>\n<\/table>\n<p><b style=\"margin: 0px; padding: 0px; font-family: Lato-Regular, Helvetica, sans-serif; color: #e53333; line-height: 24px;\">\u00a0<\/b><\/p>\n<\/div>","protected":false},"excerpt":{"rendered":"<ul>\n<li>Origen del producto: Dongguan, China<\/li>\n<li>Art\u00edculo n.\u00b0: WSH-100<\/li>\n<li>Puerto de env\u00edo: Puerto de Shenzhen<\/li>\n<li>Color:Azul<\/li>\n<li>Plazo de entrega: 7 d\u00edas<\/li>\n<li>Pago: dep\u00f3sito 30% TT, 70% TT antes de la entrega<\/li>\n<li>Precio: $999\/3999<\/li>\n<\/ul>","protected":false},"featured_media":1820,"comment_status":"open","ping_status":"closed","template":"","meta":{"_seopress_robots_primary_cat":"none","_seopress_titles_title":"","_seopress_titles_desc":"","_seopress_robots_index":"","_kad_post_transparent":"default","_kad_post_title":"","_kad_post_layout":"default","_kad_post_sidebar_id":"","_kad_post_content_style":"default","_kad_post_vertical_padding":"default","_kad_post_feature":"","_kad_post_feature_position":"","_kad_post_header":false,"_kad_post_footer":false,"_kad_post_classname":""},"product_brand":[],"product_cat":[22],"product_tag":[],"class_list":{"0":"post-253","1":"product","2":"type-product","3":"status-publish","4":"has-post-thumbnail","6":"product_cat-plastic-mixing-dosing","8":"first","9":"instock","10":"shipping-taxable","11":"product-type-simple","12":"entry","13":"content-bg","14":"loop-entry"},"_links":{"self":[{"href":"https:\/\/topdagroup.com\/es\/wp-json\/wp\/v2\/product\/253","targetHints":{"allow":["GET"]}}],"collection":[{"href":"https:\/\/topdagroup.com\/es\/wp-json\/wp\/v2\/product"}],"about":[{"href":"https:\/\/topdagroup.com\/es\/wp-json\/wp\/v2\/types\/product"}],"replies":[{"embeddable":true,"href":"https:\/\/topdagroup.com\/es\/wp-json\/wp\/v2\/comments?post=253"}],"wp:featuredmedia":[{"embeddable":true,"href":"https:\/\/topdagroup.com\/es\/wp-json\/wp\/v2\/media\/1820"}],"wp:attachment":[{"href":"https:\/\/topdagroup.com\/es\/wp-json\/wp\/v2\/media?parent=253"}],"wp:term":[{"taxonomy":"product_brand","embeddable":true,"href":"https:\/\/topdagroup.com\/es\/wp-json\/wp\/v2\/product_brand?post=253"},{"taxonomy":"product_cat","embeddable":true,"href":"https:\/\/topdagroup.com\/es\/wp-json\/wp\/v2\/product_cat?post=253"},{"taxonomy":"product_tag","embeddable":true,"href":"https:\/\/topdagroup.com\/es\/wp-json\/wp\/v2\/product_tag?post=253"}],"curies":[{"name":"wp","href":"https:\/\/api.w.org\/{rel}","templated":true}]}}