{"id":252,"date":"2024-01-27T00:29:59","date_gmt":"2024-01-26T16:29:59","guid":{"rendered":"http:\/\/g.studywade.com\/?post_type=product&#038;p=252"},"modified":"2024-01-26T21:09:35","modified_gmt":"2024-01-26T13:09:35","slug":"double-color-masterbatch-doser-plastic-pellets-volumetric-doser-feeder-price","status":"publish","type":"product","link":"https:\/\/topdagroup.com\/es\/product\/double-color-masterbatch-doser-plastic-pellets-volumetric-doser-feeder-price\/","title":{"rendered":"Precio del dosificador volum\u00e9trico de pellets de pl\u00e1stico con dosificador de masterbatch de doble color"},"content":{"rendered":"<div class=\"pro_detail\">\n<p><span style=\"color:#e53333;\"><b>Unidad dosificadora TOPDA Dosificaci\u00f3n de colores M\u00e1quina mezcladora de colores de pl\u00e1stico<\/b><\/span><\/p>\n<p><span style=\"color:#e53333;\"><b><span style=\"color:#337fe5;\">UNIDAD DE UN SOLO COLOR<\/span><\/b><\/span><\/p>\n<p><img decoding=\"async\" src=\"\/web\/20191205230857im_\/https:\/\/topdagroup.com\/js\/htmledit\/kindeditor-en\/attached\/20160504\/20160504103835_29380.jpg\" alt=\"\"><\/p>\n<p>&nbsp;<\/p>\n<p><b>CARACTER\u00cdSTICAS:<\/b><\/p>\n<p>1. La unidad est\u00e1 compuesta por m\u00f3dulos est\u00e1ndar para facilitar la limpieza y el desmontaje;<\/p>\n<p>2. Los tornillos dosificadores est\u00e1n cromados para mayor durabilidad;<\/p>\n<p>3. El im\u00e1n de tolva de tres tubos est\u00e1 equipado en la base del dosificador de un solo color para absorber las impurezas met\u00e1licas y as\u00ed evitar que el tornillo de la m\u00e1quina de moldeo se da\u00f1e;<\/p>\n<p>4. La tolva de material principal es opcional;<\/p>\n<p>5. Las se\u00f1ales externas se pueden interconectar directamente con la caja de control;<\/p>\n<p>6. El modo de operaci\u00f3n actual se puede registrar, sin verse afectado por un corte de energ\u00eda, por lo que la operaci\u00f3n volver\u00e1 a la normalidad cuando se encienda la energ\u00eda;<\/p>\n<p>Se encuentran disponibles 7,50 unidades de recetas de par\u00e1metros para registrar de forma permanente el per\u00edodo de descarga del material y el peso de los productos terminados;<\/p>\n<p>8. Se pueden detectar tanto el bloqueo maestro como la sobrecarga, luego la m\u00e1quina se detendr\u00e1 y sonar\u00e1 la alarma;<\/p>\n<p>9. Utilice un motor de CC sin escobillas y libre de mantenimiento.<\/p>\n<p>&nbsp;<\/p>\n<p><b>ESPECIFICACI\u00d3N:<\/b><\/p>\n<table width=\"644\" height=\"127\" style=\"width:483pt;\" class=\"ke-zeroborder\">\n<colgroup>\n<col width=\"216\">\n<col width=\"140\">\n<col width=\"72\">\n<col width=\"72\">\n<col width=\"72\">\n<col width=\"72\"> <\/colgroup>\n<tbody>\n<tr height=\"21\">\n<td class=\"et3\" x:str=\"\" height=\"21\" width=\"216\" style=\"font-size:12pt;text-align:center;vertical-align:middle;border-width:1.2pt 0.5pt 0.5pt 1.2pt;border-style:solid;border-color:#000000;height:15.75pt;width:162pt;background-image:initial;background-attachment:initial;background-size:initial;background-origin:initial;background-clip:initial;background-position:initial;background-repeat:initial;\">MODELO<\/td>\n<td class=\"et4\" x:str=\"\" height=\"21\" width=\"140\" style=\"font-size:12pt;text-align:center;vertical-align:middle;border-width:1.2pt 0.5pt 0.5pt;border-style:solid;border-color:#000000;height:15.75pt;width:105pt;background-image:initial;background-attachment:initial;background-size:initial;background-origin:initial;background-clip:initial;background-position:initial;background-repeat:initial;\">CVD-12<\/td>\n<td class=\"et4\" x:str=\"\" height=\"21\" width=\"72\" style=\"font-size:12pt;text-align:center;vertical-align:middle;border-width:1.2pt 0.5pt 0.5pt;border-style:solid;border-color:#000000;height:15.75pt;width:54pt;background-image:initial;background-attachment:initial;background-size:initial;background-origin:initial;background-clip:initial;background-position:initial;background-repeat:initial;\">CVD-14<\/td>\n<td class=\"et4\" x:str=\"\" height=\"21\" width=\"72\" style=\"font-size:12pt;text-align:center;vertical-align:middle;border-width:1.2pt 0.5pt 0.5pt;border-style:solid;border-color:#000000;height:15.75pt;width:54pt;background-image:initial;background-attachment:initial;background-size:initial;background-origin:initial;background-clip:initial;background-position:initial;background-repeat:initial;\">CVD-16<\/td>\n<td class=\"et4\" x:str=\"\" height=\"21\" width=\"72\" style=\"font-size:12pt;text-align:center;vertical-align:middle;border-width:1.2pt 0.5pt 0.5pt;border-style:solid;border-color:#000000;height:15.75pt;width:54pt;background-image:initial;background-attachment:initial;background-size:initial;background-origin:initial;background-clip:initial;background-position:initial;background-repeat:initial;\">CVD-30<\/td>\n<td class=\"et5\" x:str=\"\" height=\"21\" width=\"72\" style=\"font-size:12pt;text-align:center;vertical-align:middle;border-width:1.2pt 1.2pt 0.5pt 0.5pt;border-style:solid;border-color:#000000;height:15.75pt;width:54pt;background-image:initial;background-attachment:initial;background-size:initial;background-origin:initial;background-clip:initial;background-position:initial;background-repeat:initial;\">CVD-50<\/td>\n<\/tr>\n<tr height=\"21\">\n<td class=\"et6\" x:str=\"\" height=\"21\" width=\"216\" style=\"font-size:12pt;text-align:center;vertical-align:middle;border-width:0.5pt 0.5pt 0.5pt 1.2pt;border-style:solid;border-color:#000000;height:15.75pt;width:162pt;background-image:initial;background-attachment:initial;background-size:initial;background-origin:initial;background-clip:initial;background-position:initial;background-repeat:initial;\">DI\u00c1METRO EXTERNO DEL TORNILLO (MM)<\/td>\n<td class=\"et7\" x:num=\"12\" height=\"21\" width=\"140\" style=\"font-size:12pt;text-align:center;vertical-align:middle;border:0.5pt solid #000000;height:15.75pt;width:105pt;background-image:initial;background-attachment:initial;background-size:initial;background-origin:initial;background-clip:initial;background-position:initial;background-repeat:initial;\">12<\/td>\n<td class=\"et7\" x:num=\"14\" height=\"21\" width=\"72\" style=\"font-size:12pt;text-align:center;vertical-align:middle;border:0.5pt solid #000000;height:15.75pt;width:54pt;background-image:initial;background-attachment:initial;background-size:initial;background-origin:initial;background-clip:initial;background-position:initial;background-repeat:initial;\">14<\/td>\n<td class=\"et7\" x:num=\"16\" height=\"21\" width=\"72\" style=\"font-size:12pt;text-align:center;vertical-align:middle;border:0.5pt solid #000000;height:15.75pt;width:54pt;background-image:initial;background-attachment:initial;background-size:initial;background-origin:initial;background-clip:initial;background-position:initial;background-repeat:initial;\">16<\/td>\n<td class=\"et7\" x:num=\"30\" height=\"21\" width=\"72\" style=\"font-size:12pt;text-align:center;vertical-align:middle;border:0.5pt solid #000000;height:15.75pt;width:54pt;background-image:initial;background-attachment:initial;background-size:initial;background-origin:initial;background-clip:initial;background-position:initial;background-repeat:initial;\">30<\/td>\n<td class=\"et8\" x:num=\"50\" height=\"21\" width=\"72\" style=\"font-size:12pt;text-align:center;vertical-align:middle;border-width:0.5pt 1.2pt 0.5pt 0.5pt;border-style:solid;border-color:#000000;height:15.75pt;width:54pt;background-image:initial;background-attachment:initial;background-size:initial;background-origin:initial;background-clip:initial;background-position:initial;background-repeat:initial;\">50<\/td>\n<\/tr>\n<tr height=\"21\">\n<td class=\"et6\" x:str=\"\" height=\"21\" width=\"216\" style=\"font-size:12pt;text-align:center;vertical-align:middle;border-width:0.5pt 0.5pt 0.5pt 1.2pt;border-style:solid;border-color:#000000;height:15.75pt;width:162pt;background-image:initial;background-attachment:initial;background-size:initial;background-origin:initial;background-clip:initial;background-position:initial;background-repeat:initial;\">CAPACIDAD DE SALIDA (KG\/H)<\/td>\n<td class=\"et7\" x:str=\"\" height=\"21\" width=\"140\" style=\"font-size:12pt;text-align:center;vertical-align:middle;border:0.5pt solid #000000;height:15.75pt;width:105pt;background-image:initial;background-attachment:initial;background-size:initial;background-origin:initial;background-clip:initial;background-position:initial;background-repeat:initial;\">0.1-20<\/td>\n<td class=\"et7\" x:str=\"\" height=\"21\" width=\"72\" style=\"font-size:12pt;text-align:center;vertical-align:middle;border:0.5pt solid #000000;height:15.75pt;width:54pt;background-image:initial;background-attachment:initial;background-size:initial;background-origin:initial;background-clip:initial;background-position:initial;background-repeat:initial;\">0.2-40<\/td>\n<td class=\"et7\" x:str=\"\" height=\"21\" width=\"72\" style=\"font-size:12pt;text-align:center;vertical-align:middle;border:0.5pt solid #000000;height:15.75pt;width:54pt;background-image:initial;background-attachment:initial;background-size:initial;background-origin:initial;background-clip:initial;background-position:initial;background-repeat:initial;\">0.5-64<\/td>\n<td class=\"et7\" x:str=\"\" height=\"21\" width=\"72\" style=\"font-size:12pt;text-align:center;vertical-align:middle;border:0.5pt solid #000000;height:15.75pt;width:54pt;background-image:initial;background-attachment:initial;background-size:initial;background-origin:initial;background-clip:initial;background-position:initial;background-repeat:initial;\">0.8-115<\/td>\n<td class=\"et8\" x:str=\"\" height=\"21\" width=\"72\" style=\"font-size:12pt;text-align:center;vertical-align:middle;border-width:0.5pt 1.2pt 0.5pt 0.5pt;border-style:solid;border-color:#000000;height:15.75pt;width:54pt;background-image:initial;background-attachment:initial;background-size:initial;background-origin:initial;background-clip:initial;background-position:initial;background-repeat:initial;\">50-200<\/td>\n<\/tr>\n<tr height=\"21\">\n<td class=\"et6\" x:str=\"\" height=\"21\" width=\"216\" style=\"font-size:12pt;text-align:center;vertical-align:middle;border-width:0.5pt 0.5pt 0.5pt 1.2pt;border-style:solid;border-color:#000000;height:15.75pt;width:162pt;background-image:initial;background-attachment:initial;background-size:initial;background-origin:initial;background-clip:initial;background-position:initial;background-repeat:initial;\">TOLVA DE ALMACENAMIENTO (L)<\/td>\n<td class=\"et7\" colspan=\"4\" x:num=\"15\" height=\"21\" width=\"424\" style=\"font-size:12pt;text-align:center;vertical-align:middle;border:0.5pt solid #000000;height:15.75pt;width:318pt;background-image:initial;background-attachment:initial;background-size:initial;background-origin:initial;background-clip:initial;background-position:initial;background-repeat:initial;\">15<\/td>\n<td class=\"et8\" x:num=\"70\" height=\"21\" width=\"72\" style=\"font-size:12pt;text-align:center;vertical-align:middle;border-width:0.5pt 1.2pt 0.5pt 0.5pt;border-style:solid;border-color:#000000;height:15.75pt;width:54pt;background-image:initial;background-attachment:initial;background-size:initial;background-origin:initial;background-clip:initial;background-position:initial;background-repeat:initial;\">70<\/td>\n<\/tr>\n<tr height=\"21\">\n<td class=\"et6\" x:str=\"\" height=\"21\" width=\"216\" style=\"font-size:12pt;text-align:center;vertical-align:middle;border-width:0.5pt 0.5pt 0.5pt 1.2pt;border-style:solid;border-color:#000000;height:15.75pt;width:162pt;background-image:initial;background-attachment:initial;background-size:initial;background-origin:initial;background-clip:initial;background-position:initial;background-repeat:initial;\">POTENCIA (KW)<\/td>\n<td class=\"et7\" colspan=\"5\" x:str=\"\" height=\"21\" width=\"496\" style=\"font-size:12pt;text-align:center;vertical-align:middle;border-width:0.5pt 1.2pt 0.5pt 0.5pt;border-style:solid;border-color:#000000;height:15.75pt;width:372pt;background-image:initial;background-attachment:initial;background-size:initial;background-origin:initial;background-clip:initial;background-position:initial;background-repeat:initial;\">0,12 kW, 1\u03a6230\/50 Hz 60 Hz<\/td>\n<\/tr>\n<tr height=\"22\">\n<td class=\"et9\" x:str=\"\" height=\"22\" width=\"216\" style=\"font-size:12pt;text-align:center;vertical-align:middle;border-width:0.5pt 0.5pt 1.2pt 1.2pt;border-style:solid;border-color:#000000;height:16.5pt;width:162pt;background-image:initial;background-attachment:initial;background-size:initial;background-origin:initial;background-clip:initial;background-position:initial;background-repeat:initial;\">PESO (KG)<\/td>\n<td class=\"et10\" x:num=\"23\" height=\"22\" width=\"140\" style=\"font-size:12pt;text-align:center;vertical-align:middle;border-width:0.5pt 0.5pt 1.2pt;border-style:solid;border-color:#000000;height:16.5pt;width:105pt;background-image:initial;background-attachment:initial;background-size:initial;background-origin:initial;background-clip:initial;background-position:initial;background-repeat:initial;\">23<\/td>\n<td class=\"et10\" x:num=\"24\" height=\"22\" width=\"72\" style=\"font-size:12pt;text-align:center;vertical-align:middle;border-width:0.5pt 0.5pt 1.2pt;border-style:solid;border-color:#000000;height:16.5pt;width:54pt;background-image:initial;background-attachment:initial;background-size:initial;background-origin:initial;background-clip:initial;background-position:initial;background-repeat:initial;\">24<\/td>\n<td class=\"et10\" x:num=\"25\" height=\"22\" width=\"72\" style=\"font-size:12pt;text-align:center;vertical-align:middle;border-width:0.5pt 0.5pt 1.2pt;border-style:solid;border-color:#000000;height:16.5pt;width:54pt;background-image:initial;background-attachment:initial;background-size:initial;background-origin:initial;background-clip:initial;background-position:initial;background-repeat:initial;\">25<\/td>\n<td class=\"et10\" x:num=\"28\" height=\"22\" width=\"72\" style=\"font-size:12pt;text-align:center;vertical-align:middle;border-width:0.5pt 0.5pt 1.2pt;border-style:solid;border-color:#000000;height:16.5pt;width:54pt;background-image:initial;background-attachment:initial;background-size:initial;background-origin:initial;background-clip:initial;background-position:initial;background-repeat:initial;\">28<\/td>\n<td class=\"et11\" x:num=\"30\" height=\"22\" width=\"72\" style=\"font-size:12pt;text-align:center;vertical-align:middle;border-width:0.5pt 1.2pt 1.2pt 0.5pt;border-style:solid;border-color:#000000;height:16.5pt;width:54pt;background-image:initial;background-attachment:initial;background-size:initial;background-origin:initial;background-clip:initial;background-position:initial;background-repeat:initial;\">30<\/td>\n<\/tr>\n<\/tbody>\n<\/table>\n<p>&nbsp;<\/p>\n<\/div>","protected":false},"excerpt":{"rendered":"<ul>\n<li>Origen del producto: Dongguan, China<\/li>\n<li>N\u00famero de art\u00edculo: CVD-12<\/li>\n<li>Puerto de env\u00edo: Puerto de Shenzhen<\/li>\n<li>Color:Azul<\/li>\n<li>Plazo de entrega: 7 d\u00edas<\/li>\n<li>Pago: dep\u00f3sito 30% TT, 70% TT antes de la entrega<\/li>\n<li>Precio: $1999\/3999<\/li>\n<\/ul>","protected":false},"featured_media":0,"comment_status":"open","ping_status":"closed","template":"","meta":{"_seopress_robots_primary_cat":"none","_seopress_titles_title":"","_seopress_titles_desc":"","_seopress_robots_index":"","_kad_post_transparent":"default","_kad_post_title":"","_kad_post_layout":"default","_kad_post_sidebar_id":"","_kad_post_content_style":"default","_kad_post_vertical_padding":"default","_kad_post_feature":"","_kad_post_feature_position":"","_kad_post_header":false,"_kad_post_footer":false,"_kad_post_classname":""},"product_brand":[],"product_cat":[22],"product_tag":[],"class_list":{"0":"post-252","1":"product","2":"type-product","3":"status-publish","5":"product_cat-plastic-mixing-dosing","7":"first","8":"instock","9":"shipping-taxable","10":"product-type-simple","11":"entry","12":"content-bg","13":"loop-entry"},"_links":{"self":[{"href":"https:\/\/topdagroup.com\/es\/wp-json\/wp\/v2\/product\/252","targetHints":{"allow":["GET"]}}],"collection":[{"href":"https:\/\/topdagroup.com\/es\/wp-json\/wp\/v2\/product"}],"about":[{"href":"https:\/\/topdagroup.com\/es\/wp-json\/wp\/v2\/types\/product"}],"replies":[{"embeddable":true,"href":"https:\/\/topdagroup.com\/es\/wp-json\/wp\/v2\/comments?post=252"}],"wp:attachment":[{"href":"https:\/\/topdagroup.com\/es\/wp-json\/wp\/v2\/media?parent=252"}],"wp:term":[{"taxonomy":"product_brand","embeddable":true,"href":"https:\/\/topdagroup.com\/es\/wp-json\/wp\/v2\/product_brand?post=252"},{"taxonomy":"product_cat","embeddable":true,"href":"https:\/\/topdagroup.com\/es\/wp-json\/wp\/v2\/product_cat?post=252"},{"taxonomy":"product_tag","embeddable":true,"href":"https:\/\/topdagroup.com\/es\/wp-json\/wp\/v2\/product_tag?post=252"}],"curies":[{"name":"wp","href":"https:\/\/api.w.org\/{rel}","templated":true}]}}