{"id":248,"date":"2024-01-27T04:01:59","date_gmt":"2024-01-26T20:01:59","guid":{"rendered":"http:\/\/g.studywade.com\/?post_type=product&#038;p=248"},"modified":"2024-11-04T20:59:26","modified_gmt":"2024-11-04T12:59:26","slug":"plastic-high-speed-cooling-color-mixer-pvc-powder-mixing-drying-machine-industrial-blender-topda","status":"publish","type":"product","link":"https:\/\/topdagroup.com\/es\/product\/plastic-high-speed-cooling-color-mixer-pvc-powder-mixing-drying-machine-industrial-blender-topda\/","title":{"rendered":"Mezclador de color de enfriamiento de alta velocidad de pl\u00e1stico, m\u00e1quina de secado y mezcla de polvo de PVC, licuadora industrial TOPDA"},"content":{"rendered":"<div class=\"pro_detail\">\n<p><b style=\"margin: 0px; padding: 0px; font-family: Lato-Regular, Helvetica, sans-serif; color: #666666; line-height: 24px;\"><span style=\"margin: 0px; padding: 0px; color: #e53333;\">Mezclador de color de pl\u00e1stico de alta velocidad TOPDA M\u00e1quina mezcladora de polvo de PVC<\/span><\/b><\/p>\n<p style=\"margin-top: 0px; margin-bottom: 0px; padding: 0px; font-family: Lato-Regular, Helvetica, sans-serif; color: #666666; line-height: 24px;\"><b style=\"margin: 0px; padding: 0px;\">INTRODUCCI\u00d3N:<\/b><\/p>\n<p style=\"margin-top: 0px; margin-bottom: 0px; padding: 0px; font-family: Lato-Regular, Helvetica, sans-serif; color: #666666; line-height: 24px;\">La unidad mixta de la serie SHR se aplica para mezclar, colorear y secar diversas resinas como polietileno, polipropileno, polivinilo, cloruro, etc. y en el proceso de secado y volatilizaci\u00f3n de pl\u00e1sticos de ingenier\u00eda como ABS, policarbonato, etc. antes del formado y procesamiento, as\u00ed como en la mezcla de resina fen\u00f3lica.<\/p>\n<p style=\"margin-top: 0px; margin-bottom: 0px; padding: 0px;\"><span style=\"color: #666666; font-family: 'Lato-Regular, Helvetica, sans-serif';\"><span style=\"line-height: 24px;\">Este mezclador combina la mezcla t\u00e9rmica y la mezcla fr\u00eda, los materiales despu\u00e9s de la mezcla t\u00e9rmica pueden pasar a la mezcla fr\u00eda para enfriarse autom\u00e1ticamente, expulsa los gases restantes y evita los aglomerados. \u00a0<\/span><\/span><\/p>\n<p style=\"margin-top: 0px; margin-bottom: 0px; padding: 0px; font-family: Lato-Regular, Helvetica, sans-serif; color: #666666; line-height: 24px;\"><b style=\"margin: 0px; padding: 0px;\">CARACTER\u00cdSTICAS:<\/b><\/p>\n<p style=\"margin-top: 0px; margin-bottom: 0px; padding: 0px; font-family: Lato-Regular, Helvetica, sans-serif; color: #666666; line-height: 24px;\">1. Adecuado para mezclar una variedad de ingredientes, mezclar, secar, colorear, activar CaCO3 y otras tecnolog\u00edas;<\/p>\n<p style=\"margin-top: 0px; margin-bottom: 0px; padding: 0px; font-family: Lato-Regular, Helvetica, sans-serif; color: #666666; line-height: 24px;\">2. Sello de husillo con patente nacional;<\/p>\n<p style=\"margin-top: 0px; margin-bottom: 0px; padding: 0px; font-family: Lato-Regular, Helvetica, sans-serif; color: #666666; line-height: 24px;\">3. Cuchillas mediante prueba de equilibrio est\u00e1tico y din\u00e1mico;<\/p>\n<p style=\"margin-top: 0px; margin-bottom: 0px; padding: 0px; font-family: Lato-Regular, Helvetica, sans-serif; color: #666666; line-height: 24px;\">4. Mezclado con calor Desde la fricci\u00f3n o calentamiento el\u00e9ctrico y calentamiento por vapor.<\/p>\n<p style=\"margin-top: 0px; margin-bottom: 0px; padding: 0px; font-family: Lato-Regular, Helvetica, sans-serif; color: #666666; line-height: 24px;\"><b style=\"margin: 0px; padding: 0px;\">ESPECIFICACI\u00d3N:<\/b><\/p>\n<table class=\"ke-zeroborder\" style=\"width: 544.5pt;\" width=\"726\">\n<colgroup>\n<col width=\"135\" \/>\n<col width=\"94\" \/>\n<col width=\"150\" \/>\n<col width=\"112\" \/>\n<col width=\"137\" \/>\n<col width=\"98\" \/> <\/colgroup>\n<tbody>\n<tr>\n<td class=\"et3\" style=\"font-size: 12pt; text-align: center; vertical-align: middle; border-width: 1.2pt 0.5pt 0.5pt 1.2pt; border-style: solid; border-color: #000000; height: 31.5pt; width: 101.25pt; background-image: initial; background-attachment: initial; background-size: initial; background-origin: initial; background-clip: initial; background-position: initial; background-repeat: initial;\" width=\"135\" height=\"42\">Modelo<\/td>\n<td class=\"et4\" style=\"font-size: 12pt; text-align: center; vertical-align: middle; border-width: 1.2pt 0.5pt 0.5pt; border-style: solid; border-color: #000000; height: 31.5pt; width: 70.5pt; background-image: initial; background-attachment: initial; background-size: initial; background-origin: initial; background-clip: initial; background-position: initial; background-repeat: initial;\" width=\"94\" height=\"42\">Capacidad<br \/>\n(L)<\/td>\n<td class=\"et4\" style=\"font-size: 12pt; text-align: center; vertical-align: middle; border-width: 1.2pt 0.5pt 0.5pt; border-style: solid; border-color: #000000; height: 31.5pt; width: 112.5pt; background-image: initial; background-attachment: initial; background-size: initial; background-origin: initial; background-clip: initial; background-position: initial; background-repeat: initial;\" width=\"150\" height=\"42\">Fuerza<br \/>\n(KW)<\/td>\n<td class=\"et4\" style=\"font-size: 12pt; text-align: center; vertical-align: middle; border-width: 1.2pt 0.5pt 0.5pt; border-style: solid; border-color: #000000; height: 31.5pt; width: 84pt; background-image: initial; background-attachment: initial; background-size: initial; background-origin: initial; background-clip: initial; background-position: initial; background-repeat: initial;\" width=\"112\" height=\"42\">Velocidad de la pala<br \/>\n(RPM)<\/td>\n<td class=\"et4\" style=\"font-size: 12pt; text-align: center; vertical-align: middle; border-width: 1.2pt 0.5pt 0.5pt; border-style: solid; border-color: #000000; height: 31.5pt; width: 102.75pt; background-image: initial; background-attachment: initial; background-size: initial; background-origin: initial; background-clip: initial; background-position: initial; background-repeat: initial;\" width=\"137\" height=\"42\">M\u00e9todo de calentamiento<\/td>\n<td class=\"et5\" style=\"font-size: 12pt; text-align: center; vertical-align: middle; border-width: 1.2pt 1.2pt 0.5pt 0.5pt; border-style: solid; border-color: #000000; height: 31.5pt; width: 73.5pt; background-image: initial; background-attachment: initial; background-size: initial; background-origin: initial; background-clip: initial; background-position: initial; background-repeat: initial;\" width=\"98\" height=\"42\">Tiempo de mezcla<br \/>\n(M\u00cdNIMO)<\/td>\n<\/tr>\n<tr>\n<td class=\"et6\" style=\"font-size: 12pt; text-align: center; vertical-align: middle; border-width: 0.5pt 0.5pt 0.5pt 1.2pt; border-style: solid; border-color: #000000; height: 19.5pt; width: 101.25pt; background-image: initial; background-attachment: initial; background-size: initial; background-origin: initial; background-clip: initial; background-position: initial; background-repeat: initial;\" width=\"135\" height=\"26\">SRL-V100\/200<\/td>\n<td class=\"et7\" style=\"font-size: 12pt; text-align: center; vertical-align: middle; border: 0.5pt solid #000000; height: 19.5pt; width: 70.5pt; background-image: initial; background-attachment: initial; background-size: initial; background-origin: initial; background-clip: initial; background-position: initial; background-repeat: initial;\" width=\"94\" height=\"26\">100\/200<\/td>\n<td class=\"et7\" style=\"font-size: 12pt; text-align: center; vertical-align: middle; border: 0.5pt solid #000000; height: 19.5pt; width: 112.5pt; background-image: initial; background-attachment: initial; background-size: initial; background-origin: initial; background-clip: initial; background-position: initial; background-repeat: initial;\" width=\"150\" height=\"26\">14\/22<\/td>\n<td class=\"et7\" style=\"font-size: 12pt; text-align: center; vertical-align: middle; border: 0.5pt solid #000000; height: 19.5pt; width: 84pt; background-image: initial; background-attachment: initial; background-size: initial; background-origin: initial; background-clip: initial; background-position: initial; background-repeat: initial;\" width=\"112\" height=\"26\">650\/1300\/180<\/td>\n<td class=\"et7\" style=\"font-size: 12pt; text-align: center; vertical-align: middle; border: 0.5pt solid #000000; height: 19.5pt; width: 102.75pt; background-image: initial; background-attachment: initial; background-size: initial; background-origin: initial; background-clip: initial; background-position: initial; background-repeat: initial;\" width=\"137\" height=\"26\">Fricci\u00f3n el\u00e9ctrica<\/td>\n<td class=\"et8\" style=\"font-size: 12pt; text-align: center; vertical-align: middle; border-width: 0.5pt 1.2pt 0.5pt 0.5pt; border-style: solid; border-color: #000000; height: 19.5pt; width: 73.5pt; background-image: initial; background-attachment: initial; background-size: initial; background-origin: initial; background-clip: initial; background-position: initial; background-repeat: initial;\" width=\"98\" height=\"26\">8 y 10<\/td>\n<\/tr>\n<tr>\n<td class=\"et6\" style=\"font-size: 12pt; text-align: center; vertical-align: middle; border-width: 0.5pt 0.5pt 0.5pt 1.2pt; border-style: solid; border-color: #000000; height: 19.5pt; width: 101.25pt; background-image: initial; background-attachment: initial; background-size: initial; background-origin: initial; background-clip: initial; background-position: initial; background-repeat: initial;\" width=\"135\" height=\"26\">SRL-V200\/500<\/td>\n<td class=\"et7\" style=\"font-size: 12pt; text-align: center; vertical-align: middle; border: 0.5pt solid #000000; height: 19.5pt; width: 70.5pt; background-image: initial; background-attachment: initial; background-size: initial; background-origin: initial; background-clip: initial; background-position: initial; background-repeat: initial;\" width=\"94\" height=\"26\">200\/500<\/td>\n<td class=\"et7\" style=\"font-size: 12pt; text-align: center; vertical-align: middle; border: 0.5pt solid #000000; height: 19.5pt; width: 112.5pt; background-image: initial; background-attachment: initial; background-size: initial; background-origin: initial; background-clip: initial; background-position: initial; background-repeat: initial;\" width=\"150\" height=\"26\">30\/42<\/td>\n<td class=\"et7\" style=\"font-size: 12pt; text-align: center; vertical-align: middle; border: 0.5pt solid #000000; height: 19.5pt; width: 84pt; background-image: initial; background-attachment: initial; background-size: initial; background-origin: initial; background-clip: initial; background-position: initial; background-repeat: initial;\" width=\"112\" height=\"26\">475\/950\/130<\/td>\n<td class=\"et7\" style=\"font-size: 12pt; text-align: center; vertical-align: middle; border: 0.5pt solid #000000; height: 19.5pt; width: 102.75pt; background-image: initial; background-attachment: initial; background-size: initial; background-origin: initial; background-clip: initial; background-position: initial; background-repeat: initial;\" width=\"137\" height=\"26\">Fricci\u00f3n el\u00e9ctrica<\/td>\n<td class=\"et8\" style=\"font-size: 12pt; text-align: center; vertical-align: middle; border-width: 0.5pt 1.2pt 0.5pt 0.5pt; border-style: solid; border-color: #000000; height: 19.5pt; width: 73.5pt; background-image: initial; background-attachment: initial; background-size: initial; background-origin: initial; background-clip: initial; background-position: initial; background-repeat: initial;\" width=\"98\" height=\"26\">8 y 10<\/td>\n<\/tr>\n<tr>\n<td class=\"et6\" style=\"font-size: 12pt; text-align: center; vertical-align: middle; border-width: 0.5pt 0.5pt 0.5pt 1.2pt; border-style: solid; border-color: #000000; height: 19.5pt; width: 101.25pt; background-image: initial; background-attachment: initial; background-size: initial; background-origin: initial; background-clip: initial; background-position: initial; background-repeat: initial;\" width=\"135\" height=\"26\">SRL-V300-600<\/td>\n<td class=\"et7\" style=\"font-size: 12pt; text-align: center; vertical-align: middle; border: 0.5pt solid #000000; height: 19.5pt; width: 70.5pt; background-image: initial; background-attachment: initial; background-size: initial; background-origin: initial; background-clip: initial; background-position: initial; background-repeat: initial;\" width=\"94\" height=\"26\">300\/600<\/td>\n<td class=\"et7\" style=\"font-size: 12pt; text-align: center; vertical-align: middle; border: 0.5pt solid #000000; height: 19.5pt; width: 112.5pt; background-image: initial; background-attachment: initial; background-size: initial; background-origin: initial; background-clip: initial; background-position: initial; background-repeat: initial;\" width=\"150\" height=\"26\">40\/55<\/td>\n<td class=\"et7\" style=\"font-size: 12pt; text-align: center; vertical-align: middle; border: 0.5pt solid #000000; height: 19.5pt; width: 84pt; background-image: initial; background-attachment: initial; background-size: initial; background-origin: initial; background-clip: initial; background-position: initial; background-repeat: initial;\" width=\"112\" height=\"26\">475\/950\/130<\/td>\n<td class=\"et7\" style=\"font-size: 12pt; text-align: center; vertical-align: middle; border: 0.5pt solid #000000; height: 19.5pt; width: 102.75pt; background-image: initial; background-attachment: initial; background-size: initial; background-origin: initial; background-clip: initial; background-position: initial; background-repeat: initial;\" width=\"137\" height=\"26\">Fricci\u00f3n el\u00e9ctrica<\/td>\n<td class=\"et8\" style=\"font-size: 12pt; text-align: center; vertical-align: middle; border-width: 0.5pt 1.2pt 0.5pt 0.5pt; border-style: solid; border-color: #000000; height: 19.5pt; width: 73.5pt; background-image: initial; background-attachment: initial; background-size: initial; background-origin: initial; background-clip: initial; background-position: initial; background-repeat: initial;\" width=\"98\" height=\"26\">8 y 10<\/td>\n<\/tr>\n<tr>\n<td class=\"et6\" style=\"font-size: 12pt; text-align: center; vertical-align: middle; border-width: 0.5pt 0.5pt 0.5pt 1.2pt; border-style: solid; border-color: #000000; height: 19.5pt; width: 101.25pt; background-image: initial; background-attachment: initial; background-size: initial; background-origin: initial; background-clip: initial; background-position: initial; background-repeat: initial;\" width=\"135\" height=\"26\">SRL-V500-1000<\/td>\n<td class=\"et7\" style=\"font-size: 12pt; text-align: center; vertical-align: middle; border: 0.5pt solid #000000; height: 19.5pt; width: 70.5pt; background-image: initial; background-attachment: initial; background-size: initial; background-origin: initial; background-clip: initial; background-position: initial; background-repeat: initial;\" width=\"94\" height=\"26\">500\/1000<\/td>\n<td class=\"et7\" style=\"font-size: 12pt; text-align: center; vertical-align: middle; border: 0.5pt solid #000000; height: 19.5pt; width: 112.5pt; background-image: initial; background-attachment: initial; background-size: initial; background-origin: initial; background-clip: initial; background-position: initial; background-repeat: initial;\" width=\"150\" height=\"26\">55\/75<\/td>\n<td class=\"et7\" style=\"font-size: 12pt; text-align: center; vertical-align: middle; border: 0.5pt solid #000000; height: 19.5pt; width: 84pt; background-image: initial; background-attachment: initial; background-size: initial; background-origin: initial; background-clip: initial; background-position: initial; background-repeat: initial;\" width=\"112\" height=\"26\">430\/860\/60<\/td>\n<td class=\"et7\" style=\"font-size: 12pt; text-align: center; vertical-align: middle; border: 0.5pt solid #000000; height: 19.5pt; width: 102.75pt; background-image: initial; background-attachment: initial; background-size: initial; background-origin: initial; background-clip: initial; background-position: initial; background-repeat: initial;\" width=\"137\" height=\"26\">Fricci\u00f3n el\u00e9ctrica<\/td>\n<td class=\"et8\" style=\"font-size: 12pt; text-align: center; vertical-align: middle; border-width: 0.5pt 1.2pt 0.5pt 0.5pt; border-style: solid; border-color: #000000; height: 19.5pt; width: 73.5pt; background-image: initial; background-attachment: initial; background-size: initial; background-origin: initial; background-clip: initial; background-position: initial; background-repeat: initial;\" width=\"98\" height=\"26\">8 y 10<\/td>\n<\/tr>\n<tr>\n<td class=\"et6\" style=\"font-size: 12pt; text-align: center; vertical-align: middle; border-width: 0.5pt 0.5pt 0.5pt 1.2pt; border-style: solid; border-color: #000000; height: 19.5pt; width: 101.25pt; background-image: initial; background-attachment: initial; background-size: initial; background-origin: initial; background-clip: initial; background-position: initial; background-repeat: initial;\" width=\"135\" height=\"26\">SRL-V800\/1600<\/td>\n<td class=\"et7\" style=\"font-size: 12pt; text-align: center; vertical-align: middle; border: 0.5pt solid #000000; height: 19.5pt; width: 70.5pt; background-image: initial; background-attachment: initial; background-size: initial; background-origin: initial; background-clip: initial; background-position: initial; background-repeat: initial;\" width=\"94\" height=\"26\">800\/1600<\/td>\n<td class=\"et7\" style=\"font-size: 12pt; text-align: center; vertical-align: middle; border: 0.5pt solid #000000; height: 19.5pt; width: 112.5pt; background-image: initial; background-attachment: initial; background-size: initial; background-origin: initial; background-clip: initial; background-position: initial; background-repeat: initial;\" width=\"150\" height=\"26\">83\/110<\/td>\n<td class=\"et7\" style=\"font-size: 12pt; text-align: center; vertical-align: middle; border: 0.5pt solid #000000; height: 19.5pt; width: 84pt; background-image: initial; background-attachment: initial; background-size: initial; background-origin: initial; background-clip: initial; background-position: initial; background-repeat: initial;\" width=\"112\" height=\"26\">370\/740\/50<\/td>\n<td class=\"et7\" style=\"font-size: 12pt; text-align: center; vertical-align: middle; border: 0.5pt solid #000000; height: 19.5pt; width: 102.75pt; background-image: initial; background-attachment: initial; background-size: initial; background-origin: initial; background-clip: initial; background-position: initial; background-repeat: initial;\" width=\"137\" height=\"26\">Fricci\u00f3n el\u00e9ctrica<\/td>\n<td class=\"et8\" style=\"font-size: 12pt; text-align: center; vertical-align: middle; border-width: 0.5pt 1.2pt 0.5pt 0.5pt; border-style: solid; border-color: #000000; height: 19.5pt; width: 73.5pt; background-image: initial; background-attachment: initial; background-size: initial; background-origin: initial; background-clip: initial; background-position: initial; background-repeat: initial;\" width=\"98\" height=\"26\">8 y 10<\/td>\n<\/tr>\n<tr>\n<td class=\"et6\" style=\"font-size: 12pt; text-align: center; vertical-align: middle; border-width: 0.5pt 0.5pt 0.5pt 1.2pt; border-style: solid; border-color: #000000; height: 19.5pt; width: 101.25pt; background-image: initial; background-attachment: initial; background-size: initial; background-origin: initial; background-clip: initial; background-position: initial; background-repeat: initial;\" width=\"135\" height=\"26\">SRL-V800\/2500<\/td>\n<td class=\"et7\" style=\"font-size: 12pt; text-align: center; vertical-align: middle; border: 0.5pt solid #000000; height: 19.5pt; width: 70.5pt; background-image: initial; background-attachment: initial; background-size: initial; background-origin: initial; background-clip: initial; background-position: initial; background-repeat: initial;\" width=\"94\" height=\"26\">800\/2500<\/td>\n<td class=\"et7\" style=\"font-size: 12pt; text-align: center; vertical-align: middle; border: 0.5pt solid #000000; height: 19.5pt; width: 112.5pt; background-image: initial; background-attachment: initial; background-size: initial; background-origin: initial; background-clip: initial; background-position: initial; background-repeat: initial;\" width=\"150\" height=\"26\">83\/110<\/td>\n<td class=\"et7\" style=\"font-size: 12pt; text-align: center; vertical-align: middle; border: 0.5pt solid #000000; height: 19.5pt; width: 84pt; background-image: initial; background-attachment: initial; background-size: initial; background-origin: initial; background-clip: initial; background-position: initial; background-repeat: initial;\" width=\"112\" height=\"26\">430\/860\/70<\/td>\n<td class=\"et7\" style=\"font-size: 12pt; text-align: center; vertical-align: middle; border: 0.5pt solid #000000; height: 19.5pt; width: 102.75pt; background-image: initial; background-attachment: initial; background-size: initial; background-origin: initial; background-clip: initial; background-position: initial; background-repeat: initial;\" width=\"137\" height=\"26\">Fricci\u00f3n el\u00e9ctrica<\/td>\n<td class=\"et8\" style=\"font-size: 12pt; text-align: center; vertical-align: middle; border-width: 0.5pt 1.2pt 0.5pt 0.5pt; border-style: solid; border-color: #000000; height: 19.5pt; width: 73.5pt; background-image: initial; background-attachment: initial; background-size: initial; background-origin: initial; background-clip: initial; background-position: initial; background-repeat: initial;\" width=\"98\" height=\"26\">8 y 12<\/td>\n<\/tr>\n<tr>\n<td class=\"et9\" style=\"font-size: 12pt; text-align: center; vertical-align: middle; border-width: 0.5pt 0.5pt 1.2pt 1.2pt; border-style: solid; border-color: #000000; height: 19.5pt; width: 101.25pt; background-image: initial; background-attachment: initial; background-size: initial; background-origin: initial; background-clip: initial; background-position: initial; background-repeat: initial;\" width=\"135\" height=\"26\">SRL-V1000\/3000<\/td>\n<td class=\"et10\" style=\"font-size: 12pt; text-align: center; vertical-align: middle; border-width: 0.5pt 0.5pt 1.2pt; border-style: solid; border-color: #000000; height: 19.5pt; width: 70.5pt; background-image: initial; background-attachment: initial; background-size: initial; background-origin: initial; background-clip: initial; background-position: initial; background-repeat: initial;\" width=\"94\" height=\"26\">1000\/3000<\/td>\n<td class=\"et10\" style=\"font-size: 12pt; text-align: center; vertical-align: middle; border-width: 0.5pt 0.5pt 1.2pt; border-style: solid; border-color: #000000; height: 19.5pt; width: 112.5pt; background-image: initial; background-attachment: initial; background-size: initial; background-origin: initial; background-clip: initial; background-position: initial; background-repeat: initial;\" width=\"150\" height=\"26\">160 (con convertidor)<\/td>\n<td class=\"et10\" style=\"font-size: 12pt; text-align: center; vertical-align: middle; border-width: 0.5pt 0.5pt 1.2pt; border-style: solid; border-color: #000000; height: 19.5pt; width: 84pt; background-image: initial; background-attachment: initial; background-size: initial; background-origin: initial; background-clip: initial; background-position: initial; background-repeat: initial;\" width=\"112\" height=\"26\">430\/860\/70<\/td>\n<td class=\"et10\" style=\"font-size: 12pt; text-align: center; vertical-align: middle; border-width: 0.5pt 0.5pt 1.2pt; border-style: solid; border-color: #000000; height: 19.5pt; width: 102.75pt; background-image: initial; background-attachment: initial; background-size: initial; background-origin: initial; background-clip: initial; background-position: initial; background-repeat: initial;\" width=\"137\" height=\"26\">Fricci\u00f3n el\u00e9ctrica<\/td>\n<td class=\"et11\" style=\"font-size: 12pt; text-align: center; vertical-align: middle; border-width: 0.5pt 1.2pt 1.2pt 0.5pt; border-style: solid; border-color: #000000; height: 19.5pt; width: 73.5pt; background-image: initial; background-attachment: initial; background-size: initial; background-origin: initial; background-clip: initial; background-position: initial; background-repeat: initial;\" width=\"98\" height=\"26\">8 y 12<\/td>\n<\/tr>\n<\/tbody>\n<\/table>\n<\/div>","protected":false},"excerpt":{"rendered":"<ul>\n<li>Origen del producto: Dongguan, China<\/li>\n<li>N.\u00ba de art\u00edculo: SRL-V100\/200<\/li>\n<li>Puerto de env\u00edo: Puerto de Shenzhen<\/li>\n<li>Color:Naranja<\/li>\n<li>Plazo de entrega: 25 d\u00edas<\/li>\n<li>Pago: dep\u00f3sito 30% TT, 70% TT antes de la entrega<\/li>\n<li>Precio: $7999\/9999<\/li>\n<\/ul>","protected":false},"featured_media":1078,"comment_status":"open","ping_status":"closed","template":"","meta":{"_seopress_robots_primary_cat":"none","_seopress_titles_title":"PVC Color Mixer High Speed PVC Hot and Cooling Mixer","_seopress_titles_desc":"PVC Color Mixer High Speed PVC Hot and Cooling Mixer","_seopress_robots_index":"","_kad_post_transparent":"default","_kad_post_title":"","_kad_post_layout":"default","_kad_post_sidebar_id":"","_kad_post_content_style":"default","_kad_post_vertical_padding":"default","_kad_post_feature":"","_kad_post_feature_position":"","_kad_post_header":false,"_kad_post_footer":false,"_kad_post_classname":""},"product_brand":[],"product_cat":[22],"product_tag":[],"class_list":{"0":"post-248","1":"product","2":"type-product","3":"status-publish","4":"has-post-thumbnail","6":"product_cat-plastic-mixing-dosing","8":"first","9":"instock","10":"shipping-taxable","11":"product-type-simple","12":"entry","13":"content-bg","14":"loop-entry"},"_links":{"self":[{"href":"https:\/\/topdagroup.com\/es\/wp-json\/wp\/v2\/product\/248","targetHints":{"allow":["GET"]}}],"collection":[{"href":"https:\/\/topdagroup.com\/es\/wp-json\/wp\/v2\/product"}],"about":[{"href":"https:\/\/topdagroup.com\/es\/wp-json\/wp\/v2\/types\/product"}],"replies":[{"embeddable":true,"href":"https:\/\/topdagroup.com\/es\/wp-json\/wp\/v2\/comments?post=248"}],"wp:featuredmedia":[{"embeddable":true,"href":"https:\/\/topdagroup.com\/es\/wp-json\/wp\/v2\/media\/1078"}],"wp:attachment":[{"href":"https:\/\/topdagroup.com\/es\/wp-json\/wp\/v2\/media?parent=248"}],"wp:term":[{"taxonomy":"product_brand","embeddable":true,"href":"https:\/\/topdagroup.com\/es\/wp-json\/wp\/v2\/product_brand?post=248"},{"taxonomy":"product_cat","embeddable":true,"href":"https:\/\/topdagroup.com\/es\/wp-json\/wp\/v2\/product_cat?post=248"},{"taxonomy":"product_tag","embeddable":true,"href":"https:\/\/topdagroup.com\/es\/wp-json\/wp\/v2\/product_tag?post=248"}],"curies":[{"name":"wp","href":"https:\/\/api.w.org\/{rel}","templated":true}]}}