{"id":231,"date":"2024-01-26T20:36:34","date_gmt":"2024-01-26T12:36:34","guid":{"rendered":"http:\/\/g.studywade.com\/?post_type=product&#038;p=231"},"modified":"2026-05-09T11:16:04","modified_gmt":"2026-05-09T03:16:04","slug":"low-speed-plastic-crusher-middle-speed-plastic-grinder-crushing-recycling-machine","status":"publish","type":"product","link":"https:\/\/topdagroup.com\/es\/product\/low-speed-plastic-crusher-middle-speed-plastic-grinder-crushing-recycling-machine\/","title":{"rendered":"Trituradora de pl\u00e1stico de baja velocidad, trituradora de pl\u00e1stico de velocidad media, m\u00e1quina trituradora y recicladora"},"content":{"rendered":"<div class=\"pro_detail\">\n<h1 data-v-md-heading=\"low-speed-plastic-crusher-the-ultimate-recycling-solution\" data-v-md-line=\"1\">Trituradora de pl\u00e1stico de baja velocidad: la soluci\u00f3n definitiva para el reciclaje<\/h1>\n<h3 data-v-md-heading=\"key-features\" data-v-md-line=\"7\">Caracter\u00edsticas principales de la trituradora de pl\u00e1stico de baja velocidad<\/h3>\n<ul data-v-md-line=\"9\">\n<li><strong>Potente tecnolog\u00eda de trituraci\u00f3n<\/strong><\/li>\n<li><strong>Dise\u00f1o ecol\u00f3gico<\/strong><\/li>\n<li><strong>Procesamiento vers\u00e1til de materiales<\/strong><\/li>\n<li><strong>Gesti\u00f3n inteligente de la energ\u00eda<\/strong><\/li>\n<\/ul>\n<p>1. Bajo nivel de ruido y baja velocidad para un entorno de bajos decibeles;<\/p>\n<p>2. Las herramientas especiales est\u00e1n hechas de acero y tratadas t\u00e9rmicamente al vac\u00edo para aumentar la vida \u00fatil;<\/p>\n<p>3. El dise\u00f1o de una sala de descanso separada facilita la limpieza;<\/p>\n<p>4. Adecuado para moler productos electr\u00f3nicos, fibras de nailon, ABS, acr\u00edlico, caucho, AS y PS, etc.<\/p>\n<p>5. Con interruptor de seguridad de emergencia que permite la parada autom\u00e1tica cuando se abren la base de cribado y la tolva;<\/p>\n<p>6. Las cuchillas est\u00e1n fabricadas por Hitachi SKD-11, SKH-2T.CT, etc. de Jap\u00f3n.<\/p>\n<h2 data-v-md-heading=\"technical-specifications\" data-v-md-line=\"14\">Especificaciones t\u00e9cnicas del granulador de pl\u00e1stico de baja velocidad<\/h2>\n<h2 data-v-md-heading=\"what-makes-our-low-speed-plastic-crusher-special\" data-v-md-line=\"3\">\u00bfQu\u00e9 hace que nuestra trituradora de pl\u00e1stico de baja velocidad sea especial?<\/h2>\n<p data-v-md-line=\"5\"><strong>\u00a1Imagina convertir los residuos en riqueza!<\/strong>\u00a0Nuestra trituradora de pl\u00e1stico de baja velocidad es m\u00e1s que una m\u00e1quina: es una revoluci\u00f3n del reciclaje.<\/p>\n<p data-v-md-line=\"5\">\u00a0La trituradora de pl\u00e1stico de baja velocidad es <em class=\"t55VCb\">Dise\u00f1ado para rectificar los canales de las m\u00e1quinas de moldeo por inyecci\u00f3n.<\/em>\u00a0y reciclar directamente de nuevo en 1 mm.<\/p>\n<table class=\"ke-zeroborder\" style=\"width: 354.75pt;\" width=\"473\">\n<colgroup>\n<col width=\"163\" \/>\n<col width=\"165\" \/>\n<col width=\"145\" \/><\/colgroup>\n<tbody>\n<tr>\n<td class=\"et4\" style=\"font-size: 11pt; vertical-align: middle; border-width: 1.2pt 0.5pt 0.5pt 1.2pt; border-style: solid; border-color: #000000; height: 14.25pt; width: 122.25pt; background-image: initial; background-attachment: initial; background-size: initial; background-origin: initial; background-clip: initial; background-position: initial; background-repeat: initial;\" width=\"163\" height=\"19\">Modelo<\/td>\n<td class=\"et5\" style=\"font-size: 11pt; vertical-align: middle; border-width: 1.2pt 0.5pt 0.5pt; border-style: solid; border-color: #000000; height: 14.25pt; width: 123.75pt; background-image: initial; background-attachment: initial; background-size: initial; background-origin: initial; background-clip: initial; background-position: initial; background-repeat: initial;\" width=\"165\" height=\"19\">TPD\u2014787<\/td>\n<td class=\"et6\" style=\"font-size: 11pt; vertical-align: middle; border-width: 1.2pt 1.2pt 0.5pt 0.5pt; border-style: solid; border-color: #000000; height: 14.25pt; width: 108.75pt; background-image: initial; background-attachment: initial; background-size: initial; background-origin: initial; background-clip: initial; background-position: initial; background-repeat: initial;\" width=\"145\" height=\"19\">TPD\u20141060<\/td>\n<\/tr>\n<tr>\n<td class=\"et7\" style=\"font-size: 11pt; vertical-align: middle; border-width: 0.5pt 0.5pt 0.5pt 1.2pt; border-style: solid; border-color: #000000; height: 14.25pt; width: 122.25pt; background-image: initial; background-attachment: initial; background-size: initial; background-origin: initial; background-clip: initial; background-position: initial; background-repeat: initial;\" width=\"163\" height=\"19\">Potencia (HP)<\/td>\n<td class=\"et8\" style=\"font-size: 11pt; vertical-align: middle; border: 0.5pt solid #000000; height: 14.25pt; width: 123.75pt; background-image: initial; background-attachment: initial; background-size: initial; background-origin: initial; background-clip: initial; background-position: initial; background-repeat: initial;\" width=\"165\" height=\"19\">2 caballos de fuerza<\/td>\n<td class=\"et9\" style=\"font-size: 11pt; vertical-align: middle; border-width: 0.5pt 1.2pt 0.5pt 0.5pt; border-style: solid; border-color: #000000; height: 14.25pt; width: 108.75pt; background-image: initial; background-attachment: initial; background-size: initial; background-origin: initial; background-clip: initial; background-position: initial; background-repeat: initial;\" width=\"145\" height=\"19\">3 caballos de fuerza<\/td>\n<\/tr>\n<tr>\n<td class=\"et7\" style=\"font-size: 11pt; vertical-align: middle; border-width: 0.5pt 0.5pt 0.5pt 1.2pt; border-style: solid; border-color: #000000; height: 14.25pt; width: 122.25pt; background-image: initial; background-attachment: initial; background-size: initial; background-origin: initial; background-clip: initial; background-position: initial; background-repeat: initial;\" width=\"163\" height=\"19\">Tama\u00f1o de entrada (mm)<\/td>\n<td class=\"et8\" style=\"font-size: 11pt; vertical-align: middle; border: 0.5pt solid #000000; height: 14.25pt; width: 123.75pt; background-image: initial; background-attachment: initial; background-size: initial; background-origin: initial; background-clip: initial; background-position: initial; background-repeat: initial;\" width=\"165\" height=\"19\">210\u00d7300<\/td>\n<td class=\"et9\" style=\"font-size: 11pt; vertical-align: middle; border-width: 0.5pt 1.2pt 0.5pt 0.5pt; border-style: solid; border-color: #000000; height: 14.25pt; width: 108.75pt; background-image: initial; background-attachment: initial; background-size: initial; background-origin: initial; background-clip: initial; background-position: initial; background-repeat: initial;\" width=\"145\" height=\"19\">300\u00d7350<\/td>\n<\/tr>\n<tr>\n<td class=\"et7\" style=\"font-size: 11pt; vertical-align: middle; border-width: 0.5pt 0.5pt 0.5pt 1.2pt; border-style: solid; border-color: #000000; height: 14.25pt; width: 122.25pt; background-image: initial; background-attachment: initial; background-size: initial; background-origin: initial; background-clip: initial; background-position: initial; background-repeat: initial;\" width=\"163\" height=\"19\">RPM<\/td>\n<td class=\"et8\" style=\"font-size: 11pt; vertical-align: middle; border: 0.5pt solid #000000; height: 14.25pt; width: 123.75pt; background-image: initial; background-attachment: initial; background-size: initial; background-origin: initial; background-clip: initial; background-position: initial; background-repeat: initial;\" width=\"165\" height=\"19\">29 rpm<\/td>\n<td class=\"et9\" style=\"font-size: 11pt; vertical-align: middle; border-width: 0.5pt 1.2pt 0.5pt 0.5pt; border-style: solid; border-color: #000000; height: 14.25pt; width: 108.75pt; background-image: initial; background-attachment: initial; background-size: initial; background-origin: initial; background-clip: initial; background-position: initial; background-repeat: initial;\" width=\"145\" height=\"19\">29 rpm<\/td>\n<\/tr>\n<tr>\n<td class=\"et7\" style=\"font-size: 11pt; vertical-align: middle; border-width: 0.5pt 0.5pt 0.5pt 1.2pt; border-style: solid; border-color: #000000; height: 14.25pt; width: 122.25pt; background-image: initial; background-attachment: initial; background-size: initial; background-origin: initial; background-clip: initial; background-position: initial; background-repeat: initial;\" width=\"163\" height=\"19\">Contenido (kg)<\/td>\n<td class=\"et8\" style=\"font-size: 11pt; vertical-align: middle; border: 0.5pt solid #000000; height: 14.25pt; width: 123.75pt; background-image: initial; background-attachment: initial; background-size: initial; background-origin: initial; background-clip: initial; background-position: initial; background-repeat: initial;\" width=\"165\" height=\"19\">25 kilos<\/td>\n<td class=\"et9\" style=\"font-size: 11pt; vertical-align: middle; border-width: 0.5pt 1.2pt 0.5pt 0.5pt; border-style: solid; border-color: #000000; height: 14.25pt; width: 108.75pt; background-image: initial; background-attachment: initial; background-size: initial; background-origin: initial; background-clip: initial; background-position: initial; background-repeat: initial;\" width=\"145\" height=\"19\">30 kilos<\/td>\n<\/tr>\n<tr>\n<td class=\"et7\" style=\"font-size: 11pt; vertical-align: middle; border-width: 0.5pt 0.5pt 0.5pt 1.2pt; border-style: solid; border-color: #000000; height: 14.25pt; width: 122.25pt; background-image: initial; background-attachment: initial; background-size: initial; background-origin: initial; background-clip: initial; background-position: initial; background-repeat: initial;\" width=\"163\" height=\"19\">Capacidad (kg)<\/td>\n<td class=\"et8\" style=\"font-size: 11pt; vertical-align: middle; border: 0.5pt solid #000000; height: 14.25pt; width: 123.75pt; background-image: initial; background-attachment: initial; background-size: initial; background-origin: initial; background-clip: initial; background-position: initial; background-repeat: initial;\" width=\"165\" height=\"19\">8-15 kg\/h<\/td>\n<td class=\"et9\" style=\"font-size: 11pt; vertical-align: middle; border-width: 0.5pt 1.2pt 0.5pt 0.5pt; border-style: solid; border-color: #000000; height: 14.25pt; width: 108.75pt; background-image: initial; background-attachment: initial; background-size: initial; background-origin: initial; background-clip: initial; background-position: initial; background-repeat: initial;\" width=\"145\" height=\"19\">12-20 kg\/h<\/td>\n<\/tr>\n<tr>\n<td class=\"et7\" style=\"font-size: 11pt; vertical-align: middle; border-width: 0.5pt 0.5pt 0.5pt 1.2pt; border-style: solid; border-color: #000000; height: 14.25pt; width: 122.25pt; background-image: initial; background-attachment: initial; background-size: initial; background-origin: initial; background-clip: initial; background-position: initial; background-repeat: initial;\" width=\"163\" height=\"19\">Tama\u00f1o de la m\u00e1quina (mm)<\/td>\n<td class=\"et8\" style=\"font-size: 11pt; vertical-align: middle; border: 0.5pt solid #000000; height: 14.25pt; width: 123.75pt; background-image: initial; background-attachment: initial; background-size: initial; background-origin: initial; background-clip: initial; background-position: initial; background-repeat: initial;\" width=\"165\" height=\"19\">750\u00d7350\u00d7980<\/td>\n<td class=\"et9\" style=\"font-size: 11pt; vertical-align: middle; border-width: 0.5pt 1.2pt 0.5pt 0.5pt; border-style: solid; border-color: #000000; height: 14.25pt; width: 108.75pt; background-image: initial; background-attachment: initial; background-size: initial; background-origin: initial; background-clip: initial; background-position: initial; background-repeat: initial;\" width=\"145\" height=\"19\">900\u00d7390\u00d71080<\/td>\n<\/tr>\n<tr>\n<td class=\"et10\" style=\"font-size: 11pt; vertical-align: middle; border-width: 0.5pt 0.5pt 1.2pt 1.2pt; border-style: solid; border-color: #000000; height: 14.25pt; width: 122.25pt; background-image: initial; background-attachment: initial; background-size: initial; background-origin: initial; background-clip: initial; background-position: initial; background-repeat: initial;\" width=\"163\" height=\"19\">Peso de la m\u00e1quina (kg)<\/td>\n<td class=\"et11\" style=\"font-size: 11pt; vertical-align: middle; border-width: 0.5pt 0.5pt 1.2pt; border-style: solid; border-color: #000000; height: 14.25pt; width: 123.75pt; background-image: initial; background-attachment: initial; background-size: initial; background-origin: initial; background-clip: initial; background-position: initial; background-repeat: initial;\" width=\"165\" height=\"19\">160 kg<\/td>\n<td class=\"et12\" style=\"font-size: 11pt; vertical-align: middle; border-width: 0.5pt 1.2pt 1.2pt 0.5pt; border-style: solid; border-color: #000000; height: 14.25pt; width: 108.75pt; background-image: initial; background-attachment: initial; background-size: initial; background-origin: initial; background-clip: initial; background-position: initial; background-repeat: initial;\" width=\"145\" height=\"19\">290 kg<\/td>\n<\/tr>\n<\/tbody>\n<\/table>\n<\/div>\n<table style=\"width: 47.6027%;\" data-v-md-line=\"16\">\n<thead>\n<tr>\n<th style=\"width: 38.5094%;\"><strong>Par\u00e1metro<\/strong><\/th>\n<th style=\"width: 61.4906%;\"><strong>Detalles<\/strong><\/th>\n<\/tr>\n<\/thead>\n<tbody>\n<tr>\n<td style=\"width: 38.5094%;\"><strong>Capacidad de procesamiento<\/strong><\/td>\n<td style=\"width: 61.4906%;\">100-400 kg\/h<\/td>\n<\/tr>\n<tr>\n<td style=\"width: 38.5094%;\"><strong>Rango de potencia<\/strong><\/td>\n<td style=\"width: 61.4906%;\">7,5-15 kW<\/td>\n<\/tr>\n<tr>\n<td style=\"width: 38.5094%;\"><strong>Material de la hoja<\/strong><\/td>\n<td style=\"width: 61.4906%;\">Skd-ii<\/td>\n<\/tr>\n<tr>\n<td style=\"width: 38.5094%;\"><strong>Nivel de ruido<\/strong><\/td>\n<td style=\"width: 61.4906%;\">&lt;75 dB<\/td>\n<\/tr>\n<\/tbody>\n<\/table>\n<h3 data-v-md-heading=\"why-choose-our-low-speed-plastic-crusher\" data-v-md-line=\"23\">\u00bfPor qu\u00e9 elegir nuestra trituradora de pl\u00e1stico de baja velocidad?<\/h3>\n<h4 data-v-md-heading=\"_1-intelligent-design-1\" data-v-md-line=\"25\">1.\u00a0<strong>Dise\u00f1o inteligente de granulador de pl\u00e1stico de baja velocidad<\/strong><\/h4>\n<ul data-v-md-line=\"26\">\n<li>La funci\u00f3n de inversi\u00f3n autom\u00e1tica evita da\u00f1os al motor.<\/li>\n<li>Baja velocidad de rotaci\u00f3n (200-500 rpm), por lo que es silencioso y est\u00e1 insonorizado.<\/li>\n<li>Dise\u00f1o sin pantalla con salida uniforme<\/li>\n<li>nada y menos polvo<\/li>\n<\/ul>\n<h4 data-v-md-heading=\"_2-material-versatility-2\" data-v-md-line=\"30\">2.\u00a0<strong>Versatilidad del material<\/strong><\/h4>\n<p data-v-md-line=\"31\">Nuestra trituradora maneja:<\/p>\n<ul data-v-md-line=\"32\">\n<li><strong>Pl\u00e1sticos duros<\/strong>:PC, ABS, nailon<\/li>\n<li><strong>Materiales de embalaje<\/strong>:PE, PP, PET<\/li>\n<li><strong>Desechos industriales<\/strong>: Componentes electr\u00f3nicos, piezas de automoci\u00f3n<\/li>\n<\/ul>\n<h4 data-v-md-heading=\"_3-environmental-benefits-3\" data-v-md-line=\"36\">3.\u00a0<strong>Beneficios ambientales<\/strong><\/h4>\n<ul data-v-md-line=\"37\">\n<li>Reduce el volumen de residuos pl\u00e1sticos<\/li>\n<li>Baja emisi\u00f3n de polvo (&lt;10 mg\/m\u00b3)<\/li>\n<li>Apoya los principios de la econom\u00eda circular<\/li>\n<\/ul>\n<h3 data-v-md-heading=\"perfect-for-multiple-industries\" data-v-md-line=\"41\">Perfecto para m\u00faltiples industrias<\/h3>\n<ol data-v-md-line=\"43\">\n<li><strong>Moldeo por inyecci\u00f3n<\/strong><\/li>\n<li><strong>Reciclaje de productos electr\u00f3nicos<\/strong><\/li>\n<li><strong>Fabricaci\u00f3n de autom\u00f3viles<\/strong><\/li>\n<li><strong>Gesti\u00f3n de residuos m\u00e9dicos<\/strong><\/li>\n<li><strong>Procesamiento de residuos municipales<\/strong><\/li>\n<\/ol>\n<h2 data-v-md-heading=\"smart-technology-integration\" data-v-md-line=\"49\">Integraci\u00f3n de tecnolog\u00eda inteligente de trituradoras de baja velocidad<\/h2>\n<p data-v-md-line=\"51\">Caracter\u00edsticas de nuestra trituradora:<\/p>\n<ul data-v-md-line=\"52\">\n<li><strong>Funciones de temporizaci\u00f3n<\/strong><\/li>\n<li><strong>Sistemas de control central<\/strong><\/li>\n<li><strong>Algoritmos de procesamiento adaptativo<\/strong><\/li>\n<\/ul>\n<h3 data-v-md-heading=\"recommended-models\" data-v-md-line=\"56\">Modelos recomendados<\/h3>\n<ul data-v-md-line=\"58\">\n<li><strong>Serie Topda<\/strong>:Para pl\u00e1sticos de ingenier\u00eda de precisi\u00f3n<\/li>\n<li>Reciclaje de residuos pl\u00e1sticos de alto rendimiento<\/li>\n<\/ul>\n<h2 data-v-md-heading=\"unique-selling-points\" data-v-md-line=\"61\">Puntos de venta \u00fanicos<\/h2>\n<p data-v-md-line=\"63\">\ud83c\udfc6\u00a0<strong>40% Ahorro de energ\u00eda<\/strong><br \/>\n\ud83c\udf0d\u00a0<strong>Filosof\u00eda de Cero Residuos<\/strong><br \/>\n\ud83d\udd27\u00a0<strong>Dise\u00f1o de bajo mantenimiento<\/strong><\/p>\n<h3 data-v-md-heading=\"internal-links-for-further-exploration\" data-v-md-line=\"67\">Enlaces internos para mayor exploraci\u00f3n<\/h3>\n<ul data-v-md-line=\"69\">\n<li><a href=\"https:\/\/topdagroup.com\/es\/producto\/plastic-shredder-recycling-machine-manufacturers\/\" target=\"_blank\" rel=\"noopener\">Fabricantes de m\u00e1quinas trituradoras de pl\u00e1stico para reciclaje<\/a><\/li>\n<li><a href=\"https:\/\/topdagroup.com\/es\/producto\/single-shaft-shredder-waste-plastic-shredding-recycling-machine-topda\/\" target=\"_blank\" rel=\"noopener\">Trituradora de un solo eje para residuos pl\u00e1sticos<\/a><\/li>\n<li><a href=\"https:\/\/topdagroup.com\/es\/producto\/sound-proof-granulator-crusher-with-dust-collection\/\" target=\"_blank\" rel=\"noopener\">Trituradora de botellas de pl\u00e1stico insonorizada<\/a><\/li>\n<li><a href=\"https:\/\/topdagroup.com\/es\/producto\/dosing-unit-masterbatch-and-regrind-plastic-material-doser-topda\/\" target=\"_blank\" rel=\"noopener\">Unidad de dosificaci\u00f3n para materiales pl\u00e1sticos<\/a><\/li>\n<li><a href=\"https:\/\/topdagroup.com\/es\/producto\/volumetric-dosing-unit-doser-system-dose-of-colors-for-injection-molding-and-extrusion-topda\/\" target=\"_blank\" rel=\"noopener\">Sistema de dosificaci\u00f3n volum\u00e9trica<\/a><\/li>\n<\/ul>\n<h2 data-v-md-heading=\"pricing-customization\" data-v-md-line=\"75\">Precios y personalizaci\u00f3n de su soluci\u00f3n de reciclaje de pl\u00e1stico<\/h2>\n<p data-v-md-line=\"77\"><strong>\u00a1P\u00f3ngase en contacto con nuestro equipo de ventas para obtener cotizaciones personalizadas y configuraciones personalizadas!<\/strong><\/p>","protected":false},"excerpt":{"rendered":"<ul>\n<li>Origen del producto: Dongguan, China<\/li>\n<li>Marca: TOPDA<\/li>\n<li>N.\u00ba de art\u00edculo: TPD\u20141060<\/li>\n<li>Puerto de env\u00edo: Puerto de Shenzhen<\/li>\n<li>Color: azul y rojo<\/li>\n<li>Plazo de entrega: 20 d\u00edas<\/li>\n<li>Pago: dep\u00f3sito 30% TT, 70% TT antes de la entrega<\/li>\n<li>Precio: $2999\/5999<\/li>\n<\/ul>","protected":false},"featured_media":2589,"comment_status":"open","ping_status":"closed","template":"","meta":{"_seopress_robots_primary_cat":"none","_seopress_titles_title":"","_seopress_titles_desc":"","_seopress_robots_index":"","_kad_post_transparent":"default","_kad_post_title":"","_kad_post_layout":"default","_kad_post_sidebar_id":"","_kad_post_content_style":"default","_kad_post_vertical_padding":"default","_kad_post_feature":"","_kad_post_feature_position":"","_kad_post_header":false,"_kad_post_footer":false,"_kad_post_classname":""},"product_brand":[],"product_cat":[21],"product_tag":[],"class_list":{"0":"post-231","1":"product","2":"type-product","3":"status-publish","4":"has-post-thumbnail","6":"product_cat-plastic-crusher-machines","8":"first","9":"instock","10":"shipping-taxable","11":"product-type-simple","12":"entry","13":"content-bg","14":"loop-entry"},"_links":{"self":[{"href":"https:\/\/topdagroup.com\/es\/wp-json\/wp\/v2\/product\/231","targetHints":{"allow":["GET"]}}],"collection":[{"href":"https:\/\/topdagroup.com\/es\/wp-json\/wp\/v2\/product"}],"about":[{"href":"https:\/\/topdagroup.com\/es\/wp-json\/wp\/v2\/types\/product"}],"replies":[{"embeddable":true,"href":"https:\/\/topdagroup.com\/es\/wp-json\/wp\/v2\/comments?post=231"}],"wp:featuredmedia":[{"embeddable":true,"href":"https:\/\/topdagroup.com\/es\/wp-json\/wp\/v2\/media\/2589"}],"wp:attachment":[{"href":"https:\/\/topdagroup.com\/es\/wp-json\/wp\/v2\/media?parent=231"}],"wp:term":[{"taxonomy":"product_brand","embeddable":true,"href":"https:\/\/topdagroup.com\/es\/wp-json\/wp\/v2\/product_brand?post=231"},{"taxonomy":"product_cat","embeddable":true,"href":"https:\/\/topdagroup.com\/es\/wp-json\/wp\/v2\/product_cat?post=231"},{"taxonomy":"product_tag","embeddable":true,"href":"https:\/\/topdagroup.com\/es\/wp-json\/wp\/v2\/product_tag?post=231"}],"curies":[{"name":"wp","href":"https:\/\/api.w.org\/{rel}","templated":true}]}}