{"id":1094,"date":"2025-03-18T16:54:00","date_gmt":"2025-03-18T08:54:00","guid":{"rendered":"https:\/\/topdagroup.com\/?post_type=product&#038;p=1094"},"modified":"2026-05-09T10:57:07","modified_gmt":"2026-05-09T02:57:07","slug":"plastic-shredder-recycling-machine-manufacturers","status":"publish","type":"product","link":"https:\/\/topdagroup.com\/es\/product\/plastic-shredder-recycling-machine-manufacturers\/","title":{"rendered":"Fabricantes de m\u00e1quinas trituradoras de pl\u00e1stico para reciclaje"},"content":{"rendered":"<div class=\"pro_detail\">\n<h1><strong><b>Revolucione su proceso de reciclaje con soluciones avanzadas de m\u00e1quinas de reciclaje de pl\u00e1stico<\/b><\/strong><\/h1>\n<p>En el mundo actual, la gesti\u00f3n eficiente de los residuos y la capacidad de\u00a0<strong><b>reciclar<\/b><\/strong>\u00a0<strong><b>pl\u00e1stico<\/b><\/strong>\u00a0son m\u00e1s cr\u00edticos que nunca. Como l\u00edder\u00a0<strong><b>m\u00e1quina de reciclaje de pl\u00e1stico<\/b><\/strong>\u00a0Fabricantes, ofrecemos soluciones de vanguardia para la transformaci\u00f3n\u00a0<strong><b>residuos pl\u00e1sticos<\/b><\/strong>\u00a0en recursos valiosos. Nuestras m\u00e1quinas est\u00e1n dise\u00f1adas para manejar diversos\u00a0<strong><b>tipos de reciclaje de pl\u00e1stico<\/b><\/strong>, garantizando alta eficiencia y sostenibilidad ambiental. Al elegir nuestro\u00a0<strong><b>equipo de reciclaje de pl\u00e1stico<\/b><\/strong>Est\u00e1s invirtiendo en un futuro m\u00e1s verde y optimizando tu\u00a0<strong><b>negocio de reciclaje<\/b><\/strong>Proporcionamos soluciones para los residuos.\u00a0<strong><b>l\u00ednea de reciclaje<\/b><\/strong>\u00a0y\u00a0<strong><b>l\u00ednea de trituraci\u00f3n de botellas de pl\u00e1stico<\/b><\/strong>.<\/p>\n<p>Nuestro\u00a0<strong><b>m\u00e1quina de reciclaje de pl\u00e1stico<\/b><\/strong>\u00a0Las soluciones est\u00e1n dise\u00f1adas para diversas empresas que buscan\u00a0<strong><b>m\u00e1quina de reciclaje de pel\u00edcula pl\u00e1stica<\/b><\/strong>\u00a0y\u00a0<strong><b>m\u00e1quina trituradora de pl\u00e1stico<\/b><\/strong>Ofrecemos soluciones confiables para el reciclaje de pl\u00e1stico. Cont\u00e1ctenos hoy mismo y hablemos sobre sus necesidades.\u00a0<strong><b>necesidades de reciclaje<\/b><\/strong>.<\/p>\n<p>&nbsp;<\/p>\n<h2><strong><b>Producto <\/b><\/strong><b><span style=\"font-family: 'Times New Roman'; font-size: 14px;\">APLICACI\u00d3N DE TRITURADORA DE DOBLE EJE:<\/span><\/b><\/h2>\n<p><span style=\"font-family: 'Times New Roman'; font-size: 14px;\">Bueno para triturar pl\u00e1stico grande y extra grueso. <\/span><span style=\"font-family: 'Times New Roman'; font-size: 14px;\">y piezas de goma,<\/span><span style=\"font-family: 'Times New Roman'; font-size: 14px;\">como por ejemplo el neum\u00e1tico,<\/span><span style=\"font-family: 'Times New Roman'; font-size: 14px;\">s<\/span><span style=\"font-family: 'Times New Roman'; font-size: 14px;\">infiernos de televisores, lavadoras y refrigeradores, barandillas de veh\u00edculos, tuber\u00edas grandes, barriles de productos qu\u00edmicos y placas de horquilla, as\u00ed como matrices, neum\u00e1ticos, maderas, cables el\u00e9ctricos, placas de circuitos integrados y productos de aluminio, papel y pl\u00e1stico.<\/span><\/p>\n<p><span style=\"font-size: 14px; font-family: 'Times New Roman';\"><b><span style=\"font-size: 14px; font-family: 'Times New Roman';\">CARACTER\u00cdSTICAS:<\/span><\/b><\/span><\/p>\n<p><span style=\"font-size: 14px; font-family: 'Times New Roman';\">1. D<\/span><span style=\"text-indent: -18pt; font-family: 'Times New Roman'; font-size: 14px;\">Dise\u00f1o de eje doble, baja revoluci\u00f3n y ruido;<\/span><\/p>\n<p><span style=\"text-indent: -18pt; font-family: 'Times New Roman'; font-size: 14px;\">2. Control PLC, f\u00e1cil de operar;<\/span><\/p>\n<p><span style=\"text-indent: -18pt; font-family: 'Times New Roman'; font-size: 14px;\">3. Baja velocidad de funcionamiento, bajo ruido y poco polvo;<\/span><\/p>\n<p><span style=\"text-indent: -18pt; font-family: 'Times New Roman'; font-size: 14px;\">4. El cortador est\u00e1 hecho de acero de aleaci\u00f3n especial, muy duradero.<\/span><\/p>\n<p><span style=\"text-indent: -18pt; font-family: 'Times New Roman'; font-size: 14px;\">ESPECIFICACI\u00d3N:<\/span><\/p>\n<table style=\"width: 100%;\" border=\"1\" cellspacing=\"0\" cellpadding=\"2\">\n<tbody>\n<tr>\n<td style=\"text-align: center;\"><span style=\"font-size: 14px; font-family: 'Times New Roman';\">Modelo<\/span><\/td>\n<td style=\"text-align: center;\"><span style=\"font-family: 'Times New Roman';\"><span style=\"font-size: 14px; line-height: 21px;\">TP 600<\/span><\/span><\/td>\n<td style=\"text-align: center;\"><span style=\"font-size: 14px; font-family: 'Times New Roman';\">TP 800<\/span><\/td>\n<td style=\"text-align: center;\"><span style=\"font-size: 14px; font-family: 'Times New Roman';\">TP 1000<\/span><\/td>\n<td style=\"text-align: center;\"><span style=\"font-size: 14px; font-family: 'Times New Roman';\">TP 1200<\/span><\/td>\n<td style=\"text-align: center;\"><span style=\"font-size: 14px; font-family: 'Times New Roman';\">TP 1400<\/span><\/td>\n<\/tr>\n<tr>\n<td style=\"text-align: center;\"><span style=\"font-size: 14px; font-family: 'Times New Roman';\">Motor (kw)<\/span><\/td>\n<td style=\"text-align: center;\"><span style=\"font-size: 14px; font-family: 'Times New Roman';\">15<\/span><\/td>\n<td style=\"text-align: center;\"><span style=\"font-size: 14px; font-family: 'Times New Roman';\">22<\/span><\/td>\n<td style=\"text-align: center;\"><span style=\"font-size: 14px; font-family: 'Times New Roman';\">30<\/span><\/td>\n<td style=\"text-align: center;\"><span style=\"font-size: 14px; font-family: 'Times New Roman';\">30<\/span><\/td>\n<td style=\"text-align: center;\"><span style=\"font-size: 14px; font-family: 'Times New Roman';\">44<\/span><\/td>\n<\/tr>\n<tr>\n<td style=\"text-align: center;\"><span style=\"font-size: 14px; font-family: 'Times New Roman';\">C\u00e1mara de trituraci\u00f3n (mm)<\/span><\/td>\n<td style=\"text-align: center;\"><span style=\"font-size: 14px; font-family: 'Times New Roman';\">600*450<\/span><\/td>\n<td style=\"text-align: center;\"><span style=\"font-size: 14px; font-family: 'Times New Roman';\">800*600<\/span><\/td>\n<td style=\"text-align: center;\"><span style=\"font-size: 14px; font-family: 'Times New Roman';\">1000*600<\/span><\/td>\n<td style=\"text-align: center;\"><span style=\"font-size: 14px; font-family: 'Times New Roman';\">1200*600<\/span><\/td>\n<td style=\"text-align: center;\"><span style=\"font-size: 14px; font-family: 'Times New Roman';\">1410*810<\/span><\/td>\n<\/tr>\n<tr>\n<td style=\"text-align: center;\"><span style=\"font-size: 14px; font-family: 'Times New Roman';\">Di\u00e1metro del rotador (mm)<\/span><\/td>\n<td style=\"text-align: center;\"><span style=\"font-size: 14px; font-family: 'Times New Roman';\">220<\/span><\/td>\n<td style=\"text-align: center;\"><span style=\"font-size: 14px; font-family: 'Times New Roman';\">290<\/span><\/td>\n<td style=\"text-align: center;\"><span style=\"font-size: 14px; font-family: 'Times New Roman';\">290<\/span><\/td>\n<td style=\"text-align: center;\"><span style=\"font-size: 14px; font-family: 'Times New Roman';\">300<\/span><\/td>\n<td style=\"text-align: center;\"><span style=\"font-size: 14px; font-family: 'Times New Roman';\">440<\/span><\/td>\n<\/tr>\n<tr>\n<td style=\"text-align: center;\"><span style=\"font-size: 14px; font-family: 'Times New Roman';\">Velocidad de rotaci\u00f3n del eje principal (rpm)<\/span><\/td>\n<td style=\"text-align: center;\"><span style=\"font-size: 14px; font-family: 'Times New Roman';\">15<\/span><\/td>\n<td style=\"text-align: center;\"><span style=\"font-size: 14px; font-family: 'Times New Roman';\">15<\/span><\/td>\n<td style=\"text-align: center;\"><span style=\"font-size: 14px; font-family: 'Times New Roman';\">15<\/span><\/td>\n<td style=\"text-align: center;\"><span style=\"font-size: 14px; font-family: 'Times New Roman';\">12<\/span><\/td>\n<td style=\"text-align: center;\"><span style=\"font-size: 14px; font-family: 'Times New Roman';\">12<\/span><\/td>\n<\/tr>\n<tr>\n<td style=\"text-align: center;\"><span style=\"font-size: 14px; font-family: 'Times New Roman';\">Cuchillas flexibles Cantidad (uds.)<\/span><\/td>\n<td style=\"text-align: center;\"><span style=\"font-size: 14px; font-family: 'Times New Roman';\">60<\/span><\/td>\n<td style=\"text-align: center;\"><span style=\"font-size: 14px; font-family: 'Times New Roman';\">48<\/span><\/td>\n<td style=\"text-align: center;\"><span style=\"font-size: 14px; font-family: 'Times New Roman';\">60<\/span><\/td>\n<td style=\"text-align: center;\"><span style=\"font-size: 14px; font-family: 'Times New Roman';\">100<\/span><\/td>\n<td style=\"text-align: center;\"><span style=\"font-size: 14px; font-family: 'Times New Roman';\">100<\/span><\/td>\n<\/tr>\n<tr>\n<td style=\"text-align: center;\"><span style=\"font-family: 'Times New Roman'; font-size: 14px; line-height: 21px;\">Cuchillas fijas Cantidad (uds.)<\/span><\/td>\n<td style=\"text-align: center;\"><span style=\"font-size: 14px; font-family: 'Times New Roman';\">20<\/span><\/td>\n<td style=\"text-align: center;\"><span style=\"font-size: 14px; font-family: 'Times New Roman';\">16<\/span><\/td>\n<td style=\"text-align: center;\"><span style=\"font-size: 14px; font-family: 'Times New Roman';\">20<\/span><\/td>\n<td style=\"text-align: center;\"><span style=\"font-size: 14px; font-family: 'Times New Roman';\">20<\/span><\/td>\n<td style=\"text-align: center;\"><span style=\"font-size: 14px; font-family: 'Times New Roman';\">20<\/span><\/td>\n<\/tr>\n<tr>\n<td style=\"text-align: center;\"><span style=\"font-size: 14px; font-family: 'Times New Roman';\">Grosor de la hoja (mm)<\/span><\/td>\n<td style=\"text-align: center;\"><span style=\"font-size: 14px; font-family: 'Times New Roman';\">30<\/span><\/td>\n<td style=\"text-align: center;\"><span style=\"font-size: 14px; font-family: 'Times New Roman';\">50<\/span><\/td>\n<td style=\"text-align: center;\"><span style=\"font-size: 14px; font-family: 'Times New Roman';\">50<\/span><\/td>\n<td style=\"text-align: center;\"><span style=\"font-size: 14px; font-family: 'Times New Roman';\">60<\/span><\/td>\n<td style=\"text-align: center;\"><span style=\"font-size: 14px; font-family: 'Times New Roman';\">70<\/span><\/td>\n<\/tr>\n<tr>\n<td style=\"text-align: center;\"><span style=\"font-size: 14px; font-family: 'Times New Roman';\">Dimensi\u00f3n (mm)<\/span><\/td>\n<td style=\"text-align: center;\"><span style=\"font-size: 14px; font-family: 'Times New Roman';\">1500*800*1600<\/span><\/td>\n<td style=\"text-align: center;\"><span style=\"font-size: 14px; font-family: 'Times New Roman';\">2600*1000*2000<\/span><\/td>\n<td style=\"text-align: center;\"><span style=\"font-size: 14px; font-family: 'Times New Roman';\">2800*1000*2000<\/span><\/td>\n<td style=\"text-align: center;\"><span style=\"font-size: 14px; font-family: 'Times New Roman';\">3200*1000*2400<\/span><\/td>\n<td style=\"text-align: center;\"><span style=\"font-size: 14px; font-family: 'Times New Roman';\">3400*1500*6500<\/span><\/td>\n<\/tr>\n<tr>\n<td style=\"text-align: center;\"><span style=\"font-size: 14px; font-family: 'Times New Roman';\">Peso (kg)<\/span><\/td>\n<td style=\"text-align: center;\"><span style=\"font-size: 14px; font-family: 'Times New Roman';\">900<\/span><\/td>\n<td style=\"text-align: center;\"><span style=\"font-size: 14px; font-family: 'Times New Roman';\">2200<\/span><\/td>\n<td style=\"text-align: center;\"><span style=\"font-size: 14px; font-family: 'Times New Roman';\">2500<\/span><\/td>\n<td style=\"text-align: center;\"><span style=\"font-size: 14px; font-family: 'Times New Roman';\">3200<\/span><\/td>\n<td style=\"text-align: center;\"><span style=\"font-size: 14px; font-family: 'Times New Roman';\">5600<\/span><\/td>\n<\/tr>\n<\/tbody>\n<\/table>\n<h3><strong><b>1. Gesti\u00f3n de residuos pl\u00e1sticos mediante trituraci\u00f3n y trituraci\u00f3n avanzadas<\/b><\/strong><\/h3>\n<p>La acumulaci\u00f3n de\u00a0<strong><b>residuos pl\u00e1sticos<\/b><\/strong>\u00a0presenta importantes desaf\u00edos ambientales. Los m\u00e9todos tradicionales a menudo tienen dificultades para procesar eficientemente diversos\u00a0<strong><b>tipos de pl\u00e1stico<\/b><\/strong>, lo que provoca el desbordamiento de los vertederos y el aumento de\u00a0<strong><b>contaminaci\u00f3n pl\u00e1stica<\/b><\/strong>Nuestro avanzado\u00a0<strong><b>soluciones de reciclaje de pl\u00e1stico<\/b><\/strong>\u00a0Abordamos directamente estos problemas mediante robustos mecanismos de trituraci\u00f3n y trituraci\u00f3n. Nuestros\u00a0<strong><b>desfibradora<\/b><\/strong>\u00a0Puede manejar diferentes tipos de\u00a0<strong><b>pl\u00e1stico<\/b><\/strong>, lo que le permite\u00a0<strong><b>reciclar<\/b><\/strong>\u00a0<strong><b>pl\u00e1stico<\/b><\/strong>\u00a0eficazmente.<\/p>\n<p>Nuestro\u00a0<strong><b>m\u00e1quinas trituradoras de pl\u00e1stico<\/b><\/strong>\u00a0y\u00a0<strong><b>trituradora<\/b><\/strong>\u00a0Est\u00e1n dise\u00f1ados para manejar una amplia gama de\u00a0<strong><b>materiales pl\u00e1sticos<\/b><\/strong>, de r\u00edgido\u00a0<strong><b>HDPE<\/b><\/strong>\u00a0contenedores flexibles\u00a0<strong><b>polietileno de baja densidad (LDPE)<\/b><\/strong>\u00a0pel\u00edculas. Esta versatilidad garantiza que su\u00a0<strong><b>operaciones de reciclaje<\/b><\/strong>\u00a0Puede procesar diversos\u00a0<strong><b>flujos de residuos pl\u00e1sticos<\/b><\/strong>\u00a0Sin comprometer la eficiencia. Estas soluciones est\u00e1n dise\u00f1adas para reducir\u00a0<strong><b>tama\u00f1o<\/b><\/strong>\u00a0mediante el uso\u00a0<strong><b>trituradoras y granuladoras<\/b><\/strong>. Ya sea que necesites un\u00a0<strong><b>eje \u00fanico<\/b><\/strong>\u00a0o una\u00a0<strong><b>rotor<\/b><\/strong>Contamos con equipos que se adaptan a tus necesidades\u00a0<strong><b>procesos para cumplir<\/b><\/strong>.<\/p>\n<h3><strong><b>2. Sistemas avanzados de lavado y peletizaci\u00f3n para mejorar <\/b><\/strong><strong><b>Eficiencia de reciclaje con<\/b><\/strong><\/h3>\n<p>Logrando\u00a0<strong><b>reciclado de alta calidad<\/b><\/strong>\u00a0Los materiales requieren m\u00e1s que simplemente triturarlos; exigen una limpieza exhaustiva y precisa.\u00a0<strong><b>peletizaci\u00f3n<\/b><\/strong>Nuestro sistema integrado\u00a0<strong><b>m\u00e1quina de reciclaje de pl\u00e1stico<\/b><\/strong>\u00a0Los sistemas incluyen sistemas avanzados\u00a0<strong><b>lavado de pl\u00e1stico<\/b><\/strong>\u00a0y\u00a0<strong><b>peletizaci\u00f3n<\/b><\/strong>\u00a0tecnolog\u00edas para garantizar la pureza y consistencia del producto final.<\/p>\n<p>Nuestro\u00a0<strong><b>tendedero<\/b><\/strong>\u00a0eficazmente\u00a0<strong><b>eliminar contaminantes<\/b><\/strong>\u00a0de\u00a0<strong><b>copos de pl\u00e1stico<\/b><\/strong>, mientras que nuestro\u00a0<strong><b>sistema de peletizaci\u00f3n<\/b><\/strong>\u00a0transforma estos copos en uniformes\u00a0<strong><b>bolitas de pl\u00e1stico<\/b><\/strong>\u00a0Listo para reutilizar. Nos aseguramos de que\u00a0<strong><b>pl\u00e1stico reciclado<\/b><\/strong>\u00a0Cumple con los m\u00e1s altos est\u00e1ndares. Al invertir en nuestros sistemas avanzados, usted contribuye a...\u00a0<strong><b>reduciendo el impacto ambiental<\/b><\/strong>\u00a0y aumentar el valor de su\u00a0<strong><b>material reciclado<\/b><\/strong>Muchos clientes utilizan los pellets para\u00a0<strong><b>fabricar pl\u00e1sticos<\/b><\/strong>\u00a0y vaya directamente a\u00a0<strong><b>productos directamente<\/b><\/strong>.<\/p>\n<h3><strong><b>3. Empresas de reciclaje de peque\u00f1a a gran escala<\/b><\/strong><\/h3>\n<p>Ya sea que est\u00e9 operando una\u00a0<strong><b>reciclaje de pl\u00e1stico a peque\u00f1a escala<\/b><\/strong>\u00a0instalaci\u00f3n o gesti\u00f3n de una gran planta industrial, ofrecemos servicios personalizados\u00a0<strong><b>soluciones de reciclaje<\/b><\/strong>\u00a0Para satisfacer sus necesidades espec\u00edficas. Nuestras\u00a0<strong><b>equipo de ingenieros<\/b><\/strong>\u00a0poder\u00a0<strong><b>dise\u00f1ar y desarrollar<\/b><\/strong>\u00a0completo\u00a0<strong><b>sistemas de reciclaje<\/b><\/strong>\u00a0Adaptado a sus necesidades operativas, garantizando un rendimiento \u00f3ptimo y el m\u00e1ximo retorno de la inversi\u00f3n.<\/p>\n<p>Entendemos que cada negocio tiene necesidades \u00fanicas. Por eso ofrecemos una gama de soluciones, desde compactas\u00a0<strong><b>m\u00e1quina de reciclaje de pl\u00e1stico<\/b><\/strong>\u00a0Unidades perfectas para operaciones m\u00e1s peque\u00f1as y completas.\u00a0<strong><b>l\u00ednea de reciclaje<\/b><\/strong>\u00a0Dise\u00f1ado para el procesamiento de alto volumen. Nuestro objetivo es capacitar a empresas de todos los tama\u00f1os para...\u00a0<strong><b>recicla tus residuos pl\u00e1sticos<\/b><\/strong>\u00a0de manera eficiente y sostenible. Considere\u00a0<strong><b>Factores a considerar<\/b><\/strong>\u00a0como el espacio y la cantidad de residuos.<\/p>\n<p>Veamos en la tabla los pros y contras de usar un\u00a0<strong><b>m\u00e1quina de reciclaje de pl\u00e1stico<\/b><\/strong>.<\/p>\n<table>\n<tbody>\n<tr>\n<td><strong><b>Caracter\u00edstica<\/b><\/strong><\/td>\n<td><strong><b>Pro<\/b><\/strong><\/td>\n<td><strong><b>Estafa<\/b><\/strong><\/td>\n<\/tr>\n<tr>\n<td>Eficiencia<\/td>\n<td>Procesa grandes vol\u00famenes de pl\u00e1stico r\u00e1pidamente.<\/td>\n<td>La inversi\u00f3n inicial puede ser alta.<\/td>\n<\/tr>\n<tr>\n<td>Impacto ambiental<\/td>\n<td>Reduce los residuos en vertederos y disminuye las emisiones de carbono al utilizar menos\u00a0<strong><b>toneladas de pl\u00e1stico<\/b><\/strong>.<\/td>\n<td>Requiere espacio para su instalaci\u00f3n y funcionamiento.<\/td>\n<\/tr>\n<tr>\n<td>Calidad del material<\/td>\n<td>Produce alta calidad\u00a0<strong><b>bolitas de pl\u00e1stico<\/b><\/strong>\u00a0Apto para reutilizaci\u00f3n.<\/td>\n<td>El mantenimiento y las reparaciones pueden generar costos adicionales.<\/td>\n<\/tr>\n<tr>\n<td>Ahorro de costos operativos<\/td>\n<td>Reduce la necesidad de pl\u00e1stico virgen, bajando los costos de material.<\/td>\n<td>Requiere personal capacitado para operar y mantener el\u00a0<strong><b>de la m\u00e1quina<\/b><\/strong>.<\/td>\n<\/tr>\n<tr>\n<td>Versatilidad<\/td>\n<td>Puede manipular varios tipos de pl\u00e1stico, incluidos\u00a0<strong><b>p\u00e1ginas<\/b><\/strong>,\u00a0<strong><b>pel\u00edcula de polietileno<\/b><\/strong>,\u00a0<strong><b>botellas de PET<\/b><\/strong>\u00a0y\u00a0<strong><b>postconsumo<\/b><\/strong>\u00a0materiales.<\/td>\n<td>El consumo de energ\u00eda puede ser significativo, impactando los costos operativos y potencialmente contrarrestando algunos beneficios ambientales.<\/td>\n<\/tr>\n<\/tbody>\n<\/table>\n<p>Seg\u00fan el an\u00e1lisis de la industria, la incorporaci\u00f3n\u00a0<strong><b>reciclaje de pl\u00e1stico<\/b><\/strong>\u00a0en su modelo de negocio no solo contribuye a la sostenibilidad ambiental, sino que tambi\u00e9n ofrece importantes ventajas econ\u00f3micas. El mercado de\u00a0<strong><b>pl\u00e1stico reciclado<\/b><\/strong>\u00a0est\u00e1 creciendo y las empresas que invierten en\u00a0<strong><b>tecnolog\u00eda de reciclaje de pl\u00e1stico<\/b><\/strong>\u00a0est\u00e1n bien posicionados para capitalizar esta tendencia. Al elegir nuestro\u00a0<strong><b>equipo de reciclaje de pl\u00e1stico<\/b><\/strong>Est\u00e1s dando un paso proactivo hacia un futuro m\u00e1s sostenible y rentable.<\/p>\n<p>Tambi\u00e9n brindamos soporte para la\u00a0<strong><b>proceso de reciclaje<\/b><\/strong>. El\u00a0<strong><b>flujo de trabajo<\/b><\/strong>\u00a0incluye,\u00a0<strong><b>lavado de pl\u00e1stico<\/b><\/strong>,\u00a0<strong><b>extrusi\u00f3n<\/b><\/strong>,\u00a0<strong><b>peletizaci\u00f3n<\/b><\/strong>, y m\u00e1s. Creemos que con el derecho\u00a0<strong><b>tecnolog\u00eda de reciclaje<\/b><\/strong>Podemos reducir la cantidad de\u00a0<strong><b>contaminaci\u00f3n pl\u00e1stica<\/b><\/strong>\u00a0que est\u00e1 afectando al planeta. Muchos nos han elegido sobre los dem\u00e1s porque somos...\u00a0<strong><b>respetuoso con el medio ambiente<\/b><\/strong>.<\/p>\n<p>Nuestro\u00a0<strong><b>sistemas de reciclaje<\/b><\/strong>\u00a0Tambi\u00e9n permiten la capacidad de reducir\u00a0<strong><b>emisiones de carbono<\/b><\/strong>\u00a0en el medio ambiente.\u00a0<strong><b>Contribuyendo al carbono<\/b><\/strong>\u00a0y mantener el medio ambiente como un lugar m\u00e1s seguro y limpio.<\/p>\n<p>No dudes en conocer m\u00e1s sobre nuestros\u00a0<strong><b>gesti\u00f3n eficiente de residuos<\/b><\/strong>\u00a0productos. Le guiaremos en la direcci\u00f3n correcta para ayudarle con\u00a0<strong><b>reciclaje de pl\u00e1stico confiable<\/b><\/strong>.<\/p>\n<p>Haga clic aqu\u00ed para obtener m\u00e1s informaci\u00f3n sobre nuestros\u00a0<strong><b>Fabricantes de m\u00e1quinas trituradoras de pl\u00e1stico para reciclaje<\/b><\/strong>.<br \/>\nEcha un vistazo a nuestro\u00a0<strong><b>L\u00ednea de trituraci\u00f3n de botellas de pl\u00e1stico<\/b><\/strong>\u00a0para soluciones espec\u00edficas de reciclaje de botellas.<br \/>\nExplora nuestro\u00a0<strong><b>M\u00e1quina de reciclaje de pel\u00edcula pl\u00e1stica<\/b><\/strong>\u00a0Opciones para las necesidades de reciclaje de pel\u00edculas.<br \/>\nTambi\u00e9n podemos ayudarle a elegir el adecuado.\u00a0<strong><b>M\u00e1quina trituradora de pl\u00e1stico<\/b><\/strong>\u00a0para sus aplicaciones.<br \/>\nDescubra nuestra completa\u00a0<strong><b>L\u00ednea de reciclaje<\/b><\/strong>\u00a0soluciones.<\/p>\n<p><strong><b>Reciclar<\/b><\/strong>\u00a0el camino correcto y nunca necesitar\u00e1s buscar en otro lado.<br \/>\nTambi\u00e9n podemos ayudar con\u00a0<strong><b>reciclaje de botellas<\/b><\/strong>\u00a0con nuestro\u00a0<strong><b>copos de botellas de PET<\/b><\/strong>.<br \/>\nEsto har\u00eda que\u00a0<strong><b>de alto grado<\/b><\/strong>\u00a0material.<\/p>\n<p><strong><b>\u00bfListo para convertir tus residuos pl\u00e1sticos en ganancias? \u00a1Cont\u00e1ctanos hoy mismo!<\/b><\/strong><\/p>\n<p>\u00a1Ahora puedes empezar a reciclar! Cont\u00e1ctanos hoy mismo para descubrir c\u00f3mo funciona nuestro sistema personalizado.\u00a0<strong><b>sistemas de reciclaje de pl\u00e1stico<\/b><\/strong>\u00a0Podemos transformar sus residuos en un recurso valioso, contribuyendo a un mundo m\u00e1s limpio y sostenible. Estamos listos para hablar sobre sus necesidades.\u00a0<strong><b>necesidades de reciclaje<\/b><\/strong>\u00a0y brindarle las mejores soluciones disponibles.\u00a0<strong><b>No dudes en contactarnos<\/b><\/strong>\u00a0para que podamos empezar.<\/p>\n<p><strong><b>Ventajas de Nuestros Productos desde el Punto de Vista del Cliente:<\/b><\/strong><\/p>\n<p>\u00a1Convierte la basura en un tesoro! Nuestras eficientes m\u00e1quinas de reciclaje de pl\u00e1stico aumentan las ganancias y protegen el planeta. \u00a1Consigue la tuya hoy mismo!<\/p>\n<p>&nbsp;<\/p>\n<\/div>","protected":false},"excerpt":{"rendered":"<ul>\n<li>Origen del producto: Dongguan, China<\/li>\n<li>Marca: TOPDA<\/li>\n<li>Art\u00edculo n.\u00b0: TP-600<\/li>\n<li>Puerto de env\u00edo: Puerto de Shenzhen<\/li>\n<li>Color: azul y rojo<\/li>\n<li>Plazo de entrega: 30 d\u00edas<\/li>\n<li>Pago: dep\u00f3sito 30% TT, 70% TT antes de la entrega<\/li>\n<li>Precio: $9999\/13999<\/li>\n<\/ul>","protected":false},"featured_media":2871,"comment_status":"open","ping_status":"closed","template":"","meta":{"_seopress_robots_primary_cat":"none","_seopress_titles_title":"","_seopress_titles_desc":"","_seopress_robots_index":"","_kad_post_transparent":"default","_kad_post_title":"","_kad_post_layout":"default","_kad_post_sidebar_id":"","_kad_post_content_style":"default","_kad_post_vertical_padding":"default","_kad_post_feature":"","_kad_post_feature_position":"","_kad_post_header":false,"_kad_post_footer":false,"_kad_post_classname":""},"product_brand":[],"product_cat":[42],"product_tag":[],"class_list":{"0":"post-1094","1":"product","2":"type-product","3":"status-publish","4":"has-post-thumbnail","6":"product_cat-plastic-shredder","8":"first","9":"instock","10":"shipping-taxable","11":"product-type-simple","12":"entry","13":"content-bg","14":"loop-entry"},"_links":{"self":[{"href":"https:\/\/topdagroup.com\/es\/wp-json\/wp\/v2\/product\/1094","targetHints":{"allow":["GET"]}}],"collection":[{"href":"https:\/\/topdagroup.com\/es\/wp-json\/wp\/v2\/product"}],"about":[{"href":"https:\/\/topdagroup.com\/es\/wp-json\/wp\/v2\/types\/product"}],"replies":[{"embeddable":true,"href":"https:\/\/topdagroup.com\/es\/wp-json\/wp\/v2\/comments?post=1094"}],"wp:featuredmedia":[{"embeddable":true,"href":"https:\/\/topdagroup.com\/es\/wp-json\/wp\/v2\/media\/2871"}],"wp:attachment":[{"href":"https:\/\/topdagroup.com\/es\/wp-json\/wp\/v2\/media?parent=1094"}],"wp:term":[{"taxonomy":"product_brand","embeddable":true,"href":"https:\/\/topdagroup.com\/es\/wp-json\/wp\/v2\/product_brand?post=1094"},{"taxonomy":"product_cat","embeddable":true,"href":"https:\/\/topdagroup.com\/es\/wp-json\/wp\/v2\/product_cat?post=1094"},{"taxonomy":"product_tag","embeddable":true,"href":"https:\/\/topdagroup.com\/es\/wp-json\/wp\/v2\/product_tag?post=1094"}],"curies":[{"name":"wp","href":"https:\/\/api.w.org\/{rel}","templated":true}]}}