{"id":46,"date":"2024-01-26T10:41:06","date_gmt":"2024-01-26T02:41:06","guid":{"rendered":"http:\/\/g.studywade.com\/?page_id=46"},"modified":"2025-04-09T20:18:25","modified_gmt":"2025-04-09T12:18:25","slug":"about","status":"publish","type":"page","link":"https:\/\/topdagroup.com\/es\/about\/","title":{"rendered":"Acerca de"},"content":{"rendered":"<div data-elementor-type=\"wp-page\" data-elementor-id=\"46\" class=\"elementor elementor-46\" data-elementor-settings=\"{&quot;ha_cmc_init_switcher&quot;:&quot;no&quot;}\" data-elementor-post-type=\"page\">\n\t\t\t\t\t\t<section class=\"elementor-section elementor-top-section elementor-element elementor-element-56d44b5a elementor-section-height-min-height elementor-section-boxed elementor-section-height-default elementor-section-items-middle\" data-id=\"56d44b5a\" data-element_type=\"section\" data-e-type=\"section\" data-settings=\"{&quot;background_background&quot;:&quot;classic&quot;,&quot;_ha_eqh_enable&quot;:false}\">\n\t\t\t\t\t\t\t<div class=\"elementor-background-overlay\"><\/div>\n\t\t\t\t\t\t\t<div class=\"elementor-container elementor-column-gap-default\">\n\t\t\t\t\t<div class=\"elementor-column elementor-col-100 elementor-top-column elementor-element elementor-element-41605a27\" data-id=\"41605a27\" data-element_type=\"column\" data-e-type=\"column\" data-settings=\"{&quot;background_background&quot;:&quot;slideshow&quot;,&quot;background_slideshow_gallery&quot;:[],&quot;background_slideshow_loop&quot;:&quot;yes&quot;,&quot;background_slideshow_slide_duration&quot;:5000,&quot;background_slideshow_slide_transition&quot;:&quot;fade&quot;,&quot;background_slideshow_transition_duration&quot;:500}\">\n\t\t\t<div class=\"elementor-widget-wrap elementor-element-populated\">\n\t\t\t\t\t\t<div class=\"elementor-element elementor-element-34c5a4e4 elementor-widget elementor-widget-heading\" data-id=\"34c5a4e4\" data-element_type=\"widget\" data-e-type=\"widget\" data-widget_type=\"heading.default\">\n\t\t\t\t<div class=\"elementor-widget-container\">\n\t\t\t\t\t<h1 class=\"elementor-heading-title elementor-size-large\">Maquinaria Topda <br><span style=\"font-size: 26px;text-align: left;background-color: transparent\">Impulsando la innovaci\u00f3n en el reciclaje de pl\u00e1stico desde 2004<\/span><\/h1>\t\t\t\t<\/div>\n\t\t\t\t<\/div>\n\t\t\t\t<div class=\"elementor-element elementor-element-52869679 elementor-widget elementor-widget-text-editor\" data-id=\"52869679\" data-element_type=\"widget\" data-e-type=\"widget\" data-widget_type=\"text-editor.default\">\n\t\t\t\t<div class=\"elementor-widget-container\">\n\t\t\t\t\t\t\t\t\t<p>Empresas de reciclaje de pl\u00e1stico, empresas medioambientales, fabricantes de envases y procesadores de residuos industriales en la UE, Oriente Medio y el Sudeste Asi\u00e1tico.<\/p>\t\t\t\t\t\t\t\t<\/div>\n\t\t\t\t<\/div>\n\t\t\t\t\t<\/div>\n\t\t<\/div>\n\t\t\t\t\t<\/div>\n\t\t<\/section>\n\t\t\t\t<section class=\"elementor-section elementor-top-section elementor-element elementor-element-37fe4cba elementor-section-content-middle elementor-reverse-mobile elementor-section-boxed elementor-section-height-default elementor-section-height-default\" data-id=\"37fe4cba\" data-element_type=\"section\" data-e-type=\"section\" data-settings=\"{&quot;background_background&quot;:&quot;classic&quot;,&quot;_ha_eqh_enable&quot;:false}\">\n\t\t\t\t\t\t\t<div class=\"elementor-background-overlay\"><\/div>\n\t\t\t\t\t\t\t<div class=\"elementor-container elementor-column-gap-no\">\n\t\t\t\t\t<div class=\"elementor-column elementor-col-50 elementor-top-column elementor-element elementor-element-66ff1b0\" data-id=\"66ff1b0\" data-element_type=\"column\" data-e-type=\"column\" data-settings=\"{&quot;background_background&quot;:&quot;classic&quot;}\">\n\t\t\t<div class=\"elementor-widget-wrap elementor-element-populated\">\n\t\t\t\t\t\t<div class=\"elementor-element elementor-element-11ecba4 elementor-widget elementor-widget-image\" data-id=\"11ecba4\" data-element_type=\"widget\" data-e-type=\"widget\" data-widget_type=\"image.default\">\n\t\t\t\t<div class=\"elementor-widget-container\">\n\t\t\t\t\t\t\t\t\t\t\t\t\t\t\t<img fetchpriority=\"high\" decoding=\"async\" width=\"630\" height=\"480\" src=\"https:\/\/topdagroup.com\/wp-content\/uploads\/2024\/01\/about-us.webp\" class=\"attachment-full size-full wp-image-68\" alt=\"\" srcset=\"https:\/\/topdagroup.com\/wp-content\/uploads\/2024\/01\/about-us.webp 630w, https:\/\/topdagroup.com\/wp-content\/uploads\/2024\/01\/about-us-600x457.webp 600w, https:\/\/topdagroup.com\/wp-content\/uploads\/2024\/01\/about-us-300x229.webp 300w\" sizes=\"(max-width: 630px) 100vw, 630px\" \/>\t\t\t\t\t\t\t\t\t\t\t\t\t\t\t<\/div>\n\t\t\t\t<\/div>\n\t\t\t\t\t<\/div>\n\t\t<\/div>\n\t\t\t\t<div class=\"elementor-column elementor-col-50 elementor-top-column elementor-element elementor-element-480fe3d6\" data-id=\"480fe3d6\" data-element_type=\"column\" data-e-type=\"column\">\n\t\t\t<div class=\"elementor-widget-wrap elementor-element-populated\">\n\t\t\t\t\t\t<div class=\"elementor-element elementor-element-6cf88bdc elementor-widget elementor-widget-text-editor\" data-id=\"6cf88bdc\" data-element_type=\"widget\" data-e-type=\"widget\" data-widget_type=\"text-editor.default\">\n\t\t\t\t<div class=\"elementor-widget-container\">\n\t\t\t\t\t\t\t\t\t<p>Topda Machinery Co., Ltd., fundada en 2008, se encuentra en la ciudad de Dongguan, provincia de Guangdong, y se ha consolidado como uno de los l\u00edderes de la industria de equipos auxiliares de pl\u00e1stico en China. Se especializa en investigaci\u00f3n, dise\u00f1o, fabricaci\u00f3n y distribuci\u00f3n. Topda Machinery Company actualmente ocupa una superficie de m\u00e1s de 13\u00a0000 metros cuadrados y cuenta con m\u00e1s de un mill\u00f3n de activos fijos y equipos de alta calidad, adem\u00e1s de una plantilla de m\u00e1s de 200 empleados.<\/p>\t\t\t\t\t\t\t\t<\/div>\n\t\t\t\t<\/div>\n\t\t\t\t\t<\/div>\n\t\t<\/div>\n\t\t\t\t\t<\/div>\n\t\t<\/section>\n\t\t\t\t<section class=\"elementor-section elementor-top-section elementor-element elementor-element-a9bd3dc elementor-section-content-middle elementor-reverse-mobile elementor-section-boxed elementor-section-height-default elementor-section-height-default\" data-id=\"a9bd3dc\" data-element_type=\"section\" data-e-type=\"section\" data-settings=\"{&quot;background_background&quot;:&quot;classic&quot;,&quot;_ha_eqh_enable&quot;:false}\">\n\t\t\t\t\t\t\t<div class=\"elementor-background-overlay\"><\/div>\n\t\t\t\t\t\t\t<div class=\"elementor-container elementor-column-gap-no\">\n\t\t\t\t\t<div class=\"elementor-column elementor-col-50 elementor-top-column elementor-element elementor-element-02403b3\" data-id=\"02403b3\" data-element_type=\"column\" data-e-type=\"column\">\n\t\t\t<div class=\"elementor-widget-wrap elementor-element-populated\">\n\t\t\t\t\t\t<div class=\"elementor-element elementor-element-5daef95 elementor-widget elementor-widget-text-editor\" data-id=\"5daef95\" data-element_type=\"widget\" data-e-type=\"widget\" data-widget_type=\"text-editor.default\">\n\t\t\t\t<div class=\"elementor-widget-container\">\n\t\t\t\t\t\t\t\t\t<p>Nuestros productos incluyen trituradora de escamas\/pel\u00edcula\/caucho, trituradora de velocidad lenta\/r\u00e1pida de recarga, mezclador de color, pulverizador de PP\/PE\/PVC, aglomerador de pel\u00edcula, trituradora, secador de tolva, cargador autom\u00e1tico, enfriador de agua, torre de enfriamiento, deshumidificador y controlador de temperatura de molde con m\u00e1s de 500 modelos.<\/p><p>El dise\u00f1o avanzado, el ahorro energ\u00e9tico y la alta productividad siguen siendo caracter\u00edsticas de nuestros productos. El nivel t\u00e9cnico y todos los indicadores cumplen con los est\u00e1ndares internacionales, con cinco categor\u00edas que obtuvieron la patente nacional.<\/p><p>Clientes satisfechos en m\u00e1s de 60 pa\u00edses de Asia, \u00c1frica y Oriente Medio. Nuestras m\u00e1quinas reciben elogios y excelentes valoraciones de la gran mayor\u00eda de los clientes.<\/p>\t\t\t\t\t\t\t\t<\/div>\n\t\t\t\t<\/div>\n\t\t\t\t\t<\/div>\n\t\t<\/div>\n\t\t\t\t<div class=\"elementor-column elementor-col-50 elementor-top-column elementor-element elementor-element-1ef30df\" data-id=\"1ef30df\" data-element_type=\"column\" data-e-type=\"column\" data-settings=\"{&quot;background_background&quot;:&quot;classic&quot;}\">\n\t\t\t<div class=\"elementor-widget-wrap elementor-element-populated\">\n\t\t\t\t\t\t<div class=\"elementor-element elementor-element-8651586 elementor-widget elementor-widget-image\" data-id=\"8651586\" data-element_type=\"widget\" data-e-type=\"widget\" data-widget_type=\"image.default\">\n\t\t\t\t<div class=\"elementor-widget-container\">\n\t\t\t\t\t\t\t\t\t\t\t\t\t\t\t<img decoding=\"async\" width=\"500\" height=\"500\" src=\"https:\/\/topdagroup.com\/wp-content\/uploads\/2024\/01\/3-Plastic-Shredder.webp\" class=\"attachment-full size-full wp-image-1914\" alt=\"Trituradora de pl\u00e1stico\" srcset=\"https:\/\/topdagroup.com\/wp-content\/uploads\/2024\/01\/3-Plastic-Shredder.webp 500w, https:\/\/topdagroup.com\/wp-content\/uploads\/2024\/01\/3-Plastic-Shredder-300x300.webp 300w, https:\/\/topdagroup.com\/wp-content\/uploads\/2024\/01\/3-Plastic-Shredder-150x150.webp 150w, https:\/\/topdagroup.com\/wp-content\/uploads\/2024\/01\/3-Plastic-Shredder-12x12.webp 12w, https:\/\/topdagroup.com\/wp-content\/uploads\/2024\/01\/3-Plastic-Shredder-100x100.webp 100w\" sizes=\"(max-width: 500px) 100vw, 500px\" \/>\t\t\t\t\t\t\t\t\t\t\t\t\t\t\t<\/div>\n\t\t\t\t<\/div>\n\t\t\t\t\t<\/div>\n\t\t<\/div>\n\t\t\t\t\t<\/div>\n\t\t<\/section>\n\t\t\t\t<\/div>","protected":false},"excerpt":{"rendered":"<p>Topda Machinery Driving Innovation in Plastic Recycling Since 2004 Plastic recycling enterprises, environmental companies, packaging manufacturers, industrial waste processors in EU, Middle East, Southeast Asia Topda Machinery Co., Ltd., established in 2008, is located at Dongguan city, Guangdong province and becomes one of leaders in auxiliary plastic equipment industry in China, specializing in research, designs,&#8230;<\/p>","protected":false},"author":1,"featured_media":2148,"parent":0,"menu_order":0,"comment_status":"closed","ping_status":"closed","template":"","meta":{"_seopress_robots_primary_cat":"","_seopress_titles_title":"","_seopress_titles_desc":"","_seopress_robots_index":"","_kad_post_transparent":"","_kad_post_title":"hide","_kad_post_layout":"fullwidth","_kad_post_sidebar_id":"","_kad_post_content_style":"unboxed","_kad_post_vertical_padding":"hide","_kad_post_feature":"hide","_kad_post_feature_position":"","_kad_post_header":false,"_kad_post_footer":false,"_kad_post_classname":"","footnotes":""},"class_list":["post-46","page","type-page","status-publish","has-post-thumbnail","hentry"],"_links":{"self":[{"href":"https:\/\/topdagroup.com\/es\/wp-json\/wp\/v2\/pages\/46","targetHints":{"allow":["GET"]}}],"collection":[{"href":"https:\/\/topdagroup.com\/es\/wp-json\/wp\/v2\/pages"}],"about":[{"href":"https:\/\/topdagroup.com\/es\/wp-json\/wp\/v2\/types\/page"}],"author":[{"embeddable":true,"href":"https:\/\/topdagroup.com\/es\/wp-json\/wp\/v2\/users\/1"}],"replies":[{"embeddable":true,"href":"https:\/\/topdagroup.com\/es\/wp-json\/wp\/v2\/comments?post=46"}],"version-history":[{"count":0,"href":"https:\/\/topdagroup.com\/es\/wp-json\/wp\/v2\/pages\/46\/revisions"}],"wp:featuredmedia":[{"embeddable":true,"href":"https:\/\/topdagroup.com\/es\/wp-json\/wp\/v2\/media\/2148"}],"wp:attachment":[{"href":"https:\/\/topdagroup.com\/es\/wp-json\/wp\/v2\/media?parent=46"}],"curies":[{"name":"wp","href":"https:\/\/api.w.org\/{rel}","templated":true}]}}