{"id":158,"date":"2024-01-26T17:07:39","date_gmt":"2024-01-26T09:07:39","guid":{"rendered":"http:\/\/g.studywade.com\/?page_id=158"},"modified":"2025-09-08T11:17:26","modified_gmt":"2025-09-08T03:17:26","slug":"faq","status":"publish","type":"page","link":"https:\/\/topdagroup.com\/es\/faq\/","title":{"rendered":"Preguntas frecuentes"},"content":{"rendered":"<div data-elementor-type=\"wp-page\" data-elementor-id=\"158\" class=\"elementor elementor-158\" data-elementor-settings=\"{&quot;ha_cmc_init_switcher&quot;:&quot;no&quot;}\" data-elementor-post-type=\"page\">\n\t\t\t\t\t\t<section class=\"elementor-section elementor-top-section elementor-element elementor-element-c88ea0c elementor-section-height-min-height elementor-section-boxed elementor-section-height-default elementor-section-items-middle\" data-id=\"c88ea0c\" data-element_type=\"section\" data-e-type=\"section\" data-settings=\"{&quot;_ha_eqh_enable&quot;:false}\">\n\t\t\t\t\t\t\t<div class=\"elementor-background-overlay\"><\/div>\n\t\t\t\t\t\t\t<div class=\"elementor-container elementor-column-gap-default\">\n\t\t\t\t\t<div class=\"elementor-column elementor-col-100 elementor-top-column elementor-element elementor-element-1222ef15\" data-id=\"1222ef15\" data-element_type=\"column\" data-e-type=\"column\">\n\t\t\t<div class=\"elementor-widget-wrap elementor-element-populated\">\n\t\t\t\t\t\t<div class=\"elementor-element elementor-element-6db60b00 elementor-widget elementor-widget-heading\" data-id=\"6db60b00\" data-element_type=\"widget\" data-e-type=\"widget\" data-widget_type=\"heading.default\">\n\t\t\t\t<div class=\"elementor-widget-container\">\n\t\t\t\t\t<h1 class=\"elementor-heading-title elementor-size-default\">Solicitud<\/h1>\t\t\t\t<\/div>\n\t\t\t\t<\/div>\n\t\t\t\t<div class=\"elementor-element elementor-element-91da3df elementor-widget elementor-widget-text-editor\" data-id=\"91da3df\" data-element_type=\"widget\" data-e-type=\"widget\" data-widget_type=\"text-editor.default\">\n\t\t\t\t<div class=\"elementor-widget-container\">\n\t\t\t\t\t\t\t\t\t<p>Topda Machinery siempre est\u00e1 aqu\u00ed para responder sus preguntas desde la compra hasta la entrega final.<\/p>\t\t\t\t\t\t\t\t<\/div>\n\t\t\t\t<\/div>\n\t\t\t\t\t<\/div>\n\t\t<\/div>\n\t\t\t\t\t<\/div>\n\t\t<\/section>\n\t\t\t\t<section class=\"elementor-section elementor-top-section elementor-element elementor-element-75a4dc74 elementor-section-content-middle elementor-section-boxed elementor-section-height-default elementor-section-height-default\" data-id=\"75a4dc74\" data-element_type=\"section\" data-e-type=\"section\" data-settings=\"{&quot;_ha_eqh_enable&quot;:false}\">\n\t\t\t\t\t\t<div class=\"elementor-container elementor-column-gap-no\">\n\t\t\t\t\t<div class=\"elementor-column elementor-col-50 elementor-top-column elementor-element elementor-element-41f29001\" data-id=\"41f29001\" data-element_type=\"column\" data-e-type=\"column\">\n\t\t\t<div class=\"elementor-widget-wrap elementor-element-populated\">\n\t\t\t\t\t\t<div class=\"elementor-element elementor-element-4edc8feb elementor-widget elementor-widget-toggle\" data-id=\"4edc8feb\" data-element_type=\"widget\" data-e-type=\"widget\" data-widget_type=\"toggle.default\">\n\t\t\t\t<div class=\"elementor-widget-container\">\n\t\t\t\t\t\t\t<div class=\"elementor-toggle\">\n\t\t\t\t\t\t\t<div class=\"elementor-toggle-item\">\n\t\t\t\t\t<div id=\"elementor-tab-title-1321\" class=\"elementor-tab-title\" data-tab=\"1\" role=\"button\" aria-controls=\"elementor-tab-content-1321\" aria-expanded=\"false\">\n\t\t\t\t\t\t\t\t\t\t\t\t<span class=\"elementor-toggle-icon elementor-toggle-icon-right\" aria-hidden=\"true\">\n\t\t\t\t\t\t\t\t\t\t\t\t\t\t\t<span class=\"elementor-toggle-icon-closed\"><svg class=\"e-font-icon-svg e-fas-caret-right\" viewbox=\"0 0 192 512\" xmlns=\"http:\/\/www.w3.org\/2000\/svg\"><path d=\"M0 384.662V127.338c0-17.818 21.543-26.741 34.142-14.142l128.662 128.662c7.81 7.81 7.81 20.474 0 28.284L34.142 398.804C21.543 411.404 0 402.48 0 384.662z\"><\/path><\/svg><\/span>\n\t\t\t\t\t\t\t\t<span class=\"elementor-toggle-icon-opened\"><svg class=\"elementor-toggle-icon-opened e-font-icon-svg e-fas-caret-up\" viewbox=\"0 0 320 512\" xmlns=\"http:\/\/www.w3.org\/2000\/svg\"><path d=\"M288.662 352H31.338c-17.818 0-26.741-21.543-14.142-34.142l128.662-128.662c7.81-7.81 20.474-7.81 28.284 0l128.662 128.662c12.6 12.599 3.676 34.142-14.142 34.142z\"><\/path><\/svg><\/span>\n\t\t\t\t\t\t\t\t\t\t\t\t\t<\/span>\n\t\t\t\t\t\t\t\t\t\t\t\t<a class=\"elementor-toggle-title\" tabindex=\"0\">\u00bfQu\u00e9 ofrece Topda?<\/a>\n\t\t\t\t\t<\/div>\n\n\t\t\t\t\t<div id=\"elementor-tab-content-1321\" class=\"elementor-tab-content elementor-clearfix\" data-tab=\"1\" role=\"region\" aria-labelledby=\"elementor-tab-title-1321\"><p>Topda es un fabricante de m\u00e1quinas auxiliares de pl\u00e1stico y tiene su propia f\u00e1brica desde hace m\u00e1s de 20 a\u00f1os.<\/p><\/div>\n\t\t\t\t<\/div>\n\t\t\t\t\t\t\t\t<\/div>\n\t\t\t\t\t\t<\/div>\n\t\t\t\t<\/div>\n\t\t\t\t\t<\/div>\n\t\t<\/div>\n\t\t\t\t<div class=\"elementor-column elementor-col-50 elementor-top-column elementor-element elementor-element-380c274\" data-id=\"380c274\" data-element_type=\"column\" data-e-type=\"column\">\n\t\t\t<div class=\"elementor-widget-wrap elementor-element-populated\">\n\t\t\t\t\t\t<div class=\"elementor-element elementor-element-a1b3222 elementor-widget elementor-widget-toggle\" data-id=\"a1b3222\" data-element_type=\"widget\" data-e-type=\"widget\" data-widget_type=\"toggle.default\">\n\t\t\t\t<div class=\"elementor-widget-container\">\n\t\t\t\t\t\t\t<div class=\"elementor-toggle\">\n\t\t\t\t\t\t\t<div class=\"elementor-toggle-item\">\n\t\t\t\t\t<div id=\"elementor-tab-title-1691\" class=\"elementor-tab-title\" data-tab=\"1\" role=\"button\" aria-controls=\"elementor-tab-content-1691\" aria-expanded=\"false\">\n\t\t\t\t\t\t\t\t\t\t\t\t<span class=\"elementor-toggle-icon elementor-toggle-icon-right\" aria-hidden=\"true\">\n\t\t\t\t\t\t\t\t\t\t\t\t\t\t\t<span class=\"elementor-toggle-icon-closed\"><svg class=\"e-font-icon-svg e-fas-caret-right\" viewbox=\"0 0 192 512\" xmlns=\"http:\/\/www.w3.org\/2000\/svg\"><path d=\"M0 384.662V127.338c0-17.818 21.543-26.741 34.142-14.142l128.662 128.662c7.81 7.81 7.81 20.474 0 28.284L34.142 398.804C21.543 411.404 0 402.48 0 384.662z\"><\/path><\/svg><\/span>\n\t\t\t\t\t\t\t\t<span class=\"elementor-toggle-icon-opened\"><svg class=\"elementor-toggle-icon-opened e-font-icon-svg e-fas-caret-up\" viewbox=\"0 0 320 512\" xmlns=\"http:\/\/www.w3.org\/2000\/svg\"><path d=\"M288.662 352H31.338c-17.818 0-26.741-21.543-14.142-34.142l128.662-128.662c7.81-7.81 20.474-7.81 28.284 0l128.662 128.662c12.6 12.599 3.676 34.142-14.142 34.142z\"><\/path><\/svg><\/span>\n\t\t\t\t\t\t\t\t\t\t\t\t\t<\/span>\n\t\t\t\t\t\t\t\t\t\t\t\t<a class=\"elementor-toggle-title\" tabindex=\"0\">Trituradoras de bandejas para clientes de la India <\/a>\n\t\t\t\t\t<\/div>\n\n\t\t\t\t\t<div id=\"elementor-tab-content-1691\" class=\"elementor-tab-content elementor-clearfix\" data-tab=\"1\" role=\"region\" aria-labelledby=\"elementor-tab-title-1691\"><p class=\"ds-markdown-paragraph\"><strong>Aumente la eficiencia con la trituradora de bandejas TOPDA: una historia de \u00e9xito en India<\/strong><\/p><figure id=\"attachment_2698\" aria-describedby=\"caption-attachment-2698\" style=\"width: 225px\" class=\"wp-caption alignnone\"><img fetchpriority=\"high\" decoding=\"async\" class=\"size-medium wp-image-2698\" src=\"https:\/\/topdagroup.com\/wp-content\/uploads\/2025\/06\/Crusher-for-CMC-PERU-1-225x300.jpg\" alt=\"trituradora de bandejas\" width=\"225\" height=\"300\" srcset=\"https:\/\/topdagroup.com\/wp-content\/uploads\/2025\/06\/Crusher-for-CMC-PERU-1-225x300.jpg 225w, https:\/\/topdagroup.com\/wp-content\/uploads\/2025\/06\/Crusher-for-CMC-PERU-1-768x1024.jpg 768w, https:\/\/topdagroup.com\/wp-content\/uploads\/2025\/06\/Crusher-for-CMC-PERU-1-1152x1536.jpg 1152w, https:\/\/topdagroup.com\/wp-content\/uploads\/2025\/06\/Crusher-for-CMC-PERU-1-1536x2048.jpg 1536w, https:\/\/topdagroup.com\/wp-content\/uploads\/2025\/06\/Crusher-for-CMC-PERU-1-9x12.jpg 9w, https:\/\/topdagroup.com\/wp-content\/uploads\/2025\/06\/Crusher-for-CMC-PERU-1-600x800.jpg 600w, https:\/\/topdagroup.com\/wp-content\/uploads\/2025\/06\/Crusher-for-CMC-PERU-1-scaled.jpg 1920w\" sizes=\"(max-width: 225px) 100vw, 225px\" \/><figcaption id=\"caption-attachment-2698\" class=\"wp-caption-text\">trituradora de bandejas<\/figcaption><\/figure><p class=\"ds-markdown-paragraph\">En Topda, nos enorgullecemos de ofrecer soluciones industriales que impulsan la productividad y la sostenibilidad. Una de nuestras recientes colaboraciones con una planta de fabricaci\u00f3n en India destaca el impacto transformador de nuestra... <strong>Trituradora de bandejas<\/strong>\u2014una m\u00e1quina dise\u00f1ada para manipular materiales duros como bandejas de l\u00e1minas de PVC con precisi\u00f3n y confiabilidad.<\/p><h3>El desaf\u00edo<\/h3><p class=\"ds-markdown-paragraph\">El cliente, un fabricante l\u00edder de productos de PVC en India, se enfrentaba a dificultades para gestionar los residuos generados durante la producci\u00f3n. Su proceso implicaba la eliminaci\u00f3n de bandejas de l\u00e1minas de PVC usadas, que se acumulaban r\u00e1pidamente y ocupaban un espacio valioso. La manipulaci\u00f3n manual era lenta, ineficiente y ambientalmente insostenible.<\/p><h3>La soluci\u00f3n<\/h3><p class=\"ds-markdown-paragraph\">Te recomendamos nuestro\u00a0<strong>Trituradora de bandejas<\/strong>Dise\u00f1ado para triturar bandejas de l\u00e1minas de PVC en fragmentos de tama\u00f1o uniforme. Su construcci\u00f3n robusta, interfaz intuitiva y dise\u00f1o de bajo mantenimiento lo convierten en la soluci\u00f3n perfecta para sus necesidades operativas.<\/p><h3>El resultado<\/h3><p class=\"ds-markdown-paragraph\">Despu\u00e9s de integrar nuestra trituradora de bandejas en su flujo de trabajo, el cliente inform\u00f3:<\/p><ul><li><p class=\"ds-markdown-paragraph\"><strong>Mayor eficiencia<\/strong>:Se redujo el tiempo de procesamiento en m\u00e1s del 50%.<\/p><\/li><li><p class=\"ds-markdown-paragraph\"><strong>Ahorro de costes<\/strong>:Redujo los costos de eliminaci\u00f3n de residuos y minimiz\u00f3 el trabajo manual.<\/p><\/li><li><p class=\"ds-markdown-paragraph\"><strong>Optimizaci\u00f3n del espacio<\/strong>:Las bandejas aplastadas ocuparon 70% menos espacio de almacenamiento.<\/p><\/li><li><p class=\"ds-markdown-paragraph\"><strong>Beneficios ambientales<\/strong>:Habilit\u00f3 el reciclaje de residuos de PVC, apoyando los objetivos de sostenibilidad.<\/p><\/li><\/ul><p class=\"ds-markdown-paragraph\">El cliente elogi\u00f3 la durabilidad y el rendimiento de la m\u00e1quina y afirm\u00f3:<br \/><em>La trituradora de bandejas ha revolucionado nuestro proceso de gesti\u00f3n de residuos. Es eficiente, fiable y duradera.<\/em><\/p><h3>\u00bfPor qu\u00e9 elegir nuestra trituradora de bandejas?<\/h3><ul><li><p class=\"ds-markdown-paragraph\">\u2705 Personalizable para varios materiales y tama\u00f1os de salida<\/p><\/li><li><p class=\"ds-markdown-paragraph\">\u2705 Bajo consumo energ\u00e9tico y m\u00ednimo mantenimiento<\/p><\/li><li><p class=\"ds-markdown-paragraph\">\u2705 Dise\u00f1ado para un funcionamiento continuo y pesado<\/p><\/li><li><p class=\"ds-markdown-paragraph\">\u2705 Respaldado por soporte t\u00e9cnico y servicio experto<\/p><\/li><\/ul><hr \/><p class=\"ds-markdown-paragraph\"><strong>\u00bfListo para transformar sus operaciones?<\/strong><br \/>\u00danase a innumerables clientes satisfechos como nuestro socio en India. Perm\u00edtanos ayudarle a optimizar su proceso de producci\u00f3n, reducir desperdicios y recortar costos.<\/p><p class=\"ds-markdown-paragraph\">\u00a0\u00a1Para una consulta gratuita o solicitar una demostraci\u00f3n!<\/p><hr \/><p class=\"ds-markdown-paragraph\">Construyamos juntos un futuro m\u00e1s eficiente y sostenible.<\/p><p><a href=\"https:\/\/www.youtube.com\/shorts\/qVRZ38xvXW8\">https:\/\/www.youtube.com\/shorts\/qVRZ38xvXW8<\/a><\/p><p>Introducci\u00f3n a la m\u00e1quina trituradora de bandejas\u00a0<\/p><p>V\u00eddeo de trabajo\u00a0<\/p><p><a href=\"https:\/\/youtu.be\/QyA0hIfp8Fc\">https:\/\/youtu.be\/QyA0hIfp8Fc<\/a><\/p><p>\u00a0<\/p><p>\u00a0<\/p><\/div>\n\t\t\t\t<\/div>\n\t\t\t\t\t\t\t\t<\/div>\n\t\t\t\t\t\t<\/div>\n\t\t\t\t<\/div>\n\t\t\t\t\t<\/div>\n\t\t<\/div>\n\t\t\t\t\t<\/div>\n\t\t<\/section>\n\t\t\t\t<\/div>","protected":false},"excerpt":{"rendered":"<p>Application Topda Machinery is always here to answer your questions from purchasing to final delivery. What does Topda Offer ? Topda is a manufacturer in Auxiliary plastic machine and have our own factory for 20+ years. Tray Crushers for India clients Boost Efficiency with TOPDA Tray Crusher: A Success Story from India tray crusher At&#8230;<\/p>","protected":false},"author":1,"featured_media":0,"parent":0,"menu_order":0,"comment_status":"closed","ping_status":"closed","template":"","meta":{"_seopress_robots_primary_cat":"","_seopress_titles_title":"","_seopress_titles_desc":"","_seopress_robots_index":"","_kad_post_transparent":"","_kad_post_title":"hide","_kad_post_layout":"fullwidth","_kad_post_sidebar_id":"","_kad_post_content_style":"unboxed","_kad_post_vertical_padding":"hide","_kad_post_feature":"hide","_kad_post_feature_position":"","_kad_post_header":false,"_kad_post_footer":false,"_kad_post_classname":"","footnotes":""},"class_list":["post-158","page","type-page","status-publish","hentry"],"_links":{"self":[{"href":"https:\/\/topdagroup.com\/es\/wp-json\/wp\/v2\/pages\/158","targetHints":{"allow":["GET"]}}],"collection":[{"href":"https:\/\/topdagroup.com\/es\/wp-json\/wp\/v2\/pages"}],"about":[{"href":"https:\/\/topdagroup.com\/es\/wp-json\/wp\/v2\/types\/page"}],"author":[{"embeddable":true,"href":"https:\/\/topdagroup.com\/es\/wp-json\/wp\/v2\/users\/1"}],"replies":[{"embeddable":true,"href":"https:\/\/topdagroup.com\/es\/wp-json\/wp\/v2\/comments?post=158"}],"version-history":[{"count":0,"href":"https:\/\/topdagroup.com\/es\/wp-json\/wp\/v2\/pages\/158\/revisions"}],"wp:attachment":[{"href":"https:\/\/topdagroup.com\/es\/wp-json\/wp\/v2\/media?parent=158"}],"curies":[{"name":"wp","href":"https:\/\/api.w.org\/{rel}","templated":true}]}}