{"id":252,"date":"2024-01-27T00:29:59","date_gmt":"2024-01-26T16:29:59","guid":{"rendered":"http:\/\/g.studywade.com\/?post_type=product&#038;p=252"},"modified":"2024-01-26T21:09:35","modified_gmt":"2024-01-26T13:09:35","slug":"double-color-masterbatch-doser-plastic-pellets-volumetric-doser-feeder-price","status":"publish","type":"product","link":"https:\/\/topdagroup.com\/de\/product\/double-color-masterbatch-doser-plastic-pellets-volumetric-doser-feeder-price\/","title":{"rendered":"Doppelfarb-Masterbatch-Dosierer Preis f\u00fcr volumetrische Dosierer f\u00fcr Kunststoffpellets"},"content":{"rendered":"<div class=\"pro_detail\">\n<p><span style=\"color:#e53333;\"><b>TOPDA Dosiereinheit Farbdosis Kunststoff-Farbmischmaschine<\/b><\/span><\/p>\n<p><span style=\"color:#e53333;\"><b><span style=\"color:#337fe5;\">EINFARBIGE EINHEIT<\/span><\/b><\/span><\/p>\n<p><img decoding=\"async\" src=\"\/web\/20191205230857im_\/https:\/\/topdagroup.com\/js\/htmledit\/kindeditor-en\/attached\/20160504\/20160504103835_29380.jpg\" alt=\"\"><\/p>\n<p>&nbsp;<\/p>\n<p><b>MERKMALE:<\/b><\/p>\n<p>1. Die Einheit besteht aus Standardmodulen zur einfachen Reinigung und Demontage;<\/p>\n<p>2. Dosierschrauben sind f\u00fcr eine l\u00e4ngere Lebensdauer verchromt;<\/p>\n<p>3. An der Basis des Einzelfarbdosierers ist ein Dreirohr-Trichtermagnet angebracht, um Metallverunreinigungen zu absorbieren und so eine Besch\u00e4digung der Schnecke der Formmaschine zu verhindern.<\/p>\n<p>4. Der Hauptmaterialbeh\u00e4lter ist optional;<\/p>\n<p>5. Externe Signale k\u00f6nnen direkt mit der Steuerbox verbunden werden.<\/p>\n<p>6. Der aktuelle Betriebsmodus kann aufgezeichnet werden, ohne dass ein Stromausfall ihn beeintr\u00e4chtigt, sodass der Betrieb wieder in den Normalbetrieb zur\u00fcckkehrt, wenn die Stromversorgung wieder hergestellt ist.<\/p>\n<p>7. Zur permanenten Aufzeichnung der Materialentladungsdauer und des Gewichts der fertigen Produkte stehen 50 Einheiten von Parameterrezepten zur Verf\u00fcgung.<\/p>\n<p>8. Sowohl eine Hauptblockierung als auch eine \u00dcberlastung k\u00f6nnen erkannt werden. Dann wird die Maschine angehalten und ein Alarm ausgel\u00f6st.<\/p>\n<p>9. Verwenden Sie einen b\u00fcrstenlosen Gleichstrommotor und sind wartungsfrei.<\/p>\n<p>&nbsp;<\/p>\n<p><b>SPEZIFIKATION:<\/b><\/p>\n<table width=\"644\" height=\"127\" style=\"width:483pt;\" class=\"ke-zeroborder\">\n<colgroup>\n<col width=\"216\">\n<col width=\"140\">\n<col width=\"72\">\n<col width=\"72\">\n<col width=\"72\">\n<col width=\"72\"> <\/colgroup>\n<tbody>\n<tr height=\"21\">\n<td class=\"et3\" x:str=\"\" height=\"21\" width=\"216\" style=\"font-size:12pt;text-align:center;vertical-align:middle;border-width:1.2pt 0.5pt 0.5pt 1.2pt;border-style:solid;border-color:#000000;height:15.75pt;width:162pt;background-image:initial;background-attachment:initial;background-size:initial;background-origin:initial;background-clip:initial;background-position:initial;background-repeat:initial;\">MODELL<\/td>\n<td class=\"et4\" x:str=\"\" height=\"21\" width=\"140\" style=\"font-size:12pt;text-align:center;vertical-align:middle;border-width:1.2pt 0.5pt 0.5pt;border-style:solid;border-color:#000000;height:15.75pt;width:105pt;background-image:initial;background-attachment:initial;background-size:initial;background-origin:initial;background-clip:initial;background-position:initial;background-repeat:initial;\">CVD-12<\/td>\n<td class=\"et4\" x:str=\"\" height=\"21\" width=\"72\" style=\"font-size:12pt;text-align:center;vertical-align:middle;border-width:1.2pt 0.5pt 0.5pt;border-style:solid;border-color:#000000;height:15.75pt;width:54pt;background-image:initial;background-attachment:initial;background-size:initial;background-origin:initial;background-clip:initial;background-position:initial;background-repeat:initial;\">CVD-14<\/td>\n<td class=\"et4\" x:str=\"\" height=\"21\" width=\"72\" style=\"font-size:12pt;text-align:center;vertical-align:middle;border-width:1.2pt 0.5pt 0.5pt;border-style:solid;border-color:#000000;height:15.75pt;width:54pt;background-image:initial;background-attachment:initial;background-size:initial;background-origin:initial;background-clip:initial;background-position:initial;background-repeat:initial;\">CVD-16<\/td>\n<td class=\"et4\" x:str=\"\" height=\"21\" width=\"72\" style=\"font-size:12pt;text-align:center;vertical-align:middle;border-width:1.2pt 0.5pt 0.5pt;border-style:solid;border-color:#000000;height:15.75pt;width:54pt;background-image:initial;background-attachment:initial;background-size:initial;background-origin:initial;background-clip:initial;background-position:initial;background-repeat:initial;\">CVD-30<\/td>\n<td class=\"et5\" x:str=\"\" height=\"21\" width=\"72\" style=\"font-size:12pt;text-align:center;vertical-align:middle;border-width:1.2pt 1.2pt 0.5pt 0.5pt;border-style:solid;border-color:#000000;height:15.75pt;width:54pt;background-image:initial;background-attachment:initial;background-size:initial;background-origin:initial;background-clip:initial;background-position:initial;background-repeat:initial;\">CVD-50<\/td>\n<\/tr>\n<tr height=\"21\">\n<td class=\"et6\" x:str=\"\" height=\"21\" width=\"216\" style=\"font-size:12pt;text-align:center;vertical-align:middle;border-width:0.5pt 0.5pt 0.5pt 1.2pt;border-style:solid;border-color:#000000;height:15.75pt;width:162pt;background-image:initial;background-attachment:initial;background-size:initial;background-origin:initial;background-clip:initial;background-position:initial;background-repeat:initial;\">SCHRAUBEN-AUSSENDURCHMESSER (MM)<\/td>\n<td class=\"et7\" x:num=\"12\" height=\"21\" width=\"140\" style=\"font-size:12pt;text-align:center;vertical-align:middle;border:0.5pt solid #000000;height:15.75pt;width:105pt;background-image:initial;background-attachment:initial;background-size:initial;background-origin:initial;background-clip:initial;background-position:initial;background-repeat:initial;\">12<\/td>\n<td class=\"et7\" x:num=\"14\" height=\"21\" width=\"72\" style=\"font-size:12pt;text-align:center;vertical-align:middle;border:0.5pt solid #000000;height:15.75pt;width:54pt;background-image:initial;background-attachment:initial;background-size:initial;background-origin:initial;background-clip:initial;background-position:initial;background-repeat:initial;\">14<\/td>\n<td class=\"et7\" x:num=\"16\" height=\"21\" width=\"72\" style=\"font-size:12pt;text-align:center;vertical-align:middle;border:0.5pt solid #000000;height:15.75pt;width:54pt;background-image:initial;background-attachment:initial;background-size:initial;background-origin:initial;background-clip:initial;background-position:initial;background-repeat:initial;\">16<\/td>\n<td class=\"et7\" x:num=\"30\" height=\"21\" width=\"72\" style=\"font-size:12pt;text-align:center;vertical-align:middle;border:0.5pt solid #000000;height:15.75pt;width:54pt;background-image:initial;background-attachment:initial;background-size:initial;background-origin:initial;background-clip:initial;background-position:initial;background-repeat:initial;\">30<\/td>\n<td class=\"et8\" x:num=\"50\" height=\"21\" width=\"72\" style=\"font-size:12pt;text-align:center;vertical-align:middle;border-width:0.5pt 1.2pt 0.5pt 0.5pt;border-style:solid;border-color:#000000;height:15.75pt;width:54pt;background-image:initial;background-attachment:initial;background-size:initial;background-origin:initial;background-clip:initial;background-position:initial;background-repeat:initial;\">50<\/td>\n<\/tr>\n<tr height=\"21\">\n<td class=\"et6\" x:str=\"\" height=\"21\" width=\"216\" style=\"font-size:12pt;text-align:center;vertical-align:middle;border-width:0.5pt 0.5pt 0.5pt 1.2pt;border-style:solid;border-color:#000000;height:15.75pt;width:162pt;background-image:initial;background-attachment:initial;background-size:initial;background-origin:initial;background-clip:initial;background-position:initial;background-repeat:initial;\">AUSGABEKAPAZIT\u00c4T (KGS\/H)<\/td>\n<td class=\"et7\" x:str=\"\" height=\"21\" width=\"140\" style=\"font-size:12pt;text-align:center;vertical-align:middle;border:0.5pt solid #000000;height:15.75pt;width:105pt;background-image:initial;background-attachment:initial;background-size:initial;background-origin:initial;background-clip:initial;background-position:initial;background-repeat:initial;\">0.1-20<\/td>\n<td class=\"et7\" x:str=\"\" height=\"21\" width=\"72\" style=\"font-size:12pt;text-align:center;vertical-align:middle;border:0.5pt solid #000000;height:15.75pt;width:54pt;background-image:initial;background-attachment:initial;background-size:initial;background-origin:initial;background-clip:initial;background-position:initial;background-repeat:initial;\">0.2-40<\/td>\n<td class=\"et7\" x:str=\"\" height=\"21\" width=\"72\" style=\"font-size:12pt;text-align:center;vertical-align:middle;border:0.5pt solid #000000;height:15.75pt;width:54pt;background-image:initial;background-attachment:initial;background-size:initial;background-origin:initial;background-clip:initial;background-position:initial;background-repeat:initial;\">0.5-64<\/td>\n<td class=\"et7\" x:str=\"\" height=\"21\" width=\"72\" style=\"font-size:12pt;text-align:center;vertical-align:middle;border:0.5pt solid #000000;height:15.75pt;width:54pt;background-image:initial;background-attachment:initial;background-size:initial;background-origin:initial;background-clip:initial;background-position:initial;background-repeat:initial;\">0.8-115<\/td>\n<td class=\"et8\" x:str=\"\" height=\"21\" width=\"72\" style=\"font-size:12pt;text-align:center;vertical-align:middle;border-width:0.5pt 1.2pt 0.5pt 0.5pt;border-style:solid;border-color:#000000;height:15.75pt;width:54pt;background-image:initial;background-attachment:initial;background-size:initial;background-origin:initial;background-clip:initial;background-position:initial;background-repeat:initial;\">50-200<\/td>\n<\/tr>\n<tr height=\"21\">\n<td class=\"et6\" x:str=\"\" height=\"21\" width=\"216\" style=\"font-size:12pt;text-align:center;vertical-align:middle;border-width:0.5pt 0.5pt 0.5pt 1.2pt;border-style:solid;border-color:#000000;height:15.75pt;width:162pt;background-image:initial;background-attachment:initial;background-size:initial;background-origin:initial;background-clip:initial;background-position:initial;background-repeat:initial;\">Vorratsbeh\u00e4lter (L)<\/td>\n<td class=\"et7\" colspan=\"4\" x:num=\"15\" height=\"21\" width=\"424\" style=\"font-size:12pt;text-align:center;vertical-align:middle;border:0.5pt solid #000000;height:15.75pt;width:318pt;background-image:initial;background-attachment:initial;background-size:initial;background-origin:initial;background-clip:initial;background-position:initial;background-repeat:initial;\">15<\/td>\n<td class=\"et8\" x:num=\"70\" height=\"21\" width=\"72\" style=\"font-size:12pt;text-align:center;vertical-align:middle;border-width:0.5pt 1.2pt 0.5pt 0.5pt;border-style:solid;border-color:#000000;height:15.75pt;width:54pt;background-image:initial;background-attachment:initial;background-size:initial;background-origin:initial;background-clip:initial;background-position:initial;background-repeat:initial;\">70<\/td>\n<\/tr>\n<tr height=\"21\">\n<td class=\"et6\" x:str=\"\" height=\"21\" width=\"216\" style=\"font-size:12pt;text-align:center;vertical-align:middle;border-width:0.5pt 0.5pt 0.5pt 1.2pt;border-style:solid;border-color:#000000;height:15.75pt;width:162pt;background-image:initial;background-attachment:initial;background-size:initial;background-origin:initial;background-clip:initial;background-position:initial;background-repeat:initial;\">LEISTUNG (KW)<\/td>\n<td class=\"et7\" colspan=\"5\" x:str=\"\" height=\"21\" width=\"496\" style=\"font-size:12pt;text-align:center;vertical-align:middle;border-width:0.5pt 1.2pt 0.5pt 0.5pt;border-style:solid;border-color:#000000;height:15.75pt;width:372pt;background-image:initial;background-attachment:initial;background-size:initial;background-origin:initial;background-clip:initial;background-position:initial;background-repeat:initial;\">0,12 kW, 1\u03a6230\/50 Hz, 60 Hz<\/td>\n<\/tr>\n<tr height=\"22\">\n<td class=\"et9\" x:str=\"\" height=\"22\" width=\"216\" style=\"font-size:12pt;text-align:center;vertical-align:middle;border-width:0.5pt 0.5pt 1.2pt 1.2pt;border-style:solid;border-color:#000000;height:16.5pt;width:162pt;background-image:initial;background-attachment:initial;background-size:initial;background-origin:initial;background-clip:initial;background-position:initial;background-repeat:initial;\">GEWICHT (Kg)<\/td>\n<td class=\"et10\" x:num=\"23\" height=\"22\" width=\"140\" style=\"font-size:12pt;text-align:center;vertical-align:middle;border-width:0.5pt 0.5pt 1.2pt;border-style:solid;border-color:#000000;height:16.5pt;width:105pt;background-image:initial;background-attachment:initial;background-size:initial;background-origin:initial;background-clip:initial;background-position:initial;background-repeat:initial;\">23<\/td>\n<td class=\"et10\" x:num=\"24\" height=\"22\" width=\"72\" style=\"font-size:12pt;text-align:center;vertical-align:middle;border-width:0.5pt 0.5pt 1.2pt;border-style:solid;border-color:#000000;height:16.5pt;width:54pt;background-image:initial;background-attachment:initial;background-size:initial;background-origin:initial;background-clip:initial;background-position:initial;background-repeat:initial;\">24<\/td>\n<td class=\"et10\" x:num=\"25\" height=\"22\" width=\"72\" style=\"font-size:12pt;text-align:center;vertical-align:middle;border-width:0.5pt 0.5pt 1.2pt;border-style:solid;border-color:#000000;height:16.5pt;width:54pt;background-image:initial;background-attachment:initial;background-size:initial;background-origin:initial;background-clip:initial;background-position:initial;background-repeat:initial;\">25<\/td>\n<td class=\"et10\" x:num=\"28\" height=\"22\" width=\"72\" style=\"font-size:12pt;text-align:center;vertical-align:middle;border-width:0.5pt 0.5pt 1.2pt;border-style:solid;border-color:#000000;height:16.5pt;width:54pt;background-image:initial;background-attachment:initial;background-size:initial;background-origin:initial;background-clip:initial;background-position:initial;background-repeat:initial;\">28<\/td>\n<td class=\"et11\" x:num=\"30\" height=\"22\" width=\"72\" style=\"font-size:12pt;text-align:center;vertical-align:middle;border-width:0.5pt 1.2pt 1.2pt 0.5pt;border-style:solid;border-color:#000000;height:16.5pt;width:54pt;background-image:initial;background-attachment:initial;background-size:initial;background-origin:initial;background-clip:initial;background-position:initial;background-repeat:initial;\">30<\/td>\n<\/tr>\n<\/tbody>\n<\/table>\n<p>&nbsp;<\/p>\n<\/div>","protected":false},"excerpt":{"rendered":"<ul>\n<li>Produktherkunft:Dongguan, China<\/li>\n<li>Artikel-Nr.: CVD-12<\/li>\n<li>Verschiffungshafen: Hafen von Shenzhen<\/li>\n<li>Farbe: Blau<\/li>\n<li>Lieferzeit: 7 Tage<\/li>\n<li>Zahlung: 30% TT Anzahlung, 70% TT vor Lieferung<\/li>\n<li>Preis:$1999\/3999<\/li>\n<\/ul>","protected":false},"featured_media":0,"comment_status":"open","ping_status":"closed","template":"","meta":{"_seopress_robots_primary_cat":"none","_seopress_titles_title":"","_seopress_titles_desc":"","_seopress_robots_index":"","_kad_post_transparent":"default","_kad_post_title":"","_kad_post_layout":"default","_kad_post_sidebar_id":"","_kad_post_content_style":"default","_kad_post_vertical_padding":"default","_kad_post_feature":"","_kad_post_feature_position":"","_kad_post_header":false,"_kad_post_footer":false,"_kad_post_classname":""},"product_brand":[],"product_cat":[22],"product_tag":[],"class_list":{"0":"post-252","1":"product","2":"type-product","3":"status-publish","5":"product_cat-plastic-mixing-dosing","7":"first","8":"instock","9":"shipping-taxable","10":"product-type-simple","11":"entry","12":"content-bg","13":"loop-entry"},"_links":{"self":[{"href":"https:\/\/topdagroup.com\/de\/wp-json\/wp\/v2\/product\/252","targetHints":{"allow":["GET"]}}],"collection":[{"href":"https:\/\/topdagroup.com\/de\/wp-json\/wp\/v2\/product"}],"about":[{"href":"https:\/\/topdagroup.com\/de\/wp-json\/wp\/v2\/types\/product"}],"replies":[{"embeddable":true,"href":"https:\/\/topdagroup.com\/de\/wp-json\/wp\/v2\/comments?post=252"}],"wp:attachment":[{"href":"https:\/\/topdagroup.com\/de\/wp-json\/wp\/v2\/media?parent=252"}],"wp:term":[{"taxonomy":"product_brand","embeddable":true,"href":"https:\/\/topdagroup.com\/de\/wp-json\/wp\/v2\/product_brand?post=252"},{"taxonomy":"product_cat","embeddable":true,"href":"https:\/\/topdagroup.com\/de\/wp-json\/wp\/v2\/product_cat?post=252"},{"taxonomy":"product_tag","embeddable":true,"href":"https:\/\/topdagroup.com\/de\/wp-json\/wp\/v2\/product_tag?post=252"}],"curies":[{"name":"wp","href":"https:\/\/api.w.org\/{rel}","templated":true}]}}