{"id":158,"date":"2024-01-26T17:07:39","date_gmt":"2024-01-26T09:07:39","guid":{"rendered":"http:\/\/g.studywade.com\/?page_id=158"},"modified":"2025-09-08T11:17:26","modified_gmt":"2025-09-08T03:17:26","slug":"faq","status":"publish","type":"page","link":"https:\/\/topdagroup.com\/de\/faq\/","title":{"rendered":"H\u00e4ufig gestellte Fragen"},"content":{"rendered":"<div data-elementor-type=\"wp-page\" data-elementor-id=\"158\" class=\"elementor elementor-158\" data-elementor-settings=\"{&quot;ha_cmc_init_switcher&quot;:&quot;no&quot;}\" data-elementor-post-type=\"page\">\n\t\t\t\t\t\t<section class=\"elementor-section elementor-top-section elementor-element elementor-element-c88ea0c elementor-section-height-min-height elementor-section-boxed elementor-section-height-default elementor-section-items-middle\" data-id=\"c88ea0c\" data-element_type=\"section\" data-e-type=\"section\" data-settings=\"{&quot;_ha_eqh_enable&quot;:false}\">\n\t\t\t\t\t\t\t<div class=\"elementor-background-overlay\"><\/div>\n\t\t\t\t\t\t\t<div class=\"elementor-container elementor-column-gap-default\">\n\t\t\t\t\t<div class=\"elementor-column elementor-col-100 elementor-top-column elementor-element elementor-element-1222ef15\" data-id=\"1222ef15\" data-element_type=\"column\" data-e-type=\"column\">\n\t\t\t<div class=\"elementor-widget-wrap elementor-element-populated\">\n\t\t\t\t\t\t<div class=\"elementor-element elementor-element-6db60b00 elementor-widget elementor-widget-heading\" data-id=\"6db60b00\" data-element_type=\"widget\" data-e-type=\"widget\" data-widget_type=\"heading.default\">\n\t\t\t\t<div class=\"elementor-widget-container\">\n\t\t\t\t\t<h1 class=\"elementor-heading-title elementor-size-default\">Anwendung<\/h1>\t\t\t\t<\/div>\n\t\t\t\t<\/div>\n\t\t\t\t<div class=\"elementor-element elementor-element-91da3df elementor-widget elementor-widget-text-editor\" data-id=\"91da3df\" data-element_type=\"widget\" data-e-type=\"widget\" data-widget_type=\"text-editor.default\">\n\t\t\t\t<div class=\"elementor-widget-container\">\n\t\t\t\t\t\t\t\t\t<p>Topda Machinery ist vom Kauf bis zur endg\u00fcltigen Lieferung immer f\u00fcr Sie da, um Ihre Fragen zu beantworten.<\/p>\t\t\t\t\t\t\t\t<\/div>\n\t\t\t\t<\/div>\n\t\t\t\t\t<\/div>\n\t\t<\/div>\n\t\t\t\t\t<\/div>\n\t\t<\/section>\n\t\t\t\t<section class=\"elementor-section elementor-top-section elementor-element elementor-element-75a4dc74 elementor-section-content-middle elementor-section-boxed elementor-section-height-default elementor-section-height-default\" data-id=\"75a4dc74\" data-element_type=\"section\" data-e-type=\"section\" data-settings=\"{&quot;_ha_eqh_enable&quot;:false}\">\n\t\t\t\t\t\t<div class=\"elementor-container elementor-column-gap-no\">\n\t\t\t\t\t<div class=\"elementor-column elementor-col-50 elementor-top-column elementor-element elementor-element-41f29001\" data-id=\"41f29001\" data-element_type=\"column\" data-e-type=\"column\">\n\t\t\t<div class=\"elementor-widget-wrap elementor-element-populated\">\n\t\t\t\t\t\t<div class=\"elementor-element elementor-element-4edc8feb elementor-widget elementor-widget-toggle\" data-id=\"4edc8feb\" data-element_type=\"widget\" data-e-type=\"widget\" data-widget_type=\"toggle.default\">\n\t\t\t\t<div class=\"elementor-widget-container\">\n\t\t\t\t\t\t\t<div class=\"elementor-toggle\">\n\t\t\t\t\t\t\t<div class=\"elementor-toggle-item\">\n\t\t\t\t\t<div id=\"elementor-tab-title-1321\" class=\"elementor-tab-title\" data-tab=\"1\" role=\"button\" aria-controls=\"elementor-tab-content-1321\" aria-expanded=\"false\">\n\t\t\t\t\t\t\t\t\t\t\t\t<span class=\"elementor-toggle-icon elementor-toggle-icon-right\" aria-hidden=\"true\">\n\t\t\t\t\t\t\t\t\t\t\t\t\t\t\t<span class=\"elementor-toggle-icon-closed\"><svg class=\"e-font-icon-svg e-fas-caret-right\" viewbox=\"0 0 192 512\" xmlns=\"http:\/\/www.w3.org\/2000\/svg\"><path d=\"M0 384.662V127.338c0-17.818 21.543-26.741 34.142-14.142l128.662 128.662c7.81 7.81 7.81 20.474 0 28.284L34.142 398.804C21.543 411.404 0 402.48 0 384.662z\"><\/path><\/svg><\/span>\n\t\t\t\t\t\t\t\t<span class=\"elementor-toggle-icon-opened\"><svg class=\"elementor-toggle-icon-opened e-font-icon-svg e-fas-caret-up\" viewbox=\"0 0 320 512\" xmlns=\"http:\/\/www.w3.org\/2000\/svg\"><path d=\"M288.662 352H31.338c-17.818 0-26.741-21.543-14.142-34.142l128.662-128.662c7.81-7.81 20.474-7.81 28.284 0l128.662 128.662c12.6 12.599 3.676 34.142-14.142 34.142z\"><\/path><\/svg><\/span>\n\t\t\t\t\t\t\t\t\t\t\t\t\t<\/span>\n\t\t\t\t\t\t\t\t\t\t\t\t<a class=\"elementor-toggle-title\" tabindex=\"0\">Was bietet Topda?<\/a>\n\t\t\t\t\t<\/div>\n\n\t\t\t\t\t<div id=\"elementor-tab-content-1321\" class=\"elementor-tab-content elementor-clearfix\" data-tab=\"1\" role=\"region\" aria-labelledby=\"elementor-tab-title-1321\"><p>Topda ist ein Hersteller von Hilfsmaschinen f\u00fcr die Kunststoffverarbeitung und verf\u00fcgt seit \u00fcber 20 Jahren \u00fcber eine eigene Fabrik.<\/p><\/div>\n\t\t\t\t<\/div>\n\t\t\t\t\t\t\t\t<\/div>\n\t\t\t\t\t\t<\/div>\n\t\t\t\t<\/div>\n\t\t\t\t\t<\/div>\n\t\t<\/div>\n\t\t\t\t<div class=\"elementor-column elementor-col-50 elementor-top-column elementor-element elementor-element-380c274\" data-id=\"380c274\" data-element_type=\"column\" data-e-type=\"column\">\n\t\t\t<div class=\"elementor-widget-wrap elementor-element-populated\">\n\t\t\t\t\t\t<div class=\"elementor-element elementor-element-a1b3222 elementor-widget elementor-widget-toggle\" data-id=\"a1b3222\" data-element_type=\"widget\" data-e-type=\"widget\" data-widget_type=\"toggle.default\">\n\t\t\t\t<div class=\"elementor-widget-container\">\n\t\t\t\t\t\t\t<div class=\"elementor-toggle\">\n\t\t\t\t\t\t\t<div class=\"elementor-toggle-item\">\n\t\t\t\t\t<div id=\"elementor-tab-title-1691\" class=\"elementor-tab-title\" data-tab=\"1\" role=\"button\" aria-controls=\"elementor-tab-content-1691\" aria-expanded=\"false\">\n\t\t\t\t\t\t\t\t\t\t\t\t<span class=\"elementor-toggle-icon elementor-toggle-icon-right\" aria-hidden=\"true\">\n\t\t\t\t\t\t\t\t\t\t\t\t\t\t\t<span class=\"elementor-toggle-icon-closed\"><svg class=\"e-font-icon-svg e-fas-caret-right\" viewbox=\"0 0 192 512\" xmlns=\"http:\/\/www.w3.org\/2000\/svg\"><path d=\"M0 384.662V127.338c0-17.818 21.543-26.741 34.142-14.142l128.662 128.662c7.81 7.81 7.81 20.474 0 28.284L34.142 398.804C21.543 411.404 0 402.48 0 384.662z\"><\/path><\/svg><\/span>\n\t\t\t\t\t\t\t\t<span class=\"elementor-toggle-icon-opened\"><svg class=\"elementor-toggle-icon-opened e-font-icon-svg e-fas-caret-up\" viewbox=\"0 0 320 512\" xmlns=\"http:\/\/www.w3.org\/2000\/svg\"><path d=\"M288.662 352H31.338c-17.818 0-26.741-21.543-14.142-34.142l128.662-128.662c7.81-7.81 20.474-7.81 28.284 0l128.662 128.662c12.6 12.599 3.676 34.142-14.142 34.142z\"><\/path><\/svg><\/span>\n\t\t\t\t\t\t\t\t\t\t\t\t\t<\/span>\n\t\t\t\t\t\t\t\t\t\t\t\t<a class=\"elementor-toggle-title\" tabindex=\"0\">Tablettbrecher f\u00fcr Kunden in Indien <\/a>\n\t\t\t\t\t<\/div>\n\n\t\t\t\t\t<div id=\"elementor-tab-content-1691\" class=\"elementor-tab-content elementor-clearfix\" data-tab=\"1\" role=\"region\" aria-labelledby=\"elementor-tab-title-1691\"><p class=\"ds-markdown-paragraph\"><strong>Steigern Sie die Effizienz mit dem TOPDA Tray Crusher: Eine Erfolgsgeschichte aus Indien<\/strong><\/p><figure id=\"attachment_2698\" aria-describedby=\"caption-attachment-2698\" style=\"width: 225px\" class=\"wp-caption alignnone\"><img fetchpriority=\"high\" decoding=\"async\" class=\"size-medium wp-image-2698\" src=\"https:\/\/topdagroup.com\/wp-content\/uploads\/2025\/06\/Crusher-for-CMC-PERU-1-225x300.jpg\" alt=\"Tablettbrecher\" width=\"225\" height=\"300\" srcset=\"https:\/\/topdagroup.com\/wp-content\/uploads\/2025\/06\/Crusher-for-CMC-PERU-1-225x300.jpg 225w, https:\/\/topdagroup.com\/wp-content\/uploads\/2025\/06\/Crusher-for-CMC-PERU-1-768x1024.jpg 768w, https:\/\/topdagroup.com\/wp-content\/uploads\/2025\/06\/Crusher-for-CMC-PERU-1-1152x1536.jpg 1152w, https:\/\/topdagroup.com\/wp-content\/uploads\/2025\/06\/Crusher-for-CMC-PERU-1-1536x2048.jpg 1536w, https:\/\/topdagroup.com\/wp-content\/uploads\/2025\/06\/Crusher-for-CMC-PERU-1-9x12.jpg 9w, https:\/\/topdagroup.com\/wp-content\/uploads\/2025\/06\/Crusher-for-CMC-PERU-1-600x800.jpg 600w, https:\/\/topdagroup.com\/wp-content\/uploads\/2025\/06\/Crusher-for-CMC-PERU-1-scaled.jpg 1920w\" sizes=\"(max-width: 225px) 100vw, 225px\" \/><figcaption id=\"caption-attachment-2698\" class=\"wp-caption-text\">Tablettbrecher<\/figcaption><\/figure><p class=\"ds-markdown-paragraph\">Bei Topda sind wir stolz darauf, industrielle L\u00f6sungen zu liefern, die Produktivit\u00e4t und Nachhaltigkeit f\u00f6rdern. Eine unserer j\u00fcngsten Partnerschaften mit einem Produktionswerk in Indien unterstreicht die transformative Wirkung unserer <strong>Tablettbrecher<\/strong>\u2013 eine Maschine, die f\u00fcr die pr\u00e4zise und zuverl\u00e4ssige Verarbeitung von z\u00e4hen Materialien wie PVC-Plattenschalen konzipiert ist.<\/p><h3>Die Herausforderung<\/h3><p class=\"ds-markdown-paragraph\">Der Kunde, ein f\u00fchrender Hersteller von PVC-Produkten in Indien, stand vor der Herausforderung, den bei der Produktion anfallenden Abfall zu bew\u00e4ltigen. Der Prozess umfasste die Entsorgung gebrauchter PVC-Folienschalen, die sich schnell anh\u00e4uften und wertvollen Platz beanspruchten. Die manuelle Handhabung war zeitaufw\u00e4ndig, ineffizient und umweltsch\u00e4dlich.<\/p><h3>Die L\u00f6sung<\/h3><p class=\"ds-markdown-paragraph\">Wir empfehlen Ihnen unsere\u00a0<strong>Tablettbrecher<\/strong>, entwickelt, um PVC-Plattenschalen in gleichm\u00e4\u00dfig gro\u00dfe St\u00fccke zu zerkleinern. Seine robuste Konstruktion, die benutzerfreundliche Oberfl\u00e4che und das wartungsarme Design machten ihn zur perfekten L\u00f6sung f\u00fcr die betrieblichen Anforderungen.<\/p><h3>Das Ergebnis<\/h3><p class=\"ds-markdown-paragraph\">Nach der Integration unseres Tray Crushers in seinen Arbeitsablauf berichtete der Kunde:<\/p><ul><li><p class=\"ds-markdown-paragraph\"><strong>Erh\u00f6hte Effizienz<\/strong>: Reduzierte Verarbeitungszeit um \u00fcber 50%.<\/p><\/li><li><p class=\"ds-markdown-paragraph\"><strong>Kosteneinsparungen<\/strong>: Geringere Abfallentsorgungskosten und minimierter manueller Arbeitsaufwand.<\/p><\/li><li><p class=\"ds-markdown-paragraph\"><strong>Platzoptimierung<\/strong>: Zerkleinerte Tabletts ben\u00f6tigten 70% weniger Lagerraum.<\/p><\/li><li><p class=\"ds-markdown-paragraph\"><strong>Umweltvorteile<\/strong>: Erm\u00f6glichte das Recycling von PVC-Abf\u00e4llen und unterst\u00fctzte so Nachhaltigkeitsziele.<\/p><\/li><\/ul><p class=\"ds-markdown-paragraph\">Der Kunde lobte die Haltbarkeit und Leistung der Maschine und erkl\u00e4rte:<br \/><em>\u201eDer Tray Crusher hat unseren Abfallmanagementprozess revolutioniert. Er ist effizient, zuverl\u00e4ssig und langlebig.\u201c<\/em><\/p><h3>Warum sollten Sie sich f\u00fcr unseren Tablettbrecher entscheiden?<\/h3><ul><li><p class=\"ds-markdown-paragraph\">\u2705 Anpassbar f\u00fcr verschiedene Materialien und Ausgabegr\u00f6\u00dfen<\/p><\/li><li><p class=\"ds-markdown-paragraph\">\u2705 Geringer Energieverbrauch und minimaler Wartungsaufwand<\/p><\/li><li><p class=\"ds-markdown-paragraph\">\u2705 F\u00fcr den Dauerbetrieb unter hoher Belastung ausgelegt<\/p><\/li><li><p class=\"ds-markdown-paragraph\">\u2705 Unterst\u00fctzt durch fachkundigen technischen Support und Service<\/p><\/li><\/ul><hr \/><p class=\"ds-markdown-paragraph\"><strong>Sind Sie bereit, Ihren Betrieb umzugestalten?<\/strong><br \/>Schlie\u00dfen Sie sich unz\u00e4hligen zufriedenen Kunden wie unserem Partner in Indien an. Wir helfen Ihnen, Ihren Produktionsprozess zu optimieren, Abfall zu reduzieren und Kosten zu senken.<\/p><p class=\"ds-markdown-paragraph\">\u00a0f\u00fcr eine kostenlose Beratung oder um eine Demo anzufordern!<\/p><hr \/><p class=\"ds-markdown-paragraph\">Lassen Sie uns gemeinsam eine effizientere und nachhaltigere Zukunft aufbauen.<\/p><p><a href=\"https:\/\/www.youtube.com\/shorts\/qVRZ38xvXW8\">https:\/\/www.youtube.com\/shorts\/qVRZ38xvXW8<\/a><\/p><p>Einf\u00fchrung in die Tablettbrechermaschine\u00a0<\/p><p>Arbeitsvideo\u00a0<\/p><p><a href=\"https:\/\/youtu.be\/QyA0hIfp8Fc\">https:\/\/youtu.be\/QyA0hIfp8Fc<\/a><\/p><p>\u00a0<\/p><p>\u00a0<\/p><\/div>\n\t\t\t\t<\/div>\n\t\t\t\t\t\t\t\t<\/div>\n\t\t\t\t\t\t<\/div>\n\t\t\t\t<\/div>\n\t\t\t\t\t<\/div>\n\t\t<\/div>\n\t\t\t\t\t<\/div>\n\t\t<\/section>\n\t\t\t\t<\/div>","protected":false},"excerpt":{"rendered":"<p>Application Topda Machinery is always here to answer your questions from purchasing to final delivery. What does Topda Offer ? Topda is a manufacturer in Auxiliary plastic machine and have our own factory for 20+ years. Tray Crushers for India clients Boost Efficiency with TOPDA Tray Crusher: A Success Story from India tray crusher At&#8230;<\/p>","protected":false},"author":1,"featured_media":0,"parent":0,"menu_order":0,"comment_status":"closed","ping_status":"closed","template":"","meta":{"_seopress_robots_primary_cat":"","_seopress_titles_title":"","_seopress_titles_desc":"","_seopress_robots_index":"","_kad_post_transparent":"","_kad_post_title":"hide","_kad_post_layout":"fullwidth","_kad_post_sidebar_id":"","_kad_post_content_style":"unboxed","_kad_post_vertical_padding":"hide","_kad_post_feature":"hide","_kad_post_feature_position":"","_kad_post_header":false,"_kad_post_footer":false,"_kad_post_classname":"","footnotes":""},"class_list":["post-158","page","type-page","status-publish","hentry"],"_links":{"self":[{"href":"https:\/\/topdagroup.com\/de\/wp-json\/wp\/v2\/pages\/158","targetHints":{"allow":["GET"]}}],"collection":[{"href":"https:\/\/topdagroup.com\/de\/wp-json\/wp\/v2\/pages"}],"about":[{"href":"https:\/\/topdagroup.com\/de\/wp-json\/wp\/v2\/types\/page"}],"author":[{"embeddable":true,"href":"https:\/\/topdagroup.com\/de\/wp-json\/wp\/v2\/users\/1"}],"replies":[{"embeddable":true,"href":"https:\/\/topdagroup.com\/de\/wp-json\/wp\/v2\/comments?post=158"}],"version-history":[{"count":0,"href":"https:\/\/topdagroup.com\/de\/wp-json\/wp\/v2\/pages\/158\/revisions"}],"wp:attachment":[{"href":"https:\/\/topdagroup.com\/de\/wp-json\/wp\/v2\/media?parent=158"}],"curies":[{"name":"wp","href":"https:\/\/api.w.org\/{rel}","templated":true}]}}